{"id":15818,"date":"2023-04-04T09:36:56","date_gmt":"2023-04-04T09:36:56","guid":{"rendered":"https:\/\/ozolaivas.codnity.com\/par-mums\/"},"modified":"2025-05-06T11:54:07","modified_gmt":"2025-05-06T11:54:07","slug":"about-us","status":"publish","type":"page","link":"https:\/\/ozolaivas.lv\/en\/about-us\/","title":{"rendered":"About us"},"content":{"rendered":"<p>[vc_row top_padding=&#8221;50&#8243; bottom_padding=&#8221;60&#8243; bg_position=&#8221;left top&#8221;][vc_column width=&#8221;1\/1&#8243;][vc_column_text]<\/p>\n<h3 class=\"p1\" style=\"text-align: center;\"><strong>Ozolaivas is one of the leading boat rental and boat trip organizers in Zemgale and Riga region!<\/strong><\/h3>\n<p class=\"p1\" style=\"text-align: center;\"><strong>We have been doing boat rental and event organization for 9 years, and each season, more than 3000 people go on trips with our boats!<\/strong><\/p>\n<p style=\"margin-bottom: 0px;\">We offer:<\/p>\n<p style=\"text-align: left; padding-left: 40px; margin-bottom: 0px;\">\u2022 weekly public boat trips where everyone is invited to participate;<\/p>\n<p style=\"text-align: left; padding-left: 40px; margin-bottom: 0px;\">\u2022 private boat trips (corporate, friends, or family) for up to 150 people.<\/p>\n<p class=\"p1\" style=\"margin-top: 20px;\">Our standard trips are sunrises\/sunsets in Great \u0136emeri bog, trips in Lielupe, Misa, Liej\u0101 Jugla, Sm\u0101rde bog, Iecava, B\u0113rze, Gauja (\u0100da\u017ei \u2013 mouth of the Gauja river into the sea), M\u016bsa, M\u0113mele etc.<\/p>\n<p class=\"p1\" style=\"margin-bottom: 0px;\">We have: 53 canoe boats with 3 benches (for 2 people; for 3 people; for 4 people)<\/p>\n<p>&nbsp;<\/p>\n<p class=\"p1\" style=\"margin-top: 20px;\">We provide full service boat trips, your task is to arrive at the specified time and place and enjoy the boat adventure!<\/p>\n<p class=\"p1\">You can find information about current public trips in the <a href=\"https:\/\/ozolaivas.lv\/en\/calendar\/\">&#8220;Calendar&#8221; <\/a>section of the website, while more detailed information about private trips is available in the <a href=\"https:\/\/ozolaivas.lv\/en\/private-trips\/\">&#8220;Private trips&#8221; <\/a>section.<\/p>\n<p>[\/vc_column_text][\/vc_column][\/vc_row][vc_row bottom_padding=&#8221;60&#8243;][vc_column width=&#8221;1\/1&#8243;][vc_column_text]<\/p>\n<h1 style=\"text-align: center;\">Ozolaivas team<\/h1>\n<p>[\/vc_column_text][\/vc_column][\/vc_row][vc_row bottom_padding=&#8221;50&#8243;][vc_column width=&#8221;1\/3&#8243;][vc_column_text]<\/p>\n<h2>M\u0101rcis Laidi\u0146\u0161<\/h2>\n<p class=\"p1\">The founder and owner of the company, M\u0101rcis has loved paddling since childhood, when he was inspired by his father to start training in canoe slalom. Over the years, he has competed multiple times in European and World Cup events in slalom. M\u0101rcis is a true enthusiast of all kinds of paddling and always finds joy in being on the water.<\/p>\n<p>[\/vc_column_text]<div class=\"single_image wpb_content_element align-left    \" data-animation=\"none\" data-delay=\"0\"><img loading=\"lazy\" decoding=\"async\" width=\"390\" height=\"260\" src=\"https:\/\/ozolaivas.lv\/wp-content\/uploads\/2023\/03\/LV_pastramei_iecava-201-390x260-1.jpg\" class=\"attachment-full\" alt=\"\" title=\"LV_pastramei_iecava-201-390x260\" srcset=\"https:\/\/ozolaivas.lv\/wp-content\/uploads\/2023\/03\/LV_pastramei_iecava-201-390x260-1.jpg 390w, https:\/\/ozolaivas.lv\/wp-content\/uploads\/2023\/03\/LV_pastramei_iecava-201-390x260-1-300x200.jpg 300w\" sizes=\"auto, (max-width: 390px) 100vw, 390px\" \/><\/div>[\/vc_column][vc_column width=&#8221;1\/3&#8243;][vc_column_text]<\/p>\n<h2 class=\"p1\">El\u012bna Ru\u0161mane<\/h2>\n<p class=\"p1\">Project manager, the one who answers calls and emails; she also manages social media and the website, but if needed, you can find her on the trips as well. El\u012bna has been involved in kayaking and canoeing, has been a member of the Latvian national team, and currently works as a canoe slalom coach. She enjoys talking and making sure that people feel good and are satisfied during the trip.<\/p>\n<p>[\/vc_column_text]<div class=\"single_image wpb_content_element align-left    \" data-animation=\"none\" data-delay=\"0\"><img loading=\"lazy\" decoding=\"async\" width=\"2560\" height=\"1707\" src=\"https:\/\/ozolaivas.lv\/wp-content\/uploads\/2023\/03\/elina_edole-scaled.jpeg\" class=\"attachment-full\" alt=\"\" title=\"elina_edole\" srcset=\"https:\/\/ozolaivas.lv\/wp-content\/uploads\/2023\/03\/elina_edole-scaled.jpeg 2560w, https:\/\/ozolaivas.lv\/wp-content\/uploads\/2023\/03\/elina_edole-600x400.jpeg 600w, https:\/\/ozolaivas.lv\/wp-content\/uploads\/2023\/03\/elina_edole-300x200.jpeg 300w, https:\/\/ozolaivas.lv\/wp-content\/uploads\/2023\/03\/elina_edole-1024x683.jpeg 1024w, https:\/\/ozolaivas.lv\/wp-content\/uploads\/2023\/03\/elina_edole-768x512.jpeg 768w, https:\/\/ozolaivas.lv\/wp-content\/uploads\/2023\/03\/elina_edole-1536x1024.jpeg 1536w, https:\/\/ozolaivas.lv\/wp-content\/uploads\/2023\/03\/elina_edole-2048x1365.jpeg 2048w\" sizes=\"auto, (max-width: 2560px) 100vw, 2560px\" \/><\/div>[\/vc_column][vc_column width=&#8221;1\/3&#8243;][vc_column_text]<\/p>\n<h2>K\u0101rlis Ru\u0161manis<\/h2>\n<p>Project manager, plans to ensure that the right boats are delivered to the correct location at the right time, occasionally you might also spot him in a support boat. K\u0101rlis has been canoeing since his teenage years and has won various medals in Latvian championships. K\u0101rlis is able to stay calm even in the most challenging situations.[\/vc_column_text]<div class=\"single_image wpb_content_element align-left    \" data-animation=\"none\" data-delay=\"0\"><img loading=\"lazy\" decoding=\"async\" width=\"1509\" height=\"1363\" src=\"https:\/\/ozolaivas.lv\/wp-content\/uploads\/2023\/06\/square_kr_resized.jpeg\" class=\"attachment-full\" alt=\"K\u0101rlis Ru\u0161manis\" title=\"square_kr_resized\" srcset=\"https:\/\/ozolaivas.lv\/wp-content\/uploads\/2023\/06\/square_kr_resized.jpeg 1509w, https:\/\/ozolaivas.lv\/wp-content\/uploads\/2023\/06\/square_kr_resized-600x542.jpeg 600w, https:\/\/ozolaivas.lv\/wp-content\/uploads\/2023\/06\/square_kr_resized-300x271.jpeg 300w, https:\/\/ozolaivas.lv\/wp-content\/uploads\/2023\/06\/square_kr_resized-1024x925.jpeg 1024w, https:\/\/ozolaivas.lv\/wp-content\/uploads\/2023\/06\/square_kr_resized-768x694.jpeg 768w\" sizes=\"auto, (max-width: 1509px) 100vw, 1509px\" \/><\/div>[\/vc_column][\/vc_row]<\/p>\n","protected":false},"excerpt":{"rendered":"<p>[vc_row top_padding=&#8221;50&#8243; bottom_padding=&#8221;60&#8243; bg_position=&#8221;left top&#8221;][vc_column width=&#8221;1\/1&#8243;][vc_column_text] Ozolaivas is one of the leading boat rental and boat trip organizers in Zemgale and Riga region! We have been doing boat rental and event organization for 9 years, and each season, more than 3000 people go on trips with our boats! We offer: \u2022 weekly public boat trips where everyone is invited to participate; \u2022 private boat trips (corporate, friends, or family) for up to 150 people. Our standard trips are sunrises\/sunsets in Great \u0136emeri bog, trips in Lielupe, Misa, Liej\u0101 Jugla, Sm\u0101rde bog, Iecava, B\u0113rze, Gauja (\u0100da\u017ei \u2013 mouth of the Gauja river into the sea), M\u016bsa, M\u0113mele etc. We have: 53 canoe boats with 3 benches (for 2 people; for 3 people; for 4 people) &nbsp; We provide full service boat trips, your task is to arrive at the specified time and place and enjoy the boat adventure! You can find information about current public trips in the &#8220;Calendar&#8221; section of the website, while more detailed information about private trips is available in the &#8220;Private trips&#8221; section. [\/vc_column_text][\/vc_column][\/vc_row][vc_row bottom_padding=&#8221;60&#8243;][vc_column width=&#8221;1\/1&#8243;][vc_column_text] Ozolaivas team [\/vc_column_text][\/vc_column][\/vc_row][vc_row bottom_padding=&#8221;50&#8243;][vc_column width=&#8221;1\/3&#8243;][vc_column_text] M\u0101rcis Laidi\u0146\u0161 The founder and owner of the company, M\u0101rcis has loved paddling since childhood, when [&hellip;]<\/p>\n","protected":false},"author":2,"featured_media":0,"parent":0,"menu_order":0,"comment_status":"open","ping_status":"closed","template":"","meta":{"footnotes":""},"class_list":["post-15818","page","type-page","status-publish","hentry"],"yoast_head":"<!-- This site is optimized with the Yoast SEO plugin v24.7 - https:\/\/yoast.com\/wordpress\/plugins\/seo\/ -->\n<title>About us - Ozolaivas<\/title>\n<meta name=\"description\" content=\"Ozolaivas is one of the leading boat tour organizers in Zemgale and Riga region.\" \/>\n<meta name=\"robots\" content=\"index, follow, max-snippet:-1, max-image-preview:large, max-video-preview:-1\" \/>\n<link rel=\"canonical\" href=\"https:\/\/ozolaivas.lv\/en\/about-us\/\" \/>\n<meta property=\"og:locale\" content=\"en_US\" \/>\n<meta property=\"og:type\" content=\"article\" \/>\n<meta property=\"og:title\" content=\"About us - Ozolaivas\" \/>\n<meta property=\"og:description\" content=\"Ozolaivas is one of the leading boat tour organizers in Zemgale and Riga region.\" \/>\n<meta property=\"og:url\" content=\"https:\/\/ozolaivas.lv\/en\/about-us\/\" \/>\n<meta property=\"og:site_name\" content=\"Ozolaivas\" \/>\n<meta property=\"article:publisher\" content=\"https:\/\/www.facebook.com\/ozolaivas\" \/>\n<meta property=\"article:modified_time\" content=\"2025-05-06T11:54:07+00:00\" \/>\n<meta name=\"twitter:card\" content=\"summary_large_image\" \/>\n<meta name=\"twitter:label1\" content=\"Est. reading time\" \/>\n\t<meta name=\"twitter:data1\" content=\"3 minutes\" \/>\n<script type=\"application\/ld+json\" class=\"yoast-schema-graph\">{\"@context\":\"https:\/\/schema.org\",\"@graph\":[{\"@type\":\"WebPage\",\"@id\":\"https:\/\/ozolaivas.lv\/en\/about-us\/\",\"url\":\"https:\/\/ozolaivas.lv\/en\/about-us\/\",\"name\":\"About us - Ozolaivas\",\"isPartOf\":{\"@id\":\"https:\/\/ozolaivas.lv\/#website\"},\"datePublished\":\"2023-04-04T09:36:56+00:00\",\"dateModified\":\"2025-05-06T11:54:07+00:00\",\"description\":\"Ozolaivas is one of the leading boat tour organizers in Zemgale and Riga region.\",\"breadcrumb\":{\"@id\":\"https:\/\/ozolaivas.lv\/en\/about-us\/#breadcrumb\"},\"inLanguage\":\"en-US\",\"potentialAction\":[{\"@type\":\"ReadAction\",\"target\":[\"https:\/\/ozolaivas.lv\/en\/about-us\/\"]}]},{\"@type\":\"BreadcrumbList\",\"@id\":\"https:\/\/ozolaivas.lv\/en\/about-us\/#breadcrumb\",\"itemListElement\":[{\"@type\":\"ListItem\",\"position\":1,\"name\":\"Home\",\"item\":\"https:\/\/ozolaivas.lv\/en\/home-landing-page\/\"},{\"@type\":\"ListItem\",\"position\":2,\"name\":\"About us\"}]},{\"@type\":\"WebSite\",\"@id\":\"https:\/\/ozolaivas.lv\/#website\",\"url\":\"https:\/\/ozolaivas.lv\/\",\"name\":\"Ozolaivas\",\"description\":\"\",\"potentialAction\":[{\"@type\":\"SearchAction\",\"target\":{\"@type\":\"EntryPoint\",\"urlTemplate\":\"https:\/\/ozolaivas.lv\/?s={search_term_string}\"},\"query-input\":{\"@type\":\"PropertyValueSpecification\",\"valueRequired\":true,\"valueName\":\"search_term_string\"}}],\"inLanguage\":\"en-US\"}]}<\/script>\n<!-- \/ Yoast SEO plugin. -->","yoast_head_json":{"title":"About us - Ozolaivas","description":"Ozolaivas is one of the leading boat tour organizers in Zemgale and Riga region.","robots":{"index":"index","follow":"follow","max-snippet":"max-snippet:-1","max-image-preview":"max-image-preview:large","max-video-preview":"max-video-preview:-1"},"canonical":"https:\/\/ozolaivas.lv\/en\/about-us\/","og_locale":"en_US","og_type":"article","og_title":"About us - Ozolaivas","og_description":"Ozolaivas is one of the leading boat tour organizers in Zemgale and Riga region.","og_url":"https:\/\/ozolaivas.lv\/en\/about-us\/","og_site_name":"Ozolaivas","article_publisher":"https:\/\/www.facebook.com\/ozolaivas","article_modified_time":"2025-05-06T11:54:07+00:00","twitter_card":"summary_large_image","twitter_misc":{"Est. reading time":"3 minutes"},"schema":{"@context":"https:\/\/schema.org","@graph":[{"@type":"WebPage","@id":"https:\/\/ozolaivas.lv\/en\/about-us\/","url":"https:\/\/ozolaivas.lv\/en\/about-us\/","name":"About us - Ozolaivas","isPartOf":{"@id":"https:\/\/ozolaivas.lv\/#website"},"datePublished":"2023-04-04T09:36:56+00:00","dateModified":"2025-05-06T11:54:07+00:00","description":"Ozolaivas is one of the leading boat tour organizers in Zemgale and Riga region.","breadcrumb":{"@id":"https:\/\/ozolaivas.lv\/en\/about-us\/#breadcrumb"},"inLanguage":"en-US","potentialAction":[{"@type":"ReadAction","target":["https:\/\/ozolaivas.lv\/en\/about-us\/"]}]},{"@type":"BreadcrumbList","@id":"https:\/\/ozolaivas.lv\/en\/about-us\/#breadcrumb","itemListElement":[{"@type":"ListItem","position":1,"name":"Home","item":"https:\/\/ozolaivas.lv\/en\/home-landing-page\/"},{"@type":"ListItem","position":2,"name":"About us"}]},{"@type":"WebSite","@id":"https:\/\/ozolaivas.lv\/#website","url":"https:\/\/ozolaivas.lv\/","name":"Ozolaivas","description":"","potentialAction":[{"@type":"SearchAction","target":{"@type":"EntryPoint","urlTemplate":"https:\/\/ozolaivas.lv\/?s={search_term_string}"},"query-input":{"@type":"PropertyValueSpecification","valueRequired":true,"valueName":"search_term_string"}}],"inLanguage":"en-US"}]}},"jetpack_sharing_enabled":true,"_links":{"self":[{"href":"https:\/\/ozolaivas.lv\/en\/wp-json\/wp\/v2\/pages\/15818","targetHints":{"allow":["GET"]}}],"collection":[{"href":"https:\/\/ozolaivas.lv\/en\/wp-json\/wp\/v2\/pages"}],"about":[{"href":"https:\/\/ozolaivas.lv\/en\/wp-json\/wp\/v2\/types\/page"}],"author":[{"embeddable":true,"href":"https:\/\/ozolaivas.lv\/en\/wp-json\/wp\/v2\/users\/2"}],"replies":[{"embeddable":true,"href":"https:\/\/ozolaivas.lv\/en\/wp-json\/wp\/v2\/comments?post=15818"}],"version-history":[{"count":54,"href":"https:\/\/ozolaivas.lv\/en\/wp-json\/wp\/v2\/pages\/15818\/revisions"}],"predecessor-version":[{"id":23809,"href":"https:\/\/ozolaivas.lv\/en\/wp-json\/wp\/v2\/pages\/15818\/revisions\/23809"}],"wp:attachment":[{"href":"https:\/\/ozolaivas.lv\/en\/wp-json\/wp\/v2\/media?parent=15818"}],"curies":[{"name":"wp","href":"https:\/\/api.w.org\/{rel}","templated":true}]}}