{"id":15862,"date":"2014-03-19T09:24:31","date_gmt":"2014-03-19T09:24:31","guid":{"rendered":"https:\/\/ozolaivas.codnity.com\/kontakti\/"},"modified":"2025-05-06T11:58:08","modified_gmt":"2025-05-06T11:58:08","slug":"contacts","status":"publish","type":"page","link":"https:\/\/ozolaivas.lv\/en\/about-us\/contacts\/","title":{"rendered":"Contacts"},"content":{"rendered":"<p>[vc_row top_padding=&#8221;60&#8243; bottom_padding=&#8221;60&#8243;][vc_column][vc_row_inner][vc_column_inner width=&#8221;1\/3&#8243;]<h3 class=\"headline font-special fontsize-m fontweight-700 lh-inherit align-left transform-uppercase \" style=\"margin: 0 0 20px 0;\">Company details<\/h3>[vc_column_text]Ozolaivas SIA<br \/>\nReg. No. 40203262331<br \/>\nVAT no. LV40203262331<br \/>\nK\u013cavu iela 6, Ozolnieki, Ozolnieku pag., Jelgavas nov., LV-3018<br \/>\nBank info: Swedbank AS<br \/>\nSWIFT: HABALV22<br \/>\nAccount no.: LV93HABA0551049435266[\/vc_column_text][\/vc_column_inner][vc_column_inner width=&#8221;1\/3&#8243;]<h3 class=\"headline font-special fontsize-m fontweight-700 lh-inherit align-left transform-uppercase \" style=\"margin: 0 0 20px 0;\">Contacts<\/h3>[vc_column_text]E-mail address:<br \/>\ninfo@ozolaivas.lv<\/p>\n<p>Phone for information:<br \/>\n+371 23202900[\/vc_column_text][\/vc_column_inner][vc_column_inner width=&#8221;1\/3&#8243;]<h3 class=\"headline font-special fontsize-m fontweight-700 lh-inherit align-left transform-uppercase \" style=\"margin: 0 0 20px 0;\">Project managers<\/h3>[vc_column_text]El\u012bna Ru\u0161mane<br \/>\n+371 23202900<\/p>\n<p>K\u0101rlis Ru\u0161manis<br \/>\n+371 23202900<br \/>\n+371 26296148[\/vc_column_text][\/vc_column_inner][\/vc_row_inner]<div class=\"spacer\" style=\"height: 20px;\"><\/div><h3 class=\"headline font-special fontsize-m fontweight-700 lh-inherit align-left transform-uppercase \" style=\"margin: 0 0 20px 0;\">Contact with us<\/h3>[vc_column_text]<div class=\"social-icon social-big\"><a href=\"https:\/\/www.facebook.com\/ozolaivas\" target=\"_blank\" title=\"\"><i class=\"fa fa-facebook\"><\/i><\/a><\/div><div class=\"social-icon social-big\"><a href=\"https:\/\/twitter.com\/laivusports\" target=\"_blank\" title=\"\"><i class=\"fa fa-twitter\"><\/i><\/a><\/div><div class=\"social-icon social-big\"><a href=\"https:\/\/www.instagram.com\/ozolaivas\/\" target=\"_blank\" title=\"\"><i class=\"fa fa-instagram\"><\/i><\/a><\/div><div class=\"social-icon social-big\"><a href=\"https:\/\/www.flickr.com\/photos\/124492262@N03\/albums\" target=\"_blank\" title=\"\"><i class=\"fa fa-flickr\"><\/i><\/a><\/div><div class=\"clear\"><\/div>[\/vc_column_text][\/vc_column][\/vc_row]<\/p>\n","protected":false},"excerpt":{"rendered":"<p>[vc_row top_padding=&#8221;60&#8243; bottom_padding=&#8221;60&#8243;][vc_column][vc_row_inner][vc_column_inner width=&#8221;1\/3&#8243;][vc_column_text]Ozolaivas SIA Reg. No. 40203262331 VAT no. LV40203262331 K\u013cavu iela 6, Ozolnieki, Ozolnieku pag., Jelgavas nov., LV-3018 Bank info: Swedbank AS SWIFT: HABALV22 Account no.: LV93HABA0551049435266[\/vc_column_text][\/vc_column_inner][vc_column_inner width=&#8221;1\/3&#8243;][vc_column_text]E-mail address: info@ozolaivas.lv Phone for information: +371 23202900[\/vc_column_text][\/vc_column_inner][vc_column_inner width=&#8221;1\/3&#8243;][vc_column_text]El\u012bna Ru\u0161mane +371 23202900 K\u0101rlis Ru\u0161manis +371 23202900 +371 26296148[\/vc_column_text][\/vc_column_inner][\/vc_row_inner][vc_column_text][\/vc_column_text][\/vc_column][\/vc_row]<\/p>\n","protected":false},"author":2,"featured_media":0,"parent":15818,"menu_order":0,"comment_status":"open","ping_status":"open","template":"","meta":{"footnotes":""},"class_list":["post-15862","page","type-page","status-publish","hentry"],"yoast_head":"<!-- This site is optimized with the Yoast SEO plugin v24.7 - https:\/\/yoast.com\/wordpress\/plugins\/seo\/ -->\n<title>Contacts - Ozolaivas<\/title>\n<meta name=\"description\" content=\"Company SIA &quot;Ozolaivas&quot; contacts and credentials\" \/>\n<meta name=\"robots\" content=\"index, follow, max-snippet:-1, max-image-preview:large, max-video-preview:-1\" \/>\n<link rel=\"canonical\" href=\"https:\/\/ozolaivas.lv\/en\/about-us\/contacts\/\" \/>\n<meta property=\"og:locale\" content=\"en_US\" \/>\n<meta property=\"og:type\" content=\"article\" \/>\n<meta property=\"og:title\" content=\"Contacts - Ozolaivas\" \/>\n<meta property=\"og:description\" content=\"Company SIA &quot;Ozolaivas&quot; contacts and credentials\" \/>\n<meta property=\"og:url\" content=\"https:\/\/ozolaivas.lv\/en\/about-us\/contacts\/\" \/>\n<meta property=\"og:site_name\" content=\"Ozolaivas\" \/>\n<meta property=\"article:publisher\" content=\"https:\/\/www.facebook.com\/ozolaivas\" \/>\n<meta property=\"article:modified_time\" content=\"2025-05-06T11:58:08+00:00\" \/>\n<meta name=\"twitter:card\" content=\"summary_large_image\" \/>\n<meta name=\"twitter:label1\" content=\"Est. reading time\" \/>\n\t<meta name=\"twitter:data1\" content=\"1 minute\" \/>\n<script type=\"application\/ld+json\" class=\"yoast-schema-graph\">{\"@context\":\"https:\/\/schema.org\",\"@graph\":[{\"@type\":\"WebPage\",\"@id\":\"https:\/\/ozolaivas.lv\/en\/about-us\/contacts\/\",\"url\":\"https:\/\/ozolaivas.lv\/en\/about-us\/contacts\/\",\"name\":\"Contacts - Ozolaivas\",\"isPartOf\":{\"@id\":\"https:\/\/ozolaivas.lv\/#website\"},\"datePublished\":\"2014-03-19T09:24:31+00:00\",\"dateModified\":\"2025-05-06T11:58:08+00:00\",\"description\":\"Company SIA \\\"Ozolaivas\\\" contacts and credentials\",\"breadcrumb\":{\"@id\":\"https:\/\/ozolaivas.lv\/en\/about-us\/contacts\/#breadcrumb\"},\"inLanguage\":\"en-US\",\"potentialAction\":[{\"@type\":\"ReadAction\",\"target\":[\"https:\/\/ozolaivas.lv\/en\/about-us\/contacts\/\"]}]},{\"@type\":\"BreadcrumbList\",\"@id\":\"https:\/\/ozolaivas.lv\/en\/about-us\/contacts\/#breadcrumb\",\"itemListElement\":[{\"@type\":\"ListItem\",\"position\":1,\"name\":\"Home\",\"item\":\"https:\/\/ozolaivas.lv\/en\/home-landing-page\/\"},{\"@type\":\"ListItem\",\"position\":2,\"name\":\"About us\",\"item\":\"https:\/\/ozolaivas.lv\/en\/about-us\/\"},{\"@type\":\"ListItem\",\"position\":3,\"name\":\"Contacts\"}]},{\"@type\":\"WebSite\",\"@id\":\"https:\/\/ozolaivas.lv\/#website\",\"url\":\"https:\/\/ozolaivas.lv\/\",\"name\":\"Ozolaivas\",\"description\":\"\",\"potentialAction\":[{\"@type\":\"SearchAction\",\"target\":{\"@type\":\"EntryPoint\",\"urlTemplate\":\"https:\/\/ozolaivas.lv\/?s={search_term_string}\"},\"query-input\":{\"@type\":\"PropertyValueSpecification\",\"valueRequired\":true,\"valueName\":\"search_term_string\"}}],\"inLanguage\":\"en-US\"}]}<\/script>\n<!-- \/ Yoast SEO plugin. -->","yoast_head_json":{"title":"Contacts - Ozolaivas","description":"Company SIA \"Ozolaivas\" contacts and credentials","robots":{"index":"index","follow":"follow","max-snippet":"max-snippet:-1","max-image-preview":"max-image-preview:large","max-video-preview":"max-video-preview:-1"},"canonical":"https:\/\/ozolaivas.lv\/en\/about-us\/contacts\/","og_locale":"en_US","og_type":"article","og_title":"Contacts - Ozolaivas","og_description":"Company SIA \"Ozolaivas\" contacts and credentials","og_url":"https:\/\/ozolaivas.lv\/en\/about-us\/contacts\/","og_site_name":"Ozolaivas","article_publisher":"https:\/\/www.facebook.com\/ozolaivas","article_modified_time":"2025-05-06T11:58:08+00:00","twitter_card":"summary_large_image","twitter_misc":{"Est. reading time":"1 minute"},"schema":{"@context":"https:\/\/schema.org","@graph":[{"@type":"WebPage","@id":"https:\/\/ozolaivas.lv\/en\/about-us\/contacts\/","url":"https:\/\/ozolaivas.lv\/en\/about-us\/contacts\/","name":"Contacts - Ozolaivas","isPartOf":{"@id":"https:\/\/ozolaivas.lv\/#website"},"datePublished":"2014-03-19T09:24:31+00:00","dateModified":"2025-05-06T11:58:08+00:00","description":"Company SIA \"Ozolaivas\" contacts and credentials","breadcrumb":{"@id":"https:\/\/ozolaivas.lv\/en\/about-us\/contacts\/#breadcrumb"},"inLanguage":"en-US","potentialAction":[{"@type":"ReadAction","target":["https:\/\/ozolaivas.lv\/en\/about-us\/contacts\/"]}]},{"@type":"BreadcrumbList","@id":"https:\/\/ozolaivas.lv\/en\/about-us\/contacts\/#breadcrumb","itemListElement":[{"@type":"ListItem","position":1,"name":"Home","item":"https:\/\/ozolaivas.lv\/en\/home-landing-page\/"},{"@type":"ListItem","position":2,"name":"About us","item":"https:\/\/ozolaivas.lv\/en\/about-us\/"},{"@type":"ListItem","position":3,"name":"Contacts"}]},{"@type":"WebSite","@id":"https:\/\/ozolaivas.lv\/#website","url":"https:\/\/ozolaivas.lv\/","name":"Ozolaivas","description":"","potentialAction":[{"@type":"SearchAction","target":{"@type":"EntryPoint","urlTemplate":"https:\/\/ozolaivas.lv\/?s={search_term_string}"},"query-input":{"@type":"PropertyValueSpecification","valueRequired":true,"valueName":"search_term_string"}}],"inLanguage":"en-US"}]}},"jetpack_sharing_enabled":true,"_links":{"self":[{"href":"https:\/\/ozolaivas.lv\/en\/wp-json\/wp\/v2\/pages\/15862","targetHints":{"allow":["GET"]}}],"collection":[{"href":"https:\/\/ozolaivas.lv\/en\/wp-json\/wp\/v2\/pages"}],"about":[{"href":"https:\/\/ozolaivas.lv\/en\/wp-json\/wp\/v2\/types\/page"}],"author":[{"embeddable":true,"href":"https:\/\/ozolaivas.lv\/en\/wp-json\/wp\/v2\/users\/2"}],"replies":[{"embeddable":true,"href":"https:\/\/ozolaivas.lv\/en\/wp-json\/wp\/v2\/comments?post=15862"}],"version-history":[{"count":56,"href":"https:\/\/ozolaivas.lv\/en\/wp-json\/wp\/v2\/pages\/15862\/revisions"}],"predecessor-version":[{"id":23815,"href":"https:\/\/ozolaivas.lv\/en\/wp-json\/wp\/v2\/pages\/15862\/revisions\/23815"}],"up":[{"embeddable":true,"href":"https:\/\/ozolaivas.lv\/en\/wp-json\/wp\/v2\/pages\/15818"}],"wp:attachment":[{"href":"https:\/\/ozolaivas.lv\/en\/wp-json\/wp\/v2\/media?parent=15862"}],"curies":[{"name":"wp","href":"https:\/\/api.w.org\/{rel}","templated":true}]}}