{"id":19554,"date":"2023-04-05T07:59:14","date_gmt":"2023-04-05T07:59:14","guid":{"rendered":"https:\/\/ozolaivas.lv\/product\/lielupe-from-musa-to-mezotne-pause-in-jumpravmuiza\/"},"modified":"2025-07-20T16:06:42","modified_gmt":"2025-07-20T16:06:42","slug":"musa-lielupe-bauska-mezotne","status":"publish","type":"product","link":"https:\/\/ozolaivas.lv\/en\/product\/musa-lielupe-bauska-mezotne\/","title":{"rendered":"Lielupe landscapes and cliffs from M\u016bsa to Me\u017eotne"},"content":{"rendered":"<p><strong>Experience the most beautiful landscapes of Zemgale and paddle in the place where the Lielupe river is born!<\/strong><\/p>\n<p>There\u2019s nothing more beautiful than enjoying nature\u2019s views on the most classic and scenic route along the Lielupe river.<\/p>\n<p><strong data-start=\"312\" data-end=\"354\">The boat trip from M\u016bsa to Me\u017eotne<\/strong> is a scenic adventure that takes you through the ancient valley of the Lielupe river. Along the route, we\u2019ll pass the point where the M\u016bsa and M\u0113mele rivers merge to form the Lielupe, and enjoy views of the Bauska and Me\u017eotne castle mounds.<\/p>\n<p><strong data-start=\"546\" data-end=\"568\">Why join the trip?<\/strong><br data-start=\"568\" data-end=\"571\">\u2714\ufe0f Viewpoints that can only be seen from the river \u2013 dolomite cliffs and the scenic ancient valley.<br data-start=\"653\" data-end=\"656\">\u2714\ufe0f A leisurely nature experience \u2013 a calm river and historically significant sites.<br data-start=\"728\" data-end=\"731\">\u2714\ufe0f Suitable for both experienced paddlers and beginners.<\/p>\n<p><span style=\"font-weight: 400;\">Trip length: <\/span><b>14km<\/b><br \/>\n<span style=\"font-weight: 400;\">Trip duration: <\/span><b>5 hours<\/b><br \/>\n<span style=\"font-weight: 400;\">Time on water: 3<\/span><b>-3,5 hours<\/b><\/p>\n<p>Difficulty level: The route is easy, with a gentle current, suitable for beginners and families with children.<\/p>\n<p><strong>Good to know!<\/strong><\/p>\n<ul>\n<li>After <em>registration, you will receive a confirmation email<\/em>, <strong>no later than the day before the trip<br \/> (by 12:00), you will receive detailed trip information.<\/strong> (Don\u2019t forget to check your spam folder!)<\/li>\n<li>A planned rest break by the riverbank (feel free to bring snacks and drinks)<\/li>\n<li>The trip may be rescheduled (to another date) due to unfavorable weather conditions.<\/li>\n<li>Public transportation is not available to this location.<\/li>\n<\/ul>\n<p><strong> <\/strong>Registration is recommended <strong>at least 48 hours before the trip.<\/strong> Why? So we can plan the total number of boats and the required equipment.<br \/> If you want to sign up at the last minute, it&#8217;s better to give us a call first!<\/p>\n<p><strong><br \/>\nIF I HAVE REGISTERED, BUT CANNOT ATTEND?<\/strong><\/p>\n<p><strong> <\/strong>If, due to various circumstances, you cannot make it to the trip:<\/p>\n<ul>\n<li>You can <u>switch to another trip<\/u> on one of the available dates (if there is a free spot), provided you notify us at least 48 hours before the trip.<\/li>\n<li>if less than 48h remain before the trip or if you do not show up, the opportunity to <u>reschedule to another date<\/u> will be lost!<\/li>\n<\/ul>\n<p><strong> <\/strong><em>The full cancellation and rescheduling terms are <a href=\"https:\/\/ozolaivas.lv\/en\/atteikuma-tiesibas\/\">HERE! <\/a><\/em><\/p>\n","protected":false},"excerpt":{"rendered":"<p>Experience the most beautiful landscapes of Zemgale and paddle in the place where the Lielupe river is born! There\u2019s nothing more beautiful than enjoying nature\u2019s views on the most classic and scenic route along the Lielupe river. The boat trip from M\u016bsa to Me\u017eotne is a scenic adventure that takes you through the ancient valley of the Lielupe river. Along the route, we\u2019ll pass the point where the M\u016bsa and M\u0113mele rivers merge to form the Lielupe, and enjoy views of the Bauska and Me\u017eotne castle mounds. Why join the trip?\u2714\ufe0f Viewpoints that can only be seen from the river \u2013 dolomite cliffs and the scenic ancient valley.\u2714\ufe0f A leisurely nature experience \u2013 a calm river and historically significant sites.\u2714\ufe0f Suitable for both experienced paddlers and beginners. Trip length: 14km Trip duration: 5 hours Time on water: 3-3,5 hours Difficulty level: The route is easy, with a gentle current, suitable for beginners and families with children. Good to know! After registration, you will receive a confirmation email, no later than the day before the trip (by 12:00), you will receive detailed trip information. (Don\u2019t forget to check your spam folder!) A planned rest break by the riverbank (feel free to [&hellip;]<\/p>\n","protected":false},"author":2,"featured_media":21957,"comment_status":"closed","ping_status":"closed","template":"","meta":[],"product_brand":[],"product_cat":[146,150],"product_tag":[],"class_list":{"0":"post-19554","1":"product","2":"type-product","3":"status-publish","4":"has-post-thumbnail","6":"product_cat-lielupe-en","7":"product_cat-all-trips","8":"pif-has-gallery","10":"first","11":"outofstock","12":"taxable","13":"shipping-taxable","14":"product-type-variable"},"yoast_head":"<!-- This site is optimized with the Yoast SEO plugin v24.7 - https:\/\/yoast.com\/wordpress\/plugins\/seo\/ -->\n<title>Lielupe landscapes and cliffs from M\u016bsa to Me\u017eotne - Ozolaivas<\/title>\n<meta name=\"description\" content=\"The Zemgale classic or the most picturesque canoe trip. During the journey, you can see Bauska Castle and the dolomite cliffs, relax in Jumpravmui\u017ea, and finish in Me\u017eotne.\" \/>\n<meta name=\"robots\" content=\"index, follow, max-snippet:-1, max-image-preview:large, max-video-preview:-1\" \/>\n<link rel=\"canonical\" href=\"https:\/\/ozolaivas.lv\/en\/product\/musa-lielupe-bauska-mezotne\/\" \/>\n<meta property=\"og:locale\" content=\"en_US\" \/>\n<meta property=\"og:type\" content=\"article\" \/>\n<meta property=\"og:title\" content=\"Lielupe landscapes and cliffs from M\u016bsa to Me\u017eotne - Ozolaivas\" \/>\n<meta property=\"og:description\" content=\"The Zemgale classic or the most picturesque canoe trip. During the journey, you can see Bauska Castle and the dolomite cliffs, relax in Jumpravmui\u017ea, and finish in Me\u017eotne.\" \/>\n<meta property=\"og:url\" content=\"https:\/\/ozolaivas.lv\/en\/product\/musa-lielupe-bauska-mezotne\/\" \/>\n<meta property=\"og:site_name\" content=\"Ozolaivas\" \/>\n<meta property=\"article:publisher\" content=\"https:\/\/www.facebook.com\/ozolaivas\" \/>\n<meta property=\"article:modified_time\" content=\"2025-07-20T16:06:42+00:00\" \/>\n<meta property=\"og:image\" content=\"https:\/\/ozolaivas.lv\/wp-content\/uploads\/2023\/04\/img_2538_53813574141_o-scaled.jpg\" \/>\n\t<meta property=\"og:image:width\" content=\"2560\" \/>\n\t<meta property=\"og:image:height\" content=\"1920\" \/>\n\t<meta property=\"og:image:type\" content=\"image\/jpeg\" \/>\n<meta name=\"twitter:card\" content=\"summary_large_image\" \/>\n<meta name=\"twitter:label1\" content=\"Est. reading time\" \/>\n\t<meta name=\"twitter:data1\" content=\"3 minutes\" \/>\n<script type=\"application\/ld+json\" class=\"yoast-schema-graph\">{\"@context\":\"https:\/\/schema.org\",\"@graph\":[{\"@type\":\"WebPage\",\"@id\":\"https:\/\/ozolaivas.lv\/en\/product\/musa-lielupe-bauska-mezotne\/\",\"url\":\"https:\/\/ozolaivas.lv\/en\/product\/musa-lielupe-bauska-mezotne\/\",\"name\":\"Lielupe landscapes and cliffs from M\u016bsa to Me\u017eotne - Ozolaivas\",\"isPartOf\":{\"@id\":\"https:\/\/ozolaivas.lv\/#website\"},\"primaryImageOfPage\":{\"@id\":\"https:\/\/ozolaivas.lv\/en\/product\/musa-lielupe-bauska-mezotne\/#primaryimage\"},\"image\":{\"@id\":\"https:\/\/ozolaivas.lv\/en\/product\/musa-lielupe-bauska-mezotne\/#primaryimage\"},\"thumbnailUrl\":\"https:\/\/ozolaivas.lv\/wp-content\/uploads\/2023\/04\/img_2538_53813574141_o-scaled.jpg\",\"datePublished\":\"2023-04-05T07:59:14+00:00\",\"dateModified\":\"2025-07-20T16:06:42+00:00\",\"description\":\"The Zemgale classic or the most picturesque canoe trip. During the journey, you can see Bauska Castle and the dolomite cliffs, relax in Jumpravmui\u017ea, and finish in Me\u017eotne.\",\"breadcrumb\":{\"@id\":\"https:\/\/ozolaivas.lv\/en\/product\/musa-lielupe-bauska-mezotne\/#breadcrumb\"},\"inLanguage\":\"en-US\",\"potentialAction\":[{\"@type\":\"ReadAction\",\"target\":[\"https:\/\/ozolaivas.lv\/en\/product\/musa-lielupe-bauska-mezotne\/\"]}]},{\"@type\":\"ImageObject\",\"inLanguage\":\"en-US\",\"@id\":\"https:\/\/ozolaivas.lv\/en\/product\/musa-lielupe-bauska-mezotne\/#primaryimage\",\"url\":\"https:\/\/ozolaivas.lv\/wp-content\/uploads\/2023\/04\/img_2538_53813574141_o-scaled.jpg\",\"contentUrl\":\"https:\/\/ozolaivas.lv\/wp-content\/uploads\/2023\/04\/img_2538_53813574141_o-scaled.jpg\",\"width\":2560,\"height\":1920},{\"@type\":\"BreadcrumbList\",\"@id\":\"https:\/\/ozolaivas.lv\/en\/product\/musa-lielupe-bauska-mezotne\/#breadcrumb\",\"itemListElement\":[{\"@type\":\"ListItem\",\"position\":1,\"name\":\"Home\",\"item\":\"https:\/\/ozolaivas.lv\/en\/\"},{\"@type\":\"ListItem\",\"position\":2,\"name\":\"Preces\",\"item\":\"https:\/\/ozolaivas.lv\/shop\/\"},{\"@type\":\"ListItem\",\"position\":3,\"name\":\"Lielupe landscapes and cliffs from M\u016bsa to Me\u017eotne\"}]},{\"@type\":\"WebSite\",\"@id\":\"https:\/\/ozolaivas.lv\/#website\",\"url\":\"https:\/\/ozolaivas.lv\/\",\"name\":\"Ozolaivas\",\"description\":\"\",\"potentialAction\":[{\"@type\":\"SearchAction\",\"target\":{\"@type\":\"EntryPoint\",\"urlTemplate\":\"https:\/\/ozolaivas.lv\/?s={search_term_string}\"},\"query-input\":{\"@type\":\"PropertyValueSpecification\",\"valueRequired\":true,\"valueName\":\"search_term_string\"}}],\"inLanguage\":\"en-US\"}]}<\/script>\n<!-- \/ Yoast SEO plugin. -->","yoast_head_json":{"title":"Lielupe landscapes and cliffs from M\u016bsa to Me\u017eotne - Ozolaivas","description":"The Zemgale classic or the most picturesque canoe trip. During the journey, you can see Bauska Castle and the dolomite cliffs, relax in Jumpravmui\u017ea, and finish in Me\u017eotne.","robots":{"index":"index","follow":"follow","max-snippet":"max-snippet:-1","max-image-preview":"max-image-preview:large","max-video-preview":"max-video-preview:-1"},"canonical":"https:\/\/ozolaivas.lv\/en\/product\/musa-lielupe-bauska-mezotne\/","og_locale":"en_US","og_type":"article","og_title":"Lielupe landscapes and cliffs from M\u016bsa to Me\u017eotne - Ozolaivas","og_description":"The Zemgale classic or the most picturesque canoe trip. During the journey, you can see Bauska Castle and the dolomite cliffs, relax in Jumpravmui\u017ea, and finish in Me\u017eotne.","og_url":"https:\/\/ozolaivas.lv\/en\/product\/musa-lielupe-bauska-mezotne\/","og_site_name":"Ozolaivas","article_publisher":"https:\/\/www.facebook.com\/ozolaivas","article_modified_time":"2025-07-20T16:06:42+00:00","og_image":[{"width":2560,"height":1920,"url":"https:\/\/ozolaivas.lv\/wp-content\/uploads\/2023\/04\/img_2538_53813574141_o-scaled.jpg","type":"image\/jpeg"}],"twitter_card":"summary_large_image","twitter_misc":{"Est. reading time":"3 minutes"},"schema":{"@context":"https:\/\/schema.org","@graph":[{"@type":"WebPage","@id":"https:\/\/ozolaivas.lv\/en\/product\/musa-lielupe-bauska-mezotne\/","url":"https:\/\/ozolaivas.lv\/en\/product\/musa-lielupe-bauska-mezotne\/","name":"Lielupe landscapes and cliffs from M\u016bsa to Me\u017eotne - Ozolaivas","isPartOf":{"@id":"https:\/\/ozolaivas.lv\/#website"},"primaryImageOfPage":{"@id":"https:\/\/ozolaivas.lv\/en\/product\/musa-lielupe-bauska-mezotne\/#primaryimage"},"image":{"@id":"https:\/\/ozolaivas.lv\/en\/product\/musa-lielupe-bauska-mezotne\/#primaryimage"},"thumbnailUrl":"https:\/\/ozolaivas.lv\/wp-content\/uploads\/2023\/04\/img_2538_53813574141_o-scaled.jpg","datePublished":"2023-04-05T07:59:14+00:00","dateModified":"2025-07-20T16:06:42+00:00","description":"The Zemgale classic or the most picturesque canoe trip. During the journey, you can see Bauska Castle and the dolomite cliffs, relax in Jumpravmui\u017ea, and finish in Me\u017eotne.","breadcrumb":{"@id":"https:\/\/ozolaivas.lv\/en\/product\/musa-lielupe-bauska-mezotne\/#breadcrumb"},"inLanguage":"en-US","potentialAction":[{"@type":"ReadAction","target":["https:\/\/ozolaivas.lv\/en\/product\/musa-lielupe-bauska-mezotne\/"]}]},{"@type":"ImageObject","inLanguage":"en-US","@id":"https:\/\/ozolaivas.lv\/en\/product\/musa-lielupe-bauska-mezotne\/#primaryimage","url":"https:\/\/ozolaivas.lv\/wp-content\/uploads\/2023\/04\/img_2538_53813574141_o-scaled.jpg","contentUrl":"https:\/\/ozolaivas.lv\/wp-content\/uploads\/2023\/04\/img_2538_53813574141_o-scaled.jpg","width":2560,"height":1920},{"@type":"BreadcrumbList","@id":"https:\/\/ozolaivas.lv\/en\/product\/musa-lielupe-bauska-mezotne\/#breadcrumb","itemListElement":[{"@type":"ListItem","position":1,"name":"Home","item":"https:\/\/ozolaivas.lv\/en\/"},{"@type":"ListItem","position":2,"name":"Preces","item":"https:\/\/ozolaivas.lv\/shop\/"},{"@type":"ListItem","position":3,"name":"Lielupe landscapes and cliffs from M\u016bsa to Me\u017eotne"}]},{"@type":"WebSite","@id":"https:\/\/ozolaivas.lv\/#website","url":"https:\/\/ozolaivas.lv\/","name":"Ozolaivas","description":"","potentialAction":[{"@type":"SearchAction","target":{"@type":"EntryPoint","urlTemplate":"https:\/\/ozolaivas.lv\/?s={search_term_string}"},"query-input":{"@type":"PropertyValueSpecification","valueRequired":true,"valueName":"search_term_string"}}],"inLanguage":"en-US"}]}},"jetpack_sharing_enabled":true,"_links":{"self":[{"href":"https:\/\/ozolaivas.lv\/en\/wp-json\/wp\/v2\/product\/19554","targetHints":{"allow":["GET"]}}],"collection":[{"href":"https:\/\/ozolaivas.lv\/en\/wp-json\/wp\/v2\/product"}],"about":[{"href":"https:\/\/ozolaivas.lv\/en\/wp-json\/wp\/v2\/types\/product"}],"author":[{"embeddable":true,"href":"https:\/\/ozolaivas.lv\/en\/wp-json\/wp\/v2\/users\/2"}],"replies":[{"embeddable":true,"href":"https:\/\/ozolaivas.lv\/en\/wp-json\/wp\/v2\/comments?post=19554"}],"wp:featuredmedia":[{"embeddable":true,"href":"https:\/\/ozolaivas.lv\/en\/wp-json\/wp\/v2\/media\/21957"}],"wp:attachment":[{"href":"https:\/\/ozolaivas.lv\/en\/wp-json\/wp\/v2\/media?parent=19554"}],"wp:term":[{"taxonomy":"product_brand","embeddable":true,"href":"https:\/\/ozolaivas.lv\/en\/wp-json\/wp\/v2\/product_brand?post=19554"},{"taxonomy":"product_cat","embeddable":true,"href":"https:\/\/ozolaivas.lv\/en\/wp-json\/wp\/v2\/product_cat?post=19554"},{"taxonomy":"product_tag","embeddable":true,"href":"https:\/\/ozolaivas.lv\/en\/wp-json\/wp\/v2\/product_tag?post=19554"}],"curies":[{"name":"wp","href":"https:\/\/api.w.org\/{rel}","templated":true}]}}