{"id":20330,"date":"2023-05-15T11:25:16","date_gmt":"2023-05-15T11:25:16","guid":{"rendered":"https:\/\/ozolaivas.lv\/product\/memele-from-vecsaule-to-jumprava\/"},"modified":"2024-10-20T07:04:50","modified_gmt":"2024-10-20T07:04:50","slug":"memele-from-vecsaule-to-jumprava","status":"publish","type":"product","link":"https:\/\/ozolaivas.lv\/en\/product\/memele-from-vecsaule-to-jumprava\/","title":{"rendered":"M\u0113mele from Vecsaule to Jumprava"},"content":{"rendered":"<p><strong>We invite you to an exciting boat trip at the river M\u0113mele!<\/strong><\/p>\n<p>M\u0113mele captivates, allowing to enjoy the unspoiled tranquility of nature and beautiful landscapes! At the beginning of the route, the stream will be calm, but in Bauska, the M\u0113mele River reveals its character with small rapids!<\/p>\n<p>The boat trip will start at Vecsaules beach, shortly after the beginning, on the left bank of the river, you will see the Vi\u013ca Pl\u016bdo\u0146a house &#8216;Lejnieki,&#8217; located in the ancient Zemgale rural estate.<br \/>\nFurther, the route will lead to and through Bauska, where on the left side, you can see the chicken factory &#8216;Lielzelti\u0146i,&#8217; and while passing through the city, you can admire the old town from the river side, as well as the Freedom Monument.<br \/>\nWe will boat along the Lejasdzirnavu dam and Bauska castle to the place where the great Lielupe River is formed by the confluence of M\u016bsa and M\u0113mele rivers.<br \/>\nThen a short distance along the Lielupe River until we reach Jumprava, where the trip will end.<\/p>\n<p><span style=\"font-weight: 400;\">Trip length: <\/span><b>16km<\/b><br \/>\n<span style=\"font-weight: 400;\">Trip duration: <\/span><b>5 hours<\/b><\/p>\n<p>INFORMATION:<br \/>\n1) The route is easy, with moderate stream, suitable even for beginners and families with children.<br \/>\n2) The day before the trip, by 12:00, you will receive an informative email from Ozolaivas!<br \/>\n3) The trip may be canceled due to unfavorable weather conditions or if less than 3 boats are registered.<br \/>\n4) A break by the riverbank, snacks must be provided by yourselves!<br \/>\n5) We provide transportation for drivers from the finish to the starting point.<\/p>\n<p><strong>Registration at least 24h before the event!<\/strong><\/p>\n<p>Weather forecast in Bauska <a href=\"https:\/\/www.yr.no\/en\/forecast\/daily-table\/2-461114\/Latvia\/Bauskas%20Rajons\/Bauska\/Bauska\">HERE!<\/a><\/p>\n","protected":false},"excerpt":{"rendered":"<p>We invite you to an exciting boat trip at the river M\u0113mele! M\u0113mele captivates, allowing to enjoy the unspoiled tranquility of nature and beautiful landscapes! At the beginning of the route, the stream will be calm, but in Bauska, the M\u0113mele River reveals its character with small rapids! The boat trip will start at Vecsaules beach, shortly after the beginning, on the left bank of the river, you will see the Vi\u013ca Pl\u016bdo\u0146a house &#8216;Lejnieki,&#8217; located in the ancient Zemgale rural estate. Further, the route will lead to and through Bauska, where on the left side, you can see the chicken factory &#8216;Lielzelti\u0146i,&#8217; and while passing through the city, you can admire the old town from the river side, as well as the Freedom Monument. We will boat along the Lejasdzirnavu dam and Bauska castle to the place where the great Lielupe River is formed by the confluence of M\u016bsa and M\u0113mele rivers. Then a short distance along the Lielupe River until we reach Jumprava, where the trip will end. Trip length: 16km Trip duration: 5 hours INFORMATION: 1) The route is easy, with moderate stream, suitable even for beginners and families with children. 2) The day before the trip, [&hellip;]<\/p>\n","protected":false},"author":2,"featured_media":21097,"comment_status":"closed","ping_status":"closed","template":"","meta":[],"product_brand":[],"product_cat":[146,183,150],"product_tag":[],"class_list":{"0":"post-20330","1":"product","2":"type-product","3":"status-publish","4":"has-post-thumbnail","6":"product_cat-lielupe-en","7":"product_cat-memele-en","8":"product_cat-all-trips","9":"pif-has-gallery","11":"first","12":"outofstock","13":"taxable","14":"shipping-taxable","15":"product-type-variable"},"yoast_head":"<!-- This site is optimized with the Yoast SEO plugin v24.7 - https:\/\/yoast.com\/wordpress\/plugins\/seo\/ -->\n<title>M\u0113mele from Vecsaule to Jumprava - Ozolaivas<\/title>\n<meta name=\"description\" content=\"Boat trip in the M\u0113mele river from Vecsaules beach, a gentle current will carry us to Bauska, where we will cross over the remnants of the Lejasdzirnavu dam and see Bauska Castle.\" \/>\n<meta name=\"robots\" content=\"index, follow, max-snippet:-1, max-image-preview:large, max-video-preview:-1\" \/>\n<link rel=\"canonical\" href=\"https:\/\/ozolaivas.lv\/en\/product\/memele-from-vecsaule-to-jumprava\/\" \/>\n<meta property=\"og:locale\" content=\"en_US\" \/>\n<meta property=\"og:type\" content=\"article\" \/>\n<meta property=\"og:title\" content=\"M\u0113mele from Vecsaule to Jumprava - Ozolaivas\" \/>\n<meta property=\"og:description\" content=\"Boat trip in the M\u0113mele river from Vecsaules beach, a gentle current will carry us to Bauska, where we will cross over the remnants of the Lejasdzirnavu dam and see Bauska Castle.\" \/>\n<meta property=\"og:url\" content=\"https:\/\/ozolaivas.lv\/en\/product\/memele-from-vecsaule-to-jumprava\/\" \/>\n<meta property=\"og:site_name\" content=\"Ozolaivas\" \/>\n<meta property=\"article:publisher\" content=\"https:\/\/www.facebook.com\/ozolaivas\" \/>\n<meta property=\"article:modified_time\" content=\"2024-10-20T07:04:50+00:00\" \/>\n<meta property=\"og:image\" content=\"https:\/\/ozolaivas.lv\/wp-content\/uploads\/2023\/05\/IMG_5844_copy-1-scaled.jpg\" \/>\n\t<meta property=\"og:image:width\" content=\"1920\" \/>\n\t<meta property=\"og:image:height\" content=\"2560\" \/>\n\t<meta property=\"og:image:type\" content=\"image\/jpeg\" \/>\n<meta name=\"twitter:card\" content=\"summary_large_image\" \/>\n<meta name=\"twitter:label1\" content=\"Est. reading time\" \/>\n\t<meta name=\"twitter:data1\" content=\"2 minutes\" \/>\n<script type=\"application\/ld+json\" class=\"yoast-schema-graph\">{\"@context\":\"https:\/\/schema.org\",\"@graph\":[{\"@type\":\"WebPage\",\"@id\":\"https:\/\/ozolaivas.lv\/en\/product\/memele-from-vecsaule-to-jumprava\/\",\"url\":\"https:\/\/ozolaivas.lv\/en\/product\/memele-from-vecsaule-to-jumprava\/\",\"name\":\"M\u0113mele from Vecsaule to Jumprava - Ozolaivas\",\"isPartOf\":{\"@id\":\"https:\/\/ozolaivas.lv\/#website\"},\"primaryImageOfPage\":{\"@id\":\"https:\/\/ozolaivas.lv\/en\/product\/memele-from-vecsaule-to-jumprava\/#primaryimage\"},\"image\":{\"@id\":\"https:\/\/ozolaivas.lv\/en\/product\/memele-from-vecsaule-to-jumprava\/#primaryimage\"},\"thumbnailUrl\":\"https:\/\/ozolaivas.lv\/wp-content\/uploads\/2023\/05\/IMG_5844_copy-1-scaled.jpg\",\"datePublished\":\"2023-05-15T11:25:16+00:00\",\"dateModified\":\"2024-10-20T07:04:50+00:00\",\"description\":\"Boat trip in the M\u0113mele river from Vecsaules beach, a gentle current will carry us to Bauska, where we will cross over the remnants of the Lejasdzirnavu dam and see Bauska Castle.\",\"breadcrumb\":{\"@id\":\"https:\/\/ozolaivas.lv\/en\/product\/memele-from-vecsaule-to-jumprava\/#breadcrumb\"},\"inLanguage\":\"en-US\",\"potentialAction\":[{\"@type\":\"ReadAction\",\"target\":[\"https:\/\/ozolaivas.lv\/en\/product\/memele-from-vecsaule-to-jumprava\/\"]}]},{\"@type\":\"ImageObject\",\"inLanguage\":\"en-US\",\"@id\":\"https:\/\/ozolaivas.lv\/en\/product\/memele-from-vecsaule-to-jumprava\/#primaryimage\",\"url\":\"https:\/\/ozolaivas.lv\/wp-content\/uploads\/2023\/05\/IMG_5844_copy-1-scaled.jpg\",\"contentUrl\":\"https:\/\/ozolaivas.lv\/wp-content\/uploads\/2023\/05\/IMG_5844_copy-1-scaled.jpg\",\"width\":1920,\"height\":2560,\"caption\":\"M\u0113mele pie Bauskas\"},{\"@type\":\"BreadcrumbList\",\"@id\":\"https:\/\/ozolaivas.lv\/en\/product\/memele-from-vecsaule-to-jumprava\/#breadcrumb\",\"itemListElement\":[{\"@type\":\"ListItem\",\"position\":1,\"name\":\"Home\",\"item\":\"https:\/\/ozolaivas.lv\/en\/home-landing-page\/\"},{\"@type\":\"ListItem\",\"position\":2,\"name\":\"Preces\",\"item\":\"https:\/\/ozolaivas.lv\/shop\/\"},{\"@type\":\"ListItem\",\"position\":3,\"name\":\"M\u0113mele from Vecsaule to Jumprava\"}]},{\"@type\":\"WebSite\",\"@id\":\"https:\/\/ozolaivas.lv\/#website\",\"url\":\"https:\/\/ozolaivas.lv\/\",\"name\":\"Ozolaivas\",\"description\":\"\",\"potentialAction\":[{\"@type\":\"SearchAction\",\"target\":{\"@type\":\"EntryPoint\",\"urlTemplate\":\"https:\/\/ozolaivas.lv\/?s={search_term_string}\"},\"query-input\":{\"@type\":\"PropertyValueSpecification\",\"valueRequired\":true,\"valueName\":\"search_term_string\"}}],\"inLanguage\":\"en-US\"}]}<\/script>\n<!-- \/ Yoast SEO plugin. -->","yoast_head_json":{"title":"M\u0113mele from Vecsaule to Jumprava - Ozolaivas","description":"Boat trip in the M\u0113mele river from Vecsaules beach, a gentle current will carry us to Bauska, where we will cross over the remnants of the Lejasdzirnavu dam and see Bauska Castle.","robots":{"index":"index","follow":"follow","max-snippet":"max-snippet:-1","max-image-preview":"max-image-preview:large","max-video-preview":"max-video-preview:-1"},"canonical":"https:\/\/ozolaivas.lv\/en\/product\/memele-from-vecsaule-to-jumprava\/","og_locale":"en_US","og_type":"article","og_title":"M\u0113mele from Vecsaule to Jumprava - Ozolaivas","og_description":"Boat trip in the M\u0113mele river from Vecsaules beach, a gentle current will carry us to Bauska, where we will cross over the remnants of the Lejasdzirnavu dam and see Bauska Castle.","og_url":"https:\/\/ozolaivas.lv\/en\/product\/memele-from-vecsaule-to-jumprava\/","og_site_name":"Ozolaivas","article_publisher":"https:\/\/www.facebook.com\/ozolaivas","article_modified_time":"2024-10-20T07:04:50+00:00","og_image":[{"width":1920,"height":2560,"url":"https:\/\/ozolaivas.lv\/wp-content\/uploads\/2023\/05\/IMG_5844_copy-1-scaled.jpg","type":"image\/jpeg"}],"twitter_card":"summary_large_image","twitter_misc":{"Est. reading time":"2 minutes"},"schema":{"@context":"https:\/\/schema.org","@graph":[{"@type":"WebPage","@id":"https:\/\/ozolaivas.lv\/en\/product\/memele-from-vecsaule-to-jumprava\/","url":"https:\/\/ozolaivas.lv\/en\/product\/memele-from-vecsaule-to-jumprava\/","name":"M\u0113mele from Vecsaule to Jumprava - Ozolaivas","isPartOf":{"@id":"https:\/\/ozolaivas.lv\/#website"},"primaryImageOfPage":{"@id":"https:\/\/ozolaivas.lv\/en\/product\/memele-from-vecsaule-to-jumprava\/#primaryimage"},"image":{"@id":"https:\/\/ozolaivas.lv\/en\/product\/memele-from-vecsaule-to-jumprava\/#primaryimage"},"thumbnailUrl":"https:\/\/ozolaivas.lv\/wp-content\/uploads\/2023\/05\/IMG_5844_copy-1-scaled.jpg","datePublished":"2023-05-15T11:25:16+00:00","dateModified":"2024-10-20T07:04:50+00:00","description":"Boat trip in the M\u0113mele river from Vecsaules beach, a gentle current will carry us to Bauska, where we will cross over the remnants of the Lejasdzirnavu dam and see Bauska Castle.","breadcrumb":{"@id":"https:\/\/ozolaivas.lv\/en\/product\/memele-from-vecsaule-to-jumprava\/#breadcrumb"},"inLanguage":"en-US","potentialAction":[{"@type":"ReadAction","target":["https:\/\/ozolaivas.lv\/en\/product\/memele-from-vecsaule-to-jumprava\/"]}]},{"@type":"ImageObject","inLanguage":"en-US","@id":"https:\/\/ozolaivas.lv\/en\/product\/memele-from-vecsaule-to-jumprava\/#primaryimage","url":"https:\/\/ozolaivas.lv\/wp-content\/uploads\/2023\/05\/IMG_5844_copy-1-scaled.jpg","contentUrl":"https:\/\/ozolaivas.lv\/wp-content\/uploads\/2023\/05\/IMG_5844_copy-1-scaled.jpg","width":1920,"height":2560,"caption":"M\u0113mele pie Bauskas"},{"@type":"BreadcrumbList","@id":"https:\/\/ozolaivas.lv\/en\/product\/memele-from-vecsaule-to-jumprava\/#breadcrumb","itemListElement":[{"@type":"ListItem","position":1,"name":"Home","item":"https:\/\/ozolaivas.lv\/en\/home-landing-page\/"},{"@type":"ListItem","position":2,"name":"Preces","item":"https:\/\/ozolaivas.lv\/shop\/"},{"@type":"ListItem","position":3,"name":"M\u0113mele from Vecsaule to Jumprava"}]},{"@type":"WebSite","@id":"https:\/\/ozolaivas.lv\/#website","url":"https:\/\/ozolaivas.lv\/","name":"Ozolaivas","description":"","potentialAction":[{"@type":"SearchAction","target":{"@type":"EntryPoint","urlTemplate":"https:\/\/ozolaivas.lv\/?s={search_term_string}"},"query-input":{"@type":"PropertyValueSpecification","valueRequired":true,"valueName":"search_term_string"}}],"inLanguage":"en-US"}]}},"jetpack_sharing_enabled":true,"_links":{"self":[{"href":"https:\/\/ozolaivas.lv\/en\/wp-json\/wp\/v2\/product\/20330","targetHints":{"allow":["GET"]}}],"collection":[{"href":"https:\/\/ozolaivas.lv\/en\/wp-json\/wp\/v2\/product"}],"about":[{"href":"https:\/\/ozolaivas.lv\/en\/wp-json\/wp\/v2\/types\/product"}],"author":[{"embeddable":true,"href":"https:\/\/ozolaivas.lv\/en\/wp-json\/wp\/v2\/users\/2"}],"replies":[{"embeddable":true,"href":"https:\/\/ozolaivas.lv\/en\/wp-json\/wp\/v2\/comments?post=20330"}],"wp:featuredmedia":[{"embeddable":true,"href":"https:\/\/ozolaivas.lv\/en\/wp-json\/wp\/v2\/media\/21097"}],"wp:attachment":[{"href":"https:\/\/ozolaivas.lv\/en\/wp-json\/wp\/v2\/media?parent=20330"}],"wp:term":[{"taxonomy":"product_brand","embeddable":true,"href":"https:\/\/ozolaivas.lv\/en\/wp-json\/wp\/v2\/product_brand?post=20330"},{"taxonomy":"product_cat","embeddable":true,"href":"https:\/\/ozolaivas.lv\/en\/wp-json\/wp\/v2\/product_cat?post=20330"},{"taxonomy":"product_tag","embeddable":true,"href":"https:\/\/ozolaivas.lv\/en\/wp-json\/wp\/v2\/product_tag?post=20330"}],"curies":[{"name":"wp","href":"https:\/\/api.w.org\/{rel}","templated":true}]}}