{"id":20333,"date":"2023-04-05T08:57:40","date_gmt":"2023-04-05T08:57:40","guid":{"rendered":"https:\/\/ozolaivas.lv\/product\/labyrinths-of-vecslocene\/"},"modified":"2026-04-20T20:07:35","modified_gmt":"2026-04-20T20:07:35","slug":"labyrinths-of-vecslocene","status":"publish","type":"product","link":"https:\/\/ozolaivas.lv\/en\/product\/labyrinths-of-vecslocene\/","title":{"rendered":"Vecslocene from \u0136emeri to Sloka"},"content":{"rendered":"<p><strong>Enjoy an adventure on the Vecslocene river \u2013 through reed labyrinths to lake Sloka!<br data-mce-bogus=\"1\"><\/strong><\/p>\n<p>In the first half of the trip, endless reed labyrinths stretch all around, opening the way to the vast lake Sloka.<br data-mce-bogus=\"1\"> After a peaceful rest at the Sloka lake observation tower, we continue along the narrow and winding Vecslocene river \u2014 a place where time flows more slowly and nature reveals its secrets.<\/p>\n<p><strong data-start=\"433\" data-end=\"462\">A trip along the Vecslocene river<\/strong> is a unique opportunity to experience a river that was once part of a historic navigation route between lakes Ka\u0146ieris and Valgums. Today, it is a small river surrounded by nature, whose flow changes with the seasons and rainfall, making every trip a unique experience.<\/p>\n<p><strong data-start=\"736\" data-end=\"769\">Why choose this route?<\/strong><br data-start=\"769\" data-end=\"772\">\u2714\ufe0f <strong data-start=\"775\" data-end=\"794\">Varied landscapes <\/strong> \u2013 from reed labyrinths to wide-open lakes and the winding flow of a small river<br data-start=\"868\" data-end=\"871\">\u2714\ufe0f <strong data-start=\"874\" data-end=\"900\" data-is-only-node=\"\">Historical touch<\/strong> \u2013 the Vecslocene river was once part of an ancient waterway<br data-start=\"951\" data-end=\"954\">\u2714\ufe0f <strong data-start=\"957\" data-end=\"982\">Seasonal adventure <\/strong> \u2013 best suited for spring and autumn, when the river is full of water and nature reveals its beauty<\/p>\n<p><strong data-start=\"1576\" data-end=\"1604\">The Vecslocene adventure<\/strong> guarantees an exciting and unforgettable boating experience!<\/p>\n<p><span style=\"font-weight: 400;\">Trip length:<\/span><b>12km<\/b><br \/>\n<span style=\"font-weight: 400;\">Trip duration: <\/span><b>4-5h<\/b><\/p>\n<p><strong>Good to know!<\/strong><\/p>\n<ul>\n<li>After <em>registration, you will receive a confirmation email,<\/em> but no later than <strong>the day before the trip by 12:00, you will receive information about the trip. <\/strong> (Don\u2019t forget to check your spam folder!)<\/li>\n<li>The trip may be canceled due to adverse weather conditions or if fewer than 4 boats are booked<\/li>\n<li>One rest break is planned at the Sloka lake observation tower<\/li>\n<li>The price includes driver transport (1 driver per person per boat)<\/li>\n<\/ul>\n<p>Registration is recommended <strong>at least 48 hours before the trip.<\/strong> Why? So we can plan the total number of boats and the required equipment.<br \/> If you want to book at the last minute \u2013 it\u2019s best to contact us beforehand!<\/p>\n<p><strong>What if I\u2019ve signed up but can\u2019t attend?<\/strong><\/p>\n<p><strong> <\/strong>If, due to various circumstances, you cannot make it to the trip:<\/p>\n<ul>\n<li>you can <u>exchange it for another trip<\/u> on one of the available dates if you notify us at least 48h before the trip.<\/li>\n<li>if less than 48h remain before the trip or if you do not show up, the opportunity to <u>reschedule to another date<\/u> will be lost!<\/li>\n<\/ul>\n<p><strong> <\/strong><em>The full cancellation and rescheduling terms are <a href=\"https:\/\/ozolaivas.lv\/en\/atteikuma-tiesibas\/\">HERE! <\/a><\/em><\/p>\n<p><strong>Sign up and enjoy spring boating!<\/strong><\/p>\n","protected":false},"excerpt":{"rendered":"<p>Enjoy an adventure on the Vecslocene river \u2013 through reed labyrinths to lake Sloka! In the first half of the trip, endless reed labyrinths stretch all around, opening the way to the vast lake Sloka. After a peaceful rest at the Sloka lake observation tower, we continue along the narrow and winding Vecslocene river \u2014 a place where time flows more slowly and nature reveals its secrets. A trip along the Vecslocene river is a unique opportunity to experience a river that was once part of a historic navigation route between lakes Ka\u0146ieris and Valgums. Today, it is a small river surrounded by nature, whose flow changes with the seasons and rainfall, making every trip a unique experience. Why choose this route?\u2714\ufe0f Varied landscapes \u2013 from reed labyrinths to wide-open lakes and the winding flow of a small river\u2714\ufe0f Historical touch \u2013 the Vecslocene river was once part of an ancient waterway\u2714\ufe0f Seasonal adventure \u2013 best suited for spring and autumn, when the river is full of water and nature reveals its beauty The Vecslocene adventure guarantees an exciting and unforgettable boating experience! Trip length:12km Trip duration: 4-5h Good to know! After registration, you will receive a confirmation email, but [&hellip;]<\/p>\n","protected":false},"author":2,"featured_media":18135,"comment_status":"closed","ping_status":"closed","template":"","meta":[],"product_brand":[],"product_cat":[137,150],"product_tag":[],"class_list":{"0":"post-20333","1":"product","2":"type-product","3":"status-publish","4":"has-post-thumbnail","6":"product_cat-other-trips","7":"product_cat-all-trips","8":"pif-has-gallery","10":"first","11":"instock","12":"taxable","13":"shipping-taxable","14":"purchasable","15":"product-type-variable"},"yoast_head":"<!-- This site is optimized with the Yoast SEO plugin v24.7 - https:\/\/yoast.com\/wordpress\/plugins\/seo\/ -->\n<title>Vecslocene from \u0136emeri to Sloka - Ozolaivas<\/title>\n<meta name=\"description\" content=\"The journey begins through endless reed mazes until reaching the vastness of lake Sloka for relaxation. Afterwards, we continue boating along the narrow and winding course of the river.\" \/>\n<meta name=\"robots\" content=\"index, follow, max-snippet:-1, max-image-preview:large, max-video-preview:-1\" \/>\n<link rel=\"canonical\" href=\"https:\/\/ozolaivas.lv\/en\/product\/labyrinths-of-vecslocene\/\" \/>\n<meta property=\"og:locale\" content=\"en_US\" \/>\n<meta property=\"og:type\" content=\"article\" \/>\n<meta property=\"og:title\" content=\"Vecslocene from \u0136emeri to Sloka - Ozolaivas\" \/>\n<meta property=\"og:description\" content=\"The journey begins through endless reed mazes until reaching the vastness of lake Sloka for relaxation. Afterwards, we continue boating along the narrow and winding course of the river.\" \/>\n<meta property=\"og:url\" content=\"https:\/\/ozolaivas.lv\/en\/product\/labyrinths-of-vecslocene\/\" \/>\n<meta property=\"og:site_name\" content=\"Ozolaivas\" \/>\n<meta property=\"article:publisher\" content=\"https:\/\/www.facebook.com\/ozolaivas\" \/>\n<meta property=\"article:modified_time\" content=\"2026-04-20T20:07:35+00:00\" \/>\n<meta property=\"og:image\" content=\"https:\/\/ozolaivas.lv\/wp-content\/uploads\/2023\/04\/IMG_1721-2.jpg\" \/>\n\t<meta property=\"og:image:width\" content=\"1200\" \/>\n\t<meta property=\"og:image:height\" content=\"900\" \/>\n\t<meta property=\"og:image:type\" content=\"image\/jpeg\" \/>\n<meta name=\"twitter:card\" content=\"summary_large_image\" \/>\n<meta name=\"twitter:label1\" content=\"Est. reading time\" \/>\n\t<meta name=\"twitter:data1\" content=\"3 minutes\" \/>\n<script type=\"application\/ld+json\" class=\"yoast-schema-graph\">{\"@context\":\"https:\/\/schema.org\",\"@graph\":[{\"@type\":\"WebPage\",\"@id\":\"https:\/\/ozolaivas.lv\/en\/product\/labyrinths-of-vecslocene\/\",\"url\":\"https:\/\/ozolaivas.lv\/en\/product\/labyrinths-of-vecslocene\/\",\"name\":\"Vecslocene from \u0136emeri to Sloka - Ozolaivas\",\"isPartOf\":{\"@id\":\"https:\/\/ozolaivas.lv\/#website\"},\"primaryImageOfPage\":{\"@id\":\"https:\/\/ozolaivas.lv\/en\/product\/labyrinths-of-vecslocene\/#primaryimage\"},\"image\":{\"@id\":\"https:\/\/ozolaivas.lv\/en\/product\/labyrinths-of-vecslocene\/#primaryimage\"},\"thumbnailUrl\":\"https:\/\/ozolaivas.lv\/wp-content\/uploads\/2023\/04\/IMG_1721-2.jpg\",\"datePublished\":\"2023-04-05T08:57:40+00:00\",\"dateModified\":\"2026-04-20T20:07:35+00:00\",\"description\":\"The journey begins through endless reed mazes until reaching the vastness of lake Sloka for relaxation. Afterwards, we continue boating along the narrow and winding course of the river.\",\"breadcrumb\":{\"@id\":\"https:\/\/ozolaivas.lv\/en\/product\/labyrinths-of-vecslocene\/#breadcrumb\"},\"inLanguage\":\"en-US\",\"potentialAction\":[{\"@type\":\"ReadAction\",\"target\":[\"https:\/\/ozolaivas.lv\/en\/product\/labyrinths-of-vecslocene\/\"]}]},{\"@type\":\"ImageObject\",\"inLanguage\":\"en-US\",\"@id\":\"https:\/\/ozolaivas.lv\/en\/product\/labyrinths-of-vecslocene\/#primaryimage\",\"url\":\"https:\/\/ozolaivas.lv\/wp-content\/uploads\/2023\/04\/IMG_1721-2.jpg\",\"contentUrl\":\"https:\/\/ozolaivas.lv\/wp-content\/uploads\/2023\/04\/IMG_1721-2.jpg\",\"width\":1200,\"height\":900,\"caption\":\"Laivas pie Slokas ezera putnu v\u0113ro\u0161anas tor\u0146a\"},{\"@type\":\"BreadcrumbList\",\"@id\":\"https:\/\/ozolaivas.lv\/en\/product\/labyrinths-of-vecslocene\/#breadcrumb\",\"itemListElement\":[{\"@type\":\"ListItem\",\"position\":1,\"name\":\"Home\",\"item\":\"https:\/\/ozolaivas.lv\/en\/home-landing-page\/\"},{\"@type\":\"ListItem\",\"position\":2,\"name\":\"Preces\",\"item\":\"https:\/\/ozolaivas.lv\/shop\/\"},{\"@type\":\"ListItem\",\"position\":3,\"name\":\"Vecslocene from \u0136emeri to Sloka\"}]},{\"@type\":\"WebSite\",\"@id\":\"https:\/\/ozolaivas.lv\/#website\",\"url\":\"https:\/\/ozolaivas.lv\/\",\"name\":\"Ozolaivas\",\"description\":\"\",\"potentialAction\":[{\"@type\":\"SearchAction\",\"target\":{\"@type\":\"EntryPoint\",\"urlTemplate\":\"https:\/\/ozolaivas.lv\/?s={search_term_string}\"},\"query-input\":{\"@type\":\"PropertyValueSpecification\",\"valueRequired\":true,\"valueName\":\"search_term_string\"}}],\"inLanguage\":\"en-US\"}]}<\/script>\n<!-- \/ Yoast SEO plugin. -->","yoast_head_json":{"title":"Vecslocene from \u0136emeri to Sloka - Ozolaivas","description":"The journey begins through endless reed mazes until reaching the vastness of lake Sloka for relaxation. Afterwards, we continue boating along the narrow and winding course of the river.","robots":{"index":"index","follow":"follow","max-snippet":"max-snippet:-1","max-image-preview":"max-image-preview:large","max-video-preview":"max-video-preview:-1"},"canonical":"https:\/\/ozolaivas.lv\/en\/product\/labyrinths-of-vecslocene\/","og_locale":"en_US","og_type":"article","og_title":"Vecslocene from \u0136emeri to Sloka - Ozolaivas","og_description":"The journey begins through endless reed mazes until reaching the vastness of lake Sloka for relaxation. Afterwards, we continue boating along the narrow and winding course of the river.","og_url":"https:\/\/ozolaivas.lv\/en\/product\/labyrinths-of-vecslocene\/","og_site_name":"Ozolaivas","article_publisher":"https:\/\/www.facebook.com\/ozolaivas","article_modified_time":"2026-04-20T20:07:35+00:00","og_image":[{"width":1200,"height":900,"url":"https:\/\/ozolaivas.lv\/wp-content\/uploads\/2023\/04\/IMG_1721-2.jpg","type":"image\/jpeg"}],"twitter_card":"summary_large_image","twitter_misc":{"Est. reading time":"3 minutes"},"schema":{"@context":"https:\/\/schema.org","@graph":[{"@type":"WebPage","@id":"https:\/\/ozolaivas.lv\/en\/product\/labyrinths-of-vecslocene\/","url":"https:\/\/ozolaivas.lv\/en\/product\/labyrinths-of-vecslocene\/","name":"Vecslocene from \u0136emeri to Sloka - Ozolaivas","isPartOf":{"@id":"https:\/\/ozolaivas.lv\/#website"},"primaryImageOfPage":{"@id":"https:\/\/ozolaivas.lv\/en\/product\/labyrinths-of-vecslocene\/#primaryimage"},"image":{"@id":"https:\/\/ozolaivas.lv\/en\/product\/labyrinths-of-vecslocene\/#primaryimage"},"thumbnailUrl":"https:\/\/ozolaivas.lv\/wp-content\/uploads\/2023\/04\/IMG_1721-2.jpg","datePublished":"2023-04-05T08:57:40+00:00","dateModified":"2026-04-20T20:07:35+00:00","description":"The journey begins through endless reed mazes until reaching the vastness of lake Sloka for relaxation. Afterwards, we continue boating along the narrow and winding course of the river.","breadcrumb":{"@id":"https:\/\/ozolaivas.lv\/en\/product\/labyrinths-of-vecslocene\/#breadcrumb"},"inLanguage":"en-US","potentialAction":[{"@type":"ReadAction","target":["https:\/\/ozolaivas.lv\/en\/product\/labyrinths-of-vecslocene\/"]}]},{"@type":"ImageObject","inLanguage":"en-US","@id":"https:\/\/ozolaivas.lv\/en\/product\/labyrinths-of-vecslocene\/#primaryimage","url":"https:\/\/ozolaivas.lv\/wp-content\/uploads\/2023\/04\/IMG_1721-2.jpg","contentUrl":"https:\/\/ozolaivas.lv\/wp-content\/uploads\/2023\/04\/IMG_1721-2.jpg","width":1200,"height":900,"caption":"Laivas pie Slokas ezera putnu v\u0113ro\u0161anas tor\u0146a"},{"@type":"BreadcrumbList","@id":"https:\/\/ozolaivas.lv\/en\/product\/labyrinths-of-vecslocene\/#breadcrumb","itemListElement":[{"@type":"ListItem","position":1,"name":"Home","item":"https:\/\/ozolaivas.lv\/en\/home-landing-page\/"},{"@type":"ListItem","position":2,"name":"Preces","item":"https:\/\/ozolaivas.lv\/shop\/"},{"@type":"ListItem","position":3,"name":"Vecslocene from \u0136emeri to Sloka"}]},{"@type":"WebSite","@id":"https:\/\/ozolaivas.lv\/#website","url":"https:\/\/ozolaivas.lv\/","name":"Ozolaivas","description":"","potentialAction":[{"@type":"SearchAction","target":{"@type":"EntryPoint","urlTemplate":"https:\/\/ozolaivas.lv\/?s={search_term_string}"},"query-input":{"@type":"PropertyValueSpecification","valueRequired":true,"valueName":"search_term_string"}}],"inLanguage":"en-US"}]}},"jetpack_sharing_enabled":true,"_links":{"self":[{"href":"https:\/\/ozolaivas.lv\/en\/wp-json\/wp\/v2\/product\/20333","targetHints":{"allow":["GET"]}}],"collection":[{"href":"https:\/\/ozolaivas.lv\/en\/wp-json\/wp\/v2\/product"}],"about":[{"href":"https:\/\/ozolaivas.lv\/en\/wp-json\/wp\/v2\/types\/product"}],"author":[{"embeddable":true,"href":"https:\/\/ozolaivas.lv\/en\/wp-json\/wp\/v2\/users\/2"}],"replies":[{"embeddable":true,"href":"https:\/\/ozolaivas.lv\/en\/wp-json\/wp\/v2\/comments?post=20333"}],"wp:featuredmedia":[{"embeddable":true,"href":"https:\/\/ozolaivas.lv\/en\/wp-json\/wp\/v2\/media\/18135"}],"wp:attachment":[{"href":"https:\/\/ozolaivas.lv\/en\/wp-json\/wp\/v2\/media?parent=20333"}],"wp:term":[{"taxonomy":"product_brand","embeddable":true,"href":"https:\/\/ozolaivas.lv\/en\/wp-json\/wp\/v2\/product_brand?post=20333"},{"taxonomy":"product_cat","embeddable":true,"href":"https:\/\/ozolaivas.lv\/en\/wp-json\/wp\/v2\/product_cat?post=20333"},{"taxonomy":"product_tag","embeddable":true,"href":"https:\/\/ozolaivas.lv\/en\/wp-json\/wp\/v2\/product_tag?post=20333"}],"curies":[{"name":"wp","href":"https:\/\/api.w.org\/{rel}","templated":true}]}}