{"id":20334,"date":"2023-04-05T08:55:00","date_gmt":"2023-04-05T08:55:00","guid":{"rendered":"https:\/\/ozolaivas.lv\/product\/platone-river-from-viduskrogeru-hpp-to-jelgava\/"},"modified":"2024-10-20T20:53:35","modified_gmt":"2024-10-20T20:53:35","slug":"platone-river-from-viduskrogeru-hpp-to-jelgava","status":"publish","type":"product","link":"https:\/\/ozolaivas.lv\/en\/product\/platone-river-from-viduskrogeru-hpp-to-jelgava\/","title":{"rendered":"Platone river from Viduskro\u0123eru HPP to Jelgava"},"content":{"rendered":"<p><span style=\"font-weight: 400;\">Platone river is the left tributary of Lielupe River and its length is 69 km (44 km in Latvia, 25 km in Lithuania). <\/span><span style=\"font-weight: 400;\">The Platone river starts near the village of Bil\u017ei, about 11 km west of Joni\u0161k\u0117s. It flows through the territory of Latvia and Lithuania into the Zemgale plain. <\/span><br \/>\n<span style=\"font-weight: 400;\">While the Platone River is practically a grassland in summer, in spring there is plenty of water and currents.<\/span><\/p>\n<p><span style=\"font-weight: 400;\">The trip will start in Platone at Viduskro\u0123eru HPP and will lead along the twisty Platone to its outflow into the Lielupe River and then a short distance along the Lielupe and Driksa rivers to the tea house on Pasta sala (Post island) in Jelgava!<\/span><\/p>\n<p><span style=\"font-weight: 400;\">Trip length: <\/span><b>16km<\/b><br \/>\n<span style=\"font-weight: 400;\">Trip duration: <\/span><b>4 hours<\/b><\/p>\n<p><i><span style=\"font-weight: 400;\">The route is easy, navigable only in spring at high water level. The route can be adapted to your preferences. <\/span><\/i><\/p>\n<p>Starting point on Jaun\u0137emeri road near the bridge over Vecslocene: <a href=\"https:\/\/goo.gl\/maps\/NL7uMjnwpEh1RN5Z6\" target=\"_blank\" rel=\"noopener noreferrer\">Starting point coordinates<\/a><\/p>\n<p>The day before the trip, by 12:00 PM, you will receive an informative email from Ozolaivas!<\/p>\n","protected":false},"excerpt":{"rendered":"<p>Platone river is the left tributary of Lielupe River and its length is 69 km (44 km in Latvia, 25 km in Lithuania). The Platone river starts near the village of Bil\u017ei, about 11 km west of Joni\u0161k\u0117s. It flows through the territory of Latvia and Lithuania into the Zemgale plain. While the Platone River is practically a grassland in summer, in spring there is plenty of water and currents. The trip will start in Platone at Viduskro\u0123eru HPP and will lead along the twisty Platone to its outflow into the Lielupe River and then a short distance along the Lielupe and Driksa rivers to the tea house on Pasta sala (Post island) in Jelgava! Trip length: 16km Trip duration: 4 hours The route is easy, navigable only in spring at high water level. The route can be adapted to your preferences. Starting point on Jaun\u0137emeri road near the bridge over Vecslocene: Starting point coordinates The day before the trip, by 12:00 PM, you will receive an informative email from Ozolaivas!<\/p>\n","protected":false},"author":2,"featured_media":17040,"comment_status":"closed","ping_status":"closed","template":"","meta":[],"product_brand":[],"product_cat":[137,150],"product_tag":[],"class_list":{"0":"post-20334","1":"product","2":"type-product","3":"status-publish","4":"has-post-thumbnail","6":"product_cat-other-trips","7":"product_cat-all-trips","8":"pif-has-gallery","10":"first","11":"outofstock","12":"virtual","13":"taxable","14":"product-type-simple"},"yoast_head":"<!-- This site is optimized with the Yoast SEO plugin v24.7 - https:\/\/yoast.com\/wordpress\/plugins\/seo\/ -->\n<title>Platone river from Viduskro\u0123eru HPP to Jelgava - Ozolaivas<\/title>\n<meta name=\"description\" content=\"Boat trip from Viduskro\u0123eri HPP to the confluence with the Lielupe, then along the Driksa to Pasta island. The river is navigable only in spring at high water levels.\" \/>\n<meta name=\"robots\" content=\"index, follow, max-snippet:-1, max-image-preview:large, max-video-preview:-1\" \/>\n<link rel=\"canonical\" href=\"https:\/\/ozolaivas.lv\/en\/product\/platone-river-from-viduskrogeru-hpp-to-jelgava\/\" \/>\n<meta property=\"og:locale\" content=\"en_US\" \/>\n<meta property=\"og:type\" content=\"article\" \/>\n<meta property=\"og:title\" content=\"Platone river from Viduskro\u0123eru HPP to Jelgava - Ozolaivas\" \/>\n<meta property=\"og:description\" content=\"Boat trip from Viduskro\u0123eri HPP to the confluence with the Lielupe, then along the Driksa to Pasta island. The river is navigable only in spring at high water levels.\" \/>\n<meta property=\"og:url\" content=\"https:\/\/ozolaivas.lv\/en\/product\/platone-river-from-viduskrogeru-hpp-to-jelgava\/\" \/>\n<meta property=\"og:site_name\" content=\"Ozolaivas\" \/>\n<meta property=\"article:publisher\" content=\"https:\/\/www.facebook.com\/ozolaivas\" \/>\n<meta property=\"article:modified_time\" content=\"2024-10-20T20:53:35+00:00\" \/>\n<meta property=\"og:image\" content=\"https:\/\/ozolaivas.lv\/wp-content\/uploads\/2023\/04\/IMG_2105-scaled.jpg\" \/>\n\t<meta property=\"og:image:width\" content=\"1440\" \/>\n\t<meta property=\"og:image:height\" content=\"2560\" \/>\n\t<meta property=\"og:image:type\" content=\"image\/jpeg\" \/>\n<meta name=\"twitter:card\" content=\"summary_large_image\" \/>\n<meta name=\"twitter:label1\" content=\"Est. reading time\" \/>\n\t<meta name=\"twitter:data1\" content=\"2 minutes\" \/>\n<script type=\"application\/ld+json\" class=\"yoast-schema-graph\">{\"@context\":\"https:\/\/schema.org\",\"@graph\":[{\"@type\":\"WebPage\",\"@id\":\"https:\/\/ozolaivas.lv\/en\/product\/platone-river-from-viduskrogeru-hpp-to-jelgava\/\",\"url\":\"https:\/\/ozolaivas.lv\/en\/product\/platone-river-from-viduskrogeru-hpp-to-jelgava\/\",\"name\":\"Platone river from Viduskro\u0123eru HPP to Jelgava - Ozolaivas\",\"isPartOf\":{\"@id\":\"https:\/\/ozolaivas.lv\/#website\"},\"primaryImageOfPage\":{\"@id\":\"https:\/\/ozolaivas.lv\/en\/product\/platone-river-from-viduskrogeru-hpp-to-jelgava\/#primaryimage\"},\"image\":{\"@id\":\"https:\/\/ozolaivas.lv\/en\/product\/platone-river-from-viduskrogeru-hpp-to-jelgava\/#primaryimage\"},\"thumbnailUrl\":\"https:\/\/ozolaivas.lv\/wp-content\/uploads\/2023\/04\/IMG_2105-scaled.jpg\",\"datePublished\":\"2023-04-05T08:55:00+00:00\",\"dateModified\":\"2024-10-20T20:53:35+00:00\",\"description\":\"Boat trip from Viduskro\u0123eri HPP to the confluence with the Lielupe, then along the Driksa to Pasta island. The river is navigable only in spring at high water levels.\",\"breadcrumb\":{\"@id\":\"https:\/\/ozolaivas.lv\/en\/product\/platone-river-from-viduskrogeru-hpp-to-jelgava\/#breadcrumb\"},\"inLanguage\":\"en-US\",\"potentialAction\":[{\"@type\":\"ReadAction\",\"target\":[\"https:\/\/ozolaivas.lv\/en\/product\/platone-river-from-viduskrogeru-hpp-to-jelgava\/\"]}]},{\"@type\":\"ImageObject\",\"inLanguage\":\"en-US\",\"@id\":\"https:\/\/ozolaivas.lv\/en\/product\/platone-river-from-viduskrogeru-hpp-to-jelgava\/#primaryimage\",\"url\":\"https:\/\/ozolaivas.lv\/wp-content\/uploads\/2023\/04\/IMG_2105-scaled.jpg\",\"contentUrl\":\"https:\/\/ozolaivas.lv\/wp-content\/uploads\/2023\/04\/IMG_2105-scaled.jpg\",\"width\":1440,\"height\":2560,\"caption\":\"Platone\"},{\"@type\":\"BreadcrumbList\",\"@id\":\"https:\/\/ozolaivas.lv\/en\/product\/platone-river-from-viduskrogeru-hpp-to-jelgava\/#breadcrumb\",\"itemListElement\":[{\"@type\":\"ListItem\",\"position\":1,\"name\":\"Home\",\"item\":\"https:\/\/ozolaivas.lv\/en\/home-landing-page\/\"},{\"@type\":\"ListItem\",\"position\":2,\"name\":\"Preces\",\"item\":\"https:\/\/ozolaivas.lv\/shop\/\"},{\"@type\":\"ListItem\",\"position\":3,\"name\":\"Platone river from Viduskro\u0123eru HPP to Jelgava\"}]},{\"@type\":\"WebSite\",\"@id\":\"https:\/\/ozolaivas.lv\/#website\",\"url\":\"https:\/\/ozolaivas.lv\/\",\"name\":\"Ozolaivas\",\"description\":\"\",\"potentialAction\":[{\"@type\":\"SearchAction\",\"target\":{\"@type\":\"EntryPoint\",\"urlTemplate\":\"https:\/\/ozolaivas.lv\/?s={search_term_string}\"},\"query-input\":{\"@type\":\"PropertyValueSpecification\",\"valueRequired\":true,\"valueName\":\"search_term_string\"}}],\"inLanguage\":\"en-US\"}]}<\/script>\n<!-- \/ Yoast SEO plugin. -->","yoast_head_json":{"title":"Platone river from Viduskro\u0123eru HPP to Jelgava - Ozolaivas","description":"Boat trip from Viduskro\u0123eri HPP to the confluence with the Lielupe, then along the Driksa to Pasta island. The river is navigable only in spring at high water levels.","robots":{"index":"index","follow":"follow","max-snippet":"max-snippet:-1","max-image-preview":"max-image-preview:large","max-video-preview":"max-video-preview:-1"},"canonical":"https:\/\/ozolaivas.lv\/en\/product\/platone-river-from-viduskrogeru-hpp-to-jelgava\/","og_locale":"en_US","og_type":"article","og_title":"Platone river from Viduskro\u0123eru HPP to Jelgava - Ozolaivas","og_description":"Boat trip from Viduskro\u0123eri HPP to the confluence with the Lielupe, then along the Driksa to Pasta island. The river is navigable only in spring at high water levels.","og_url":"https:\/\/ozolaivas.lv\/en\/product\/platone-river-from-viduskrogeru-hpp-to-jelgava\/","og_site_name":"Ozolaivas","article_publisher":"https:\/\/www.facebook.com\/ozolaivas","article_modified_time":"2024-10-20T20:53:35+00:00","og_image":[{"width":1440,"height":2560,"url":"https:\/\/ozolaivas.lv\/wp-content\/uploads\/2023\/04\/IMG_2105-scaled.jpg","type":"image\/jpeg"}],"twitter_card":"summary_large_image","twitter_misc":{"Est. reading time":"2 minutes"},"schema":{"@context":"https:\/\/schema.org","@graph":[{"@type":"WebPage","@id":"https:\/\/ozolaivas.lv\/en\/product\/platone-river-from-viduskrogeru-hpp-to-jelgava\/","url":"https:\/\/ozolaivas.lv\/en\/product\/platone-river-from-viduskrogeru-hpp-to-jelgava\/","name":"Platone river from Viduskro\u0123eru HPP to Jelgava - Ozolaivas","isPartOf":{"@id":"https:\/\/ozolaivas.lv\/#website"},"primaryImageOfPage":{"@id":"https:\/\/ozolaivas.lv\/en\/product\/platone-river-from-viduskrogeru-hpp-to-jelgava\/#primaryimage"},"image":{"@id":"https:\/\/ozolaivas.lv\/en\/product\/platone-river-from-viduskrogeru-hpp-to-jelgava\/#primaryimage"},"thumbnailUrl":"https:\/\/ozolaivas.lv\/wp-content\/uploads\/2023\/04\/IMG_2105-scaled.jpg","datePublished":"2023-04-05T08:55:00+00:00","dateModified":"2024-10-20T20:53:35+00:00","description":"Boat trip from Viduskro\u0123eri HPP to the confluence with the Lielupe, then along the Driksa to Pasta island. The river is navigable only in spring at high water levels.","breadcrumb":{"@id":"https:\/\/ozolaivas.lv\/en\/product\/platone-river-from-viduskrogeru-hpp-to-jelgava\/#breadcrumb"},"inLanguage":"en-US","potentialAction":[{"@type":"ReadAction","target":["https:\/\/ozolaivas.lv\/en\/product\/platone-river-from-viduskrogeru-hpp-to-jelgava\/"]}]},{"@type":"ImageObject","inLanguage":"en-US","@id":"https:\/\/ozolaivas.lv\/en\/product\/platone-river-from-viduskrogeru-hpp-to-jelgava\/#primaryimage","url":"https:\/\/ozolaivas.lv\/wp-content\/uploads\/2023\/04\/IMG_2105-scaled.jpg","contentUrl":"https:\/\/ozolaivas.lv\/wp-content\/uploads\/2023\/04\/IMG_2105-scaled.jpg","width":1440,"height":2560,"caption":"Platone"},{"@type":"BreadcrumbList","@id":"https:\/\/ozolaivas.lv\/en\/product\/platone-river-from-viduskrogeru-hpp-to-jelgava\/#breadcrumb","itemListElement":[{"@type":"ListItem","position":1,"name":"Home","item":"https:\/\/ozolaivas.lv\/en\/home-landing-page\/"},{"@type":"ListItem","position":2,"name":"Preces","item":"https:\/\/ozolaivas.lv\/shop\/"},{"@type":"ListItem","position":3,"name":"Platone river from Viduskro\u0123eru HPP to Jelgava"}]},{"@type":"WebSite","@id":"https:\/\/ozolaivas.lv\/#website","url":"https:\/\/ozolaivas.lv\/","name":"Ozolaivas","description":"","potentialAction":[{"@type":"SearchAction","target":{"@type":"EntryPoint","urlTemplate":"https:\/\/ozolaivas.lv\/?s={search_term_string}"},"query-input":{"@type":"PropertyValueSpecification","valueRequired":true,"valueName":"search_term_string"}}],"inLanguage":"en-US"}]}},"jetpack_sharing_enabled":true,"_links":{"self":[{"href":"https:\/\/ozolaivas.lv\/en\/wp-json\/wp\/v2\/product\/20334","targetHints":{"allow":["GET"]}}],"collection":[{"href":"https:\/\/ozolaivas.lv\/en\/wp-json\/wp\/v2\/product"}],"about":[{"href":"https:\/\/ozolaivas.lv\/en\/wp-json\/wp\/v2\/types\/product"}],"author":[{"embeddable":true,"href":"https:\/\/ozolaivas.lv\/en\/wp-json\/wp\/v2\/users\/2"}],"replies":[{"embeddable":true,"href":"https:\/\/ozolaivas.lv\/en\/wp-json\/wp\/v2\/comments?post=20334"}],"wp:featuredmedia":[{"embeddable":true,"href":"https:\/\/ozolaivas.lv\/en\/wp-json\/wp\/v2\/media\/17040"}],"wp:attachment":[{"href":"https:\/\/ozolaivas.lv\/en\/wp-json\/wp\/v2\/media?parent=20334"}],"wp:term":[{"taxonomy":"product_brand","embeddable":true,"href":"https:\/\/ozolaivas.lv\/en\/wp-json\/wp\/v2\/product_brand?post=20334"},{"taxonomy":"product_cat","embeddable":true,"href":"https:\/\/ozolaivas.lv\/en\/wp-json\/wp\/v2\/product_cat?post=20334"},{"taxonomy":"product_tag","embeddable":true,"href":"https:\/\/ozolaivas.lv\/en\/wp-json\/wp\/v2\/product_tag?post=20334"}],"curies":[{"name":"wp","href":"https:\/\/api.w.org\/{rel}","templated":true}]}}