{"id":20358,"date":"2023-04-05T08:50:02","date_gmt":"2023-04-05T08:50:02","guid":{"rendered":"https:\/\/ozolaivas.lv\/product\/svete-from-vetras-to-jelgava\/"},"modified":"2026-03-28T10:53:43","modified_gmt":"2026-03-28T10:53:43","slug":"svete-from-vetras-to-jelgava","status":"publish","type":"product","link":"https:\/\/ozolaivas.lv\/en\/product\/svete-from-vetras-to-jelgava\/","title":{"rendered":"SV\u0112TE from V\u0113tras to Kalna b\u016bri\u0146i (Jelgava)"},"content":{"rendered":"<p data-start=\"0\" data-end=\"49\"><strong data-start=\"0\" data-end=\"47\">Discover the magic of the Sv\u0113te river on a boating trip!<\/strong><\/p>\n<p data-start=\"51\" data-end=\"357\">Imagine a leisurely paddle along a winding river, where wide pond-like stretches alternate with narrow rapids, reed-lined banks hide nature\u2019s secrets, and every bend reveals a new landscape\u2026 In spring, the Sv\u0113te river transforms into a true adventure route, inviting you to enjoy its changing scenery and peaceful flow.<\/p>\n<p data-start=\"359\" data-end=\"561\">It\u2019s an opportunity to take a trip along one of the most <strong>picturesque small rivers in Zemgale <\/strong> \u2013 to witness the awakening of spring, hear the rustle of the reeds in the wind, and enjoy a peaceful time on the water.<\/p>\n<p data-start=\"563\" data-end=\"863\"><strong data-start=\"566\" data-end=\"600\">Why choose this trip?<\/strong><br data-start=\"600\" data-end=\"603\">\u2714\ufe0f <em>Varied and exciting scenery<\/em> \u2013 from wide, pond-like stretches to winding, narrow sections<br data-start=\"772\" data-end=\"775\" data-is-only-node=\"\">\u2714\ufe0f <em>Unique opportunity<\/em> \u2013 the river is only navigable in spring, when the water level is sufficient.<br \/>\n\u2714\ufe0f <em>Special stop: Sv\u0113te castle<\/em> <strong data-start=\"868\" data-end=\"908\">\u2013 <\/strong> we will stop at Sv\u0113te castle, where you\u2019ll have the opportunity to go ashore, grill the sausages you\u2019ve brought along, and explore the castle with a guide.<\/p>\n<p data-start=\"1030\" data-end=\"1206\"><strong data-start=\"1033\" data-end=\"1056\">Trip route:<\/strong> V\u0113tras \u2013 Kalna b\u016bri\u0146i \/ Jelgava<br data-start=\"1088\" data-end=\"1091\"><strong data-start=\"1093\" data-end=\"1114\">Trip duration:<\/strong> ~3,5 h<br data-start=\"1127\" data-end=\"1130\"><strong data-start=\"1133\" data-end=\"1162\">Total event duration:<\/strong> 5 h<br data-start=\"1172\" data-end=\"1175\"><strong data-start=\"1178\" data-end=\"1198\">Trip length:<\/strong> 17 km<\/p>\n<p data-start=\"1208\" data-end=\"1356\" data-is-last-node=\"\" data-is-only-node=\"\"><strong data-start=\"1208\" data-end=\"1228\">Difficulty level:<\/strong> moderate \u2013 suitable for both beginners and experienced boaters who want to enjoy a relaxed spring adventure on the water.<\/p>\n<p><strong>Good to know!<\/strong><\/p>\n<ul>\n<li style=\"color: black; font-size: 16px;\">After <em>registration, you will receive a confirmation email,<\/em> but no later than <strong>the day before the trip by 12:00, you will receive information about the trip. <\/strong> (Don\u2019t forget to check your spam folder!)<\/li>\n<li style=\"color: black; font-size: 16px;\">The trip may be canceled due to unfavorable weather conditions or if fewer than 4 boats have registered.<\/li>\n<li style=\"color: black; font-size: 16px;\">Driver transportation is provided (1 driver\/person per boat).<\/li>\n<\/ul>\n<p>Registration is recommended <strong>at least 48 hours before the trip.<\/strong> Why? So we can plan the total number of boats and the required equipment.<br \/> If you want to sign up at the last minute, it&#8217;s better to give us a call first!<\/p>\n<p><strong>What if I\u2019ve signed up but can\u2019t attend?<\/strong><\/p>\n<p><strong> <\/strong>If, due to various circumstances, you cannot make it to the trip:<\/p>\n<ul>\n<li style=\"color: black; font-size: 16px;\">you can <u>exchange it for another trip<\/u> on one of the available dates if you notify us at least 48h before the trip.<\/li>\n<li style=\"color: black; font-size: 16px;\">if less than 48h remain before the trip or if you do not show up, the opportunity to <u>reschedule to another date<\/u> will be lost!<\/li>\n<\/ul>\n<p><strong> <\/strong><em>The full cancellation and rescheduling terms are <a href=\"https:\/\/ozolaivas.lv\/en\/atteikuma-tiesibas\/\">HERE! <\/a><\/em><\/p>\n<p><strong>Sign up and enjoy spring boating!<\/strong><\/p>\n","protected":false},"excerpt":{"rendered":"<p>Discover the magic of the Sv\u0113te river on a boating trip! Imagine a leisurely paddle along a winding river, where wide pond-like stretches alternate with narrow rapids, reed-lined banks hide nature\u2019s secrets, and every bend reveals a new landscape\u2026 In spring, the Sv\u0113te river transforms into a true adventure route, inviting you to enjoy its changing scenery and peaceful flow. It\u2019s an opportunity to take a trip along one of the most picturesque small rivers in Zemgale \u2013 to witness the awakening of spring, hear the rustle of the reeds in the wind, and enjoy a peaceful time on the water. Why choose this trip?\u2714\ufe0f Varied and exciting scenery \u2013 from wide, pond-like stretches to winding, narrow sections\u2714\ufe0f Unique opportunity \u2013 the river is only navigable in spring, when the water level is sufficient. \u2714\ufe0f Special stop: Sv\u0113te castle \u2013 we will stop at Sv\u0113te castle, where you\u2019ll have the opportunity to go ashore, grill the sausages you\u2019ve brought along, and explore the castle with a guide. Trip route: V\u0113tras \u2013 Kalna b\u016bri\u0146i \/ JelgavaTrip duration: ~3,5 hTotal event duration: 5 hTrip length: 17 km Difficulty level: moderate \u2013 suitable for both beginners and experienced boaters who want to enjoy [&hellip;]<\/p>\n","protected":false},"author":2,"featured_media":16993,"comment_status":"closed","ping_status":"closed","template":"","meta":[],"product_brand":[],"product_cat":[137,150],"product_tag":[],"class_list":{"0":"post-20358","1":"product","2":"type-product","3":"status-publish","4":"has-post-thumbnail","6":"product_cat-other-trips","7":"product_cat-all-trips","8":"pif-has-gallery","10":"first","11":"outofstock","12":"taxable","13":"shipping-taxable","14":"product-type-variable"},"yoast_head":"<!-- This site is optimized with the Yoast SEO plugin v24.7 - https:\/\/yoast.com\/wordpress\/plugins\/seo\/ -->\n<title>SV\u0112TE from V\u0113tras to Kalna b\u016bri\u0146i (Jelgava) - Ozolaivas<\/title>\n<meta name=\"description\" content=\"The Sv\u0113te river is one of the most popular small river routes near Jelgava, but it is only navigable at high water levels in spring.\" \/>\n<meta name=\"robots\" content=\"index, follow, max-snippet:-1, max-image-preview:large, max-video-preview:-1\" \/>\n<link rel=\"canonical\" href=\"https:\/\/ozolaivas.lv\/en\/product\/svete-from-vetras-to-jelgava\/\" \/>\n<meta property=\"og:locale\" content=\"en_US\" \/>\n<meta property=\"og:type\" content=\"article\" \/>\n<meta property=\"og:title\" content=\"SV\u0112TE from V\u0113tras to Kalna b\u016bri\u0146i (Jelgava) - Ozolaivas\" \/>\n<meta property=\"og:description\" content=\"The Sv\u0113te river is one of the most popular small river routes near Jelgava, but it is only navigable at high water levels in spring.\" \/>\n<meta property=\"og:url\" content=\"https:\/\/ozolaivas.lv\/en\/product\/svete-from-vetras-to-jelgava\/\" \/>\n<meta property=\"og:site_name\" content=\"Ozolaivas\" \/>\n<meta property=\"article:publisher\" content=\"https:\/\/www.facebook.com\/ozolaivas\" \/>\n<meta property=\"article:modified_time\" content=\"2026-03-28T10:53:43+00:00\" \/>\n<meta property=\"og:image\" content=\"https:\/\/ozolaivas.lv\/wp-content\/uploads\/2023\/04\/26321216256_d446196a1e_o-1024x809.jpg\" \/>\n\t<meta property=\"og:image:width\" content=\"1024\" \/>\n\t<meta property=\"og:image:height\" content=\"809\" \/>\n\t<meta property=\"og:image:type\" content=\"image\/jpeg\" \/>\n<meta name=\"twitter:card\" content=\"summary_large_image\" \/>\n<meta name=\"twitter:label1\" content=\"Est. reading time\" \/>\n\t<meta name=\"twitter:data1\" content=\"2 minutes\" \/>\n<script type=\"application\/ld+json\" class=\"yoast-schema-graph\">{\"@context\":\"https:\/\/schema.org\",\"@graph\":[{\"@type\":\"WebPage\",\"@id\":\"https:\/\/ozolaivas.lv\/en\/product\/svete-from-vetras-to-jelgava\/\",\"url\":\"https:\/\/ozolaivas.lv\/en\/product\/svete-from-vetras-to-jelgava\/\",\"name\":\"SV\u0112TE from V\u0113tras to Kalna b\u016bri\u0146i (Jelgava) - Ozolaivas\",\"isPartOf\":{\"@id\":\"https:\/\/ozolaivas.lv\/#website\"},\"primaryImageOfPage\":{\"@id\":\"https:\/\/ozolaivas.lv\/en\/product\/svete-from-vetras-to-jelgava\/#primaryimage\"},\"image\":{\"@id\":\"https:\/\/ozolaivas.lv\/en\/product\/svete-from-vetras-to-jelgava\/#primaryimage\"},\"thumbnailUrl\":\"https:\/\/ozolaivas.lv\/wp-content\/uploads\/2023\/04\/34202971490_2067f42665_o-scaled.jpg\",\"datePublished\":\"2023-04-05T08:50:02+00:00\",\"dateModified\":\"2026-03-28T10:53:43+00:00\",\"description\":\"The Sv\u0113te river is one of the most popular small river routes near Jelgava, but it is only navigable at high water levels in spring.\",\"breadcrumb\":{\"@id\":\"https:\/\/ozolaivas.lv\/en\/product\/svete-from-vetras-to-jelgava\/#breadcrumb\"},\"inLanguage\":\"en-US\",\"potentialAction\":[{\"@type\":\"ReadAction\",\"target\":[\"https:\/\/ozolaivas.lv\/en\/product\/svete-from-vetras-to-jelgava\/\"]}]},{\"@type\":\"ImageObject\",\"inLanguage\":\"en-US\",\"@id\":\"https:\/\/ozolaivas.lv\/en\/product\/svete-from-vetras-to-jelgava\/#primaryimage\",\"url\":\"https:\/\/ozolaivas.lv\/wp-content\/uploads\/2023\/04\/34202971490_2067f42665_o-scaled.jpg\",\"contentUrl\":\"https:\/\/ozolaivas.lv\/wp-content\/uploads\/2023\/04\/34202971490_2067f42665_o-scaled.jpg\",\"width\":2560,\"height\":1708},{\"@type\":\"BreadcrumbList\",\"@id\":\"https:\/\/ozolaivas.lv\/en\/product\/svete-from-vetras-to-jelgava\/#breadcrumb\",\"itemListElement\":[{\"@type\":\"ListItem\",\"position\":1,\"name\":\"Home\",\"item\":\"https:\/\/ozolaivas.lv\/en\/\"},{\"@type\":\"ListItem\",\"position\":2,\"name\":\"Preces\",\"item\":\"https:\/\/ozolaivas.lv\/shop\/\"},{\"@type\":\"ListItem\",\"position\":3,\"name\":\"SV\u0112TE from V\u0113tras to Kalna b\u016bri\u0146i (Jelgava)\"}]},{\"@type\":\"WebSite\",\"@id\":\"https:\/\/ozolaivas.lv\/#website\",\"url\":\"https:\/\/ozolaivas.lv\/\",\"name\":\"Ozolaivas\",\"description\":\"\",\"potentialAction\":[{\"@type\":\"SearchAction\",\"target\":{\"@type\":\"EntryPoint\",\"urlTemplate\":\"https:\/\/ozolaivas.lv\/?s={search_term_string}\"},\"query-input\":{\"@type\":\"PropertyValueSpecification\",\"valueRequired\":true,\"valueName\":\"search_term_string\"}}],\"inLanguage\":\"en-US\"}]}<\/script>\n<!-- \/ Yoast SEO plugin. -->","yoast_head_json":{"title":"SV\u0112TE from V\u0113tras to Kalna b\u016bri\u0146i (Jelgava) - Ozolaivas","description":"The Sv\u0113te river is one of the most popular small river routes near Jelgava, but it is only navigable at high water levels in spring.","robots":{"index":"index","follow":"follow","max-snippet":"max-snippet:-1","max-image-preview":"max-image-preview:large","max-video-preview":"max-video-preview:-1"},"canonical":"https:\/\/ozolaivas.lv\/en\/product\/svete-from-vetras-to-jelgava\/","og_locale":"en_US","og_type":"article","og_title":"SV\u0112TE from V\u0113tras to Kalna b\u016bri\u0146i (Jelgava) - Ozolaivas","og_description":"The Sv\u0113te river is one of the most popular small river routes near Jelgava, but it is only navigable at high water levels in spring.","og_url":"https:\/\/ozolaivas.lv\/en\/product\/svete-from-vetras-to-jelgava\/","og_site_name":"Ozolaivas","article_publisher":"https:\/\/www.facebook.com\/ozolaivas","article_modified_time":"2026-03-28T10:53:43+00:00","og_image":[{"width":1024,"height":809,"url":"https:\/\/ozolaivas.lv\/wp-content\/uploads\/2023\/04\/26321216256_d446196a1e_o-1024x809.jpg","type":"image\/jpeg"}],"twitter_card":"summary_large_image","twitter_misc":{"Est. reading time":"2 minutes"},"schema":{"@context":"https:\/\/schema.org","@graph":[{"@type":"WebPage","@id":"https:\/\/ozolaivas.lv\/en\/product\/svete-from-vetras-to-jelgava\/","url":"https:\/\/ozolaivas.lv\/en\/product\/svete-from-vetras-to-jelgava\/","name":"SV\u0112TE from V\u0113tras to Kalna b\u016bri\u0146i (Jelgava) - Ozolaivas","isPartOf":{"@id":"https:\/\/ozolaivas.lv\/#website"},"primaryImageOfPage":{"@id":"https:\/\/ozolaivas.lv\/en\/product\/svete-from-vetras-to-jelgava\/#primaryimage"},"image":{"@id":"https:\/\/ozolaivas.lv\/en\/product\/svete-from-vetras-to-jelgava\/#primaryimage"},"thumbnailUrl":"https:\/\/ozolaivas.lv\/wp-content\/uploads\/2023\/04\/34202971490_2067f42665_o-scaled.jpg","datePublished":"2023-04-05T08:50:02+00:00","dateModified":"2026-03-28T10:53:43+00:00","description":"The Sv\u0113te river is one of the most popular small river routes near Jelgava, but it is only navigable at high water levels in spring.","breadcrumb":{"@id":"https:\/\/ozolaivas.lv\/en\/product\/svete-from-vetras-to-jelgava\/#breadcrumb"},"inLanguage":"en-US","potentialAction":[{"@type":"ReadAction","target":["https:\/\/ozolaivas.lv\/en\/product\/svete-from-vetras-to-jelgava\/"]}]},{"@type":"ImageObject","inLanguage":"en-US","@id":"https:\/\/ozolaivas.lv\/en\/product\/svete-from-vetras-to-jelgava\/#primaryimage","url":"https:\/\/ozolaivas.lv\/wp-content\/uploads\/2023\/04\/34202971490_2067f42665_o-scaled.jpg","contentUrl":"https:\/\/ozolaivas.lv\/wp-content\/uploads\/2023\/04\/34202971490_2067f42665_o-scaled.jpg","width":2560,"height":1708},{"@type":"BreadcrumbList","@id":"https:\/\/ozolaivas.lv\/en\/product\/svete-from-vetras-to-jelgava\/#breadcrumb","itemListElement":[{"@type":"ListItem","position":1,"name":"Home","item":"https:\/\/ozolaivas.lv\/en\/"},{"@type":"ListItem","position":2,"name":"Preces","item":"https:\/\/ozolaivas.lv\/shop\/"},{"@type":"ListItem","position":3,"name":"SV\u0112TE from V\u0113tras to Kalna b\u016bri\u0146i (Jelgava)"}]},{"@type":"WebSite","@id":"https:\/\/ozolaivas.lv\/#website","url":"https:\/\/ozolaivas.lv\/","name":"Ozolaivas","description":"","potentialAction":[{"@type":"SearchAction","target":{"@type":"EntryPoint","urlTemplate":"https:\/\/ozolaivas.lv\/?s={search_term_string}"},"query-input":{"@type":"PropertyValueSpecification","valueRequired":true,"valueName":"search_term_string"}}],"inLanguage":"en-US"}]}},"jetpack_sharing_enabled":true,"_links":{"self":[{"href":"https:\/\/ozolaivas.lv\/en\/wp-json\/wp\/v2\/product\/20358","targetHints":{"allow":["GET"]}}],"collection":[{"href":"https:\/\/ozolaivas.lv\/en\/wp-json\/wp\/v2\/product"}],"about":[{"href":"https:\/\/ozolaivas.lv\/en\/wp-json\/wp\/v2\/types\/product"}],"author":[{"embeddable":true,"href":"https:\/\/ozolaivas.lv\/en\/wp-json\/wp\/v2\/users\/2"}],"replies":[{"embeddable":true,"href":"https:\/\/ozolaivas.lv\/en\/wp-json\/wp\/v2\/comments?post=20358"}],"wp:featuredmedia":[{"embeddable":true,"href":"https:\/\/ozolaivas.lv\/en\/wp-json\/wp\/v2\/media\/16993"}],"wp:attachment":[{"href":"https:\/\/ozolaivas.lv\/en\/wp-json\/wp\/v2\/media?parent=20358"}],"wp:term":[{"taxonomy":"product_brand","embeddable":true,"href":"https:\/\/ozolaivas.lv\/en\/wp-json\/wp\/v2\/product_brand?post=20358"},{"taxonomy":"product_cat","embeddable":true,"href":"https:\/\/ozolaivas.lv\/en\/wp-json\/wp\/v2\/product_cat?post=20358"},{"taxonomy":"product_tag","embeddable":true,"href":"https:\/\/ozolaivas.lv\/en\/wp-json\/wp\/v2\/product_tag?post=20358"}],"curies":[{"name":"wp","href":"https:\/\/api.w.org\/{rel}","templated":true}]}}