{"id":20360,"date":"2023-04-05T08:47:12","date_gmt":"2023-04-05T08:47:12","guid":{"rendered":"https:\/\/ozolaivas.lv\/product\/love-island-by-daugavgriva\/"},"modified":"2024-10-20T21:04:30","modified_gmt":"2024-10-20T21:04:30","slug":"love-island-by-daugavgriva","status":"publish","type":"product","link":"https:\/\/ozolaivas.lv\/en\/product\/love-island-by-daugavgriva\/","title":{"rendered":"The Love island by Daugavgr\u012bva"},"content":{"rendered":"<p><span style=\"font-weight: 400;\">The Love island is the place where, according to legends, the soldiers of Daugavgr\u012bva Fortress used to take the fishermen&#8217;s daughters of Bolder\u0101ja on romantic love adventures.<\/span><\/p>\n<p><span style=\"font-weight: 400;\">The Love island in the estuary of the Bu\u013c\u013cupe River is a mysterious, rarely visited place and requires a boat to get to. The island has three shores &#8211; on the banks of the Bu\u013clu River, the Lo\u010du Channel and the Daugava. The Daugava bank is the most spectacular and sandy, and there is also a small bird and landscape observation tower nearby.<\/span><\/p>\n<p><span style=\"font-weight: 400;\">The boat trip will take place from the Daugavgr\u012bva beach by the Bu\u013c\u013cupe river around the Love island with disembarkation and a visit to the birdwatching tower!<\/span><\/p>\n<p><span style=\"font-weight: 400;\">Trip length: <\/span><b>7 km<\/b><br \/>\n<span style=\"font-weight: 400;\">Trip duration: <\/span><b>3 hours<\/b><\/p>\n<p><i><span style=\"font-weight: 400;\">The route is of medium difficulty (powerboat waves, possible wind), navigable throughout the whole season. <\/span><\/i><\/p>\n<p>The day before the trip, by 12:00, you will receive an informative email from Ozolaivas!<\/p>\n","protected":false},"excerpt":{"rendered":"<p>The Love island is the place where, according to legends, the soldiers of Daugavgr\u012bva Fortress used to take the fishermen&#8217;s daughters of Bolder\u0101ja on romantic love adventures. The Love island in the estuary of the Bu\u013c\u013cupe River is a mysterious, rarely visited place and requires a boat to get to. The island has three shores &#8211; on the banks of the Bu\u013clu River, the Lo\u010du Channel and the Daugava. The Daugava bank is the most spectacular and sandy, and there is also a small bird and landscape observation tower nearby. The boat trip will take place from the Daugavgr\u012bva beach by the Bu\u013c\u013cupe river around the Love island with disembarkation and a visit to the birdwatching tower! Trip length: 7 km Trip duration: 3 hours The route is of medium difficulty (powerboat waves, possible wind), navigable throughout the whole season. The day before the trip, by 12:00, you will receive an informative email from Ozolaivas!<\/p>\n","protected":false},"author":2,"featured_media":16971,"comment_status":"closed","ping_status":"closed","template":"","meta":[],"product_brand":[],"product_cat":[137,150],"product_tag":[],"class_list":{"0":"post-20360","1":"product","2":"type-product","3":"status-publish","4":"has-post-thumbnail","6":"product_cat-other-trips","7":"product_cat-all-trips","8":"pif-has-gallery","10":"first","11":"outofstock","12":"virtual","13":"taxable","14":"product-type-simple"},"yoast_head":"<!-- This site is optimized with the Yoast SEO plugin v24.7 - https:\/\/yoast.com\/wordpress\/plugins\/seo\/ -->\n<title>The Love island by Daugavgr\u012bva - Ozolaivas<\/title>\n<meta name=\"description\" content=\"Boat trip around the mysterious and rarely visited Island of Love with a pause in the middle of the journey, during which we will also visit this island.\" \/>\n<meta name=\"robots\" content=\"index, follow, max-snippet:-1, max-image-preview:large, max-video-preview:-1\" \/>\n<link rel=\"canonical\" href=\"https:\/\/ozolaivas.lv\/en\/product\/love-island-by-daugavgriva\/\" \/>\n<meta property=\"og:locale\" content=\"en_US\" \/>\n<meta property=\"og:type\" content=\"article\" \/>\n<meta property=\"og:title\" content=\"The Love island by Daugavgr\u012bva - Ozolaivas\" \/>\n<meta property=\"og:description\" content=\"Boat trip around the mysterious and rarely visited Island of Love with a pause in the middle of the journey, during which we will also visit this island.\" \/>\n<meta property=\"og:url\" content=\"https:\/\/ozolaivas.lv\/en\/product\/love-island-by-daugavgriva\/\" \/>\n<meta property=\"og:site_name\" content=\"Ozolaivas\" \/>\n<meta property=\"article:publisher\" content=\"https:\/\/www.facebook.com\/ozolaivas\" \/>\n<meta property=\"article:modified_time\" content=\"2024-10-20T21:04:30+00:00\" \/>\n<meta property=\"og:image\" content=\"https:\/\/ozolaivas.lv\/wp-content\/uploads\/2023\/04\/36603691865_da7f9a7661_o-scaled.jpg\" \/>\n\t<meta property=\"og:image:width\" content=\"2560\" \/>\n\t<meta property=\"og:image:height\" content=\"1708\" \/>\n\t<meta property=\"og:image:type\" content=\"image\/jpeg\" \/>\n<meta name=\"twitter:card\" content=\"summary_large_image\" \/>\n<meta name=\"twitter:label1\" content=\"Est. reading time\" \/>\n\t<meta name=\"twitter:data1\" content=\"1 minute\" \/>\n<script type=\"application\/ld+json\" class=\"yoast-schema-graph\">{\"@context\":\"https:\/\/schema.org\",\"@graph\":[{\"@type\":\"WebPage\",\"@id\":\"https:\/\/ozolaivas.lv\/en\/product\/love-island-by-daugavgriva\/\",\"url\":\"https:\/\/ozolaivas.lv\/en\/product\/love-island-by-daugavgriva\/\",\"name\":\"The Love island by Daugavgr\u012bva - Ozolaivas\",\"isPartOf\":{\"@id\":\"https:\/\/ozolaivas.lv\/#website\"},\"primaryImageOfPage\":{\"@id\":\"https:\/\/ozolaivas.lv\/en\/product\/love-island-by-daugavgriva\/#primaryimage\"},\"image\":{\"@id\":\"https:\/\/ozolaivas.lv\/en\/product\/love-island-by-daugavgriva\/#primaryimage\"},\"thumbnailUrl\":\"https:\/\/ozolaivas.lv\/wp-content\/uploads\/2023\/04\/36603691865_da7f9a7661_o-scaled.jpg\",\"datePublished\":\"2023-04-05T08:47:12+00:00\",\"dateModified\":\"2024-10-20T21:04:30+00:00\",\"description\":\"Boat trip around the mysterious and rarely visited Island of Love with a pause in the middle of the journey, during which we will also visit this island.\",\"breadcrumb\":{\"@id\":\"https:\/\/ozolaivas.lv\/en\/product\/love-island-by-daugavgriva\/#breadcrumb\"},\"inLanguage\":\"en-US\",\"potentialAction\":[{\"@type\":\"ReadAction\",\"target\":[\"https:\/\/ozolaivas.lv\/en\/product\/love-island-by-daugavgriva\/\"]}]},{\"@type\":\"ImageObject\",\"inLanguage\":\"en-US\",\"@id\":\"https:\/\/ozolaivas.lv\/en\/product\/love-island-by-daugavgriva\/#primaryimage\",\"url\":\"https:\/\/ozolaivas.lv\/wp-content\/uploads\/2023\/04\/36603691865_da7f9a7661_o-scaled.jpg\",\"contentUrl\":\"https:\/\/ozolaivas.lv\/wp-content\/uploads\/2023\/04\/36603691865_da7f9a7661_o-scaled.jpg\",\"width\":2560,\"height\":1708},{\"@type\":\"BreadcrumbList\",\"@id\":\"https:\/\/ozolaivas.lv\/en\/product\/love-island-by-daugavgriva\/#breadcrumb\",\"itemListElement\":[{\"@type\":\"ListItem\",\"position\":1,\"name\":\"Home\",\"item\":\"https:\/\/ozolaivas.lv\/en\/\"},{\"@type\":\"ListItem\",\"position\":2,\"name\":\"Preces\",\"item\":\"https:\/\/ozolaivas.lv\/shop\/\"},{\"@type\":\"ListItem\",\"position\":3,\"name\":\"The Love island by Daugavgr\u012bva\"}]},{\"@type\":\"WebSite\",\"@id\":\"https:\/\/ozolaivas.lv\/#website\",\"url\":\"https:\/\/ozolaivas.lv\/\",\"name\":\"Ozolaivas\",\"description\":\"\",\"potentialAction\":[{\"@type\":\"SearchAction\",\"target\":{\"@type\":\"EntryPoint\",\"urlTemplate\":\"https:\/\/ozolaivas.lv\/?s={search_term_string}\"},\"query-input\":{\"@type\":\"PropertyValueSpecification\",\"valueRequired\":true,\"valueName\":\"search_term_string\"}}],\"inLanguage\":\"en-US\"}]}<\/script>\n<!-- \/ Yoast SEO plugin. -->","yoast_head_json":{"title":"The Love island by Daugavgr\u012bva - Ozolaivas","description":"Boat trip around the mysterious and rarely visited Island of Love with a pause in the middle of the journey, during which we will also visit this island.","robots":{"index":"index","follow":"follow","max-snippet":"max-snippet:-1","max-image-preview":"max-image-preview:large","max-video-preview":"max-video-preview:-1"},"canonical":"https:\/\/ozolaivas.lv\/en\/product\/love-island-by-daugavgriva\/","og_locale":"en_US","og_type":"article","og_title":"The Love island by Daugavgr\u012bva - Ozolaivas","og_description":"Boat trip around the mysterious and rarely visited Island of Love with a pause in the middle of the journey, during which we will also visit this island.","og_url":"https:\/\/ozolaivas.lv\/en\/product\/love-island-by-daugavgriva\/","og_site_name":"Ozolaivas","article_publisher":"https:\/\/www.facebook.com\/ozolaivas","article_modified_time":"2024-10-20T21:04:30+00:00","og_image":[{"width":2560,"height":1708,"url":"https:\/\/ozolaivas.lv\/wp-content\/uploads\/2023\/04\/36603691865_da7f9a7661_o-scaled.jpg","type":"image\/jpeg"}],"twitter_card":"summary_large_image","twitter_misc":{"Est. reading time":"1 minute"},"schema":{"@context":"https:\/\/schema.org","@graph":[{"@type":"WebPage","@id":"https:\/\/ozolaivas.lv\/en\/product\/love-island-by-daugavgriva\/","url":"https:\/\/ozolaivas.lv\/en\/product\/love-island-by-daugavgriva\/","name":"The Love island by Daugavgr\u012bva - Ozolaivas","isPartOf":{"@id":"https:\/\/ozolaivas.lv\/#website"},"primaryImageOfPage":{"@id":"https:\/\/ozolaivas.lv\/en\/product\/love-island-by-daugavgriva\/#primaryimage"},"image":{"@id":"https:\/\/ozolaivas.lv\/en\/product\/love-island-by-daugavgriva\/#primaryimage"},"thumbnailUrl":"https:\/\/ozolaivas.lv\/wp-content\/uploads\/2023\/04\/36603691865_da7f9a7661_o-scaled.jpg","datePublished":"2023-04-05T08:47:12+00:00","dateModified":"2024-10-20T21:04:30+00:00","description":"Boat trip around the mysterious and rarely visited Island of Love with a pause in the middle of the journey, during which we will also visit this island.","breadcrumb":{"@id":"https:\/\/ozolaivas.lv\/en\/product\/love-island-by-daugavgriva\/#breadcrumb"},"inLanguage":"en-US","potentialAction":[{"@type":"ReadAction","target":["https:\/\/ozolaivas.lv\/en\/product\/love-island-by-daugavgriva\/"]}]},{"@type":"ImageObject","inLanguage":"en-US","@id":"https:\/\/ozolaivas.lv\/en\/product\/love-island-by-daugavgriva\/#primaryimage","url":"https:\/\/ozolaivas.lv\/wp-content\/uploads\/2023\/04\/36603691865_da7f9a7661_o-scaled.jpg","contentUrl":"https:\/\/ozolaivas.lv\/wp-content\/uploads\/2023\/04\/36603691865_da7f9a7661_o-scaled.jpg","width":2560,"height":1708},{"@type":"BreadcrumbList","@id":"https:\/\/ozolaivas.lv\/en\/product\/love-island-by-daugavgriva\/#breadcrumb","itemListElement":[{"@type":"ListItem","position":1,"name":"Home","item":"https:\/\/ozolaivas.lv\/en\/"},{"@type":"ListItem","position":2,"name":"Preces","item":"https:\/\/ozolaivas.lv\/shop\/"},{"@type":"ListItem","position":3,"name":"The Love island by Daugavgr\u012bva"}]},{"@type":"WebSite","@id":"https:\/\/ozolaivas.lv\/#website","url":"https:\/\/ozolaivas.lv\/","name":"Ozolaivas","description":"","potentialAction":[{"@type":"SearchAction","target":{"@type":"EntryPoint","urlTemplate":"https:\/\/ozolaivas.lv\/?s={search_term_string}"},"query-input":{"@type":"PropertyValueSpecification","valueRequired":true,"valueName":"search_term_string"}}],"inLanguage":"en-US"}]}},"jetpack_sharing_enabled":true,"_links":{"self":[{"href":"https:\/\/ozolaivas.lv\/en\/wp-json\/wp\/v2\/product\/20360","targetHints":{"allow":["GET"]}}],"collection":[{"href":"https:\/\/ozolaivas.lv\/en\/wp-json\/wp\/v2\/product"}],"about":[{"href":"https:\/\/ozolaivas.lv\/en\/wp-json\/wp\/v2\/types\/product"}],"author":[{"embeddable":true,"href":"https:\/\/ozolaivas.lv\/en\/wp-json\/wp\/v2\/users\/2"}],"replies":[{"embeddable":true,"href":"https:\/\/ozolaivas.lv\/en\/wp-json\/wp\/v2\/comments?post=20360"}],"wp:featuredmedia":[{"embeddable":true,"href":"https:\/\/ozolaivas.lv\/en\/wp-json\/wp\/v2\/media\/16971"}],"wp:attachment":[{"href":"https:\/\/ozolaivas.lv\/en\/wp-json\/wp\/v2\/media?parent=20360"}],"wp:term":[{"taxonomy":"product_brand","embeddable":true,"href":"https:\/\/ozolaivas.lv\/en\/wp-json\/wp\/v2\/product_brand?post=20360"},{"taxonomy":"product_cat","embeddable":true,"href":"https:\/\/ozolaivas.lv\/en\/wp-json\/wp\/v2\/product_cat?post=20360"},{"taxonomy":"product_tag","embeddable":true,"href":"https:\/\/ozolaivas.lv\/en\/wp-json\/wp\/v2\/product_tag?post=20360"}],"curies":[{"name":"wp","href":"https:\/\/api.w.org\/{rel}","templated":true}]}}