{"id":20361,"date":"2023-04-05T08:36:27","date_gmt":"2023-04-05T08:36:27","guid":{"rendered":"https:\/\/ozolaivas.lv\/product\/sunset-in-the-gauja-inlet-to-the-sea\/"},"modified":"2024-10-21T18:22:31","modified_gmt":"2024-10-21T18:22:31","slug":"sunset-in-the-gauja-inlet-to-the-sea","status":"publish","type":"product","link":"https:\/\/ozolaivas.lv\/en\/product\/sunset-in-the-gauja-inlet-to-the-sea\/","title":{"rendered":"Sunset in the Gauja inlet to the Sea"},"content":{"rendered":"<p class=\"p1\">The mouth of the Gauja River at sunset is one of the most romantic places to watch a peaceful sunset, but there is also much to see during the day, as the natural appearance of the Gauja estuary with the interaction of the river and the sea is still preserved.<\/p>\n<p class=\"p1\">The trip takes place from the Carnikava Local History Center to the mouth of the Gauja River, where a rest break is planned. After that, there will be a return boat trip to the starting point. <\/p>\n<p><span style=\"font-weight: 400;\">Trip length: <\/span><b>7 km<\/b><br \/>\n<span style=\"font-weight: 400;\">Trip duration: ~<\/span><b>3 hours<\/b><\/p>\n<p>INFORMATION:<br \/>\n1) <span style=\"font-weight: 400;\">The route is easy, with a gentle current, suitable for beginners and families with children.<\/span><br \/>\n2) The day before the trip, until At 12:00, you will receive an informative email from Ozolaivas (it may end up in your spam folder).<br \/>\n3) The trip may be canceled due to adverse weather conditions or if 4 boats have not registered.<br \/>\n4) One break is planned, snacks, tea\/coffee are to be provided by yourselves.<\/p>\n<p><strong>Registration is recommended at least 24 hours before the trip!<br data-mce-bogus=\"1\"><\/strong><\/p>\n<p>Trip cancellation\/rescheduling rules <a href=\"https:\/\/ozolaivas.lv\/atteikuma-tiesibas\/\">HERE!<\/a><\/p>\n","protected":false},"excerpt":{"rendered":"<p>The mouth of the Gauja River at sunset is one of the most romantic places to watch a peaceful sunset, but there is also much to see during the day, as the natural appearance of the Gauja estuary with the interaction of the river and the sea is still preserved. The trip takes place from the Carnikava Local History Center to the mouth of the Gauja River, where a rest break is planned. After that, there will be a return boat trip to the starting point. Trip length: 7 km Trip duration: ~3 hours INFORMATION: 1) The route is easy, with a gentle current, suitable for beginners and families with children. 2) The day before the trip, until At 12:00, you will receive an informative email from Ozolaivas (it may end up in your spam folder). 3) The trip may be canceled due to adverse weather conditions or if 4 boats have not registered. 4) One break is planned, snacks, tea\/coffee are to be provided by yourselves. Registration is recommended at least 24 hours before the trip! Trip cancellation\/rescheduling rules HERE!<\/p>\n","protected":false},"author":2,"featured_media":18312,"comment_status":"closed","ping_status":"closed","template":"","meta":[],"product_brand":[],"product_cat":[142,150],"product_tag":[],"class_list":{"0":"post-20361","1":"product","2":"type-product","3":"status-publish","4":"has-post-thumbnail","6":"product_cat-gauja-en","7":"product_cat-all-trips","8":"pif-has-gallery","10":"first","11":"instock","12":"taxable","13":"shipping-taxable","14":"product-type-simple"},"yoast_head":"<!-- This site is optimized with the Yoast SEO plugin v24.7 - https:\/\/yoast.com\/wordpress\/plugins\/seo\/ -->\n<title>Sunset in the Gauja inlet to the Sea - Ozolaivas<\/title>\n<meta name=\"description\" content=\"Canoe trip from the Carnikava District Museum to the mouth of the Gauja River into the sea, where we will observe a beautiful sunset at sea.\" \/>\n<meta name=\"robots\" content=\"index, follow, max-snippet:-1, max-image-preview:large, max-video-preview:-1\" \/>\n<link rel=\"canonical\" href=\"https:\/\/ozolaivas.lv\/en\/product\/sunset-in-the-gauja-inlet-to-the-sea\/\" \/>\n<meta property=\"og:locale\" content=\"en_US\" \/>\n<meta property=\"og:type\" content=\"article\" \/>\n<meta property=\"og:title\" content=\"Sunset in the Gauja inlet to the Sea - Ozolaivas\" \/>\n<meta property=\"og:description\" content=\"Canoe trip from the Carnikava District Museum to the mouth of the Gauja River into the sea, where we will observe a beautiful sunset at sea.\" \/>\n<meta property=\"og:url\" content=\"https:\/\/ozolaivas.lv\/en\/product\/sunset-in-the-gauja-inlet-to-the-sea\/\" \/>\n<meta property=\"og:site_name\" content=\"Ozolaivas\" \/>\n<meta property=\"article:publisher\" content=\"https:\/\/www.facebook.com\/ozolaivas\" \/>\n<meta property=\"article:modified_time\" content=\"2024-10-21T18:22:31+00:00\" \/>\n<meta property=\"og:image\" content=\"https:\/\/ozolaivas.lv\/wp-content\/uploads\/2023\/04\/IMG_3201.jpeg\" \/>\n\t<meta property=\"og:image:width\" content=\"1200\" \/>\n\t<meta property=\"og:image:height\" content=\"900\" \/>\n\t<meta property=\"og:image:type\" content=\"image\/jpeg\" \/>\n<meta name=\"twitter:card\" content=\"summary_large_image\" \/>\n<meta name=\"twitter:label1\" content=\"Est. reading time\" \/>\n\t<meta name=\"twitter:data1\" content=\"2 minutes\" \/>\n<script type=\"application\/ld+json\" class=\"yoast-schema-graph\">{\"@context\":\"https:\/\/schema.org\",\"@graph\":[{\"@type\":\"WebPage\",\"@id\":\"https:\/\/ozolaivas.lv\/en\/product\/sunset-in-the-gauja-inlet-to-the-sea\/\",\"url\":\"https:\/\/ozolaivas.lv\/en\/product\/sunset-in-the-gauja-inlet-to-the-sea\/\",\"name\":\"Sunset in the Gauja inlet to the Sea - Ozolaivas\",\"isPartOf\":{\"@id\":\"https:\/\/ozolaivas.lv\/#website\"},\"primaryImageOfPage\":{\"@id\":\"https:\/\/ozolaivas.lv\/en\/product\/sunset-in-the-gauja-inlet-to-the-sea\/#primaryimage\"},\"image\":{\"@id\":\"https:\/\/ozolaivas.lv\/en\/product\/sunset-in-the-gauja-inlet-to-the-sea\/#primaryimage\"},\"thumbnailUrl\":\"https:\/\/ozolaivas.lv\/wp-content\/uploads\/2023\/04\/IMG_3201.jpeg\",\"datePublished\":\"2023-04-05T08:36:27+00:00\",\"dateModified\":\"2024-10-21T18:22:31+00:00\",\"description\":\"Canoe trip from the Carnikava District Museum to the mouth of the Gauja River into the sea, where we will observe a beautiful sunset at sea.\",\"breadcrumb\":{\"@id\":\"https:\/\/ozolaivas.lv\/en\/product\/sunset-in-the-gauja-inlet-to-the-sea\/#breadcrumb\"},\"inLanguage\":\"en-US\",\"potentialAction\":[{\"@type\":\"ReadAction\",\"target\":[\"https:\/\/ozolaivas.lv\/en\/product\/sunset-in-the-gauja-inlet-to-the-sea\/\"]}]},{\"@type\":\"ImageObject\",\"inLanguage\":\"en-US\",\"@id\":\"https:\/\/ozolaivas.lv\/en\/product\/sunset-in-the-gauja-inlet-to-the-sea\/#primaryimage\",\"url\":\"https:\/\/ozolaivas.lv\/wp-content\/uploads\/2023\/04\/IMG_3201.jpeg\",\"contentUrl\":\"https:\/\/ozolaivas.lv\/wp-content\/uploads\/2023\/04\/IMG_3201.jpeg\",\"width\":1200,\"height\":900,\"caption\":\"Ozolaivas kanoe laiva Gaujas ietek\u0101 Baltijas j\u016br\u0101\"},{\"@type\":\"BreadcrumbList\",\"@id\":\"https:\/\/ozolaivas.lv\/en\/product\/sunset-in-the-gauja-inlet-to-the-sea\/#breadcrumb\",\"itemListElement\":[{\"@type\":\"ListItem\",\"position\":1,\"name\":\"Home\",\"item\":\"https:\/\/ozolaivas.lv\/en\/home-landing-page\/\"},{\"@type\":\"ListItem\",\"position\":2,\"name\":\"Preces\",\"item\":\"https:\/\/ozolaivas.lv\/shop\/\"},{\"@type\":\"ListItem\",\"position\":3,\"name\":\"Sunset in the Gauja inlet to the Sea\"}]},{\"@type\":\"WebSite\",\"@id\":\"https:\/\/ozolaivas.lv\/#website\",\"url\":\"https:\/\/ozolaivas.lv\/\",\"name\":\"Ozolaivas\",\"description\":\"\",\"potentialAction\":[{\"@type\":\"SearchAction\",\"target\":{\"@type\":\"EntryPoint\",\"urlTemplate\":\"https:\/\/ozolaivas.lv\/?s={search_term_string}\"},\"query-input\":{\"@type\":\"PropertyValueSpecification\",\"valueRequired\":true,\"valueName\":\"search_term_string\"}}],\"inLanguage\":\"en-US\"}]}<\/script>\n<!-- \/ Yoast SEO plugin. -->","yoast_head_json":{"title":"Sunset in the Gauja inlet to the Sea - Ozolaivas","description":"Canoe trip from the Carnikava District Museum to the mouth of the Gauja River into the sea, where we will observe a beautiful sunset at sea.","robots":{"index":"index","follow":"follow","max-snippet":"max-snippet:-1","max-image-preview":"max-image-preview:large","max-video-preview":"max-video-preview:-1"},"canonical":"https:\/\/ozolaivas.lv\/en\/product\/sunset-in-the-gauja-inlet-to-the-sea\/","og_locale":"en_US","og_type":"article","og_title":"Sunset in the Gauja inlet to the Sea - Ozolaivas","og_description":"Canoe trip from the Carnikava District Museum to the mouth of the Gauja River into the sea, where we will observe a beautiful sunset at sea.","og_url":"https:\/\/ozolaivas.lv\/en\/product\/sunset-in-the-gauja-inlet-to-the-sea\/","og_site_name":"Ozolaivas","article_publisher":"https:\/\/www.facebook.com\/ozolaivas","article_modified_time":"2024-10-21T18:22:31+00:00","og_image":[{"width":1200,"height":900,"url":"https:\/\/ozolaivas.lv\/wp-content\/uploads\/2023\/04\/IMG_3201.jpeg","type":"image\/jpeg"}],"twitter_card":"summary_large_image","twitter_misc":{"Est. reading time":"2 minutes"},"schema":{"@context":"https:\/\/schema.org","@graph":[{"@type":"WebPage","@id":"https:\/\/ozolaivas.lv\/en\/product\/sunset-in-the-gauja-inlet-to-the-sea\/","url":"https:\/\/ozolaivas.lv\/en\/product\/sunset-in-the-gauja-inlet-to-the-sea\/","name":"Sunset in the Gauja inlet to the Sea - Ozolaivas","isPartOf":{"@id":"https:\/\/ozolaivas.lv\/#website"},"primaryImageOfPage":{"@id":"https:\/\/ozolaivas.lv\/en\/product\/sunset-in-the-gauja-inlet-to-the-sea\/#primaryimage"},"image":{"@id":"https:\/\/ozolaivas.lv\/en\/product\/sunset-in-the-gauja-inlet-to-the-sea\/#primaryimage"},"thumbnailUrl":"https:\/\/ozolaivas.lv\/wp-content\/uploads\/2023\/04\/IMG_3201.jpeg","datePublished":"2023-04-05T08:36:27+00:00","dateModified":"2024-10-21T18:22:31+00:00","description":"Canoe trip from the Carnikava District Museum to the mouth of the Gauja River into the sea, where we will observe a beautiful sunset at sea.","breadcrumb":{"@id":"https:\/\/ozolaivas.lv\/en\/product\/sunset-in-the-gauja-inlet-to-the-sea\/#breadcrumb"},"inLanguage":"en-US","potentialAction":[{"@type":"ReadAction","target":["https:\/\/ozolaivas.lv\/en\/product\/sunset-in-the-gauja-inlet-to-the-sea\/"]}]},{"@type":"ImageObject","inLanguage":"en-US","@id":"https:\/\/ozolaivas.lv\/en\/product\/sunset-in-the-gauja-inlet-to-the-sea\/#primaryimage","url":"https:\/\/ozolaivas.lv\/wp-content\/uploads\/2023\/04\/IMG_3201.jpeg","contentUrl":"https:\/\/ozolaivas.lv\/wp-content\/uploads\/2023\/04\/IMG_3201.jpeg","width":1200,"height":900,"caption":"Ozolaivas kanoe laiva Gaujas ietek\u0101 Baltijas j\u016br\u0101"},{"@type":"BreadcrumbList","@id":"https:\/\/ozolaivas.lv\/en\/product\/sunset-in-the-gauja-inlet-to-the-sea\/#breadcrumb","itemListElement":[{"@type":"ListItem","position":1,"name":"Home","item":"https:\/\/ozolaivas.lv\/en\/home-landing-page\/"},{"@type":"ListItem","position":2,"name":"Preces","item":"https:\/\/ozolaivas.lv\/shop\/"},{"@type":"ListItem","position":3,"name":"Sunset in the Gauja inlet to the Sea"}]},{"@type":"WebSite","@id":"https:\/\/ozolaivas.lv\/#website","url":"https:\/\/ozolaivas.lv\/","name":"Ozolaivas","description":"","potentialAction":[{"@type":"SearchAction","target":{"@type":"EntryPoint","urlTemplate":"https:\/\/ozolaivas.lv\/?s={search_term_string}"},"query-input":{"@type":"PropertyValueSpecification","valueRequired":true,"valueName":"search_term_string"}}],"inLanguage":"en-US"}]}},"jetpack_sharing_enabled":true,"_links":{"self":[{"href":"https:\/\/ozolaivas.lv\/en\/wp-json\/wp\/v2\/product\/20361","targetHints":{"allow":["GET"]}}],"collection":[{"href":"https:\/\/ozolaivas.lv\/en\/wp-json\/wp\/v2\/product"}],"about":[{"href":"https:\/\/ozolaivas.lv\/en\/wp-json\/wp\/v2\/types\/product"}],"author":[{"embeddable":true,"href":"https:\/\/ozolaivas.lv\/en\/wp-json\/wp\/v2\/users\/2"}],"replies":[{"embeddable":true,"href":"https:\/\/ozolaivas.lv\/en\/wp-json\/wp\/v2\/comments?post=20361"}],"wp:featuredmedia":[{"embeddable":true,"href":"https:\/\/ozolaivas.lv\/en\/wp-json\/wp\/v2\/media\/18312"}],"wp:attachment":[{"href":"https:\/\/ozolaivas.lv\/en\/wp-json\/wp\/v2\/media?parent=20361"}],"wp:term":[{"taxonomy":"product_brand","embeddable":true,"href":"https:\/\/ozolaivas.lv\/en\/wp-json\/wp\/v2\/product_brand?post=20361"},{"taxonomy":"product_cat","embeddable":true,"href":"https:\/\/ozolaivas.lv\/en\/wp-json\/wp\/v2\/product_cat?post=20361"},{"taxonomy":"product_tag","embeddable":true,"href":"https:\/\/ozolaivas.lv\/en\/wp-json\/wp\/v2\/product_tag?post=20361"}],"curies":[{"name":"wp","href":"https:\/\/api.w.org\/{rel}","templated":true}]}}