{"id":20365,"date":"2023-04-05T08:33:18","date_gmt":"2023-04-05T08:33:18","guid":{"rendered":"https:\/\/ozolaivas.lv\/product\/gauja-river-from-adazi-to-the-sea-through-dzirnezers\/"},"modified":"2024-10-21T18:25:39","modified_gmt":"2024-10-21T18:25:39","slug":"gauja-river-from-adazi-to-the-sea-through-dzirnezers","status":"publish","type":"product","link":"https:\/\/ozolaivas.lv\/en\/product\/gauja-river-from-adazi-to-the-sea-through-dzirnezers\/","title":{"rendered":"Gauja river from \u0100da\u017ei to the sea, through Dzirnezers"},"content":{"rendered":"<p class=\"p1\">The lower part of Gauja, although calmer than the upper part, is by no means boring,<span class=\"Apple-converted-space\">  <\/span>there are fewer paddlers and it is possible to enjoy the river and the views along its shores. The small Dzirnupe River leads to Dzirnezers, a tributary lake with 5 islands, the largest of which are Vado\u0146a, or K\u0101rlis Ulmanis Island, Krievu sala and Sudrabsali\u0146a. But the Gauja estuary greets you with its white beach sands and its natural interaction between the sea and the river.  <\/p>\n<p class=\"p1\">The journey takes place from \u0100da\u017ei to Dzirnezers, where a rest break is planned. Then we will be rowing to the mouth of the Gauja River and back to the finish in Carnikava.<\/p>\n<p><span style=\"font-weight: 400;\">Trip length: <\/span><b>22km<\/b><br \/>\n<span style=\"font-weight: 400;\">Trip duration: <\/span><b>7 h<\/b><\/p>\n<p>INFORMATION:<br \/>\n1) The route is accessible throughout the whole season. Day and evening &#8211; sunset trips are possible. The route is easy, with a gentle current, suitable for beginners and families with children.<br \/>\n2) The day before the trip, by 12:00, you will receive an informative email from Ozolaivas!<br \/>\n3) The trip may be canceled due to bad weather conditions or if there are fewer than 4 boats registered.<br \/>\n4) One break is planned, snacks, tea\/coffee are to be provided by yourselves.<br \/>\n5) For individual trips <span style=\"font-weight: 400;\">the route can be shortened by skipping Dzirnezers or the Gauja estuary.<\/span><br \/>\n6) We provide driver transfers.<\/p>\n<p>Arrival place: \u0100da\u017ei near the bridge over Gauja <a href=\"https:\/\/goo.gl\/maps\/YFMY4oonpbGRqGn1A\" target=\"_blank\" rel=\"noopener\">Coordinates of the place of arrival<\/a><\/p>\n<p>Weather forecast in Carnikava <a href=\"https:\/\/www.yr.no\/en\/forecast\/daily-table\/2-460659\/Latvia\/%C4%80da%C5%BEi\/Carnikavas%20novads\/Carnikava\">HERE!<\/a><\/p>\n","protected":false},"excerpt":{"rendered":"<p>The lower part of Gauja, although calmer than the upper part, is by no means boring, there are fewer paddlers and it is possible to enjoy the river and the views along its shores. The small Dzirnupe River leads to Dzirnezers, a tributary lake with 5 islands, the largest of which are Vado\u0146a, or K\u0101rlis Ulmanis Island, Krievu sala and Sudrabsali\u0146a. But the Gauja estuary greets you with its white beach sands and its natural interaction between the sea and the river. The journey takes place from \u0100da\u017ei to Dzirnezers, where a rest break is planned. Then we will be rowing to the mouth of the Gauja River and back to the finish in Carnikava. Trip length: 22km Trip duration: 7 h INFORMATION: 1) The route is accessible throughout the whole season. Day and evening &#8211; sunset trips are possible. The route is easy, with a gentle current, suitable for beginners and families with children. 2) The day before the trip, by 12:00, you will receive an informative email from Ozolaivas! 3) The trip may be canceled due to bad weather conditions or if there are fewer than 4 boats registered. 4) One break is planned, snacks, tea\/coffee are to [&hellip;]<\/p>\n","protected":false},"author":2,"featured_media":16926,"comment_status":"closed","ping_status":"closed","template":"","meta":[],"product_brand":[],"product_cat":[142,150],"product_tag":[],"class_list":{"0":"post-20365","1":"product","2":"type-product","3":"status-publish","4":"has-post-thumbnail","6":"product_cat-gauja-en","7":"product_cat-all-trips","8":"pif-has-gallery","10":"first","11":"outofstock","12":"taxable","13":"shipping-taxable","14":"product-type-variable"},"yoast_head":"<!-- This site is optimized with the Yoast SEO plugin v24.7 - https:\/\/yoast.com\/wordpress\/plugins\/seo\/ -->\n<title>Gauja river from \u0100da\u017ei to the sea, through Dzirnezers - Ozolaivas<\/title>\n<meta name=\"description\" content=\"Boat trip along the lower reaches of the Gauja river from \u0100da\u017ei to Carnikava, with a stop at Dzirnezers and enjoying the sandy beaches at the mouth of the Gauja into the sea along the way.\" \/>\n<meta name=\"robots\" content=\"index, follow, max-snippet:-1, max-image-preview:large, max-video-preview:-1\" \/>\n<link rel=\"canonical\" href=\"https:\/\/ozolaivas.lv\/en\/product\/gauja-river-from-adazi-to-the-sea-through-dzirnezers\/\" \/>\n<meta property=\"og:locale\" content=\"en_US\" \/>\n<meta property=\"og:type\" content=\"article\" \/>\n<meta property=\"og:title\" content=\"Gauja river from \u0100da\u017ei to the sea, through Dzirnezers - Ozolaivas\" \/>\n<meta property=\"og:description\" content=\"Boat trip along the lower reaches of the Gauja river from \u0100da\u017ei to Carnikava, with a stop at Dzirnezers and enjoying the sandy beaches at the mouth of the Gauja into the sea along the way.\" \/>\n<meta property=\"og:url\" content=\"https:\/\/ozolaivas.lv\/en\/product\/gauja-river-from-adazi-to-the-sea-through-dzirnezers\/\" \/>\n<meta property=\"og:site_name\" content=\"Ozolaivas\" \/>\n<meta property=\"article:publisher\" content=\"https:\/\/www.facebook.com\/ozolaivas\" \/>\n<meta property=\"article:modified_time\" content=\"2024-10-21T18:25:39+00:00\" \/>\n<meta property=\"og:image\" content=\"https:\/\/ozolaivas.lv\/wp-content\/uploads\/2023\/04\/35576233284_b4e886e6bf_o-scaled.jpg\" \/>\n\t<meta property=\"og:image:width\" content=\"2560\" \/>\n\t<meta property=\"og:image:height\" content=\"1708\" \/>\n\t<meta property=\"og:image:type\" content=\"image\/jpeg\" \/>\n<meta name=\"twitter:card\" content=\"summary_large_image\" \/>\n<meta name=\"twitter:label1\" content=\"Est. reading time\" \/>\n\t<meta name=\"twitter:data1\" content=\"1 minute\" \/>\n<script type=\"application\/ld+json\" class=\"yoast-schema-graph\">{\"@context\":\"https:\/\/schema.org\",\"@graph\":[{\"@type\":\"WebPage\",\"@id\":\"https:\/\/ozolaivas.lv\/en\/product\/gauja-river-from-adazi-to-the-sea-through-dzirnezers\/\",\"url\":\"https:\/\/ozolaivas.lv\/en\/product\/gauja-river-from-adazi-to-the-sea-through-dzirnezers\/\",\"name\":\"Gauja river from \u0100da\u017ei to the sea, through Dzirnezers - Ozolaivas\",\"isPartOf\":{\"@id\":\"https:\/\/ozolaivas.lv\/#website\"},\"primaryImageOfPage\":{\"@id\":\"https:\/\/ozolaivas.lv\/en\/product\/gauja-river-from-adazi-to-the-sea-through-dzirnezers\/#primaryimage\"},\"image\":{\"@id\":\"https:\/\/ozolaivas.lv\/en\/product\/gauja-river-from-adazi-to-the-sea-through-dzirnezers\/#primaryimage\"},\"thumbnailUrl\":\"https:\/\/ozolaivas.lv\/wp-content\/uploads\/2023\/04\/35576233284_b4e886e6bf_o-scaled.jpg\",\"datePublished\":\"2023-04-05T08:33:18+00:00\",\"dateModified\":\"2024-10-21T18:25:39+00:00\",\"description\":\"Boat trip along the lower reaches of the Gauja river from \u0100da\u017ei to Carnikava, with a stop at Dzirnezers and enjoying the sandy beaches at the mouth of the Gauja into the sea along the way.\",\"breadcrumb\":{\"@id\":\"https:\/\/ozolaivas.lv\/en\/product\/gauja-river-from-adazi-to-the-sea-through-dzirnezers\/#breadcrumb\"},\"inLanguage\":\"en-US\",\"potentialAction\":[{\"@type\":\"ReadAction\",\"target\":[\"https:\/\/ozolaivas.lv\/en\/product\/gauja-river-from-adazi-to-the-sea-through-dzirnezers\/\"]}]},{\"@type\":\"ImageObject\",\"inLanguage\":\"en-US\",\"@id\":\"https:\/\/ozolaivas.lv\/en\/product\/gauja-river-from-adazi-to-the-sea-through-dzirnezers\/#primaryimage\",\"url\":\"https:\/\/ozolaivas.lv\/wp-content\/uploads\/2023\/04\/35576233284_b4e886e6bf_o-scaled.jpg\",\"contentUrl\":\"https:\/\/ozolaivas.lv\/wp-content\/uploads\/2023\/04\/35576233284_b4e886e6bf_o-scaled.jpg\",\"width\":2560,\"height\":1708,\"caption\":\"Laivot\u0101ji pie Carnikavas Novadp\u0113tniec\u012bbas centra\"},{\"@type\":\"BreadcrumbList\",\"@id\":\"https:\/\/ozolaivas.lv\/en\/product\/gauja-river-from-adazi-to-the-sea-through-dzirnezers\/#breadcrumb\",\"itemListElement\":[{\"@type\":\"ListItem\",\"position\":1,\"name\":\"Home\",\"item\":\"https:\/\/ozolaivas.lv\/en\/\"},{\"@type\":\"ListItem\",\"position\":2,\"name\":\"Preces\",\"item\":\"https:\/\/ozolaivas.lv\/shop\/\"},{\"@type\":\"ListItem\",\"position\":3,\"name\":\"Gauja river from \u0100da\u017ei to the sea, through Dzirnezers\"}]},{\"@type\":\"WebSite\",\"@id\":\"https:\/\/ozolaivas.lv\/#website\",\"url\":\"https:\/\/ozolaivas.lv\/\",\"name\":\"Ozolaivas\",\"description\":\"\",\"potentialAction\":[{\"@type\":\"SearchAction\",\"target\":{\"@type\":\"EntryPoint\",\"urlTemplate\":\"https:\/\/ozolaivas.lv\/?s={search_term_string}\"},\"query-input\":{\"@type\":\"PropertyValueSpecification\",\"valueRequired\":true,\"valueName\":\"search_term_string\"}}],\"inLanguage\":\"en-US\"}]}<\/script>\n<!-- \/ Yoast SEO plugin. -->","yoast_head_json":{"title":"Gauja river from \u0100da\u017ei to the sea, through Dzirnezers - Ozolaivas","description":"Boat trip along the lower reaches of the Gauja river from \u0100da\u017ei to Carnikava, with a stop at Dzirnezers and enjoying the sandy beaches at the mouth of the Gauja into the sea along the way.","robots":{"index":"index","follow":"follow","max-snippet":"max-snippet:-1","max-image-preview":"max-image-preview:large","max-video-preview":"max-video-preview:-1"},"canonical":"https:\/\/ozolaivas.lv\/en\/product\/gauja-river-from-adazi-to-the-sea-through-dzirnezers\/","og_locale":"en_US","og_type":"article","og_title":"Gauja river from \u0100da\u017ei to the sea, through Dzirnezers - Ozolaivas","og_description":"Boat trip along the lower reaches of the Gauja river from \u0100da\u017ei to Carnikava, with a stop at Dzirnezers and enjoying the sandy beaches at the mouth of the Gauja into the sea along the way.","og_url":"https:\/\/ozolaivas.lv\/en\/product\/gauja-river-from-adazi-to-the-sea-through-dzirnezers\/","og_site_name":"Ozolaivas","article_publisher":"https:\/\/www.facebook.com\/ozolaivas","article_modified_time":"2024-10-21T18:25:39+00:00","og_image":[{"width":2560,"height":1708,"url":"https:\/\/ozolaivas.lv\/wp-content\/uploads\/2023\/04\/35576233284_b4e886e6bf_o-scaled.jpg","type":"image\/jpeg"}],"twitter_card":"summary_large_image","twitter_misc":{"Est. reading time":"1 minute"},"schema":{"@context":"https:\/\/schema.org","@graph":[{"@type":"WebPage","@id":"https:\/\/ozolaivas.lv\/en\/product\/gauja-river-from-adazi-to-the-sea-through-dzirnezers\/","url":"https:\/\/ozolaivas.lv\/en\/product\/gauja-river-from-adazi-to-the-sea-through-dzirnezers\/","name":"Gauja river from \u0100da\u017ei to the sea, through Dzirnezers - Ozolaivas","isPartOf":{"@id":"https:\/\/ozolaivas.lv\/#website"},"primaryImageOfPage":{"@id":"https:\/\/ozolaivas.lv\/en\/product\/gauja-river-from-adazi-to-the-sea-through-dzirnezers\/#primaryimage"},"image":{"@id":"https:\/\/ozolaivas.lv\/en\/product\/gauja-river-from-adazi-to-the-sea-through-dzirnezers\/#primaryimage"},"thumbnailUrl":"https:\/\/ozolaivas.lv\/wp-content\/uploads\/2023\/04\/35576233284_b4e886e6bf_o-scaled.jpg","datePublished":"2023-04-05T08:33:18+00:00","dateModified":"2024-10-21T18:25:39+00:00","description":"Boat trip along the lower reaches of the Gauja river from \u0100da\u017ei to Carnikava, with a stop at Dzirnezers and enjoying the sandy beaches at the mouth of the Gauja into the sea along the way.","breadcrumb":{"@id":"https:\/\/ozolaivas.lv\/en\/product\/gauja-river-from-adazi-to-the-sea-through-dzirnezers\/#breadcrumb"},"inLanguage":"en-US","potentialAction":[{"@type":"ReadAction","target":["https:\/\/ozolaivas.lv\/en\/product\/gauja-river-from-adazi-to-the-sea-through-dzirnezers\/"]}]},{"@type":"ImageObject","inLanguage":"en-US","@id":"https:\/\/ozolaivas.lv\/en\/product\/gauja-river-from-adazi-to-the-sea-through-dzirnezers\/#primaryimage","url":"https:\/\/ozolaivas.lv\/wp-content\/uploads\/2023\/04\/35576233284_b4e886e6bf_o-scaled.jpg","contentUrl":"https:\/\/ozolaivas.lv\/wp-content\/uploads\/2023\/04\/35576233284_b4e886e6bf_o-scaled.jpg","width":2560,"height":1708,"caption":"Laivot\u0101ji pie Carnikavas Novadp\u0113tniec\u012bbas centra"},{"@type":"BreadcrumbList","@id":"https:\/\/ozolaivas.lv\/en\/product\/gauja-river-from-adazi-to-the-sea-through-dzirnezers\/#breadcrumb","itemListElement":[{"@type":"ListItem","position":1,"name":"Home","item":"https:\/\/ozolaivas.lv\/en\/"},{"@type":"ListItem","position":2,"name":"Preces","item":"https:\/\/ozolaivas.lv\/shop\/"},{"@type":"ListItem","position":3,"name":"Gauja river from \u0100da\u017ei to the sea, through Dzirnezers"}]},{"@type":"WebSite","@id":"https:\/\/ozolaivas.lv\/#website","url":"https:\/\/ozolaivas.lv\/","name":"Ozolaivas","description":"","potentialAction":[{"@type":"SearchAction","target":{"@type":"EntryPoint","urlTemplate":"https:\/\/ozolaivas.lv\/?s={search_term_string}"},"query-input":{"@type":"PropertyValueSpecification","valueRequired":true,"valueName":"search_term_string"}}],"inLanguage":"en-US"}]}},"jetpack_sharing_enabled":true,"_links":{"self":[{"href":"https:\/\/ozolaivas.lv\/en\/wp-json\/wp\/v2\/product\/20365","targetHints":{"allow":["GET"]}}],"collection":[{"href":"https:\/\/ozolaivas.lv\/en\/wp-json\/wp\/v2\/product"}],"about":[{"href":"https:\/\/ozolaivas.lv\/en\/wp-json\/wp\/v2\/types\/product"}],"author":[{"embeddable":true,"href":"https:\/\/ozolaivas.lv\/en\/wp-json\/wp\/v2\/users\/2"}],"replies":[{"embeddable":true,"href":"https:\/\/ozolaivas.lv\/en\/wp-json\/wp\/v2\/comments?post=20365"}],"wp:featuredmedia":[{"embeddable":true,"href":"https:\/\/ozolaivas.lv\/en\/wp-json\/wp\/v2\/media\/16926"}],"wp:attachment":[{"href":"https:\/\/ozolaivas.lv\/en\/wp-json\/wp\/v2\/media?parent=20365"}],"wp:term":[{"taxonomy":"product_brand","embeddable":true,"href":"https:\/\/ozolaivas.lv\/en\/wp-json\/wp\/v2\/product_brand?post=20365"},{"taxonomy":"product_cat","embeddable":true,"href":"https:\/\/ozolaivas.lv\/en\/wp-json\/wp\/v2\/product_cat?post=20365"},{"taxonomy":"product_tag","embeddable":true,"href":"https:\/\/ozolaivas.lv\/en\/wp-json\/wp\/v2\/product_tag?post=20365"}],"curies":[{"name":"wp","href":"https:\/\/api.w.org\/{rel}","templated":true}]}}