{"id":20367,"date":"2023-04-05T08:31:31","date_gmt":"2023-04-05T08:31:31","guid":{"rendered":"https:\/\/ozolaivas.lv\/product\/iecava-river-from-lambarte-to-iecava\/"},"modified":"2024-10-21T18:29:39","modified_gmt":"2024-10-21T18:29:39","slug":"iecava-river-from-lambarte-to-iecava","status":"publish","type":"product","link":"https:\/\/ozolaivas.lv\/en\/product\/iecava-river-from-lambarte-to-iecava\/","title":{"rendered":"Iecava river from Lamb\u0101rte to Iecava"},"content":{"rendered":"<p><strong>Join a beautiful and exciting boat trip on the river Iecava<\/strong><\/p>\n<p><span style=\"font-weight: 400;\">This part of the river Iecava, in our opinion, is somewhat underrated by kayakers enthusiasts! <\/span><\/p>\n<p><span style=\"font-weight: 400;\">This is the most winding section of the river Iecava, and its banks are surrounded by large, lush trees that seem to conceal the river while still allowing views of the surroundings. During the trip, you can enjoy the splendor of nature, as the surroundings are just fields and forests with very little civilization!<\/span><\/p>\n<p><span style=\"font-weight: 400;\">Along the way, there may be some fallen trees, which make the trip more interesting, but overcoming them doesn&#8217;t require much effort. The journey is suitable for less experienced paddlers and families with children!<\/span><\/p>\n<p><span style=\"font-weight: 400;\">The journey takes place from Lamb\u0101rte to Iecava city!<\/span><\/p>\n<p><span style=\"font-weight: 400;\">Trip length:<\/span> <b>17km<\/b><br \/>\n<span style=\"font-weight: 400;\">Trip duration: <\/span><b>5,5h<\/b><\/p>\n<p>INFORMATION:<br \/>\n1) <span style=\"font-weight: 400;\">The route is easy, with a small stream, but there might be a few fallen trees.<\/span><br \/>\n2) The day before the trip, by 12:00, you will receive an informational email from Ozolaivas!<br \/>\n3) The trip may be canceled due to bad weather conditions or if there are fewer than 4 boats registered.<br \/>\n4) There will be one rest break in L\u012b\u010dupes, water and snacks are not provided.<br \/>\n5) Drivers transfer included in price.<\/p>\n<p><strong>Registration at least 24h before the event!<\/strong><\/p>\n<p>Weather Forecast in Iecava <a href=\"https:\/\/www.yr.no\/en\/forecast\/daily-table\/2-459624\/Latvia\/Bauskas%20Rajons\/Iecavas%20novads\/Iecava\">HERE!<\/a><\/p>\n","protected":false},"excerpt":{"rendered":"<p>Join a beautiful and exciting boat trip on the river Iecava This part of the river Iecava, in our opinion, is somewhat underrated by kayakers enthusiasts! This is the most winding section of the river Iecava, and its banks are surrounded by large, lush trees that seem to conceal the river while still allowing views of the surroundings. During the trip, you can enjoy the splendor of nature, as the surroundings are just fields and forests with very little civilization! Along the way, there may be some fallen trees, which make the trip more interesting, but overcoming them doesn&#8217;t require much effort. The journey is suitable for less experienced paddlers and families with children! The journey takes place from Lamb\u0101rte to Iecava city! Trip length: 17km Trip duration: 5,5h INFORMATION: 1) The route is easy, with a small stream, but there might be a few fallen trees. 2) The day before the trip, by 12:00, you will receive an informational email from Ozolaivas! 3) The trip may be canceled due to bad weather conditions or if there are fewer than 4 boats registered. 4) There will be one rest break in L\u012b\u010dupes, water and snacks are not provided. 5) Drivers [&hellip;]<\/p>\n","protected":false},"author":2,"featured_media":18981,"comment_status":"closed","ping_status":"closed","template":"","meta":[],"product_brand":[],"product_cat":[143,150],"product_tag":[],"class_list":{"0":"post-20367","1":"product","2":"type-product","3":"status-publish","4":"has-post-thumbnail","6":"product_cat-iecava-en","7":"product_cat-all-trips","8":"pif-has-gallery","10":"first","11":"outofstock","12":"taxable","13":"shipping-taxable","14":"product-type-variable"},"yoast_head":"<!-- This site is optimized with the Yoast SEO plugin v24.7 - https:\/\/yoast.com\/wordpress\/plugins\/seo\/ -->\n<title>Iecava river from Lamb\u0101rte to Iecava - Ozolaivas<\/title>\n<meta name=\"description\" content=\"Enjoy the adventure on Iecava river from Lamb\u0101rte to the town of Iecava, with a stop along the way in L\u012b\u010dupe. Iecava in this stretch is interesting - there may be fallen trees!\" \/>\n<meta name=\"robots\" content=\"index, follow, max-snippet:-1, max-image-preview:large, max-video-preview:-1\" \/>\n<link rel=\"canonical\" href=\"https:\/\/ozolaivas.lv\/en\/product\/iecava-river-from-lambarte-to-iecava\/\" \/>\n<meta property=\"og:locale\" content=\"en_US\" \/>\n<meta property=\"og:type\" content=\"article\" \/>\n<meta property=\"og:title\" content=\"Iecava river from Lamb\u0101rte to Iecava - Ozolaivas\" \/>\n<meta property=\"og:description\" content=\"Enjoy the adventure on Iecava river from Lamb\u0101rte to the town of Iecava, with a stop along the way in L\u012b\u010dupe. Iecava in this stretch is interesting - there may be fallen trees!\" \/>\n<meta property=\"og:url\" content=\"https:\/\/ozolaivas.lv\/en\/product\/iecava-river-from-lambarte-to-iecava\/\" \/>\n<meta property=\"og:site_name\" content=\"Ozolaivas\" \/>\n<meta property=\"article:publisher\" content=\"https:\/\/www.facebook.com\/ozolaivas\" \/>\n<meta property=\"article:modified_time\" content=\"2024-10-21T18:29:39+00:00\" \/>\n<meta property=\"og:image\" content=\"https:\/\/ozolaivas.lv\/wp-content\/uploads\/2023\/04\/IMG_3194-1.jpg\" \/>\n\t<meta property=\"og:image:width\" content=\"567\" \/>\n\t<meta property=\"og:image:height\" content=\"1008\" \/>\n\t<meta property=\"og:image:type\" content=\"image\/jpeg\" \/>\n<meta name=\"twitter:card\" content=\"summary_large_image\" \/>\n<meta name=\"twitter:label1\" content=\"Est. reading time\" \/>\n\t<meta name=\"twitter:data1\" content=\"2 minutes\" \/>\n<script type=\"application\/ld+json\" class=\"yoast-schema-graph\">{\"@context\":\"https:\/\/schema.org\",\"@graph\":[{\"@type\":\"WebPage\",\"@id\":\"https:\/\/ozolaivas.lv\/en\/product\/iecava-river-from-lambarte-to-iecava\/\",\"url\":\"https:\/\/ozolaivas.lv\/en\/product\/iecava-river-from-lambarte-to-iecava\/\",\"name\":\"Iecava river from Lamb\u0101rte to Iecava - Ozolaivas\",\"isPartOf\":{\"@id\":\"https:\/\/ozolaivas.lv\/#website\"},\"primaryImageOfPage\":{\"@id\":\"https:\/\/ozolaivas.lv\/en\/product\/iecava-river-from-lambarte-to-iecava\/#primaryimage\"},\"image\":{\"@id\":\"https:\/\/ozolaivas.lv\/en\/product\/iecava-river-from-lambarte-to-iecava\/#primaryimage\"},\"thumbnailUrl\":\"https:\/\/ozolaivas.lv\/wp-content\/uploads\/2023\/04\/IMG_3194-1.jpg\",\"datePublished\":\"2023-04-05T08:31:31+00:00\",\"dateModified\":\"2024-10-21T18:29:39+00:00\",\"description\":\"Enjoy the adventure on Iecava river from Lamb\u0101rte to the town of Iecava, with a stop along the way in L\u012b\u010dupe. Iecava in this stretch is interesting - there may be fallen trees!\",\"breadcrumb\":{\"@id\":\"https:\/\/ozolaivas.lv\/en\/product\/iecava-river-from-lambarte-to-iecava\/#breadcrumb\"},\"inLanguage\":\"en-US\",\"potentialAction\":[{\"@type\":\"ReadAction\",\"target\":[\"https:\/\/ozolaivas.lv\/en\/product\/iecava-river-from-lambarte-to-iecava\/\"]}]},{\"@type\":\"ImageObject\",\"inLanguage\":\"en-US\",\"@id\":\"https:\/\/ozolaivas.lv\/en\/product\/iecava-river-from-lambarte-to-iecava\/#primaryimage\",\"url\":\"https:\/\/ozolaivas.lv\/wp-content\/uploads\/2023\/04\/IMG_3194-1.jpg\",\"contentUrl\":\"https:\/\/ozolaivas.lv\/wp-content\/uploads\/2023\/04\/IMG_3194-1.jpg\",\"width\":567,\"height\":1008},{\"@type\":\"BreadcrumbList\",\"@id\":\"https:\/\/ozolaivas.lv\/en\/product\/iecava-river-from-lambarte-to-iecava\/#breadcrumb\",\"itemListElement\":[{\"@type\":\"ListItem\",\"position\":1,\"name\":\"Home\",\"item\":\"https:\/\/ozolaivas.lv\/en\/home-landing-page\/\"},{\"@type\":\"ListItem\",\"position\":2,\"name\":\"Preces\",\"item\":\"https:\/\/ozolaivas.lv\/shop\/\"},{\"@type\":\"ListItem\",\"position\":3,\"name\":\"Iecava river from Lamb\u0101rte to Iecava\"}]},{\"@type\":\"WebSite\",\"@id\":\"https:\/\/ozolaivas.lv\/#website\",\"url\":\"https:\/\/ozolaivas.lv\/\",\"name\":\"Ozolaivas\",\"description\":\"\",\"potentialAction\":[{\"@type\":\"SearchAction\",\"target\":{\"@type\":\"EntryPoint\",\"urlTemplate\":\"https:\/\/ozolaivas.lv\/?s={search_term_string}\"},\"query-input\":{\"@type\":\"PropertyValueSpecification\",\"valueRequired\":true,\"valueName\":\"search_term_string\"}}],\"inLanguage\":\"en-US\"}]}<\/script>\n<!-- \/ Yoast SEO plugin. -->","yoast_head_json":{"title":"Iecava river from Lamb\u0101rte to Iecava - Ozolaivas","description":"Enjoy the adventure on Iecava river from Lamb\u0101rte to the town of Iecava, with a stop along the way in L\u012b\u010dupe. Iecava in this stretch is interesting - there may be fallen trees!","robots":{"index":"index","follow":"follow","max-snippet":"max-snippet:-1","max-image-preview":"max-image-preview:large","max-video-preview":"max-video-preview:-1"},"canonical":"https:\/\/ozolaivas.lv\/en\/product\/iecava-river-from-lambarte-to-iecava\/","og_locale":"en_US","og_type":"article","og_title":"Iecava river from Lamb\u0101rte to Iecava - Ozolaivas","og_description":"Enjoy the adventure on Iecava river from Lamb\u0101rte to the town of Iecava, with a stop along the way in L\u012b\u010dupe. Iecava in this stretch is interesting - there may be fallen trees!","og_url":"https:\/\/ozolaivas.lv\/en\/product\/iecava-river-from-lambarte-to-iecava\/","og_site_name":"Ozolaivas","article_publisher":"https:\/\/www.facebook.com\/ozolaivas","article_modified_time":"2024-10-21T18:29:39+00:00","og_image":[{"width":567,"height":1008,"url":"https:\/\/ozolaivas.lv\/wp-content\/uploads\/2023\/04\/IMG_3194-1.jpg","type":"image\/jpeg"}],"twitter_card":"summary_large_image","twitter_misc":{"Est. reading time":"2 minutes"},"schema":{"@context":"https:\/\/schema.org","@graph":[{"@type":"WebPage","@id":"https:\/\/ozolaivas.lv\/en\/product\/iecava-river-from-lambarte-to-iecava\/","url":"https:\/\/ozolaivas.lv\/en\/product\/iecava-river-from-lambarte-to-iecava\/","name":"Iecava river from Lamb\u0101rte to Iecava - Ozolaivas","isPartOf":{"@id":"https:\/\/ozolaivas.lv\/#website"},"primaryImageOfPage":{"@id":"https:\/\/ozolaivas.lv\/en\/product\/iecava-river-from-lambarte-to-iecava\/#primaryimage"},"image":{"@id":"https:\/\/ozolaivas.lv\/en\/product\/iecava-river-from-lambarte-to-iecava\/#primaryimage"},"thumbnailUrl":"https:\/\/ozolaivas.lv\/wp-content\/uploads\/2023\/04\/IMG_3194-1.jpg","datePublished":"2023-04-05T08:31:31+00:00","dateModified":"2024-10-21T18:29:39+00:00","description":"Enjoy the adventure on Iecava river from Lamb\u0101rte to the town of Iecava, with a stop along the way in L\u012b\u010dupe. Iecava in this stretch is interesting - there may be fallen trees!","breadcrumb":{"@id":"https:\/\/ozolaivas.lv\/en\/product\/iecava-river-from-lambarte-to-iecava\/#breadcrumb"},"inLanguage":"en-US","potentialAction":[{"@type":"ReadAction","target":["https:\/\/ozolaivas.lv\/en\/product\/iecava-river-from-lambarte-to-iecava\/"]}]},{"@type":"ImageObject","inLanguage":"en-US","@id":"https:\/\/ozolaivas.lv\/en\/product\/iecava-river-from-lambarte-to-iecava\/#primaryimage","url":"https:\/\/ozolaivas.lv\/wp-content\/uploads\/2023\/04\/IMG_3194-1.jpg","contentUrl":"https:\/\/ozolaivas.lv\/wp-content\/uploads\/2023\/04\/IMG_3194-1.jpg","width":567,"height":1008},{"@type":"BreadcrumbList","@id":"https:\/\/ozolaivas.lv\/en\/product\/iecava-river-from-lambarte-to-iecava\/#breadcrumb","itemListElement":[{"@type":"ListItem","position":1,"name":"Home","item":"https:\/\/ozolaivas.lv\/en\/home-landing-page\/"},{"@type":"ListItem","position":2,"name":"Preces","item":"https:\/\/ozolaivas.lv\/shop\/"},{"@type":"ListItem","position":3,"name":"Iecava river from Lamb\u0101rte to Iecava"}]},{"@type":"WebSite","@id":"https:\/\/ozolaivas.lv\/#website","url":"https:\/\/ozolaivas.lv\/","name":"Ozolaivas","description":"","potentialAction":[{"@type":"SearchAction","target":{"@type":"EntryPoint","urlTemplate":"https:\/\/ozolaivas.lv\/?s={search_term_string}"},"query-input":{"@type":"PropertyValueSpecification","valueRequired":true,"valueName":"search_term_string"}}],"inLanguage":"en-US"}]}},"jetpack_sharing_enabled":true,"_links":{"self":[{"href":"https:\/\/ozolaivas.lv\/en\/wp-json\/wp\/v2\/product\/20367","targetHints":{"allow":["GET"]}}],"collection":[{"href":"https:\/\/ozolaivas.lv\/en\/wp-json\/wp\/v2\/product"}],"about":[{"href":"https:\/\/ozolaivas.lv\/en\/wp-json\/wp\/v2\/types\/product"}],"author":[{"embeddable":true,"href":"https:\/\/ozolaivas.lv\/en\/wp-json\/wp\/v2\/users\/2"}],"replies":[{"embeddable":true,"href":"https:\/\/ozolaivas.lv\/en\/wp-json\/wp\/v2\/comments?post=20367"}],"wp:featuredmedia":[{"embeddable":true,"href":"https:\/\/ozolaivas.lv\/en\/wp-json\/wp\/v2\/media\/18981"}],"wp:attachment":[{"href":"https:\/\/ozolaivas.lv\/en\/wp-json\/wp\/v2\/media?parent=20367"}],"wp:term":[{"taxonomy":"product_brand","embeddable":true,"href":"https:\/\/ozolaivas.lv\/en\/wp-json\/wp\/v2\/product_brand?post=20367"},{"taxonomy":"product_cat","embeddable":true,"href":"https:\/\/ozolaivas.lv\/en\/wp-json\/wp\/v2\/product_cat?post=20367"},{"taxonomy":"product_tag","embeddable":true,"href":"https:\/\/ozolaivas.lv\/en\/wp-json\/wp\/v2\/product_tag?post=20367"}],"curies":[{"name":"wp","href":"https:\/\/api.w.org\/{rel}","templated":true}]}}