{"id":20373,"date":"2023-04-05T08:15:59","date_gmt":"2023-04-05T08:15:59","guid":{"rendered":"https:\/\/ozolaivas.lv\/product\/four-rivers-viesulici-jelgava-ozolnieki\/"},"modified":"2024-10-21T18:44:47","modified_gmt":"2024-10-21T18:44:47","slug":"four-rivers-viesulici-jelgava-ozolnieki","status":"publish","type":"product","link":"https:\/\/ozolaivas.lv\/en\/product\/four-rivers-viesulici-jelgava-ozolnieki\/","title":{"rendered":"Four rivers: Viesul\u012b\u010di \u2013 Jelgava \u2013 Ozolnieki"},"content":{"rendered":"<p><strong>One journey &#8211; four different rivers around Jelgava: Vircava, Lielupe, Driksa and Iecava! <\/strong><\/p>\n<p><span style=\"font-weight: 400;\">The start of the trip is on the Iecava river, along which we will travel to its tip in Lielupe. Iecava is the largest right tributary of the Lielupe. The end of Pilssala and the Driksa estuary in Lielupe can be seen there.<\/span><\/p>\n<p>Next, enjoying the expanses of Lielupe, we will take a boat to the Pilssala observation tower. <span style=\"font-weight: 400;\">The tower offers a view of Jelgava and the meadows of the Lielupe floodplain, and there is also a great chance of meeting wild horses. <\/span><\/p>\n<p>After that, we will enter the Driksa river and cross the Pilssala channel and go back to Lielupi via Driksa, along which we will sail to the Vircavas river, where we will reach the finish point at the Zemnieka cienasts.<\/p>\n<p><span style=\"font-weight: 400;\">Trip length:<\/span><b>13km<\/b><br \/>\n<span style=\"font-weight: 400;\">Trip duration: <\/span><b>4,5h<\/b><\/p>\n<p>INFORMATION:<br \/>\n1) The route is easy, with very little current, suitable for beginners and families with children.<br \/>\n2) The day before the trip, until 12:00, sa\u0146emsiet informat\u012bvu e-pastu no Ozolaiv\u0101m.<br \/>\n3) The trip may be canceled due to adverse weather conditions or if 4 boats have not registered.<br \/>\n4) Rest break at the Pilssalas observation tower (snacks must be provided by yourself).<br \/>\n5) A change in the direction of travel is possible under the influence of strong wind.<\/p>\n<p><strong>Registration at least 24h before the event!<\/strong><\/p>\n<p>Trip cancellation\/rescheduling rules <a href=\"https:\/\/ozolaivas.lv\/atteikuma-tiesibas\/\">HERE!<\/a><\/p>\n<p>&nbsp;<\/p>\n","protected":false},"excerpt":{"rendered":"<p>One journey &#8211; four different rivers around Jelgava: Vircava, Lielupe, Driksa and Iecava! The start of the trip is on the Iecava river, along which we will travel to its tip in Lielupe. Iecava is the largest right tributary of the Lielupe. The end of Pilssala and the Driksa estuary in Lielupe can be seen there. Next, enjoying the expanses of Lielupe, we will take a boat to the Pilssala observation tower. The tower offers a view of Jelgava and the meadows of the Lielupe floodplain, and there is also a great chance of meeting wild horses. After that, we will enter the Driksa river and cross the Pilssala channel and go back to Lielupi via Driksa, along which we will sail to the Vircavas river, where we will reach the finish point at the Zemnieka cienasts. Trip length:13km Trip duration: 4,5h INFORMATION: 1) The route is easy, with very little current, suitable for beginners and families with children. 2) The day before the trip, until 12:00, sa\u0146emsiet informat\u012bvu e-pastu no Ozolaiv\u0101m. 3) The trip may be canceled due to adverse weather conditions or if 4 boats have not registered. 4) Rest break at the Pilssalas observation tower (snacks must [&hellip;]<\/p>\n","protected":false},"author":2,"featured_media":16775,"comment_status":"closed","ping_status":"closed","template":"","meta":[],"product_brand":[],"product_cat":[138,143,150],"product_tag":[],"class_list":{"0":"post-20373","1":"product","2":"type-product","3":"status-publish","4":"has-post-thumbnail","6":"product_cat-jelgava-en","7":"product_cat-iecava-en","8":"product_cat-all-trips","9":"pif-has-gallery","11":"first","12":"outofstock","13":"taxable","14":"shipping-taxable","15":"product-type-variable"},"yoast_head":"<!-- This site is optimized with the Yoast SEO plugin v24.7 - https:\/\/yoast.com\/wordpress\/plugins\/seo\/ -->\n<title>Four rivers: Viesul\u012b\u010di \u2013 Jelgava \u2013 Ozolnieki - Ozolaivas<\/title>\n<meta name=\"description\" content=\"One journey - four different rivers around Jelgava: Vircava, Lielupe, Driksa and Iecava! A mid-trip break at the Pilssala observation tower.\" \/>\n<meta name=\"robots\" content=\"index, follow, max-snippet:-1, max-image-preview:large, max-video-preview:-1\" \/>\n<link rel=\"canonical\" href=\"https:\/\/ozolaivas.lv\/en\/product\/four-rivers-viesulici-jelgava-ozolnieki\/\" \/>\n<meta property=\"og:locale\" content=\"en_US\" \/>\n<meta property=\"og:type\" content=\"article\" \/>\n<meta property=\"og:title\" content=\"Four rivers: Viesul\u012b\u010di \u2013 Jelgava \u2013 Ozolnieki - Ozolaivas\" \/>\n<meta property=\"og:description\" content=\"One journey - four different rivers around Jelgava: Vircava, Lielupe, Driksa and Iecava! A mid-trip break at the Pilssala observation tower.\" \/>\n<meta property=\"og:url\" content=\"https:\/\/ozolaivas.lv\/en\/product\/four-rivers-viesulici-jelgava-ozolnieki\/\" \/>\n<meta property=\"og:site_name\" content=\"Ozolaivas\" \/>\n<meta property=\"article:publisher\" content=\"https:\/\/www.facebook.com\/ozolaivas\" \/>\n<meta property=\"article:modified_time\" content=\"2024-10-21T18:44:47+00:00\" \/>\n<meta property=\"og:image\" content=\"https:\/\/ozolaivas.lv\/wp-content\/uploads\/2023\/04\/IMG_4849-scaled.jpg\" \/>\n\t<meta property=\"og:image:width\" content=\"2560\" \/>\n\t<meta property=\"og:image:height\" content=\"1920\" \/>\n\t<meta property=\"og:image:type\" content=\"image\/jpeg\" \/>\n<meta name=\"twitter:card\" content=\"summary_large_image\" \/>\n<meta name=\"twitter:label1\" content=\"Est. reading time\" \/>\n\t<meta name=\"twitter:data1\" content=\"2 minutes\" \/>\n<script type=\"application\/ld+json\" class=\"yoast-schema-graph\">{\"@context\":\"https:\/\/schema.org\",\"@graph\":[{\"@type\":\"WebPage\",\"@id\":\"https:\/\/ozolaivas.lv\/en\/product\/four-rivers-viesulici-jelgava-ozolnieki\/\",\"url\":\"https:\/\/ozolaivas.lv\/en\/product\/four-rivers-viesulici-jelgava-ozolnieki\/\",\"name\":\"Four rivers: Viesul\u012b\u010di \u2013 Jelgava \u2013 Ozolnieki - Ozolaivas\",\"isPartOf\":{\"@id\":\"https:\/\/ozolaivas.lv\/#website\"},\"primaryImageOfPage\":{\"@id\":\"https:\/\/ozolaivas.lv\/en\/product\/four-rivers-viesulici-jelgava-ozolnieki\/#primaryimage\"},\"image\":{\"@id\":\"https:\/\/ozolaivas.lv\/en\/product\/four-rivers-viesulici-jelgava-ozolnieki\/#primaryimage\"},\"thumbnailUrl\":\"https:\/\/ozolaivas.lv\/wp-content\/uploads\/2023\/04\/IMG_4849-scaled.jpg\",\"datePublished\":\"2023-04-05T08:15:59+00:00\",\"dateModified\":\"2024-10-21T18:44:47+00:00\",\"description\":\"One journey - four different rivers around Jelgava: Vircava, Lielupe, Driksa and Iecava! A mid-trip break at the Pilssala observation tower.\",\"breadcrumb\":{\"@id\":\"https:\/\/ozolaivas.lv\/en\/product\/four-rivers-viesulici-jelgava-ozolnieki\/#breadcrumb\"},\"inLanguage\":\"en-US\",\"potentialAction\":[{\"@type\":\"ReadAction\",\"target\":[\"https:\/\/ozolaivas.lv\/en\/product\/four-rivers-viesulici-jelgava-ozolnieki\/\"]}]},{\"@type\":\"ImageObject\",\"inLanguage\":\"en-US\",\"@id\":\"https:\/\/ozolaivas.lv\/en\/product\/four-rivers-viesulici-jelgava-ozolnieki\/#primaryimage\",\"url\":\"https:\/\/ozolaivas.lv\/wp-content\/uploads\/2023\/04\/IMG_4849-scaled.jpg\",\"contentUrl\":\"https:\/\/ozolaivas.lv\/wp-content\/uploads\/2023\/04\/IMG_4849-scaled.jpg\",\"width\":2560,\"height\":1920},{\"@type\":\"BreadcrumbList\",\"@id\":\"https:\/\/ozolaivas.lv\/en\/product\/four-rivers-viesulici-jelgava-ozolnieki\/#breadcrumb\",\"itemListElement\":[{\"@type\":\"ListItem\",\"position\":1,\"name\":\"Home\",\"item\":\"https:\/\/ozolaivas.lv\/en\/home-landing-page\/\"},{\"@type\":\"ListItem\",\"position\":2,\"name\":\"Preces\",\"item\":\"https:\/\/ozolaivas.lv\/shop\/\"},{\"@type\":\"ListItem\",\"position\":3,\"name\":\"Four rivers: Viesul\u012b\u010di \u2013 Jelgava \u2013 Ozolnieki\"}]},{\"@type\":\"WebSite\",\"@id\":\"https:\/\/ozolaivas.lv\/#website\",\"url\":\"https:\/\/ozolaivas.lv\/\",\"name\":\"Ozolaivas\",\"description\":\"\",\"potentialAction\":[{\"@type\":\"SearchAction\",\"target\":{\"@type\":\"EntryPoint\",\"urlTemplate\":\"https:\/\/ozolaivas.lv\/?s={search_term_string}\"},\"query-input\":{\"@type\":\"PropertyValueSpecification\",\"valueRequired\":true,\"valueName\":\"search_term_string\"}}],\"inLanguage\":\"en-US\"}]}<\/script>\n<!-- \/ Yoast SEO plugin. -->","yoast_head_json":{"title":"Four rivers: Viesul\u012b\u010di \u2013 Jelgava \u2013 Ozolnieki - Ozolaivas","description":"One journey - four different rivers around Jelgava: Vircava, Lielupe, Driksa and Iecava! A mid-trip break at the Pilssala observation tower.","robots":{"index":"index","follow":"follow","max-snippet":"max-snippet:-1","max-image-preview":"max-image-preview:large","max-video-preview":"max-video-preview:-1"},"canonical":"https:\/\/ozolaivas.lv\/en\/product\/four-rivers-viesulici-jelgava-ozolnieki\/","og_locale":"en_US","og_type":"article","og_title":"Four rivers: Viesul\u012b\u010di \u2013 Jelgava \u2013 Ozolnieki - Ozolaivas","og_description":"One journey - four different rivers around Jelgava: Vircava, Lielupe, Driksa and Iecava! A mid-trip break at the Pilssala observation tower.","og_url":"https:\/\/ozolaivas.lv\/en\/product\/four-rivers-viesulici-jelgava-ozolnieki\/","og_site_name":"Ozolaivas","article_publisher":"https:\/\/www.facebook.com\/ozolaivas","article_modified_time":"2024-10-21T18:44:47+00:00","og_image":[{"width":2560,"height":1920,"url":"https:\/\/ozolaivas.lv\/wp-content\/uploads\/2023\/04\/IMG_4849-scaled.jpg","type":"image\/jpeg"}],"twitter_card":"summary_large_image","twitter_misc":{"Est. reading time":"2 minutes"},"schema":{"@context":"https:\/\/schema.org","@graph":[{"@type":"WebPage","@id":"https:\/\/ozolaivas.lv\/en\/product\/four-rivers-viesulici-jelgava-ozolnieki\/","url":"https:\/\/ozolaivas.lv\/en\/product\/four-rivers-viesulici-jelgava-ozolnieki\/","name":"Four rivers: Viesul\u012b\u010di \u2013 Jelgava \u2013 Ozolnieki - Ozolaivas","isPartOf":{"@id":"https:\/\/ozolaivas.lv\/#website"},"primaryImageOfPage":{"@id":"https:\/\/ozolaivas.lv\/en\/product\/four-rivers-viesulici-jelgava-ozolnieki\/#primaryimage"},"image":{"@id":"https:\/\/ozolaivas.lv\/en\/product\/four-rivers-viesulici-jelgava-ozolnieki\/#primaryimage"},"thumbnailUrl":"https:\/\/ozolaivas.lv\/wp-content\/uploads\/2023\/04\/IMG_4849-scaled.jpg","datePublished":"2023-04-05T08:15:59+00:00","dateModified":"2024-10-21T18:44:47+00:00","description":"One journey - four different rivers around Jelgava: Vircava, Lielupe, Driksa and Iecava! A mid-trip break at the Pilssala observation tower.","breadcrumb":{"@id":"https:\/\/ozolaivas.lv\/en\/product\/four-rivers-viesulici-jelgava-ozolnieki\/#breadcrumb"},"inLanguage":"en-US","potentialAction":[{"@type":"ReadAction","target":["https:\/\/ozolaivas.lv\/en\/product\/four-rivers-viesulici-jelgava-ozolnieki\/"]}]},{"@type":"ImageObject","inLanguage":"en-US","@id":"https:\/\/ozolaivas.lv\/en\/product\/four-rivers-viesulici-jelgava-ozolnieki\/#primaryimage","url":"https:\/\/ozolaivas.lv\/wp-content\/uploads\/2023\/04\/IMG_4849-scaled.jpg","contentUrl":"https:\/\/ozolaivas.lv\/wp-content\/uploads\/2023\/04\/IMG_4849-scaled.jpg","width":2560,"height":1920},{"@type":"BreadcrumbList","@id":"https:\/\/ozolaivas.lv\/en\/product\/four-rivers-viesulici-jelgava-ozolnieki\/#breadcrumb","itemListElement":[{"@type":"ListItem","position":1,"name":"Home","item":"https:\/\/ozolaivas.lv\/en\/home-landing-page\/"},{"@type":"ListItem","position":2,"name":"Preces","item":"https:\/\/ozolaivas.lv\/shop\/"},{"@type":"ListItem","position":3,"name":"Four rivers: Viesul\u012b\u010di \u2013 Jelgava \u2013 Ozolnieki"}]},{"@type":"WebSite","@id":"https:\/\/ozolaivas.lv\/#website","url":"https:\/\/ozolaivas.lv\/","name":"Ozolaivas","description":"","potentialAction":[{"@type":"SearchAction","target":{"@type":"EntryPoint","urlTemplate":"https:\/\/ozolaivas.lv\/?s={search_term_string}"},"query-input":{"@type":"PropertyValueSpecification","valueRequired":true,"valueName":"search_term_string"}}],"inLanguage":"en-US"}]}},"jetpack_sharing_enabled":true,"_links":{"self":[{"href":"https:\/\/ozolaivas.lv\/en\/wp-json\/wp\/v2\/product\/20373","targetHints":{"allow":["GET"]}}],"collection":[{"href":"https:\/\/ozolaivas.lv\/en\/wp-json\/wp\/v2\/product"}],"about":[{"href":"https:\/\/ozolaivas.lv\/en\/wp-json\/wp\/v2\/types\/product"}],"author":[{"embeddable":true,"href":"https:\/\/ozolaivas.lv\/en\/wp-json\/wp\/v2\/users\/2"}],"replies":[{"embeddable":true,"href":"https:\/\/ozolaivas.lv\/en\/wp-json\/wp\/v2\/comments?post=20373"}],"wp:featuredmedia":[{"embeddable":true,"href":"https:\/\/ozolaivas.lv\/en\/wp-json\/wp\/v2\/media\/16775"}],"wp:attachment":[{"href":"https:\/\/ozolaivas.lv\/en\/wp-json\/wp\/v2\/media?parent=20373"}],"wp:term":[{"taxonomy":"product_brand","embeddable":true,"href":"https:\/\/ozolaivas.lv\/en\/wp-json\/wp\/v2\/product_brand?post=20373"},{"taxonomy":"product_cat","embeddable":true,"href":"https:\/\/ozolaivas.lv\/en\/wp-json\/wp\/v2\/product_cat?post=20373"},{"taxonomy":"product_tag","embeddable":true,"href":"https:\/\/ozolaivas.lv\/en\/wp-json\/wp\/v2\/product_tag?post=20373"}],"curies":[{"name":"wp","href":"https:\/\/api.w.org\/{rel}","templated":true}]}}