{"id":20374,"date":"2023-04-05T08:04:09","date_gmt":"2023-04-05T08:04:09","guid":{"rendered":"https:\/\/ozolaivas.lv\/product\/apocalyptic-views-in-the-smarde-green-bog\/"},"modified":"2025-08-02T11:11:35","modified_gmt":"2025-08-02T11:11:35","slug":"apocalyptic-views-in-the-smarde-green-bog","status":"publish","type":"product","link":"https:\/\/ozolaivas.lv\/en\/product\/apocalyptic-views-in-the-smarde-green-bog\/","title":{"rendered":"Evening boat trip in Sm\u0101rde green bog"},"content":{"rendered":"<p class=\"\" data-start=\"74\" data-end=\"247\"><strong>Do you want to explore and experience a truly unique place? Join the boat trip in the Sm\u0101rde green bog \u2013 a place where nature and history intertwine, creating a unique landscape!<\/strong><\/p>\n<p class=\"\" data-start=\"249\" data-end=\"530\">\ud83d\udd0e <strong data-start=\"252\" data-end=\"276\">Green bog secrets<\/strong><br data-start=\"276\" data-end=\"279\">In the mid-20th century, peat extraction took place here, but beneath it, hydrogen sulfide mineral waters were discovered, which led to the cessation of extraction in 1960. When peat extraction ended, the water pumping was stopped, and picturesque reservoirs formed in place of the quarries.<\/p>\n<p class=\"\" data-start=\"532\" data-end=\"801\">\ud83d\udc26 <strong data-start=\"535\" data-end=\"563\">An unusual corner of nature. <\/strong><br data-start=\"563\" data-end=\"566\">Although peat extraction has been discontinued, the drainage systems still affect the swamp&#8217;s water regime. Cormorants, or sea crows, have made this place their home, building nests on the dead trees, giving the landscape a surreal atmosphere.<\/p>\n<p class=\"\" data-start=\"803\" data-end=\"1021\">\ud83c\udf0a <strong data-start=\"806\" data-end=\"837\">What to expect on this trip? <\/strong><br data-start=\"837\" data-end=\"840\">\u2714\ufe0f Emerald green water and the mysterious atmosphere of the swamp.<br data-start=\"892\" data-end=\"895\">\u2714\ufe0f Unique scenic views \u2013 dead trees, cormorant nests, and silence.<br data-start=\"966\" data-end=\"969\">\u2714\ufe0f A slightly apocalyptic, yet fascinating experience.<\/p>\n<p><span style=\"font-weight: 400;\">Trip length:<\/span> <b>3km<\/b><br \/>\n<span style=\"font-weight: 400;\">Trip duration: ~<\/span><b>2,5 hours<\/b><\/p>\n<p>Difficulty level: The route is easy, with no current, making it suitable for beginners and families with children.<\/p>\n<p><strong>Good to know!<\/strong><\/p>\n<ul>\n<li>After <em>registration, you will receive a confirmation email<\/em>, <strong>no later than the day before the trip<br \/> (by 12:00), you will receive detailed trip information.<\/strong> (Don\u2019t forget to check your spam folder!)<\/li>\n<li>A rest break is planned<\/li>\n<li>The trip may be canceled due to bad weather conditions or if fewer than 4 boats are registered.<\/li>\n<\/ul>\n<p><strong> <\/strong>Registration is recommended <strong>at least 48 hours before the trip.<\/strong> Why? So we can plan the total number of boats and the required equipment.<br \/> If you want to sign up at the last minute, it&#8217;s better to give us a call first!<\/p>\n<p><strong><br \/>\nIF I HAVE REGISTERED, BUT CANNOT ATTEND?<\/strong><\/p>\n<p><strong> <\/strong>If, due to various circumstances, you cannot make it to the trip:<\/p>\n<p>&#8211; you can <u>swap it for another trip<\/u> on one of the available dates (if there is space), as long as you notify us at least 48 hours before the scheduled trip;<\/p>\n<p>&#8211; if less than 48 hours remain before the trip or if you don&#8217;t show up, the opportunity to <u>reschedule to another date<\/u> will be lost!<\/p>\n<p><strong> <\/strong><em>The full cancellation and rescheduling terms are <a href=\"https:\/\/ozolaivas.lv\/en\/atteikuma-tiesibas\/\">HERE! <\/a><\/em><\/p>\n<p><strong><br \/>\nIF YOU HAVE ANY OF THE PARTNER GIFT CARDS (D\u0101vanu serviss, Lieliska d\u0101vana, D\u0101vanu sala):<\/strong><\/p>\n<p><strong> Register for the trip:<\/strong><br \/>\n1) choose your desired date and the boat size indicated on the gift card;<br \/>\n2) select the type of partner gift card and enter the gift card code;<br \/>\n3) add to the shopping cart;<br \/>\n4) fill in the necessary contact information and click \u201cPlace order\u201d.<\/p>\n<p>Before registering, make sure your <strong>gift card is valid!<\/strong><\/p>\n<p><strong>If, due to various circumstances, you cannot make it to the trip:<\/strong><\/p>\n<p>&#8211; you can <u>swap it for another<\/u> available date (if there is space on the trip) by notifying us at least 48 hours before the scheduled trip;<\/p>\n<p>&#8211; if less than 48 hours remain before the trip or if you do not show up, the gift voucher will be considered used, and <u>rescheduling will not be possible!<\/u><\/p>\n","protected":false},"excerpt":{"rendered":"<p>Do you want to explore and experience a truly unique place? Join the boat trip in the Sm\u0101rde green bog \u2013 a place where nature and history intertwine, creating a unique landscape! \ud83d\udd0e Green bog secretsIn the mid-20th century, peat extraction took place here, but beneath it, hydrogen sulfide mineral waters were discovered, which led to the cessation of extraction in 1960. When peat extraction ended, the water pumping was stopped, and picturesque reservoirs formed in place of the quarries. \ud83d\udc26 An unusual corner of nature. Although peat extraction has been discontinued, the drainage systems still affect the swamp&#8217;s water regime. Cormorants, or sea crows, have made this place their home, building nests on the dead trees, giving the landscape a surreal atmosphere. \ud83c\udf0a What to expect on this trip? \u2714\ufe0f Emerald green water and the mysterious atmosphere of the swamp.\u2714\ufe0f Unique scenic views \u2013 dead trees, cormorant nests, and silence.\u2714\ufe0f A slightly apocalyptic, yet fascinating experience. Trip length: 3km Trip duration: ~2,5 hours Difficulty level: The route is easy, with no current, making it suitable for beginners and families with children. Good to know! After registration, you will receive a confirmation email, no later than the day before the [&hellip;]<\/p>\n","protected":false},"author":2,"featured_media":16655,"comment_status":"closed","ping_status":"closed","template":"","meta":[],"product_brand":[],"product_cat":[176,150],"product_tag":[],"class_list":{"0":"post-20374","1":"product","2":"type-product","3":"status-publish","4":"has-post-thumbnail","6":"product_cat-smarde-bog","7":"product_cat-all-trips","8":"pif-has-gallery","10":"first","11":"instock","12":"taxable","13":"shipping-taxable","14":"purchasable","15":"product-type-variable"},"yoast_head":"<!-- This site is optimized with the Yoast SEO plugin v24.7 - https:\/\/yoast.com\/wordpress\/plugins\/seo\/ -->\n<title>Evening boat trip in Sm\u0101rde green bog - Ozolaivas<\/title>\n<meta name=\"description\" content=\"A boat trip through the apocalyptic green Smarde bog! Bizarre and unusual sights reminiscent of another planet. Cormorants and the emerald-green water are the highlights!\" \/>\n<meta name=\"robots\" content=\"index, follow, max-snippet:-1, max-image-preview:large, max-video-preview:-1\" \/>\n<link rel=\"canonical\" href=\"https:\/\/ozolaivas.lv\/en\/product\/apocalyptic-views-in-the-smarde-green-bog\/\" \/>\n<meta property=\"og:locale\" content=\"en_US\" \/>\n<meta property=\"og:type\" content=\"article\" \/>\n<meta property=\"og:title\" content=\"Evening boat trip in Sm\u0101rde green bog - Ozolaivas\" \/>\n<meta property=\"og:description\" content=\"A boat trip through the apocalyptic green Smarde bog! Bizarre and unusual sights reminiscent of another planet. Cormorants and the emerald-green water are the highlights!\" \/>\n<meta property=\"og:url\" content=\"https:\/\/ozolaivas.lv\/en\/product\/apocalyptic-views-in-the-smarde-green-bog\/\" \/>\n<meta property=\"og:site_name\" content=\"Ozolaivas\" \/>\n<meta property=\"article:publisher\" content=\"https:\/\/www.facebook.com\/ozolaivas\" \/>\n<meta property=\"article:modified_time\" content=\"2025-08-02T11:11:35+00:00\" \/>\n<meta property=\"og:image\" content=\"https:\/\/ozolaivas.lv\/wp-content\/uploads\/2023\/04\/IMG_3650-scaled.jpg\" \/>\n\t<meta property=\"og:image:width\" content=\"1920\" \/>\n\t<meta property=\"og:image:height\" content=\"2560\" \/>\n\t<meta property=\"og:image:type\" content=\"image\/jpeg\" \/>\n<meta name=\"twitter:card\" content=\"summary_large_image\" \/>\n<meta name=\"twitter:label1\" content=\"Est. reading time\" \/>\n\t<meta name=\"twitter:data1\" content=\"2 minutes\" \/>\n<script type=\"application\/ld+json\" class=\"yoast-schema-graph\">{\"@context\":\"https:\/\/schema.org\",\"@graph\":[{\"@type\":\"WebPage\",\"@id\":\"https:\/\/ozolaivas.lv\/en\/product\/apocalyptic-views-in-the-smarde-green-bog\/\",\"url\":\"https:\/\/ozolaivas.lv\/en\/product\/apocalyptic-views-in-the-smarde-green-bog\/\",\"name\":\"Evening boat trip in Sm\u0101rde green bog - Ozolaivas\",\"isPartOf\":{\"@id\":\"https:\/\/ozolaivas.lv\/#website\"},\"primaryImageOfPage\":{\"@id\":\"https:\/\/ozolaivas.lv\/en\/product\/apocalyptic-views-in-the-smarde-green-bog\/#primaryimage\"},\"image\":{\"@id\":\"https:\/\/ozolaivas.lv\/en\/product\/apocalyptic-views-in-the-smarde-green-bog\/#primaryimage\"},\"thumbnailUrl\":\"https:\/\/ozolaivas.lv\/wp-content\/uploads\/2023\/04\/IMG_3650-scaled.jpg\",\"datePublished\":\"2023-04-05T08:04:09+00:00\",\"dateModified\":\"2025-08-02T11:11:35+00:00\",\"description\":\"A boat trip through the apocalyptic green Smarde bog! Bizarre and unusual sights reminiscent of another planet. Cormorants and the emerald-green water are the highlights!\",\"breadcrumb\":{\"@id\":\"https:\/\/ozolaivas.lv\/en\/product\/apocalyptic-views-in-the-smarde-green-bog\/#breadcrumb\"},\"inLanguage\":\"en-US\",\"potentialAction\":[{\"@type\":\"ReadAction\",\"target\":[\"https:\/\/ozolaivas.lv\/en\/product\/apocalyptic-views-in-the-smarde-green-bog\/\"]}]},{\"@type\":\"ImageObject\",\"inLanguage\":\"en-US\",\"@id\":\"https:\/\/ozolaivas.lv\/en\/product\/apocalyptic-views-in-the-smarde-green-bog\/#primaryimage\",\"url\":\"https:\/\/ozolaivas.lv\/wp-content\/uploads\/2023\/04\/IMG_3650-scaled.jpg\",\"contentUrl\":\"https:\/\/ozolaivas.lv\/wp-content\/uploads\/2023\/04\/IMG_3650-scaled.jpg\",\"width\":1920,\"height\":2560},{\"@type\":\"BreadcrumbList\",\"@id\":\"https:\/\/ozolaivas.lv\/en\/product\/apocalyptic-views-in-the-smarde-green-bog\/#breadcrumb\",\"itemListElement\":[{\"@type\":\"ListItem\",\"position\":1,\"name\":\"Home\",\"item\":\"https:\/\/ozolaivas.lv\/en\/home-landing-page\/\"},{\"@type\":\"ListItem\",\"position\":2,\"name\":\"Preces\",\"item\":\"https:\/\/ozolaivas.lv\/shop\/\"},{\"@type\":\"ListItem\",\"position\":3,\"name\":\"Evening boat trip in Sm\u0101rde green bog\"}]},{\"@type\":\"WebSite\",\"@id\":\"https:\/\/ozolaivas.lv\/#website\",\"url\":\"https:\/\/ozolaivas.lv\/\",\"name\":\"Ozolaivas\",\"description\":\"\",\"potentialAction\":[{\"@type\":\"SearchAction\",\"target\":{\"@type\":\"EntryPoint\",\"urlTemplate\":\"https:\/\/ozolaivas.lv\/?s={search_term_string}\"},\"query-input\":{\"@type\":\"PropertyValueSpecification\",\"valueRequired\":true,\"valueName\":\"search_term_string\"}}],\"inLanguage\":\"en-US\"}]}<\/script>\n<!-- \/ Yoast SEO plugin. -->","yoast_head_json":{"title":"Evening boat trip in Sm\u0101rde green bog - Ozolaivas","description":"A boat trip through the apocalyptic green Smarde bog! Bizarre and unusual sights reminiscent of another planet. Cormorants and the emerald-green water are the highlights!","robots":{"index":"index","follow":"follow","max-snippet":"max-snippet:-1","max-image-preview":"max-image-preview:large","max-video-preview":"max-video-preview:-1"},"canonical":"https:\/\/ozolaivas.lv\/en\/product\/apocalyptic-views-in-the-smarde-green-bog\/","og_locale":"en_US","og_type":"article","og_title":"Evening boat trip in Sm\u0101rde green bog - Ozolaivas","og_description":"A boat trip through the apocalyptic green Smarde bog! Bizarre and unusual sights reminiscent of another planet. Cormorants and the emerald-green water are the highlights!","og_url":"https:\/\/ozolaivas.lv\/en\/product\/apocalyptic-views-in-the-smarde-green-bog\/","og_site_name":"Ozolaivas","article_publisher":"https:\/\/www.facebook.com\/ozolaivas","article_modified_time":"2025-08-02T11:11:35+00:00","og_image":[{"width":1920,"height":2560,"url":"https:\/\/ozolaivas.lv\/wp-content\/uploads\/2023\/04\/IMG_3650-scaled.jpg","type":"image\/jpeg"}],"twitter_card":"summary_large_image","twitter_misc":{"Est. reading time":"2 minutes"},"schema":{"@context":"https:\/\/schema.org","@graph":[{"@type":"WebPage","@id":"https:\/\/ozolaivas.lv\/en\/product\/apocalyptic-views-in-the-smarde-green-bog\/","url":"https:\/\/ozolaivas.lv\/en\/product\/apocalyptic-views-in-the-smarde-green-bog\/","name":"Evening boat trip in Sm\u0101rde green bog - Ozolaivas","isPartOf":{"@id":"https:\/\/ozolaivas.lv\/#website"},"primaryImageOfPage":{"@id":"https:\/\/ozolaivas.lv\/en\/product\/apocalyptic-views-in-the-smarde-green-bog\/#primaryimage"},"image":{"@id":"https:\/\/ozolaivas.lv\/en\/product\/apocalyptic-views-in-the-smarde-green-bog\/#primaryimage"},"thumbnailUrl":"https:\/\/ozolaivas.lv\/wp-content\/uploads\/2023\/04\/IMG_3650-scaled.jpg","datePublished":"2023-04-05T08:04:09+00:00","dateModified":"2025-08-02T11:11:35+00:00","description":"A boat trip through the apocalyptic green Smarde bog! Bizarre and unusual sights reminiscent of another planet. Cormorants and the emerald-green water are the highlights!","breadcrumb":{"@id":"https:\/\/ozolaivas.lv\/en\/product\/apocalyptic-views-in-the-smarde-green-bog\/#breadcrumb"},"inLanguage":"en-US","potentialAction":[{"@type":"ReadAction","target":["https:\/\/ozolaivas.lv\/en\/product\/apocalyptic-views-in-the-smarde-green-bog\/"]}]},{"@type":"ImageObject","inLanguage":"en-US","@id":"https:\/\/ozolaivas.lv\/en\/product\/apocalyptic-views-in-the-smarde-green-bog\/#primaryimage","url":"https:\/\/ozolaivas.lv\/wp-content\/uploads\/2023\/04\/IMG_3650-scaled.jpg","contentUrl":"https:\/\/ozolaivas.lv\/wp-content\/uploads\/2023\/04\/IMG_3650-scaled.jpg","width":1920,"height":2560},{"@type":"BreadcrumbList","@id":"https:\/\/ozolaivas.lv\/en\/product\/apocalyptic-views-in-the-smarde-green-bog\/#breadcrumb","itemListElement":[{"@type":"ListItem","position":1,"name":"Home","item":"https:\/\/ozolaivas.lv\/en\/home-landing-page\/"},{"@type":"ListItem","position":2,"name":"Preces","item":"https:\/\/ozolaivas.lv\/shop\/"},{"@type":"ListItem","position":3,"name":"Evening boat trip in Sm\u0101rde green bog"}]},{"@type":"WebSite","@id":"https:\/\/ozolaivas.lv\/#website","url":"https:\/\/ozolaivas.lv\/","name":"Ozolaivas","description":"","potentialAction":[{"@type":"SearchAction","target":{"@type":"EntryPoint","urlTemplate":"https:\/\/ozolaivas.lv\/?s={search_term_string}"},"query-input":{"@type":"PropertyValueSpecification","valueRequired":true,"valueName":"search_term_string"}}],"inLanguage":"en-US"}]}},"jetpack_sharing_enabled":true,"_links":{"self":[{"href":"https:\/\/ozolaivas.lv\/en\/wp-json\/wp\/v2\/product\/20374","targetHints":{"allow":["GET"]}}],"collection":[{"href":"https:\/\/ozolaivas.lv\/en\/wp-json\/wp\/v2\/product"}],"about":[{"href":"https:\/\/ozolaivas.lv\/en\/wp-json\/wp\/v2\/types\/product"}],"author":[{"embeddable":true,"href":"https:\/\/ozolaivas.lv\/en\/wp-json\/wp\/v2\/users\/2"}],"replies":[{"embeddable":true,"href":"https:\/\/ozolaivas.lv\/en\/wp-json\/wp\/v2\/comments?post=20374"}],"wp:featuredmedia":[{"embeddable":true,"href":"https:\/\/ozolaivas.lv\/en\/wp-json\/wp\/v2\/media\/16655"}],"wp:attachment":[{"href":"https:\/\/ozolaivas.lv\/en\/wp-json\/wp\/v2\/media?parent=20374"}],"wp:term":[{"taxonomy":"product_brand","embeddable":true,"href":"https:\/\/ozolaivas.lv\/en\/wp-json\/wp\/v2\/product_brand?post=20374"},{"taxonomy":"product_cat","embeddable":true,"href":"https:\/\/ozolaivas.lv\/en\/wp-json\/wp\/v2\/product_cat?post=20374"},{"taxonomy":"product_tag","embeddable":true,"href":"https:\/\/ozolaivas.lv\/en\/wp-json\/wp\/v2\/product_tag?post=20374"}],"curies":[{"name":"wp","href":"https:\/\/api.w.org\/{rel}","templated":true}]}}