{"id":20379,"date":"2023-04-05T07:52:28","date_gmt":"2023-04-05T07:52:28","guid":{"rendered":"https:\/\/ozolaivas.lv\/product\/lielupe-river-from-bauska-to-mezotne-with-a-rest-break-in-jumpravmuiza\/"},"modified":"2024-10-21T19:38:54","modified_gmt":"2024-10-21T19:38:54","slug":"lielupe-river-from-bauska-to-mezotne-with-a-rest-break-in-jumpravmuiza","status":"publish","type":"product","link":"https:\/\/ozolaivas.lv\/en\/product\/lielupe-river-from-bauska-to-mezotne-with-a-rest-break-in-jumpravmuiza\/","title":{"rendered":"Lielupe river from Bauska to Me\u017eotne, with a rest break in Jumpravmui\u017ea"},"content":{"rendered":"<p><span style=\"font-weight: 400;\">The most classic and scenic Lielupe river route &#8211; from Bauska to Me\u017eotne, with a rest break in Jumpravmui\u017ea park!<\/span><\/p>\n<p><span style=\"font-weight: 400;\">In spring, the serious Lielupe river also shows its swift nature, of course, it is not like the Amata river, but you can still enjoy rapids. In summer, the flow slows down, but this is considered the fastest part of Lielupe. <\/span><\/p>\n<p><span style=\"font-weight: 400;\">The trip will start in Bauska and will take you along the Bauska castle hill to the place where the M\u016bsa and M\u0113mele rivers meet into the Lielupe river. From Bauska to Me\u017eotne castle hill, Lielupe flows through a valley formed by dolomites, so along the way you can see from the boats an unusual landscape in Zemgale &#8211; dolomite cliffs. There will be a rest break in the Jumpravmui\u017ea park, and you can enjoy the view of the Lielupe river from above. Finish at Me\u017eotne castle.   <\/span><\/p>\n<p><span style=\"font-weight: 400;\">Trip length: <\/span><b>10km<\/b><br \/>\n<span style=\"font-weight: 400;\">Trip duration: <\/span><b>4h<\/b><\/p>\n<p><i><span style=\"font-weight: 400;\">The route is easy, with a gentle current, suitable for beginners and families with children. <\/span><\/i><br \/>\n<i><span style=\"font-weight: 400;\">The route is navigable throughout the whole season. The route can be extended or shortened as desired.<\/span><\/i><\/p>\n<p>The day before the trip, by 12:00, you will receive an informative email from Ozolaivas!<\/p>\n","protected":false},"excerpt":{"rendered":"<p>The most classic and scenic Lielupe river route &#8211; from Bauska to Me\u017eotne, with a rest break in Jumpravmui\u017ea park! In spring, the serious Lielupe river also shows its swift nature, of course, it is not like the Amata river, but you can still enjoy rapids. In summer, the flow slows down, but this is considered the fastest part of Lielupe. The trip will start in Bauska and will take you along the Bauska castle hill to the place where the M\u016bsa and M\u0113mele rivers meet into the Lielupe river. From Bauska to Me\u017eotne castle hill, Lielupe flows through a valley formed by dolomites, so along the way you can see from the boats an unusual landscape in Zemgale &#8211; dolomite cliffs. There will be a rest break in the Jumpravmui\u017ea park, and you can enjoy the view of the Lielupe river from above. Finish at Me\u017eotne castle. Trip length: 10km Trip duration: 4h The route is easy, with a gentle current, suitable for beginners and families with children. The route is navigable throughout the whole season. The route can be extended or shortened as desired. The day before the trip, by 12:00, you will receive an informative email from [&hellip;]<\/p>\n","protected":false},"author":2,"featured_media":16607,"comment_status":"closed","ping_status":"closed","template":"","meta":[],"product_brand":[],"product_cat":[146,150],"product_tag":[],"class_list":{"0":"post-20379","1":"product","2":"type-product","3":"status-publish","4":"has-post-thumbnail","6":"product_cat-lielupe-en","7":"product_cat-all-trips","8":"pif-has-gallery","10":"first","11":"outofstock","12":"virtual","13":"taxable","14":"product-type-simple"},"yoast_head":"<!-- This site is optimized with the Yoast SEO plugin v24.7 - https:\/\/yoast.com\/wordpress\/plugins\/seo\/ -->\n<title>Lielupe river from Bauska to Me\u017eotne, with a rest break in Jumpravmui\u017ea - Ozolaivas<\/title>\n<meta name=\"description\" content=\"The most classic and scenic canoeing route along the Lielupe \u2013 from Bauska to Me\u017eotne, with a break at Jumpravmui\u017ea park!\" \/>\n<meta name=\"robots\" content=\"index, follow, max-snippet:-1, max-image-preview:large, max-video-preview:-1\" \/>\n<link rel=\"canonical\" href=\"https:\/\/ozolaivas.lv\/en\/product\/lielupe-river-from-bauska-to-mezotne-with-a-rest-break-in-jumpravmuiza\/\" \/>\n<meta property=\"og:locale\" content=\"en_US\" \/>\n<meta property=\"og:type\" content=\"article\" \/>\n<meta property=\"og:title\" content=\"Lielupe river from Bauska to Me\u017eotne, with a rest break in Jumpravmui\u017ea - Ozolaivas\" \/>\n<meta property=\"og:description\" content=\"The most classic and scenic canoeing route along the Lielupe \u2013 from Bauska to Me\u017eotne, with a break at Jumpravmui\u017ea park!\" \/>\n<meta property=\"og:url\" content=\"https:\/\/ozolaivas.lv\/en\/product\/lielupe-river-from-bauska-to-mezotne-with-a-rest-break-in-jumpravmuiza\/\" \/>\n<meta property=\"og:site_name\" content=\"Ozolaivas\" \/>\n<meta property=\"article:publisher\" content=\"https:\/\/www.facebook.com\/ozolaivas\" \/>\n<meta property=\"article:modified_time\" content=\"2024-10-21T19:38:54+00:00\" \/>\n<meta property=\"og:image\" content=\"https:\/\/ozolaivas.lv\/wp-content\/uploads\/2023\/04\/Faila-35827375163_74688db77c_o.jpg-kopija-scaled.jpg\" \/>\n\t<meta property=\"og:image:width\" content=\"2560\" \/>\n\t<meta property=\"og:image:height\" content=\"1708\" \/>\n\t<meta property=\"og:image:type\" content=\"image\/jpeg\" \/>\n<meta name=\"twitter:card\" content=\"summary_large_image\" \/>\n<meta name=\"twitter:label1\" content=\"Est. reading time\" \/>\n\t<meta name=\"twitter:data1\" content=\"1 minute\" \/>\n<script type=\"application\/ld+json\" class=\"yoast-schema-graph\">{\"@context\":\"https:\/\/schema.org\",\"@graph\":[{\"@type\":\"WebPage\",\"@id\":\"https:\/\/ozolaivas.lv\/en\/product\/lielupe-river-from-bauska-to-mezotne-with-a-rest-break-in-jumpravmuiza\/\",\"url\":\"https:\/\/ozolaivas.lv\/en\/product\/lielupe-river-from-bauska-to-mezotne-with-a-rest-break-in-jumpravmuiza\/\",\"name\":\"Lielupe river from Bauska to Me\u017eotne, with a rest break in Jumpravmui\u017ea - Ozolaivas\",\"isPartOf\":{\"@id\":\"https:\/\/ozolaivas.lv\/#website\"},\"primaryImageOfPage\":{\"@id\":\"https:\/\/ozolaivas.lv\/en\/product\/lielupe-river-from-bauska-to-mezotne-with-a-rest-break-in-jumpravmuiza\/#primaryimage\"},\"image\":{\"@id\":\"https:\/\/ozolaivas.lv\/en\/product\/lielupe-river-from-bauska-to-mezotne-with-a-rest-break-in-jumpravmuiza\/#primaryimage\"},\"thumbnailUrl\":\"https:\/\/ozolaivas.lv\/wp-content\/uploads\/2023\/04\/Faila-35827375163_74688db77c_o.jpg-kopija-scaled.jpg\",\"datePublished\":\"2023-04-05T07:52:28+00:00\",\"dateModified\":\"2024-10-21T19:38:54+00:00\",\"description\":\"The most classic and scenic canoeing route along the Lielupe \u2013 from Bauska to Me\u017eotne, with a break at Jumpravmui\u017ea park!\",\"breadcrumb\":{\"@id\":\"https:\/\/ozolaivas.lv\/en\/product\/lielupe-river-from-bauska-to-mezotne-with-a-rest-break-in-jumpravmuiza\/#breadcrumb\"},\"inLanguage\":\"en-US\",\"potentialAction\":[{\"@type\":\"ReadAction\",\"target\":[\"https:\/\/ozolaivas.lv\/en\/product\/lielupe-river-from-bauska-to-mezotne-with-a-rest-break-in-jumpravmuiza\/\"]}]},{\"@type\":\"ImageObject\",\"inLanguage\":\"en-US\",\"@id\":\"https:\/\/ozolaivas.lv\/en\/product\/lielupe-river-from-bauska-to-mezotne-with-a-rest-break-in-jumpravmuiza\/#primaryimage\",\"url\":\"https:\/\/ozolaivas.lv\/wp-content\/uploads\/2023\/04\/Faila-35827375163_74688db77c_o.jpg-kopija-scaled.jpg\",\"contentUrl\":\"https:\/\/ozolaivas.lv\/wp-content\/uploads\/2023\/04\/Faila-35827375163_74688db77c_o.jpg-kopija-scaled.jpg\",\"width\":2560,\"height\":1708},{\"@type\":\"BreadcrumbList\",\"@id\":\"https:\/\/ozolaivas.lv\/en\/product\/lielupe-river-from-bauska-to-mezotne-with-a-rest-break-in-jumpravmuiza\/#breadcrumb\",\"itemListElement\":[{\"@type\":\"ListItem\",\"position\":1,\"name\":\"Home\",\"item\":\"https:\/\/ozolaivas.lv\/en\/home-landing-page\/\"},{\"@type\":\"ListItem\",\"position\":2,\"name\":\"Preces\",\"item\":\"https:\/\/ozolaivas.lv\/shop\/\"},{\"@type\":\"ListItem\",\"position\":3,\"name\":\"Lielupe river from Bauska to Me\u017eotne, with a rest break in Jumpravmui\u017ea\"}]},{\"@type\":\"WebSite\",\"@id\":\"https:\/\/ozolaivas.lv\/#website\",\"url\":\"https:\/\/ozolaivas.lv\/\",\"name\":\"Ozolaivas\",\"description\":\"\",\"potentialAction\":[{\"@type\":\"SearchAction\",\"target\":{\"@type\":\"EntryPoint\",\"urlTemplate\":\"https:\/\/ozolaivas.lv\/?s={search_term_string}\"},\"query-input\":{\"@type\":\"PropertyValueSpecification\",\"valueRequired\":true,\"valueName\":\"search_term_string\"}}],\"inLanguage\":\"en-US\"}]}<\/script>\n<!-- \/ Yoast SEO plugin. -->","yoast_head_json":{"title":"Lielupe river from Bauska to Me\u017eotne, with a rest break in Jumpravmui\u017ea - Ozolaivas","description":"The most classic and scenic canoeing route along the Lielupe \u2013 from Bauska to Me\u017eotne, with a break at Jumpravmui\u017ea park!","robots":{"index":"index","follow":"follow","max-snippet":"max-snippet:-1","max-image-preview":"max-image-preview:large","max-video-preview":"max-video-preview:-1"},"canonical":"https:\/\/ozolaivas.lv\/en\/product\/lielupe-river-from-bauska-to-mezotne-with-a-rest-break-in-jumpravmuiza\/","og_locale":"en_US","og_type":"article","og_title":"Lielupe river from Bauska to Me\u017eotne, with a rest break in Jumpravmui\u017ea - Ozolaivas","og_description":"The most classic and scenic canoeing route along the Lielupe \u2013 from Bauska to Me\u017eotne, with a break at Jumpravmui\u017ea park!","og_url":"https:\/\/ozolaivas.lv\/en\/product\/lielupe-river-from-bauska-to-mezotne-with-a-rest-break-in-jumpravmuiza\/","og_site_name":"Ozolaivas","article_publisher":"https:\/\/www.facebook.com\/ozolaivas","article_modified_time":"2024-10-21T19:38:54+00:00","og_image":[{"width":2560,"height":1708,"url":"https:\/\/ozolaivas.lv\/wp-content\/uploads\/2023\/04\/Faila-35827375163_74688db77c_o.jpg-kopija-scaled.jpg","type":"image\/jpeg"}],"twitter_card":"summary_large_image","twitter_misc":{"Est. reading time":"1 minute"},"schema":{"@context":"https:\/\/schema.org","@graph":[{"@type":"WebPage","@id":"https:\/\/ozolaivas.lv\/en\/product\/lielupe-river-from-bauska-to-mezotne-with-a-rest-break-in-jumpravmuiza\/","url":"https:\/\/ozolaivas.lv\/en\/product\/lielupe-river-from-bauska-to-mezotne-with-a-rest-break-in-jumpravmuiza\/","name":"Lielupe river from Bauska to Me\u017eotne, with a rest break in Jumpravmui\u017ea - Ozolaivas","isPartOf":{"@id":"https:\/\/ozolaivas.lv\/#website"},"primaryImageOfPage":{"@id":"https:\/\/ozolaivas.lv\/en\/product\/lielupe-river-from-bauska-to-mezotne-with-a-rest-break-in-jumpravmuiza\/#primaryimage"},"image":{"@id":"https:\/\/ozolaivas.lv\/en\/product\/lielupe-river-from-bauska-to-mezotne-with-a-rest-break-in-jumpravmuiza\/#primaryimage"},"thumbnailUrl":"https:\/\/ozolaivas.lv\/wp-content\/uploads\/2023\/04\/Faila-35827375163_74688db77c_o.jpg-kopija-scaled.jpg","datePublished":"2023-04-05T07:52:28+00:00","dateModified":"2024-10-21T19:38:54+00:00","description":"The most classic and scenic canoeing route along the Lielupe \u2013 from Bauska to Me\u017eotne, with a break at Jumpravmui\u017ea park!","breadcrumb":{"@id":"https:\/\/ozolaivas.lv\/en\/product\/lielupe-river-from-bauska-to-mezotne-with-a-rest-break-in-jumpravmuiza\/#breadcrumb"},"inLanguage":"en-US","potentialAction":[{"@type":"ReadAction","target":["https:\/\/ozolaivas.lv\/en\/product\/lielupe-river-from-bauska-to-mezotne-with-a-rest-break-in-jumpravmuiza\/"]}]},{"@type":"ImageObject","inLanguage":"en-US","@id":"https:\/\/ozolaivas.lv\/en\/product\/lielupe-river-from-bauska-to-mezotne-with-a-rest-break-in-jumpravmuiza\/#primaryimage","url":"https:\/\/ozolaivas.lv\/wp-content\/uploads\/2023\/04\/Faila-35827375163_74688db77c_o.jpg-kopija-scaled.jpg","contentUrl":"https:\/\/ozolaivas.lv\/wp-content\/uploads\/2023\/04\/Faila-35827375163_74688db77c_o.jpg-kopija-scaled.jpg","width":2560,"height":1708},{"@type":"BreadcrumbList","@id":"https:\/\/ozolaivas.lv\/en\/product\/lielupe-river-from-bauska-to-mezotne-with-a-rest-break-in-jumpravmuiza\/#breadcrumb","itemListElement":[{"@type":"ListItem","position":1,"name":"Home","item":"https:\/\/ozolaivas.lv\/en\/home-landing-page\/"},{"@type":"ListItem","position":2,"name":"Preces","item":"https:\/\/ozolaivas.lv\/shop\/"},{"@type":"ListItem","position":3,"name":"Lielupe river from Bauska to Me\u017eotne, with a rest break in Jumpravmui\u017ea"}]},{"@type":"WebSite","@id":"https:\/\/ozolaivas.lv\/#website","url":"https:\/\/ozolaivas.lv\/","name":"Ozolaivas","description":"","potentialAction":[{"@type":"SearchAction","target":{"@type":"EntryPoint","urlTemplate":"https:\/\/ozolaivas.lv\/?s={search_term_string}"},"query-input":{"@type":"PropertyValueSpecification","valueRequired":true,"valueName":"search_term_string"}}],"inLanguage":"en-US"}]}},"jetpack_sharing_enabled":true,"_links":{"self":[{"href":"https:\/\/ozolaivas.lv\/en\/wp-json\/wp\/v2\/product\/20379","targetHints":{"allow":["GET"]}}],"collection":[{"href":"https:\/\/ozolaivas.lv\/en\/wp-json\/wp\/v2\/product"}],"about":[{"href":"https:\/\/ozolaivas.lv\/en\/wp-json\/wp\/v2\/types\/product"}],"author":[{"embeddable":true,"href":"https:\/\/ozolaivas.lv\/en\/wp-json\/wp\/v2\/users\/2"}],"replies":[{"embeddable":true,"href":"https:\/\/ozolaivas.lv\/en\/wp-json\/wp\/v2\/comments?post=20379"}],"wp:featuredmedia":[{"embeddable":true,"href":"https:\/\/ozolaivas.lv\/en\/wp-json\/wp\/v2\/media\/16607"}],"wp:attachment":[{"href":"https:\/\/ozolaivas.lv\/en\/wp-json\/wp\/v2\/media?parent=20379"}],"wp:term":[{"taxonomy":"product_brand","embeddable":true,"href":"https:\/\/ozolaivas.lv\/en\/wp-json\/wp\/v2\/product_brand?post=20379"},{"taxonomy":"product_cat","embeddable":true,"href":"https:\/\/ozolaivas.lv\/en\/wp-json\/wp\/v2\/product_cat?post=20379"},{"taxonomy":"product_tag","embeddable":true,"href":"https:\/\/ozolaivas.lv\/en\/wp-json\/wp\/v2\/product_tag?post=20379"}],"curies":[{"name":"wp","href":"https:\/\/api.w.org\/{rel}","templated":true}]}}