{"id":20380,"date":"2023-04-05T07:49:14","date_gmt":"2023-04-05T07:49:14","guid":{"rendered":"https:\/\/ozolaivas.lv\/product\/misa-from-ezitis-to-dalbe\/"},"modified":"2024-10-21T19:43:20","modified_gmt":"2024-10-21T19:43:20","slug":"misa-from-ezitis-to-dalbe","status":"publish","type":"product","link":"https:\/\/ozolaivas.lv\/en\/product\/misa-from-ezitis-to-dalbe\/","title":{"rendered":"Misa from Ez\u012btis to Dalbe"},"content":{"rendered":"<p><span style=\"font-weight: 400;\">The stretch of the Misa from Ez\u012b\u0161a has a slow but noticeable current and steep sandy banks, in summer, green plants grow both on the shore and in the water, creating the Olaine &#8220;jungle\u201d. <\/span><\/p>\n<p><span style=\"font-weight: 400;\">A bridge crosses the river about a kilometer from the start, then there is a ~4 km stretch to P\u0113ternieki. In this section, the river is not only wider, but also more curvy. Then Misa flows through the residential area of P\u0113ternieki up to the V28 motorway bridge. P\u0113ternieki is built around the former centre of P\u0113termui\u017ea and the P\u0113ternieki parish council.    <\/span><\/p>\n<p><span style=\"font-weight: 400;\">After P\u0113ternieki, Misa becomes narrower again and the riverbanks are mostly meadows and bushes. Approaching Dalbe, under the railway bridge is the Misa rapids, which are navigable at higher water levels, but in drier weather can be bypassed along the shore. A few bends beyond the rapids, on the left side of the river, in a meadow, is the finishing point.   <\/span><\/p>\n<p><span style=\"font-weight: 400;\">Misa is an opportunity to enjoy the beauty of nature, the sound of birds and streams, lazily gliding along the calm waters of the Misa. The Misa is like a hidden jewel in the heart of Zemgale.<\/span><\/p>\n<p><span style=\"font-weight: 400;\">Trip length: <\/span><b>12km<\/b><br \/>\n<span style=\"font-weight: 400;\">Trip duration: <\/span><b>3\u20134h<\/b><\/p>\n<p>INFORMATION:<br \/>\n1) The route is easy, with very little current, suitable for beginners and families with children.<br \/>\n2) The day before the trip, by 12:00, you will receive an informative email from Ozolaivas!<br \/>\n3) The trip may be canceled due to bad weather conditions or if there are fewer than 4 boats registered!<br \/>\n4) A rest break is planned, snacks and water are not included.<br \/>\n5) We provide transportation for drivers from the finish to the starting point.<\/p>\n<p>Starting point: bridge over Misa in Ez\u012btis (<a href=\"https:\/\/goo.gl\/maps\/gfEit8cM4yqtLoER7\" target=\"_blank\" rel=\"noopener noreferrer\">Coordinates of the starting point<\/a>)<br \/>\nFinishing place: the Dalbe railway bridge (<a href=\"https:\/\/goo.gl\/maps\/JwXQ78cUNe69UX9h7\" target=\"_blank\" rel=\"noopener noreferrer\">Coordinates of the finishing place<\/a>)<\/p>\n<p>Weather forecast in Olaine <a href=\"https:\/\/www.yr.no\/en\/forecast\/daily-table\/2-457052\/Latvia\/Olaine\/Olaine\/Olaine\">HERE!<\/a><\/p>\n","protected":false},"excerpt":{"rendered":"<p>The stretch of the Misa from Ez\u012b\u0161a has a slow but noticeable current and steep sandy banks, in summer, green plants grow both on the shore and in the water, creating the Olaine &#8220;jungle\u201d. A bridge crosses the river about a kilometer from the start, then there is a ~4 km stretch to P\u0113ternieki. In this section, the river is not only wider, but also more curvy. Then Misa flows through the residential area of P\u0113ternieki up to the V28 motorway bridge. P\u0113ternieki is built around the former centre of P\u0113termui\u017ea and the P\u0113ternieki parish council. After P\u0113ternieki, Misa becomes narrower again and the riverbanks are mostly meadows and bushes. Approaching Dalbe, under the railway bridge is the Misa rapids, which are navigable at higher water levels, but in drier weather can be bypassed along the shore. A few bends beyond the rapids, on the left side of the river, in a meadow, is the finishing point. Misa is an opportunity to enjoy the beauty of nature, the sound of birds and streams, lazily gliding along the calm waters of the Misa. The Misa is like a hidden jewel in the heart of Zemgale. Trip length: 12km Trip duration: 3\u20134h [&hellip;]<\/p>\n","protected":false},"author":2,"featured_media":16510,"comment_status":"closed","ping_status":"closed","template":"","meta":[],"product_brand":[],"product_cat":[149,150],"product_tag":[],"class_list":{"0":"post-20380","1":"product","2":"type-product","3":"status-publish","4":"has-post-thumbnail","6":"product_cat-misa-en","7":"product_cat-all-trips","8":"pif-has-gallery","10":"first","11":"outofstock","12":"taxable","13":"shipping-taxable","14":"product-type-variable"},"yoast_head":"<!-- This site is optimized with the Yoast SEO plugin v24.7 - https:\/\/yoast.com\/wordpress\/plugins\/seo\/ -->\n<title>Misa from Ez\u012btis to Dalbe - Ozolaivas<\/title>\n<meta name=\"description\" content=\"Canoe trip on the Misa River from Ez\u012b\u0161i near Olaine to Dalbe. The riverbanks alternate between wooded sections and clearings, with &quot;jungle&quot; of Olaine - P\u0113ternieki.\" \/>\n<meta name=\"robots\" content=\"index, follow, max-snippet:-1, max-image-preview:large, max-video-preview:-1\" \/>\n<link rel=\"canonical\" href=\"https:\/\/ozolaivas.lv\/en\/product\/misa-from-ezitis-to-dalbe\/\" \/>\n<meta property=\"og:locale\" content=\"en_US\" \/>\n<meta property=\"og:type\" content=\"article\" \/>\n<meta property=\"og:title\" content=\"Misa from Ez\u012btis to Dalbe - Ozolaivas\" \/>\n<meta property=\"og:description\" content=\"Canoe trip on the Misa River from Ez\u012b\u0161i near Olaine to Dalbe. The riverbanks alternate between wooded sections and clearings, with &quot;jungle&quot; of Olaine - P\u0113ternieki.\" \/>\n<meta property=\"og:url\" content=\"https:\/\/ozolaivas.lv\/en\/product\/misa-from-ezitis-to-dalbe\/\" \/>\n<meta property=\"og:site_name\" content=\"Ozolaivas\" \/>\n<meta property=\"article:publisher\" content=\"https:\/\/www.facebook.com\/ozolaivas\" \/>\n<meta property=\"article:modified_time\" content=\"2024-10-21T19:43:20+00:00\" \/>\n<meta property=\"og:image\" content=\"https:\/\/ozolaivas.lv\/wp-content\/uploads\/2023\/04\/41945427370_fe4e251afd_o-scaled.jpg\" \/>\n\t<meta property=\"og:image:width\" content=\"2560\" \/>\n\t<meta property=\"og:image:height\" content=\"1709\" \/>\n\t<meta property=\"og:image:type\" content=\"image\/jpeg\" \/>\n<meta name=\"twitter:card\" content=\"summary_large_image\" \/>\n<meta name=\"twitter:label1\" content=\"Est. reading time\" \/>\n\t<meta name=\"twitter:data1\" content=\"2 minutes\" \/>\n<script type=\"application\/ld+json\" class=\"yoast-schema-graph\">{\"@context\":\"https:\/\/schema.org\",\"@graph\":[{\"@type\":\"WebPage\",\"@id\":\"https:\/\/ozolaivas.lv\/en\/product\/misa-from-ezitis-to-dalbe\/\",\"url\":\"https:\/\/ozolaivas.lv\/en\/product\/misa-from-ezitis-to-dalbe\/\",\"name\":\"Misa from Ez\u012btis to Dalbe - Ozolaivas\",\"isPartOf\":{\"@id\":\"https:\/\/ozolaivas.lv\/#website\"},\"primaryImageOfPage\":{\"@id\":\"https:\/\/ozolaivas.lv\/en\/product\/misa-from-ezitis-to-dalbe\/#primaryimage\"},\"image\":{\"@id\":\"https:\/\/ozolaivas.lv\/en\/product\/misa-from-ezitis-to-dalbe\/#primaryimage\"},\"thumbnailUrl\":\"https:\/\/ozolaivas.lv\/wp-content\/uploads\/2023\/04\/41945427370_fe4e251afd_o-scaled.jpg\",\"datePublished\":\"2023-04-05T07:49:14+00:00\",\"dateModified\":\"2024-10-21T19:43:20+00:00\",\"description\":\"Canoe trip on the Misa River from Ez\u012b\u0161i near Olaine to Dalbe. The riverbanks alternate between wooded sections and clearings, with \\\"jungle\\\" of Olaine - P\u0113ternieki.\",\"breadcrumb\":{\"@id\":\"https:\/\/ozolaivas.lv\/en\/product\/misa-from-ezitis-to-dalbe\/#breadcrumb\"},\"inLanguage\":\"en-US\",\"potentialAction\":[{\"@type\":\"ReadAction\",\"target\":[\"https:\/\/ozolaivas.lv\/en\/product\/misa-from-ezitis-to-dalbe\/\"]}]},{\"@type\":\"ImageObject\",\"inLanguage\":\"en-US\",\"@id\":\"https:\/\/ozolaivas.lv\/en\/product\/misa-from-ezitis-to-dalbe\/#primaryimage\",\"url\":\"https:\/\/ozolaivas.lv\/wp-content\/uploads\/2023\/04\/41945427370_fe4e251afd_o-scaled.jpg\",\"contentUrl\":\"https:\/\/ozolaivas.lv\/wp-content\/uploads\/2023\/04\/41945427370_fe4e251afd_o-scaled.jpg\",\"width\":2560,\"height\":1709},{\"@type\":\"BreadcrumbList\",\"@id\":\"https:\/\/ozolaivas.lv\/en\/product\/misa-from-ezitis-to-dalbe\/#breadcrumb\",\"itemListElement\":[{\"@type\":\"ListItem\",\"position\":1,\"name\":\"Home\",\"item\":\"https:\/\/ozolaivas.lv\/en\/home-landing-page\/\"},{\"@type\":\"ListItem\",\"position\":2,\"name\":\"Preces\",\"item\":\"https:\/\/ozolaivas.lv\/shop\/\"},{\"@type\":\"ListItem\",\"position\":3,\"name\":\"Misa from Ez\u012btis to Dalbe\"}]},{\"@type\":\"WebSite\",\"@id\":\"https:\/\/ozolaivas.lv\/#website\",\"url\":\"https:\/\/ozolaivas.lv\/\",\"name\":\"Ozolaivas\",\"description\":\"\",\"potentialAction\":[{\"@type\":\"SearchAction\",\"target\":{\"@type\":\"EntryPoint\",\"urlTemplate\":\"https:\/\/ozolaivas.lv\/?s={search_term_string}\"},\"query-input\":{\"@type\":\"PropertyValueSpecification\",\"valueRequired\":true,\"valueName\":\"search_term_string\"}}],\"inLanguage\":\"en-US\"}]}<\/script>\n<!-- \/ Yoast SEO plugin. -->","yoast_head_json":{"title":"Misa from Ez\u012btis to Dalbe - Ozolaivas","description":"Canoe trip on the Misa River from Ez\u012b\u0161i near Olaine to Dalbe. The riverbanks alternate between wooded sections and clearings, with \"jungle\" of Olaine - P\u0113ternieki.","robots":{"index":"index","follow":"follow","max-snippet":"max-snippet:-1","max-image-preview":"max-image-preview:large","max-video-preview":"max-video-preview:-1"},"canonical":"https:\/\/ozolaivas.lv\/en\/product\/misa-from-ezitis-to-dalbe\/","og_locale":"en_US","og_type":"article","og_title":"Misa from Ez\u012btis to Dalbe - Ozolaivas","og_description":"Canoe trip on the Misa River from Ez\u012b\u0161i near Olaine to Dalbe. The riverbanks alternate between wooded sections and clearings, with \"jungle\" of Olaine - P\u0113ternieki.","og_url":"https:\/\/ozolaivas.lv\/en\/product\/misa-from-ezitis-to-dalbe\/","og_site_name":"Ozolaivas","article_publisher":"https:\/\/www.facebook.com\/ozolaivas","article_modified_time":"2024-10-21T19:43:20+00:00","og_image":[{"width":2560,"height":1709,"url":"https:\/\/ozolaivas.lv\/wp-content\/uploads\/2023\/04\/41945427370_fe4e251afd_o-scaled.jpg","type":"image\/jpeg"}],"twitter_card":"summary_large_image","twitter_misc":{"Est. reading time":"2 minutes"},"schema":{"@context":"https:\/\/schema.org","@graph":[{"@type":"WebPage","@id":"https:\/\/ozolaivas.lv\/en\/product\/misa-from-ezitis-to-dalbe\/","url":"https:\/\/ozolaivas.lv\/en\/product\/misa-from-ezitis-to-dalbe\/","name":"Misa from Ez\u012btis to Dalbe - Ozolaivas","isPartOf":{"@id":"https:\/\/ozolaivas.lv\/#website"},"primaryImageOfPage":{"@id":"https:\/\/ozolaivas.lv\/en\/product\/misa-from-ezitis-to-dalbe\/#primaryimage"},"image":{"@id":"https:\/\/ozolaivas.lv\/en\/product\/misa-from-ezitis-to-dalbe\/#primaryimage"},"thumbnailUrl":"https:\/\/ozolaivas.lv\/wp-content\/uploads\/2023\/04\/41945427370_fe4e251afd_o-scaled.jpg","datePublished":"2023-04-05T07:49:14+00:00","dateModified":"2024-10-21T19:43:20+00:00","description":"Canoe trip on the Misa River from Ez\u012b\u0161i near Olaine to Dalbe. The riverbanks alternate between wooded sections and clearings, with \"jungle\" of Olaine - P\u0113ternieki.","breadcrumb":{"@id":"https:\/\/ozolaivas.lv\/en\/product\/misa-from-ezitis-to-dalbe\/#breadcrumb"},"inLanguage":"en-US","potentialAction":[{"@type":"ReadAction","target":["https:\/\/ozolaivas.lv\/en\/product\/misa-from-ezitis-to-dalbe\/"]}]},{"@type":"ImageObject","inLanguage":"en-US","@id":"https:\/\/ozolaivas.lv\/en\/product\/misa-from-ezitis-to-dalbe\/#primaryimage","url":"https:\/\/ozolaivas.lv\/wp-content\/uploads\/2023\/04\/41945427370_fe4e251afd_o-scaled.jpg","contentUrl":"https:\/\/ozolaivas.lv\/wp-content\/uploads\/2023\/04\/41945427370_fe4e251afd_o-scaled.jpg","width":2560,"height":1709},{"@type":"BreadcrumbList","@id":"https:\/\/ozolaivas.lv\/en\/product\/misa-from-ezitis-to-dalbe\/#breadcrumb","itemListElement":[{"@type":"ListItem","position":1,"name":"Home","item":"https:\/\/ozolaivas.lv\/en\/home-landing-page\/"},{"@type":"ListItem","position":2,"name":"Preces","item":"https:\/\/ozolaivas.lv\/shop\/"},{"@type":"ListItem","position":3,"name":"Misa from Ez\u012btis to Dalbe"}]},{"@type":"WebSite","@id":"https:\/\/ozolaivas.lv\/#website","url":"https:\/\/ozolaivas.lv\/","name":"Ozolaivas","description":"","potentialAction":[{"@type":"SearchAction","target":{"@type":"EntryPoint","urlTemplate":"https:\/\/ozolaivas.lv\/?s={search_term_string}"},"query-input":{"@type":"PropertyValueSpecification","valueRequired":true,"valueName":"search_term_string"}}],"inLanguage":"en-US"}]}},"jetpack_sharing_enabled":true,"_links":{"self":[{"href":"https:\/\/ozolaivas.lv\/en\/wp-json\/wp\/v2\/product\/20380","targetHints":{"allow":["GET"]}}],"collection":[{"href":"https:\/\/ozolaivas.lv\/en\/wp-json\/wp\/v2\/product"}],"about":[{"href":"https:\/\/ozolaivas.lv\/en\/wp-json\/wp\/v2\/types\/product"}],"author":[{"embeddable":true,"href":"https:\/\/ozolaivas.lv\/en\/wp-json\/wp\/v2\/users\/2"}],"replies":[{"embeddable":true,"href":"https:\/\/ozolaivas.lv\/en\/wp-json\/wp\/v2\/comments?post=20380"}],"wp:featuredmedia":[{"embeddable":true,"href":"https:\/\/ozolaivas.lv\/en\/wp-json\/wp\/v2\/media\/16510"}],"wp:attachment":[{"href":"https:\/\/ozolaivas.lv\/en\/wp-json\/wp\/v2\/media?parent=20380"}],"wp:term":[{"taxonomy":"product_brand","embeddable":true,"href":"https:\/\/ozolaivas.lv\/en\/wp-json\/wp\/v2\/product_brand?post=20380"},{"taxonomy":"product_cat","embeddable":true,"href":"https:\/\/ozolaivas.lv\/en\/wp-json\/wp\/v2\/product_cat?post=20380"},{"taxonomy":"product_tag","embeddable":true,"href":"https:\/\/ozolaivas.lv\/en\/wp-json\/wp\/v2\/product_tag?post=20380"}],"curies":[{"name":"wp","href":"https:\/\/api.w.org\/{rel}","templated":true}]}}