{"id":20382,"date":"2023-04-05T07:46:26","date_gmt":"2023-04-05T07:46:26","guid":{"rendered":"https:\/\/ozolaivas.lv\/product\/misa-from-birzuli-to-dalbe\/"},"modified":"2024-10-21T19:47:08","modified_gmt":"2024-10-21T19:47:08","slug":"misa-from-birzuli-to-dalbe","status":"publish","type":"product","link":"https:\/\/ozolaivas.lv\/en\/product\/misa-from-birzuli-to-dalbe\/","title":{"rendered":"Misa from Birzu\u013ci to Dalbe"},"content":{"rendered":"<p><strong>Misa is an opportunity to enjoy the beauty of nature, the sound of birds and streams, lazily gliding along the calm waters of the Misa. Misa is like a hidden gem in the heart of Zemgale!<\/strong><\/p>\n<p><span style=\"font-weight: 400;\">The section of the Misa River from Birzu\u013ci is characterized by a slow, but noticeable current and steep sandy banks. <\/span><br \/>\n<span style=\"font-weight: 400;\">After the first few kilometers, you&#8217;ll reach the village of Ez\u012btis, also known as the &#8220;jungle of Olaine&#8221;, because in summers, green plants grow both on the shore and in the water. A kilometer after Ez\u012btis, you&#8217;ll cross a bridge over the river, followed by approximately a 4 km stretch to P\u0113ternieki. In this section, the river not only widens but also gets more tortuous. <\/span><br \/>\n<span style=\"font-weight: 400;\">Further on, Misa flows through the residential area of \u200b\u200bP\u0113terniekis up to the V28 bridge.<\/span><br \/>\n<span style=\"font-weight: 400;\">P\u0113ternieki have developed around the former P\u0113ter manor center and the P\u0113ternieki parish council. After P\u0113ternieki, Misa becomes narrower again and meadows and bushes are mainly visible on the banks of the river. <\/span><br \/>\n<span style=\"font-weight: 400;\">The finish place is right before the Dalbe railway bridge.<\/span><\/p>\n<p><span style=\"font-weight: 400;\">In the first 4 km to Ez\u012btis, some tree falls are possible, after Ez\u012bs &#8211; the river is cleared.<\/span><\/p>\n<p><span style=\"font-weight: 400;\">Trip length: <\/span><b>16km<\/b><br \/>\n<span style=\"font-weight: 400;\">Trip duration: <\/span><b>4\u20135h<\/b><br \/>\n<span style=\"font-weight: 400;\">Time on water:<\/span><b>3,5 \u2013 4 hours<\/b><\/p>\n<p>INFORMATION:<br \/>\n1) The route is easy (in the first 4 km some tree falls), without a significant stream<br \/>\n2) The day before the trip, by 12:00, you will receive an informative email from Ozolaivas!<br \/>\n3) The trip may be canceled due to bad weather conditions or if fewer than 3 boats have registered!<br \/>\n4) One rest break on the bank of the river is planned, snacks and drinks are not provided.<br \/>\n5) We provide driver transfers.<\/p>\n<p><strong>Registration at least 24h before the event!<\/strong><\/p>\n<div id=\"page-wrap\" class=\"container\">\n<div id=\"content\" class=\"no-sidebar sixteen columns product-page\">\n<div id=\"product-16264\" class=\"pif-has-gallery product type-product post-16264 status-publish first instock product_cat-lielais-kemeru-tirelis product_cat-visi-braucieni has-post-thumbnail taxable shipping-taxable purchasable product-type-variable\">\n<div class=\"woocommerce-tabs wc-tabs-wrapper\">\n<div id=\"tab-description\" class=\"woocommerce-Tabs-panel woocommerce-Tabs-panel--description panel entry-content wc-tab\" role=\"tabpanel\" aria-labelledby=\"tab-title-description\">\n<p>Trip cancellation\/rescheduling rules <a href=\"https:\/\/ozolaivas.lv\/atteikuma-tiesibas\/\">HERE!<\/a><\/p>\n<\/div>\n<\/div>\n<\/div>\n<\/div>\n<\/div>\n","protected":false},"excerpt":{"rendered":"<p>Misa is an opportunity to enjoy the beauty of nature, the sound of birds and streams, lazily gliding along the calm waters of the Misa. Misa is like a hidden gem in the heart of Zemgale! The section of the Misa River from Birzu\u013ci is characterized by a slow, but noticeable current and steep sandy banks. After the first few kilometers, you&#8217;ll reach the village of Ez\u012btis, also known as the &#8220;jungle of Olaine&#8221;, because in summers, green plants grow both on the shore and in the water. A kilometer after Ez\u012btis, you&#8217;ll cross a bridge over the river, followed by approximately a 4 km stretch to P\u0113ternieki. In this section, the river not only widens but also gets more tortuous. Further on, Misa flows through the residential area of \u200b\u200bP\u0113terniekis up to the V28 bridge. P\u0113ternieki have developed around the former P\u0113ter manor center and the P\u0113ternieki parish council. After P\u0113ternieki, Misa becomes narrower again and meadows and bushes are mainly visible on the banks of the river. The finish place is right before the Dalbe railway bridge. In the first 4 km to Ez\u012btis, some tree falls are possible, after Ez\u012bs &#8211; the river is cleared. Trip length: [&hellip;]<\/p>\n","protected":false},"author":2,"featured_media":16503,"comment_status":"closed","ping_status":"closed","template":"","meta":[],"product_brand":[],"product_cat":[149,150],"product_tag":[],"class_list":{"0":"post-20382","1":"product","2":"type-product","3":"status-publish","4":"has-post-thumbnail","6":"product_cat-misa-en","7":"product_cat-all-trips","8":"pif-has-gallery","10":"first","11":"outofstock","12":"virtual","13":"taxable","14":"product-type-simple"},"yoast_head":"<!-- This site is optimized with the Yoast SEO plugin v24.7 - https:\/\/yoast.com\/wordpress\/plugins\/seo\/ -->\n<title>Misa from Birzu\u013ci to Dalbe - Ozolaivas<\/title>\n<meta name=\"description\" content=\"An interesting route along the undiscovered Misa river. In this section, the river meanders, initially with steep, sandy banks, later replaced by green jungle-like thickets of trees and bushes.\" \/>\n<meta name=\"robots\" content=\"index, follow, max-snippet:-1, max-image-preview:large, max-video-preview:-1\" \/>\n<link rel=\"canonical\" href=\"https:\/\/ozolaivas.lv\/en\/product\/misa-from-birzuli-to-dalbe\/\" \/>\n<meta property=\"og:locale\" content=\"en_US\" \/>\n<meta property=\"og:type\" content=\"article\" \/>\n<meta property=\"og:title\" content=\"Misa from Birzu\u013ci to Dalbe - Ozolaivas\" \/>\n<meta property=\"og:description\" content=\"An interesting route along the undiscovered Misa river. In this section, the river meanders, initially with steep, sandy banks, later replaced by green jungle-like thickets of trees and bushes.\" \/>\n<meta property=\"og:url\" content=\"https:\/\/ozolaivas.lv\/en\/product\/misa-from-birzuli-to-dalbe\/\" \/>\n<meta property=\"og:site_name\" content=\"Ozolaivas\" \/>\n<meta property=\"article:publisher\" content=\"https:\/\/www.facebook.com\/ozolaivas\" \/>\n<meta property=\"article:modified_time\" content=\"2024-10-21T19:47:08+00:00\" \/>\n<meta property=\"og:image\" content=\"https:\/\/ozolaivas.lv\/wp-content\/uploads\/2023\/04\/43705820312_afe108e176_o-scaled.jpg\" \/>\n\t<meta property=\"og:image:width\" content=\"2560\" \/>\n\t<meta property=\"og:image:height\" content=\"1709\" \/>\n\t<meta property=\"og:image:type\" content=\"image\/jpeg\" \/>\n<meta name=\"twitter:card\" content=\"summary_large_image\" \/>\n<meta name=\"twitter:label1\" content=\"Est. reading time\" \/>\n\t<meta name=\"twitter:data1\" content=\"1 minute\" \/>\n<script type=\"application\/ld+json\" class=\"yoast-schema-graph\">{\"@context\":\"https:\/\/schema.org\",\"@graph\":[{\"@type\":\"WebPage\",\"@id\":\"https:\/\/ozolaivas.lv\/en\/product\/misa-from-birzuli-to-dalbe\/\",\"url\":\"https:\/\/ozolaivas.lv\/en\/product\/misa-from-birzuli-to-dalbe\/\",\"name\":\"Misa from Birzu\u013ci to Dalbe - Ozolaivas\",\"isPartOf\":{\"@id\":\"https:\/\/ozolaivas.lv\/#website\"},\"primaryImageOfPage\":{\"@id\":\"https:\/\/ozolaivas.lv\/en\/product\/misa-from-birzuli-to-dalbe\/#primaryimage\"},\"image\":{\"@id\":\"https:\/\/ozolaivas.lv\/en\/product\/misa-from-birzuli-to-dalbe\/#primaryimage\"},\"thumbnailUrl\":\"https:\/\/ozolaivas.lv\/wp-content\/uploads\/2023\/04\/43705820312_afe108e176_o-scaled.jpg\",\"datePublished\":\"2023-04-05T07:46:26+00:00\",\"dateModified\":\"2024-10-21T19:47:08+00:00\",\"description\":\"An interesting route along the undiscovered Misa river. In this section, the river meanders, initially with steep, sandy banks, later replaced by green jungle-like thickets of trees and bushes.\",\"breadcrumb\":{\"@id\":\"https:\/\/ozolaivas.lv\/en\/product\/misa-from-birzuli-to-dalbe\/#breadcrumb\"},\"inLanguage\":\"en-US\",\"potentialAction\":[{\"@type\":\"ReadAction\",\"target\":[\"https:\/\/ozolaivas.lv\/en\/product\/misa-from-birzuli-to-dalbe\/\"]}]},{\"@type\":\"ImageObject\",\"inLanguage\":\"en-US\",\"@id\":\"https:\/\/ozolaivas.lv\/en\/product\/misa-from-birzuli-to-dalbe\/#primaryimage\",\"url\":\"https:\/\/ozolaivas.lv\/wp-content\/uploads\/2023\/04\/43705820312_afe108e176_o-scaled.jpg\",\"contentUrl\":\"https:\/\/ozolaivas.lv\/wp-content\/uploads\/2023\/04\/43705820312_afe108e176_o-scaled.jpg\",\"width\":2560,\"height\":1709,\"caption\":\"Kanoe laivas brauc pa Misu\"},{\"@type\":\"BreadcrumbList\",\"@id\":\"https:\/\/ozolaivas.lv\/en\/product\/misa-from-birzuli-to-dalbe\/#breadcrumb\",\"itemListElement\":[{\"@type\":\"ListItem\",\"position\":1,\"name\":\"Home\",\"item\":\"https:\/\/ozolaivas.lv\/en\/home-landing-page\/\"},{\"@type\":\"ListItem\",\"position\":2,\"name\":\"Preces\",\"item\":\"https:\/\/ozolaivas.lv\/shop\/\"},{\"@type\":\"ListItem\",\"position\":3,\"name\":\"Misa from Birzu\u013ci to Dalbe\"}]},{\"@type\":\"WebSite\",\"@id\":\"https:\/\/ozolaivas.lv\/#website\",\"url\":\"https:\/\/ozolaivas.lv\/\",\"name\":\"Ozolaivas\",\"description\":\"\",\"potentialAction\":[{\"@type\":\"SearchAction\",\"target\":{\"@type\":\"EntryPoint\",\"urlTemplate\":\"https:\/\/ozolaivas.lv\/?s={search_term_string}\"},\"query-input\":{\"@type\":\"PropertyValueSpecification\",\"valueRequired\":true,\"valueName\":\"search_term_string\"}}],\"inLanguage\":\"en-US\"}]}<\/script>\n<!-- \/ Yoast SEO plugin. -->","yoast_head_json":{"title":"Misa from Birzu\u013ci to Dalbe - Ozolaivas","description":"An interesting route along the undiscovered Misa river. In this section, the river meanders, initially with steep, sandy banks, later replaced by green jungle-like thickets of trees and bushes.","robots":{"index":"index","follow":"follow","max-snippet":"max-snippet:-1","max-image-preview":"max-image-preview:large","max-video-preview":"max-video-preview:-1"},"canonical":"https:\/\/ozolaivas.lv\/en\/product\/misa-from-birzuli-to-dalbe\/","og_locale":"en_US","og_type":"article","og_title":"Misa from Birzu\u013ci to Dalbe - Ozolaivas","og_description":"An interesting route along the undiscovered Misa river. In this section, the river meanders, initially with steep, sandy banks, later replaced by green jungle-like thickets of trees and bushes.","og_url":"https:\/\/ozolaivas.lv\/en\/product\/misa-from-birzuli-to-dalbe\/","og_site_name":"Ozolaivas","article_publisher":"https:\/\/www.facebook.com\/ozolaivas","article_modified_time":"2024-10-21T19:47:08+00:00","og_image":[{"width":2560,"height":1709,"url":"https:\/\/ozolaivas.lv\/wp-content\/uploads\/2023\/04\/43705820312_afe108e176_o-scaled.jpg","type":"image\/jpeg"}],"twitter_card":"summary_large_image","twitter_misc":{"Est. reading time":"1 minute"},"schema":{"@context":"https:\/\/schema.org","@graph":[{"@type":"WebPage","@id":"https:\/\/ozolaivas.lv\/en\/product\/misa-from-birzuli-to-dalbe\/","url":"https:\/\/ozolaivas.lv\/en\/product\/misa-from-birzuli-to-dalbe\/","name":"Misa from Birzu\u013ci to Dalbe - Ozolaivas","isPartOf":{"@id":"https:\/\/ozolaivas.lv\/#website"},"primaryImageOfPage":{"@id":"https:\/\/ozolaivas.lv\/en\/product\/misa-from-birzuli-to-dalbe\/#primaryimage"},"image":{"@id":"https:\/\/ozolaivas.lv\/en\/product\/misa-from-birzuli-to-dalbe\/#primaryimage"},"thumbnailUrl":"https:\/\/ozolaivas.lv\/wp-content\/uploads\/2023\/04\/43705820312_afe108e176_o-scaled.jpg","datePublished":"2023-04-05T07:46:26+00:00","dateModified":"2024-10-21T19:47:08+00:00","description":"An interesting route along the undiscovered Misa river. In this section, the river meanders, initially with steep, sandy banks, later replaced by green jungle-like thickets of trees and bushes.","breadcrumb":{"@id":"https:\/\/ozolaivas.lv\/en\/product\/misa-from-birzuli-to-dalbe\/#breadcrumb"},"inLanguage":"en-US","potentialAction":[{"@type":"ReadAction","target":["https:\/\/ozolaivas.lv\/en\/product\/misa-from-birzuli-to-dalbe\/"]}]},{"@type":"ImageObject","inLanguage":"en-US","@id":"https:\/\/ozolaivas.lv\/en\/product\/misa-from-birzuli-to-dalbe\/#primaryimage","url":"https:\/\/ozolaivas.lv\/wp-content\/uploads\/2023\/04\/43705820312_afe108e176_o-scaled.jpg","contentUrl":"https:\/\/ozolaivas.lv\/wp-content\/uploads\/2023\/04\/43705820312_afe108e176_o-scaled.jpg","width":2560,"height":1709,"caption":"Kanoe laivas brauc pa Misu"},{"@type":"BreadcrumbList","@id":"https:\/\/ozolaivas.lv\/en\/product\/misa-from-birzuli-to-dalbe\/#breadcrumb","itemListElement":[{"@type":"ListItem","position":1,"name":"Home","item":"https:\/\/ozolaivas.lv\/en\/home-landing-page\/"},{"@type":"ListItem","position":2,"name":"Preces","item":"https:\/\/ozolaivas.lv\/shop\/"},{"@type":"ListItem","position":3,"name":"Misa from Birzu\u013ci to Dalbe"}]},{"@type":"WebSite","@id":"https:\/\/ozolaivas.lv\/#website","url":"https:\/\/ozolaivas.lv\/","name":"Ozolaivas","description":"","potentialAction":[{"@type":"SearchAction","target":{"@type":"EntryPoint","urlTemplate":"https:\/\/ozolaivas.lv\/?s={search_term_string}"},"query-input":{"@type":"PropertyValueSpecification","valueRequired":true,"valueName":"search_term_string"}}],"inLanguage":"en-US"}]}},"jetpack_sharing_enabled":true,"_links":{"self":[{"href":"https:\/\/ozolaivas.lv\/en\/wp-json\/wp\/v2\/product\/20382","targetHints":{"allow":["GET"]}}],"collection":[{"href":"https:\/\/ozolaivas.lv\/en\/wp-json\/wp\/v2\/product"}],"about":[{"href":"https:\/\/ozolaivas.lv\/en\/wp-json\/wp\/v2\/types\/product"}],"author":[{"embeddable":true,"href":"https:\/\/ozolaivas.lv\/en\/wp-json\/wp\/v2\/users\/2"}],"replies":[{"embeddable":true,"href":"https:\/\/ozolaivas.lv\/en\/wp-json\/wp\/v2\/comments?post=20382"}],"wp:featuredmedia":[{"embeddable":true,"href":"https:\/\/ozolaivas.lv\/en\/wp-json\/wp\/v2\/media\/16503"}],"wp:attachment":[{"href":"https:\/\/ozolaivas.lv\/en\/wp-json\/wp\/v2\/media?parent=20382"}],"wp:term":[{"taxonomy":"product_brand","embeddable":true,"href":"https:\/\/ozolaivas.lv\/en\/wp-json\/wp\/v2\/product_brand?post=20382"},{"taxonomy":"product_cat","embeddable":true,"href":"https:\/\/ozolaivas.lv\/en\/wp-json\/wp\/v2\/product_cat?post=20382"},{"taxonomy":"product_tag","embeddable":true,"href":"https:\/\/ozolaivas.lv\/en\/wp-json\/wp\/v2\/product_tag?post=20382"}],"curies":[{"name":"wp","href":"https:\/\/api.w.org\/{rel}","templated":true}]}}