{"id":20383,"date":"2023-04-05T07:42:02","date_gmt":"2023-04-05T07:42:02","guid":{"rendered":"https:\/\/ozolaivas.lv\/product\/misa-from-dalbe-to-ozolnieki-with-a-rest-break-at-the-goat-farm-licisi\/"},"modified":"2024-10-21T19:49:18","modified_gmt":"2024-10-21T19:49:18","slug":"misa-from-dalbe-to-ozolnieki-with-a-rest-break-at-the-goat-farm-licisi","status":"publish","type":"product","link":"https:\/\/ozolaivas.lv\/en\/product\/misa-from-dalbe-to-ozolnieki-with-a-rest-break-at-the-goat-farm-licisi\/","title":{"rendered":"Misa from Dalbe to Ozolnieki with a rest break at the goat farm L\u012bc\u012b\u0161i"},"content":{"rendered":"<p><span style=\"font-weight: 400;\">Misa near Dalbe throws curves and invites you to join along! In this section, Misa is interesting and exciting, with green, overgrown shores that, as you approach Ozolnieki, gradually change to more residential development. In one of the bends along the shore, there is a hidden abandoned Lada car, but at the confluence of the Misa in Iecava, remnants of Napoleon&#8217;s era fortifications are hidden along the shore \u2013 Silgrau\u017ei redoubt. During the halfway point of the journey, there is a goat farm called L\u012bc\u012b\u0161i, where a rest break is planned with a tour* and goat milk and cheese tasting.<\/span><\/p>\n<p><span style=\"font-weight: 400;\">The final stretch of the journey goes up the Iecava river to the finish line in Ozolnieki. <\/span><\/p>\n<p><span style=\"font-weight: 400;\">Trip length: <\/span><b>16km<\/b><br \/>\n<span style=\"font-weight: 400;\">Trip duration: <\/span><b>4-5h<\/b><\/p>\n<p><i><span style=\"font-weight: 400;\">The route is easy, with a gentle current, suitable for beginners and families with children. <\/span><\/i><br \/>\n<i><span style=\"font-weight: 400;\">The route is navigable throughout the whole season. The route can be extended or shortened as desired. <\/span><\/i><\/p>\n<h5><i><span style=\"font-weight: 400;\">*excursion with an additional fee for each person<\/span><\/i><\/h5>\n<p>The day before the trip, by 12:00, you will receive an informative email from Ozolaivas!<\/p>\n","protected":false},"excerpt":{"rendered":"<p>Misa near Dalbe throws curves and invites you to join along! In this section, Misa is interesting and exciting, with green, overgrown shores that, as you approach Ozolnieki, gradually change to more residential development. In one of the bends along the shore, there is a hidden abandoned Lada car, but at the confluence of the Misa in Iecava, remnants of Napoleon&#8217;s era fortifications are hidden along the shore \u2013 Silgrau\u017ei redoubt. During the halfway point of the journey, there is a goat farm called L\u012bc\u012b\u0161i, where a rest break is planned with a tour* and goat milk and cheese tasting. The final stretch of the journey goes up the Iecava river to the finish line in Ozolnieki. Trip length: 16km Trip duration: 4-5h The route is easy, with a gentle current, suitable for beginners and families with children. The route is navigable throughout the whole season. The route can be extended or shortened as desired. *excursion with an additional fee for each person The day before the trip, by 12:00, you will receive an informative email from Ozolaivas!<\/p>\n","protected":false},"author":2,"featured_media":16395,"comment_status":"closed","ping_status":"closed","template":"","meta":[],"product_brand":[],"product_cat":[149,150],"product_tag":[],"class_list":{"0":"post-20383","1":"product","2":"type-product","3":"status-publish","4":"has-post-thumbnail","6":"product_cat-misa-en","7":"product_cat-all-trips","8":"pif-has-gallery","10":"first","11":"outofstock","12":"virtual","13":"taxable","14":"product-type-simple"},"yoast_head":"<!-- This site is optimized with the Yoast SEO plugin v24.7 - https:\/\/yoast.com\/wordpress\/plugins\/seo\/ -->\n<title>Misa: Dalbe - Ozolnieki with a rest break at the goat farm L\u012bc\u012b\u0161i<\/title>\n<meta name=\"description\" content=\"A boat trip along the Misa river, which hides hidden treasures on its shores. Also included is a stop at a goat farm with goat milk and cheese tasting.\" \/>\n<meta name=\"robots\" content=\"index, follow, max-snippet:-1, max-image-preview:large, max-video-preview:-1\" \/>\n<link rel=\"canonical\" href=\"https:\/\/ozolaivas.lv\/en\/product\/misa-from-dalbe-to-ozolnieki-with-a-rest-break-at-the-goat-farm-licisi\/\" \/>\n<meta property=\"og:locale\" content=\"en_US\" \/>\n<meta property=\"og:type\" content=\"article\" \/>\n<meta property=\"og:title\" content=\"Misa: Dalbe - Ozolnieki with a rest break at the goat farm L\u012bc\u012b\u0161i\" \/>\n<meta property=\"og:description\" content=\"A boat trip along the Misa river, which hides hidden treasures on its shores. Also included is a stop at a goat farm with goat milk and cheese tasting.\" \/>\n<meta property=\"og:url\" content=\"https:\/\/ozolaivas.lv\/en\/product\/misa-from-dalbe-to-ozolnieki-with-a-rest-break-at-the-goat-farm-licisi\/\" \/>\n<meta property=\"og:site_name\" content=\"Ozolaivas\" \/>\n<meta property=\"article:publisher\" content=\"https:\/\/www.facebook.com\/ozolaivas\" \/>\n<meta property=\"article:modified_time\" content=\"2024-10-21T19:49:18+00:00\" \/>\n<meta property=\"og:image\" content=\"https:\/\/ozolaivas.lv\/wp-content\/uploads\/2023\/04\/36198407873_e45e11d0d3_o-scaled.jpg\" \/>\n\t<meta property=\"og:image:width\" content=\"2560\" \/>\n\t<meta property=\"og:image:height\" content=\"1708\" \/>\n\t<meta property=\"og:image:type\" content=\"image\/jpeg\" \/>\n<meta name=\"twitter:card\" content=\"summary_large_image\" \/>\n<meta name=\"twitter:label1\" content=\"Est. reading time\" \/>\n\t<meta name=\"twitter:data1\" content=\"1 minute\" \/>\n<script type=\"application\/ld+json\" class=\"yoast-schema-graph\">{\"@context\":\"https:\/\/schema.org\",\"@graph\":[{\"@type\":\"WebPage\",\"@id\":\"https:\/\/ozolaivas.lv\/en\/product\/misa-from-dalbe-to-ozolnieki-with-a-rest-break-at-the-goat-farm-licisi\/\",\"url\":\"https:\/\/ozolaivas.lv\/en\/product\/misa-from-dalbe-to-ozolnieki-with-a-rest-break-at-the-goat-farm-licisi\/\",\"name\":\"Misa: Dalbe - Ozolnieki with a rest break at the goat farm L\u012bc\u012b\u0161i\",\"isPartOf\":{\"@id\":\"https:\/\/ozolaivas.lv\/#website\"},\"primaryImageOfPage\":{\"@id\":\"https:\/\/ozolaivas.lv\/en\/product\/misa-from-dalbe-to-ozolnieki-with-a-rest-break-at-the-goat-farm-licisi\/#primaryimage\"},\"image\":{\"@id\":\"https:\/\/ozolaivas.lv\/en\/product\/misa-from-dalbe-to-ozolnieki-with-a-rest-break-at-the-goat-farm-licisi\/#primaryimage\"},\"thumbnailUrl\":\"https:\/\/ozolaivas.lv\/wp-content\/uploads\/2023\/04\/36198407873_e45e11d0d3_o-scaled.jpg\",\"datePublished\":\"2023-04-05T07:42:02+00:00\",\"dateModified\":\"2024-10-21T19:49:18+00:00\",\"description\":\"A boat trip along the Misa river, which hides hidden treasures on its shores. Also included is a stop at a goat farm with goat milk and cheese tasting.\",\"breadcrumb\":{\"@id\":\"https:\/\/ozolaivas.lv\/en\/product\/misa-from-dalbe-to-ozolnieki-with-a-rest-break-at-the-goat-farm-licisi\/#breadcrumb\"},\"inLanguage\":\"en-US\",\"potentialAction\":[{\"@type\":\"ReadAction\",\"target\":[\"https:\/\/ozolaivas.lv\/en\/product\/misa-from-dalbe-to-ozolnieki-with-a-rest-break-at-the-goat-farm-licisi\/\"]}]},{\"@type\":\"ImageObject\",\"inLanguage\":\"en-US\",\"@id\":\"https:\/\/ozolaivas.lv\/en\/product\/misa-from-dalbe-to-ozolnieki-with-a-rest-break-at-the-goat-farm-licisi\/#primaryimage\",\"url\":\"https:\/\/ozolaivas.lv\/wp-content\/uploads\/2023\/04\/36198407873_e45e11d0d3_o-scaled.jpg\",\"contentUrl\":\"https:\/\/ozolaivas.lv\/wp-content\/uploads\/2023\/04\/36198407873_e45e11d0d3_o-scaled.jpg\",\"width\":2560,\"height\":1708},{\"@type\":\"BreadcrumbList\",\"@id\":\"https:\/\/ozolaivas.lv\/en\/product\/misa-from-dalbe-to-ozolnieki-with-a-rest-break-at-the-goat-farm-licisi\/#breadcrumb\",\"itemListElement\":[{\"@type\":\"ListItem\",\"position\":1,\"name\":\"Home\",\"item\":\"https:\/\/ozolaivas.lv\/en\/\"},{\"@type\":\"ListItem\",\"position\":2,\"name\":\"Preces\",\"item\":\"https:\/\/ozolaivas.lv\/shop\/\"},{\"@type\":\"ListItem\",\"position\":3,\"name\":\"Misa from Dalbe to Ozolnieki with a rest break at the goat farm L\u012bc\u012b\u0161i\"}]},{\"@type\":\"WebSite\",\"@id\":\"https:\/\/ozolaivas.lv\/#website\",\"url\":\"https:\/\/ozolaivas.lv\/\",\"name\":\"Ozolaivas\",\"description\":\"\",\"potentialAction\":[{\"@type\":\"SearchAction\",\"target\":{\"@type\":\"EntryPoint\",\"urlTemplate\":\"https:\/\/ozolaivas.lv\/?s={search_term_string}\"},\"query-input\":{\"@type\":\"PropertyValueSpecification\",\"valueRequired\":true,\"valueName\":\"search_term_string\"}}],\"inLanguage\":\"en-US\"}]}<\/script>\n<!-- \/ Yoast SEO plugin. -->","yoast_head_json":{"title":"Misa: Dalbe - Ozolnieki with a rest break at the goat farm L\u012bc\u012b\u0161i","description":"A boat trip along the Misa river, which hides hidden treasures on its shores. Also included is a stop at a goat farm with goat milk and cheese tasting.","robots":{"index":"index","follow":"follow","max-snippet":"max-snippet:-1","max-image-preview":"max-image-preview:large","max-video-preview":"max-video-preview:-1"},"canonical":"https:\/\/ozolaivas.lv\/en\/product\/misa-from-dalbe-to-ozolnieki-with-a-rest-break-at-the-goat-farm-licisi\/","og_locale":"en_US","og_type":"article","og_title":"Misa: Dalbe - Ozolnieki with a rest break at the goat farm L\u012bc\u012b\u0161i","og_description":"A boat trip along the Misa river, which hides hidden treasures on its shores. Also included is a stop at a goat farm with goat milk and cheese tasting.","og_url":"https:\/\/ozolaivas.lv\/en\/product\/misa-from-dalbe-to-ozolnieki-with-a-rest-break-at-the-goat-farm-licisi\/","og_site_name":"Ozolaivas","article_publisher":"https:\/\/www.facebook.com\/ozolaivas","article_modified_time":"2024-10-21T19:49:18+00:00","og_image":[{"width":2560,"height":1708,"url":"https:\/\/ozolaivas.lv\/wp-content\/uploads\/2023\/04\/36198407873_e45e11d0d3_o-scaled.jpg","type":"image\/jpeg"}],"twitter_card":"summary_large_image","twitter_misc":{"Est. reading time":"1 minute"},"schema":{"@context":"https:\/\/schema.org","@graph":[{"@type":"WebPage","@id":"https:\/\/ozolaivas.lv\/en\/product\/misa-from-dalbe-to-ozolnieki-with-a-rest-break-at-the-goat-farm-licisi\/","url":"https:\/\/ozolaivas.lv\/en\/product\/misa-from-dalbe-to-ozolnieki-with-a-rest-break-at-the-goat-farm-licisi\/","name":"Misa: Dalbe - Ozolnieki with a rest break at the goat farm L\u012bc\u012b\u0161i","isPartOf":{"@id":"https:\/\/ozolaivas.lv\/#website"},"primaryImageOfPage":{"@id":"https:\/\/ozolaivas.lv\/en\/product\/misa-from-dalbe-to-ozolnieki-with-a-rest-break-at-the-goat-farm-licisi\/#primaryimage"},"image":{"@id":"https:\/\/ozolaivas.lv\/en\/product\/misa-from-dalbe-to-ozolnieki-with-a-rest-break-at-the-goat-farm-licisi\/#primaryimage"},"thumbnailUrl":"https:\/\/ozolaivas.lv\/wp-content\/uploads\/2023\/04\/36198407873_e45e11d0d3_o-scaled.jpg","datePublished":"2023-04-05T07:42:02+00:00","dateModified":"2024-10-21T19:49:18+00:00","description":"A boat trip along the Misa river, which hides hidden treasures on its shores. Also included is a stop at a goat farm with goat milk and cheese tasting.","breadcrumb":{"@id":"https:\/\/ozolaivas.lv\/en\/product\/misa-from-dalbe-to-ozolnieki-with-a-rest-break-at-the-goat-farm-licisi\/#breadcrumb"},"inLanguage":"en-US","potentialAction":[{"@type":"ReadAction","target":["https:\/\/ozolaivas.lv\/en\/product\/misa-from-dalbe-to-ozolnieki-with-a-rest-break-at-the-goat-farm-licisi\/"]}]},{"@type":"ImageObject","inLanguage":"en-US","@id":"https:\/\/ozolaivas.lv\/en\/product\/misa-from-dalbe-to-ozolnieki-with-a-rest-break-at-the-goat-farm-licisi\/#primaryimage","url":"https:\/\/ozolaivas.lv\/wp-content\/uploads\/2023\/04\/36198407873_e45e11d0d3_o-scaled.jpg","contentUrl":"https:\/\/ozolaivas.lv\/wp-content\/uploads\/2023\/04\/36198407873_e45e11d0d3_o-scaled.jpg","width":2560,"height":1708},{"@type":"BreadcrumbList","@id":"https:\/\/ozolaivas.lv\/en\/product\/misa-from-dalbe-to-ozolnieki-with-a-rest-break-at-the-goat-farm-licisi\/#breadcrumb","itemListElement":[{"@type":"ListItem","position":1,"name":"Home","item":"https:\/\/ozolaivas.lv\/en\/"},{"@type":"ListItem","position":2,"name":"Preces","item":"https:\/\/ozolaivas.lv\/shop\/"},{"@type":"ListItem","position":3,"name":"Misa from Dalbe to Ozolnieki with a rest break at the goat farm L\u012bc\u012b\u0161i"}]},{"@type":"WebSite","@id":"https:\/\/ozolaivas.lv\/#website","url":"https:\/\/ozolaivas.lv\/","name":"Ozolaivas","description":"","potentialAction":[{"@type":"SearchAction","target":{"@type":"EntryPoint","urlTemplate":"https:\/\/ozolaivas.lv\/?s={search_term_string}"},"query-input":{"@type":"PropertyValueSpecification","valueRequired":true,"valueName":"search_term_string"}}],"inLanguage":"en-US"}]}},"jetpack_sharing_enabled":true,"_links":{"self":[{"href":"https:\/\/ozolaivas.lv\/en\/wp-json\/wp\/v2\/product\/20383","targetHints":{"allow":["GET"]}}],"collection":[{"href":"https:\/\/ozolaivas.lv\/en\/wp-json\/wp\/v2\/product"}],"about":[{"href":"https:\/\/ozolaivas.lv\/en\/wp-json\/wp\/v2\/types\/product"}],"author":[{"embeddable":true,"href":"https:\/\/ozolaivas.lv\/en\/wp-json\/wp\/v2\/users\/2"}],"replies":[{"embeddable":true,"href":"https:\/\/ozolaivas.lv\/en\/wp-json\/wp\/v2\/comments?post=20383"}],"wp:featuredmedia":[{"embeddable":true,"href":"https:\/\/ozolaivas.lv\/en\/wp-json\/wp\/v2\/media\/16395"}],"wp:attachment":[{"href":"https:\/\/ozolaivas.lv\/en\/wp-json\/wp\/v2\/media?parent=20383"}],"wp:term":[{"taxonomy":"product_brand","embeddable":true,"href":"https:\/\/ozolaivas.lv\/en\/wp-json\/wp\/v2\/product_brand?post=20383"},{"taxonomy":"product_cat","embeddable":true,"href":"https:\/\/ozolaivas.lv\/en\/wp-json\/wp\/v2\/product_cat?post=20383"},{"taxonomy":"product_tag","embeddable":true,"href":"https:\/\/ozolaivas.lv\/en\/wp-json\/wp\/v2\/product_tag?post=20383"}],"curies":[{"name":"wp","href":"https:\/\/api.w.org\/{rel}","templated":true}]}}