{"id":20386,"date":"2023-04-05T07:36:11","date_gmt":"2023-04-05T07:36:11","guid":{"rendered":"https:\/\/ozolaivas.lv\/product\/ozolnieki-licisi-ozolnieki-with-a-hike\/"},"modified":"2024-10-21T19:56:26","modified_gmt":"2024-10-21T19:56:26","slug":"ozolnieki-licisi-ozolnieki-with-a-hike","status":"publish","type":"product","link":"https:\/\/ozolaivas.lv\/en\/product\/ozolnieki-licisi-ozolnieki-with-a-hike\/","title":{"rendered":"Ozolnieki \u2013 L\u012bc\u012b\u0161i \u2013 Ozolnieki, with a hike"},"content":{"rendered":"<p><span style=\"font-weight: 400;\">You will walk along forest roads and trails past the LLU Horse Breeding Training Centre &#8220;Mu\u0161\u0137i&#8221; to the goat farm &#8220;L\u012bc\u012b\u0161i&#8221;, where you will have an excursion with goat milk and cheese tasting, and then boat back along the Misa and Iecava rivers to the starting point of the hike.<\/span><\/p>\n<p><span style=\"font-weight: 400;\">In this section, Misa is interesting and exciting, with green, overgrown shores that, as you approach Ozolnieki, gradually change to more residential development. The fortifications of Napoleonic times &#8211; the Silgrau\u017eu skansts &#8211; are hidden on the shore at the mouth of the Misa river in Iecava river. The Misa river twists and turns and invites you to come with it!<\/span><\/p>\n<p><span style=\"font-weight: 400;\">Trip length: <\/span><b>3km hike + 8km paddling<\/b><br \/>\n<span style=\"font-weight: 400;\">Trip duration: <\/span><b>3,5h<\/b><\/p>\n<p>INFORMATION:<br \/>\n1) The route is easy, with very little current, suitable for beginners and families with children.<br \/>\n2) The day before the trip, by 12:00, you will receive an informative email from Ozolaivas!<br \/>\n3) The trip may be canceled due to bad weather conditions or if there are fewer than 2 boats registered!<br \/>\n4) Excursion in Li\u010disi with goat&#8217;s milk and cheese tasting, a rest break is planned.<\/p>\n<p>Start and finish place: Ozolnieki rowing base <a href=\"https:\/\/goo.gl\/maps\/r7uNRFwuincQLwgHA\" target=\"_blank\" rel=\"noopener noreferrer\">Finish place coordinates<\/a><\/p>\n<p>Weather forecast in Ozolnieki <a href=\"https:\/\/www.yr.no\/en\/forecast\/daily-table\/2-864355\/Latvia\/Jelgava%20fylke\/Ozolnieku%20pagasts\/Ozolnieki\">HERE!<\/a><\/p>\n","protected":false},"excerpt":{"rendered":"<p>You will walk along forest roads and trails past the LLU Horse Breeding Training Centre &#8220;Mu\u0161\u0137i&#8221; to the goat farm &#8220;L\u012bc\u012b\u0161i&#8221;, where you will have an excursion with goat milk and cheese tasting, and then boat back along the Misa and Iecava rivers to the starting point of the hike. In this section, Misa is interesting and exciting, with green, overgrown shores that, as you approach Ozolnieki, gradually change to more residential development. The fortifications of Napoleonic times &#8211; the Silgrau\u017eu skansts &#8211; are hidden on the shore at the mouth of the Misa river in Iecava river. The Misa river twists and turns and invites you to come with it! Trip length: 3km hike + 8km paddling Trip duration: 3,5h INFORMATION: 1) The route is easy, with very little current, suitable for beginners and families with children. 2) The day before the trip, by 12:00, you will receive an informative email from Ozolaivas! 3) The trip may be canceled due to bad weather conditions or if there are fewer than 2 boats registered! 4) Excursion in Li\u010disi with goat&#8217;s milk and cheese tasting, a rest break is planned. Start and finish place: Ozolnieki rowing base Finish place coordinates Weather [&hellip;]<\/p>\n","protected":false},"author":2,"featured_media":16392,"comment_status":"closed","ping_status":"closed","template":"","meta":[],"product_brand":[],"product_cat":[149,150],"product_tag":[],"class_list":{"0":"post-20386","1":"product","2":"type-product","3":"status-publish","4":"has-post-thumbnail","6":"product_cat-misa-en","7":"product_cat-all-trips","8":"pif-has-gallery","10":"first","11":"outofstock","12":"taxable","13":"shipping-taxable","14":"product-type-variable"},"yoast_head":"<!-- This site is optimized with the Yoast SEO plugin v24.7 - https:\/\/yoast.com\/wordpress\/plugins\/seo\/ -->\n<title>Ozolnieki \u2013 L\u012bc\u012b\u0161i \u2013 Ozolnieki, with a hike - Ozolaivas<\/title>\n<meta name=\"description\" content=\"An exciting hike and boat trip to the Ozolnieki vicinity. Take the forest paths and trails to L\u012bc\u012b\u0161i, where a tour is planned, and afterwards, paddle back.\" \/>\n<meta name=\"robots\" content=\"index, follow, max-snippet:-1, max-image-preview:large, max-video-preview:-1\" \/>\n<link rel=\"canonical\" href=\"https:\/\/ozolaivas.lv\/en\/product\/ozolnieki-licisi-ozolnieki-with-a-hike\/\" \/>\n<meta property=\"og:locale\" content=\"en_US\" \/>\n<meta property=\"og:type\" content=\"article\" \/>\n<meta property=\"og:title\" content=\"Ozolnieki \u2013 L\u012bc\u012b\u0161i \u2013 Ozolnieki, with a hike - Ozolaivas\" \/>\n<meta property=\"og:description\" content=\"An exciting hike and boat trip to the Ozolnieki vicinity. Take the forest paths and trails to L\u012bc\u012b\u0161i, where a tour is planned, and afterwards, paddle back.\" \/>\n<meta property=\"og:url\" content=\"https:\/\/ozolaivas.lv\/en\/product\/ozolnieki-licisi-ozolnieki-with-a-hike\/\" \/>\n<meta property=\"og:site_name\" content=\"Ozolaivas\" \/>\n<meta property=\"article:publisher\" content=\"https:\/\/www.facebook.com\/ozolaivas\" \/>\n<meta property=\"article:modified_time\" content=\"2024-10-21T19:56:26+00:00\" \/>\n<meta property=\"og:image\" content=\"https:\/\/ozolaivas.lv\/wp-content\/uploads\/2023\/04\/36198388443_70848c7970_o-scaled.jpg\" \/>\n\t<meta property=\"og:image:width\" content=\"2560\" \/>\n\t<meta property=\"og:image:height\" content=\"1708\" \/>\n\t<meta property=\"og:image:type\" content=\"image\/jpeg\" \/>\n<meta name=\"twitter:card\" content=\"summary_large_image\" \/>\n<meta name=\"twitter:label1\" content=\"Est. reading time\" \/>\n\t<meta name=\"twitter:data1\" content=\"1 minute\" \/>\n<script type=\"application\/ld+json\" class=\"yoast-schema-graph\">{\"@context\":\"https:\/\/schema.org\",\"@graph\":[{\"@type\":\"WebPage\",\"@id\":\"https:\/\/ozolaivas.lv\/en\/product\/ozolnieki-licisi-ozolnieki-with-a-hike\/\",\"url\":\"https:\/\/ozolaivas.lv\/en\/product\/ozolnieki-licisi-ozolnieki-with-a-hike\/\",\"name\":\"Ozolnieki \u2013 L\u012bc\u012b\u0161i \u2013 Ozolnieki, with a hike - Ozolaivas\",\"isPartOf\":{\"@id\":\"https:\/\/ozolaivas.lv\/#website\"},\"primaryImageOfPage\":{\"@id\":\"https:\/\/ozolaivas.lv\/en\/product\/ozolnieki-licisi-ozolnieki-with-a-hike\/#primaryimage\"},\"image\":{\"@id\":\"https:\/\/ozolaivas.lv\/en\/product\/ozolnieki-licisi-ozolnieki-with-a-hike\/#primaryimage\"},\"thumbnailUrl\":\"https:\/\/ozolaivas.lv\/wp-content\/uploads\/2023\/04\/36198388443_70848c7970_o-scaled.jpg\",\"datePublished\":\"2023-04-05T07:36:11+00:00\",\"dateModified\":\"2024-10-21T19:56:26+00:00\",\"description\":\"An exciting hike and boat trip to the Ozolnieki vicinity. Take the forest paths and trails to L\u012bc\u012b\u0161i, where a tour is planned, and afterwards, paddle back.\",\"breadcrumb\":{\"@id\":\"https:\/\/ozolaivas.lv\/en\/product\/ozolnieki-licisi-ozolnieki-with-a-hike\/#breadcrumb\"},\"inLanguage\":\"en-US\",\"potentialAction\":[{\"@type\":\"ReadAction\",\"target\":[\"https:\/\/ozolaivas.lv\/en\/product\/ozolnieki-licisi-ozolnieki-with-a-hike\/\"]}]},{\"@type\":\"ImageObject\",\"inLanguage\":\"en-US\",\"@id\":\"https:\/\/ozolaivas.lv\/en\/product\/ozolnieki-licisi-ozolnieki-with-a-hike\/#primaryimage\",\"url\":\"https:\/\/ozolaivas.lv\/wp-content\/uploads\/2023\/04\/36198388443_70848c7970_o-scaled.jpg\",\"contentUrl\":\"https:\/\/ozolaivas.lv\/wp-content\/uploads\/2023\/04\/36198388443_70848c7970_o-scaled.jpg\",\"width\":2560,\"height\":1708},{\"@type\":\"BreadcrumbList\",\"@id\":\"https:\/\/ozolaivas.lv\/en\/product\/ozolnieki-licisi-ozolnieki-with-a-hike\/#breadcrumb\",\"itemListElement\":[{\"@type\":\"ListItem\",\"position\":1,\"name\":\"Home\",\"item\":\"https:\/\/ozolaivas.lv\/en\/home-landing-page\/\"},{\"@type\":\"ListItem\",\"position\":2,\"name\":\"Preces\",\"item\":\"https:\/\/ozolaivas.lv\/shop\/\"},{\"@type\":\"ListItem\",\"position\":3,\"name\":\"Ozolnieki \u2013 L\u012bc\u012b\u0161i \u2013 Ozolnieki, with a hike\"}]},{\"@type\":\"WebSite\",\"@id\":\"https:\/\/ozolaivas.lv\/#website\",\"url\":\"https:\/\/ozolaivas.lv\/\",\"name\":\"Ozolaivas\",\"description\":\"\",\"potentialAction\":[{\"@type\":\"SearchAction\",\"target\":{\"@type\":\"EntryPoint\",\"urlTemplate\":\"https:\/\/ozolaivas.lv\/?s={search_term_string}\"},\"query-input\":{\"@type\":\"PropertyValueSpecification\",\"valueRequired\":true,\"valueName\":\"search_term_string\"}}],\"inLanguage\":\"en-US\"}]}<\/script>\n<!-- \/ Yoast SEO plugin. -->","yoast_head_json":{"title":"Ozolnieki \u2013 L\u012bc\u012b\u0161i \u2013 Ozolnieki, with a hike - Ozolaivas","description":"An exciting hike and boat trip to the Ozolnieki vicinity. Take the forest paths and trails to L\u012bc\u012b\u0161i, where a tour is planned, and afterwards, paddle back.","robots":{"index":"index","follow":"follow","max-snippet":"max-snippet:-1","max-image-preview":"max-image-preview:large","max-video-preview":"max-video-preview:-1"},"canonical":"https:\/\/ozolaivas.lv\/en\/product\/ozolnieki-licisi-ozolnieki-with-a-hike\/","og_locale":"en_US","og_type":"article","og_title":"Ozolnieki \u2013 L\u012bc\u012b\u0161i \u2013 Ozolnieki, with a hike - Ozolaivas","og_description":"An exciting hike and boat trip to the Ozolnieki vicinity. Take the forest paths and trails to L\u012bc\u012b\u0161i, where a tour is planned, and afterwards, paddle back.","og_url":"https:\/\/ozolaivas.lv\/en\/product\/ozolnieki-licisi-ozolnieki-with-a-hike\/","og_site_name":"Ozolaivas","article_publisher":"https:\/\/www.facebook.com\/ozolaivas","article_modified_time":"2024-10-21T19:56:26+00:00","og_image":[{"width":2560,"height":1708,"url":"https:\/\/ozolaivas.lv\/wp-content\/uploads\/2023\/04\/36198388443_70848c7970_o-scaled.jpg","type":"image\/jpeg"}],"twitter_card":"summary_large_image","twitter_misc":{"Est. reading time":"1 minute"},"schema":{"@context":"https:\/\/schema.org","@graph":[{"@type":"WebPage","@id":"https:\/\/ozolaivas.lv\/en\/product\/ozolnieki-licisi-ozolnieki-with-a-hike\/","url":"https:\/\/ozolaivas.lv\/en\/product\/ozolnieki-licisi-ozolnieki-with-a-hike\/","name":"Ozolnieki \u2013 L\u012bc\u012b\u0161i \u2013 Ozolnieki, with a hike - Ozolaivas","isPartOf":{"@id":"https:\/\/ozolaivas.lv\/#website"},"primaryImageOfPage":{"@id":"https:\/\/ozolaivas.lv\/en\/product\/ozolnieki-licisi-ozolnieki-with-a-hike\/#primaryimage"},"image":{"@id":"https:\/\/ozolaivas.lv\/en\/product\/ozolnieki-licisi-ozolnieki-with-a-hike\/#primaryimage"},"thumbnailUrl":"https:\/\/ozolaivas.lv\/wp-content\/uploads\/2023\/04\/36198388443_70848c7970_o-scaled.jpg","datePublished":"2023-04-05T07:36:11+00:00","dateModified":"2024-10-21T19:56:26+00:00","description":"An exciting hike and boat trip to the Ozolnieki vicinity. Take the forest paths and trails to L\u012bc\u012b\u0161i, where a tour is planned, and afterwards, paddle back.","breadcrumb":{"@id":"https:\/\/ozolaivas.lv\/en\/product\/ozolnieki-licisi-ozolnieki-with-a-hike\/#breadcrumb"},"inLanguage":"en-US","potentialAction":[{"@type":"ReadAction","target":["https:\/\/ozolaivas.lv\/en\/product\/ozolnieki-licisi-ozolnieki-with-a-hike\/"]}]},{"@type":"ImageObject","inLanguage":"en-US","@id":"https:\/\/ozolaivas.lv\/en\/product\/ozolnieki-licisi-ozolnieki-with-a-hike\/#primaryimage","url":"https:\/\/ozolaivas.lv\/wp-content\/uploads\/2023\/04\/36198388443_70848c7970_o-scaled.jpg","contentUrl":"https:\/\/ozolaivas.lv\/wp-content\/uploads\/2023\/04\/36198388443_70848c7970_o-scaled.jpg","width":2560,"height":1708},{"@type":"BreadcrumbList","@id":"https:\/\/ozolaivas.lv\/en\/product\/ozolnieki-licisi-ozolnieki-with-a-hike\/#breadcrumb","itemListElement":[{"@type":"ListItem","position":1,"name":"Home","item":"https:\/\/ozolaivas.lv\/en\/home-landing-page\/"},{"@type":"ListItem","position":2,"name":"Preces","item":"https:\/\/ozolaivas.lv\/shop\/"},{"@type":"ListItem","position":3,"name":"Ozolnieki \u2013 L\u012bc\u012b\u0161i \u2013 Ozolnieki, with a hike"}]},{"@type":"WebSite","@id":"https:\/\/ozolaivas.lv\/#website","url":"https:\/\/ozolaivas.lv\/","name":"Ozolaivas","description":"","potentialAction":[{"@type":"SearchAction","target":{"@type":"EntryPoint","urlTemplate":"https:\/\/ozolaivas.lv\/?s={search_term_string}"},"query-input":{"@type":"PropertyValueSpecification","valueRequired":true,"valueName":"search_term_string"}}],"inLanguage":"en-US"}]}},"jetpack_sharing_enabled":true,"_links":{"self":[{"href":"https:\/\/ozolaivas.lv\/en\/wp-json\/wp\/v2\/product\/20386","targetHints":{"allow":["GET"]}}],"collection":[{"href":"https:\/\/ozolaivas.lv\/en\/wp-json\/wp\/v2\/product"}],"about":[{"href":"https:\/\/ozolaivas.lv\/en\/wp-json\/wp\/v2\/types\/product"}],"author":[{"embeddable":true,"href":"https:\/\/ozolaivas.lv\/en\/wp-json\/wp\/v2\/users\/2"}],"replies":[{"embeddable":true,"href":"https:\/\/ozolaivas.lv\/en\/wp-json\/wp\/v2\/comments?post=20386"}],"wp:featuredmedia":[{"embeddable":true,"href":"https:\/\/ozolaivas.lv\/en\/wp-json\/wp\/v2\/media\/16392"}],"wp:attachment":[{"href":"https:\/\/ozolaivas.lv\/en\/wp-json\/wp\/v2\/media?parent=20386"}],"wp:term":[{"taxonomy":"product_brand","embeddable":true,"href":"https:\/\/ozolaivas.lv\/en\/wp-json\/wp\/v2\/product_brand?post=20386"},{"taxonomy":"product_cat","embeddable":true,"href":"https:\/\/ozolaivas.lv\/en\/wp-json\/wp\/v2\/product_cat?post=20386"},{"taxonomy":"product_tag","embeddable":true,"href":"https:\/\/ozolaivas.lv\/en\/wp-json\/wp\/v2\/product_tag?post=20386"}],"curies":[{"name":"wp","href":"https:\/\/api.w.org\/{rel}","templated":true}]}}