{"id":20391,"date":"2023-04-04T14:31:28","date_gmt":"2023-04-04T14:31:28","guid":{"rendered":"https:\/\/ozolaivas.lv\/product\/sunset-in-the-great-kemeri-bog\/"},"modified":"2025-07-07T14:12:59","modified_gmt":"2025-07-07T14:12:59","slug":"sunset-in-the-great-kemeri-bog","status":"publish","type":"product","link":"https:\/\/ozolaivas.lv\/en\/product\/sunset-in-the-great-kemeri-bog\/","title":{"rendered":"Sunset in the Great \u0136emeri bog"},"content":{"rendered":"<h3><strong>Experience the unforgettable magic of sunset in the bog!<\/strong><\/h3>\n<p>Imagine \u2013 the evening, with the sky painted in golden and pink hues, and the sun slowly disappearing behind the horizon, leaving magical reflections on the water&#8230; It\u2019s an unforgettable moment that allows you to disconnect from everyday life and fully immerse yourself in the harmony of nature.<\/p>\n<p><strong data-start=\"295\" data-end=\"326\">The sunset trip through the bog<\/strong> is a unique opportunity to witness nature sinking into the evening calm \u2013 the birds voices become quieter, the wind settles, and a special atmosphere surrounds you. The bogs of Latvia gain a special charm at sunset, creating picturesque views that linger in your memory for a long time.<br data-mce-bogus=\"1\"><\/p>\n<p><strong data-start=\"565\" data-end=\"606\">Why choose a sunset trip?<br data-mce-bogus=\"1\"><\/strong><br data-start=\"606\" data-end=\"609\">\u2714\ufe0f Magical atmosphere \u2013 the sky fills with a play of colors, and the water mirrors the glowing reflections of light<br data-mce-bogus=\"1\"><br data-start=\"700\" data-end=\"703\">\u2714\ufe0f Relaxing adventure \u2013 silence, peace, and the chance to be at one with nature<br data-mce-bogus=\"1\"><br data-start=\"782\" data-end=\"785\" data-is-only-node=\"\">\u2714\ufe0f Close to nature \u2013 a leisurely evening for yourself, with loved ones or friends<br data-mce-bogus=\"1\"><\/p>\n<p><strong data-start=\"863\" data-end=\"881\">Where will we go?<br data-mce-bogus=\"1\"><\/strong><br data-start=\"881\" data-end=\"884\">The eastern edge of the Great \u0136emeri bog reveals an exciting landscape \u2013 a labyrinth of a flooded peat quarry, where water, channels, and islets create a surreal scene.<br data-mce-bogus=\"1\"> During sunset, this place transforms into a fairy-tale painting, where you can be present and enjoy a moment that will stay in your memory for a long time.<br data-mce-bogus=\"1\"><\/p>\n<p><span style=\"font-weight: 400;\">Trip length: <\/span><b>4km<\/b><br \/>\n<span style=\"font-weight: 400;\">Event duration:<\/span> <b>~3 hours<\/b><\/p>\n<p>Difficulty level: The route is easy, with no current, making it suitable for beginners and families with children.<\/p>\n<p><strong>Good to know!<\/strong><\/p>\n<ul>\n<li>After <em>registration, you will receive a confirmation email<\/em>, <strong>no later than the day before the trip<br \/> (by 12:00), you will receive detailed trip information.<\/strong> (Don\u2019t forget to check your spam folder!)<\/li>\n<li>A sunrise-watching break on the water is planned (feel free to bring tea and snacks).<br data-mce-bogus=\"1\"><\/li>\n<li>The trip may be canceled due to unfavorable weather conditions or if fewer than four boats are registered.<br data-mce-bogus=\"1\"><\/li>\n<li>Public transportation is not available to this location.<\/li>\n<\/ul>\n<p>Registration is recommended <strong>at least 48 hours before the trip.<\/strong> Why? So we can plan the total number of boats and the required equipment.<br \/> If you want to register at the last minute, it&#8217;s best to call us beforehand!<br data-mce-bogus=\"1\"><\/p>\n<p><strong>IF I HAVE REGISTERED, BUT CANNOT ATTEND?<\/strong><\/p>\n<p><strong> <\/strong>If, due to various circumstances, you cannot make it to the trip:<\/p>\n<ul>\n<li>you can <u>exchange it for another trip<\/u> on one of the available dates if you notify us at least 48h before the trip.<\/li>\n<li>if less than 48h remain before the trip or if you do not show up, the opportunity to <u>reschedule to another date<\/u> will be lost!<\/li>\n<\/ul>\n<p><strong> <\/strong><em>The full cancellation and rescheduling terms are <a href=\"https:\/\/ozolaivas.lv\/en\/atteikuma-tiesibas\/\">HERE! <\/a><\/em><\/p>\n<p><strong><br \/>\nIF YOU HAVE ANY OF THE PARTNER GIFT CARDS (D\u0101vanu serviss, Lieliska d\u0101vana, D\u0101vanu sala):<\/strong><\/p>\n<p><strong> Register for the trip:<\/strong><br \/>\n1) choose your desired date and the boat size indicated on the gift card;<br \/>\n2) select the type of partner gift card and enter the gift card code;<br \/>\n3) add to the shopping cart;<br \/>\n4) fill in the necessary contact information and click \u201cPlace order\u201d.<\/p>\n<p>Before registering, make sure your <strong>gift card is valid! <\/strong><\/p>\n<p><strong>If, due to various circumstances, you cannot make it to the trip:<\/strong><\/p>\n<ul>\n<li>you can <u> exchange it for another<\/u> available date if you notify us at least 48h before the trip.<\/li>\n<li>ff less than 48h remain before the trip or if you do not show up, the gift card will be considered used, and <u>rescheduling will not be possible!<\/u><\/li>\n<\/ul>\n","protected":false},"excerpt":{"rendered":"<p>Experience the unforgettable magic of sunset in the bog! Imagine \u2013 the evening, with the sky painted in golden and pink hues, and the sun slowly disappearing behind the horizon, leaving magical reflections on the water&#8230; It\u2019s an unforgettable moment that allows you to disconnect from everyday life and fully immerse yourself in the harmony of nature. The sunset trip through the bog is a unique opportunity to witness nature sinking into the evening calm \u2013 the birds voices become quieter, the wind settles, and a special atmosphere surrounds you. The bogs of Latvia gain a special charm at sunset, creating picturesque views that linger in your memory for a long time. Why choose a sunset trip?\u2714\ufe0f Magical atmosphere \u2013 the sky fills with a play of colors, and the water mirrors the glowing reflections of light\u2714\ufe0f Relaxing adventure \u2013 silence, peace, and the chance to be at one with nature\u2714\ufe0f Close to nature \u2013 a leisurely evening for yourself, with loved ones or friends Where will we go?The eastern edge of the Great \u0136emeri bog reveals an exciting landscape \u2013 a labyrinth of a flooded peat quarry, where water, channels, and islets create a surreal scene. During sunset, this [&hellip;]<\/p>\n","protected":false},"author":2,"featured_media":22507,"comment_status":"closed","ping_status":"closed","template":"","meta":[],"product_brand":[],"product_cat":[177,150],"product_tag":[169,171,170,172],"class_list":{"0":"post-20391","1":"product","2":"type-product","3":"status-publish","4":"has-post-thumbnail","6":"product_cat-great-kemeri-bog","7":"product_cat-all-trips","8":"product_tag-big-kemeri-bog","9":"product_tag-bog","10":"product_tag-bog-sunset","11":"product_tag-families","12":"pif-has-gallery","14":"first","15":"instock","16":"taxable","17":"shipping-taxable","18":"purchasable","19":"product-type-variable"},"yoast_head":"<!-- This site is optimized with the Yoast SEO plugin v24.7 - https:\/\/yoast.com\/wordpress\/plugins\/seo\/ -->\n<title>Sunset in the Great \u0136emeri bog - Ozolaivas<\/title>\n<meta name=\"description\" content=\"Embark on a peaceful and romantic sunset canoe trip in the Great \u0136emeri bog! We will paddle through the bog lake and the labyrinth of reed islets!\" \/>\n<meta name=\"robots\" content=\"index, follow, max-snippet:-1, max-image-preview:large, max-video-preview:-1\" \/>\n<link rel=\"canonical\" href=\"https:\/\/ozolaivas.lv\/en\/product\/sunset-in-the-great-kemeri-bog\/\" \/>\n<meta property=\"og:locale\" content=\"en_US\" \/>\n<meta property=\"og:type\" content=\"article\" \/>\n<meta property=\"og:title\" content=\"Sunset in the Great \u0136emeri bog - Ozolaivas\" \/>\n<meta property=\"og:description\" content=\"Embark on a peaceful and romantic sunset canoe trip in the Great \u0136emeri bog! We will paddle through the bog lake and the labyrinth of reed islets!\" \/>\n<meta property=\"og:url\" content=\"https:\/\/ozolaivas.lv\/en\/product\/sunset-in-the-great-kemeri-bog\/\" \/>\n<meta property=\"og:site_name\" content=\"Ozolaivas\" \/>\n<meta property=\"article:publisher\" content=\"https:\/\/www.facebook.com\/ozolaivas\" \/>\n<meta property=\"article:modified_time\" content=\"2025-07-07T14:12:59+00:00\" \/>\n<meta property=\"og:image\" content=\"https:\/\/ozolaivas.lv\/wp-content\/uploads\/2023\/04\/Saulrieta_brauciens_12072024_drone-4-scaled.jpg\" \/>\n\t<meta property=\"og:image:width\" content=\"2560\" \/>\n\t<meta property=\"og:image:height\" content=\"1920\" \/>\n\t<meta property=\"og:image:type\" content=\"image\/jpeg\" \/>\n<meta name=\"twitter:card\" content=\"summary_large_image\" \/>\n<meta name=\"twitter:label1\" content=\"Est. reading time\" \/>\n\t<meta name=\"twitter:data1\" content=\"4 minutes\" \/>\n<script type=\"application\/ld+json\" class=\"yoast-schema-graph\">{\"@context\":\"https:\/\/schema.org\",\"@graph\":[{\"@type\":\"WebPage\",\"@id\":\"https:\/\/ozolaivas.lv\/en\/product\/sunset-in-the-great-kemeri-bog\/\",\"url\":\"https:\/\/ozolaivas.lv\/en\/product\/sunset-in-the-great-kemeri-bog\/\",\"name\":\"Sunset in the Great \u0136emeri bog - Ozolaivas\",\"isPartOf\":{\"@id\":\"https:\/\/ozolaivas.lv\/#website\"},\"primaryImageOfPage\":{\"@id\":\"https:\/\/ozolaivas.lv\/en\/product\/sunset-in-the-great-kemeri-bog\/#primaryimage\"},\"image\":{\"@id\":\"https:\/\/ozolaivas.lv\/en\/product\/sunset-in-the-great-kemeri-bog\/#primaryimage\"},\"thumbnailUrl\":\"https:\/\/ozolaivas.lv\/wp-content\/uploads\/2023\/04\/Saulrieta_brauciens_12072024_drone-4-scaled.jpg\",\"datePublished\":\"2023-04-04T14:31:28+00:00\",\"dateModified\":\"2025-07-07T14:12:59+00:00\",\"description\":\"Embark on a peaceful and romantic sunset canoe trip in the Great \u0136emeri bog! We will paddle through the bog lake and the labyrinth of reed islets!\",\"breadcrumb\":{\"@id\":\"https:\/\/ozolaivas.lv\/en\/product\/sunset-in-the-great-kemeri-bog\/#breadcrumb\"},\"inLanguage\":\"en-US\",\"potentialAction\":[{\"@type\":\"ReadAction\",\"target\":[\"https:\/\/ozolaivas.lv\/en\/product\/sunset-in-the-great-kemeri-bog\/\"]}]},{\"@type\":\"ImageObject\",\"inLanguage\":\"en-US\",\"@id\":\"https:\/\/ozolaivas.lv\/en\/product\/sunset-in-the-great-kemeri-bog\/#primaryimage\",\"url\":\"https:\/\/ozolaivas.lv\/wp-content\/uploads\/2023\/04\/Saulrieta_brauciens_12072024_drone-4-scaled.jpg\",\"contentUrl\":\"https:\/\/ozolaivas.lv\/wp-content\/uploads\/2023\/04\/Saulrieta_brauciens_12072024_drone-4-scaled.jpg\",\"width\":2560,\"height\":1920},{\"@type\":\"BreadcrumbList\",\"@id\":\"https:\/\/ozolaivas.lv\/en\/product\/sunset-in-the-great-kemeri-bog\/#breadcrumb\",\"itemListElement\":[{\"@type\":\"ListItem\",\"position\":1,\"name\":\"Home\",\"item\":\"https:\/\/ozolaivas.lv\/en\/home-landing-page\/\"},{\"@type\":\"ListItem\",\"position\":2,\"name\":\"Preces\",\"item\":\"https:\/\/ozolaivas.lv\/shop\/\"},{\"@type\":\"ListItem\",\"position\":3,\"name\":\"Sunset in the Great \u0136emeri bog\"}]},{\"@type\":\"WebSite\",\"@id\":\"https:\/\/ozolaivas.lv\/#website\",\"url\":\"https:\/\/ozolaivas.lv\/\",\"name\":\"Ozolaivas\",\"description\":\"\",\"potentialAction\":[{\"@type\":\"SearchAction\",\"target\":{\"@type\":\"EntryPoint\",\"urlTemplate\":\"https:\/\/ozolaivas.lv\/?s={search_term_string}\"},\"query-input\":{\"@type\":\"PropertyValueSpecification\",\"valueRequired\":true,\"valueName\":\"search_term_string\"}}],\"inLanguage\":\"en-US\"}]}<\/script>\n<!-- \/ Yoast SEO plugin. -->","yoast_head_json":{"title":"Sunset in the Great \u0136emeri bog - Ozolaivas","description":"Embark on a peaceful and romantic sunset canoe trip in the Great \u0136emeri bog! We will paddle through the bog lake and the labyrinth of reed islets!","robots":{"index":"index","follow":"follow","max-snippet":"max-snippet:-1","max-image-preview":"max-image-preview:large","max-video-preview":"max-video-preview:-1"},"canonical":"https:\/\/ozolaivas.lv\/en\/product\/sunset-in-the-great-kemeri-bog\/","og_locale":"en_US","og_type":"article","og_title":"Sunset in the Great \u0136emeri bog - Ozolaivas","og_description":"Embark on a peaceful and romantic sunset canoe trip in the Great \u0136emeri bog! We will paddle through the bog lake and the labyrinth of reed islets!","og_url":"https:\/\/ozolaivas.lv\/en\/product\/sunset-in-the-great-kemeri-bog\/","og_site_name":"Ozolaivas","article_publisher":"https:\/\/www.facebook.com\/ozolaivas","article_modified_time":"2025-07-07T14:12:59+00:00","og_image":[{"width":2560,"height":1920,"url":"https:\/\/ozolaivas.lv\/wp-content\/uploads\/2023\/04\/Saulrieta_brauciens_12072024_drone-4-scaled.jpg","type":"image\/jpeg"}],"twitter_card":"summary_large_image","twitter_misc":{"Est. reading time":"4 minutes"},"schema":{"@context":"https:\/\/schema.org","@graph":[{"@type":"WebPage","@id":"https:\/\/ozolaivas.lv\/en\/product\/sunset-in-the-great-kemeri-bog\/","url":"https:\/\/ozolaivas.lv\/en\/product\/sunset-in-the-great-kemeri-bog\/","name":"Sunset in the Great \u0136emeri bog - Ozolaivas","isPartOf":{"@id":"https:\/\/ozolaivas.lv\/#website"},"primaryImageOfPage":{"@id":"https:\/\/ozolaivas.lv\/en\/product\/sunset-in-the-great-kemeri-bog\/#primaryimage"},"image":{"@id":"https:\/\/ozolaivas.lv\/en\/product\/sunset-in-the-great-kemeri-bog\/#primaryimage"},"thumbnailUrl":"https:\/\/ozolaivas.lv\/wp-content\/uploads\/2023\/04\/Saulrieta_brauciens_12072024_drone-4-scaled.jpg","datePublished":"2023-04-04T14:31:28+00:00","dateModified":"2025-07-07T14:12:59+00:00","description":"Embark on a peaceful and romantic sunset canoe trip in the Great \u0136emeri bog! We will paddle through the bog lake and the labyrinth of reed islets!","breadcrumb":{"@id":"https:\/\/ozolaivas.lv\/en\/product\/sunset-in-the-great-kemeri-bog\/#breadcrumb"},"inLanguage":"en-US","potentialAction":[{"@type":"ReadAction","target":["https:\/\/ozolaivas.lv\/en\/product\/sunset-in-the-great-kemeri-bog\/"]}]},{"@type":"ImageObject","inLanguage":"en-US","@id":"https:\/\/ozolaivas.lv\/en\/product\/sunset-in-the-great-kemeri-bog\/#primaryimage","url":"https:\/\/ozolaivas.lv\/wp-content\/uploads\/2023\/04\/Saulrieta_brauciens_12072024_drone-4-scaled.jpg","contentUrl":"https:\/\/ozolaivas.lv\/wp-content\/uploads\/2023\/04\/Saulrieta_brauciens_12072024_drone-4-scaled.jpg","width":2560,"height":1920},{"@type":"BreadcrumbList","@id":"https:\/\/ozolaivas.lv\/en\/product\/sunset-in-the-great-kemeri-bog\/#breadcrumb","itemListElement":[{"@type":"ListItem","position":1,"name":"Home","item":"https:\/\/ozolaivas.lv\/en\/home-landing-page\/"},{"@type":"ListItem","position":2,"name":"Preces","item":"https:\/\/ozolaivas.lv\/shop\/"},{"@type":"ListItem","position":3,"name":"Sunset in the Great \u0136emeri bog"}]},{"@type":"WebSite","@id":"https:\/\/ozolaivas.lv\/#website","url":"https:\/\/ozolaivas.lv\/","name":"Ozolaivas","description":"","potentialAction":[{"@type":"SearchAction","target":{"@type":"EntryPoint","urlTemplate":"https:\/\/ozolaivas.lv\/?s={search_term_string}"},"query-input":{"@type":"PropertyValueSpecification","valueRequired":true,"valueName":"search_term_string"}}],"inLanguage":"en-US"}]}},"jetpack_sharing_enabled":true,"_links":{"self":[{"href":"https:\/\/ozolaivas.lv\/en\/wp-json\/wp\/v2\/product\/20391","targetHints":{"allow":["GET"]}}],"collection":[{"href":"https:\/\/ozolaivas.lv\/en\/wp-json\/wp\/v2\/product"}],"about":[{"href":"https:\/\/ozolaivas.lv\/en\/wp-json\/wp\/v2\/types\/product"}],"author":[{"embeddable":true,"href":"https:\/\/ozolaivas.lv\/en\/wp-json\/wp\/v2\/users\/2"}],"replies":[{"embeddable":true,"href":"https:\/\/ozolaivas.lv\/en\/wp-json\/wp\/v2\/comments?post=20391"}],"wp:featuredmedia":[{"embeddable":true,"href":"https:\/\/ozolaivas.lv\/en\/wp-json\/wp\/v2\/media\/22507"}],"wp:attachment":[{"href":"https:\/\/ozolaivas.lv\/en\/wp-json\/wp\/v2\/media?parent=20391"}],"wp:term":[{"taxonomy":"product_brand","embeddable":true,"href":"https:\/\/ozolaivas.lv\/en\/wp-json\/wp\/v2\/product_brand?post=20391"},{"taxonomy":"product_cat","embeddable":true,"href":"https:\/\/ozolaivas.lv\/en\/wp-json\/wp\/v2\/product_cat?post=20391"},{"taxonomy":"product_tag","embeddable":true,"href":"https:\/\/ozolaivas.lv\/en\/wp-json\/wp\/v2\/product_tag?post=20391"}],"curies":[{"name":"wp","href":"https:\/\/api.w.org\/{rel}","templated":true}]}}