{"id":20408,"date":"2023-04-04T14:03:54","date_gmt":"2023-04-04T14:03:54","guid":{"rendered":"https:\/\/ozolaivas.lv\/product\/berze-from-parukis-to-skibe\/"},"modified":"2026-03-19T17:46:20","modified_gmt":"2026-03-19T17:46:20","slug":"berze-from-parukis-to-skibe","status":"publish","type":"product","link":"https:\/\/ozolaivas.lv\/en\/product\/berze-from-parukis-to-skibe\/","title":{"rendered":"B\u0113rze from Dobele to Milti\u0146i"},"content":{"rendered":"<p><strong>Do you want an interesting and unforgettable adventure? Take your friends or family and join us on a trip in the river B\u0113rze from Dobele to Milti\u0146i!<\/strong><\/p>\n<p>B\u0113rze is a river with <em>character<\/em> and definitely sets its own rules, and paddlers just have to go with the flow. We will paddle along the fastest-flowing stretch of the B\u0113rze river!<\/p>\n<p>The journey will begin at the Dobele Hydroelectric Power Plant dam, located opposite the &#8220;Chemical Plant Spodr\u012bba,&#8221; and will end at Milti\u0146i, by Milti\u0146krogs, where you can replenish after the trip.<\/p>\n<p>The first kilometers of the river will be calmer, but then it becomes swifter as it winds through \u0136esterme\u017es &#8211; there, the riverbanks are unusually steep in some places. Further on, we will reach Par\u016b\u0137i Mill &#8211; nowadays, only the ruins of the mill walls on the left bank of the B\u0113rze and the collapsed dam remain. If the water level will be high enough, we&#8217;ll experience some more extreme sensations as we navigate through the ruins of the collapsed dam. After that, the river with its moderate stream will lead us all the way to Milti\u0146i.<\/p>\n<p><em>The route is of moderate difficulty due to currents and possible fallen trees, and may not be suitable for inexperienced paddlers. <\/em> <\/p>\n<p><strong>Trip length:<\/strong> 14km<br \/>\n<strong>Event duration:<\/strong> ~5,5h<br \/>\n<strong>Trip duration:<\/strong> ~4,5h<\/p>\n<p><strong>Good to know!<\/strong><\/p>\n<p>\u2013 After <em>registration you will receive a confirmation email<\/em>, but <strong>no later than the day before the trip<br \/> (by 12:00), you will receive detailed trip information.<\/strong> (Don\u2019t forget to check your spam folder!)<br \/>\n\u2013 1 rest break on the riverbank is planned<br \/>\n\u2013 The trip may be canceled due to unfavorable weather conditions or if fewer than 4 boats have registered.<br \/>\n\u2013 The price includes transportation for drivers (1 driver\/person per boat).<\/p>\n<p>Registration is recommended <strong>at least 48 hours before the trip.<\/strong> Why? So we can plan the total number of boats and the required equipment.<br \/> If you want to register at the last minute, it&#8217;s best to contact us!<\/p>\n<p><strong>IF I HAVE REGISTERED, BUT CANNOT ATTEND?<\/strong><\/p>\n<p><strong> <\/strong>If, due to various circumstances, you cannot make it to the trip:<\/p>\n<ul>\n<li>you can <u>exchange it for another trip<\/u> on one of the available dates if you notify us at least 48h before the trip.<\/li>\n<li>if less than 48h remain before the trip or if you do not show up, the opportunity to <u>reschedule to another date<\/u> will be lost!<\/li>\n<\/ul>\n<p><strong> <\/strong><em>The full cancellation and rescheduling terms are <a href=\"https:\/\/ozolaivas.lv\/en\/atteikuma-tiesibas\/\">HERE! <\/a><\/em><\/p>\n","protected":false},"excerpt":{"rendered":"<p>Do you want an interesting and unforgettable adventure? Take your friends or family and join us on a trip in the river B\u0113rze from Dobele to Milti\u0146i! B\u0113rze is a river with character and definitely sets its own rules, and paddlers just have to go with the flow. We will paddle along the fastest-flowing stretch of the B\u0113rze river! The journey will begin at the Dobele Hydroelectric Power Plant dam, located opposite the &#8220;Chemical Plant Spodr\u012bba,&#8221; and will end at Milti\u0146i, by Milti\u0146krogs, where you can replenish after the trip. The first kilometers of the river will be calmer, but then it becomes swifter as it winds through \u0136esterme\u017es &#8211; there, the riverbanks are unusually steep in some places. Further on, we will reach Par\u016b\u0137i Mill &#8211; nowadays, only the ruins of the mill walls on the left bank of the B\u0113rze and the collapsed dam remain. If the water level will be high enough, we&#8217;ll experience some more extreme sensations as we navigate through the ruins of the collapsed dam. After that, the river with its moderate stream will lead us all the way to Milti\u0146i. The route is of moderate difficulty due to currents and possible fallen trees, [&hellip;]<\/p>\n","protected":false},"author":2,"featured_media":21151,"comment_status":"closed","ping_status":"closed","template":"","meta":[],"product_brand":[],"product_cat":[139,150],"product_tag":[],"class_list":{"0":"post-20408","1":"product","2":"type-product","3":"status-publish","4":"has-post-thumbnail","6":"product_cat-berze-en","7":"product_cat-all-trips","8":"pif-has-gallery","10":"first","11":"outofstock","12":"taxable","13":"shipping-taxable","14":"product-type-variable"},"yoast_head":"<!-- This site is optimized with the Yoast SEO plugin v24.7 - https:\/\/yoast.com\/wordpress\/plugins\/seo\/ -->\n<title>B\u0113rze from Dobele to Milti\u0146i - Ozolaivas<\/title>\n<meta name=\"description\" content=\"Boat trip in river B\u0113rze: the journey will start at the Dobeles HPP dam and will end at Milti\u0146i.\" \/>\n<meta name=\"robots\" content=\"index, follow, max-snippet:-1, max-image-preview:large, max-video-preview:-1\" \/>\n<link rel=\"canonical\" href=\"https:\/\/ozolaivas.lv\/en\/product\/berze-from-parukis-to-skibe\/\" \/>\n<meta property=\"og:locale\" content=\"en_US\" \/>\n<meta property=\"og:type\" content=\"article\" \/>\n<meta property=\"og:title\" content=\"B\u0113rze from Dobele to Milti\u0146i - Ozolaivas\" \/>\n<meta property=\"og:description\" content=\"Boat trip in river B\u0113rze: the journey will start at the Dobeles HPP dam and will end at Milti\u0146i.\" \/>\n<meta property=\"og:url\" content=\"https:\/\/ozolaivas.lv\/en\/product\/berze-from-parukis-to-skibe\/\" \/>\n<meta property=\"og:site_name\" content=\"Ozolaivas\" \/>\n<meta property=\"article:publisher\" content=\"https:\/\/www.facebook.com\/ozolaivas\" \/>\n<meta property=\"article:modified_time\" content=\"2026-03-19T17:46:20+00:00\" \/>\n<meta property=\"og:image\" content=\"https:\/\/ozolaivas.lv\/wp-content\/uploads\/2023\/04\/26873098356_bb6b2fabd5_k.jpg\" \/>\n\t<meta property=\"og:image:width\" content=\"2048\" \/>\n\t<meta property=\"og:image:height\" content=\"1367\" \/>\n\t<meta property=\"og:image:type\" content=\"image\/jpeg\" \/>\n<meta name=\"twitter:card\" content=\"summary_large_image\" \/>\n<meta name=\"twitter:label1\" content=\"Est. reading time\" \/>\n\t<meta name=\"twitter:data1\" content=\"2 minutes\" \/>\n<script type=\"application\/ld+json\" class=\"yoast-schema-graph\">{\"@context\":\"https:\/\/schema.org\",\"@graph\":[{\"@type\":\"WebPage\",\"@id\":\"https:\/\/ozolaivas.lv\/en\/product\/berze-from-parukis-to-skibe\/\",\"url\":\"https:\/\/ozolaivas.lv\/en\/product\/berze-from-parukis-to-skibe\/\",\"name\":\"B\u0113rze from Dobele to Milti\u0146i - Ozolaivas\",\"isPartOf\":{\"@id\":\"https:\/\/ozolaivas.lv\/#website\"},\"primaryImageOfPage\":{\"@id\":\"https:\/\/ozolaivas.lv\/en\/product\/berze-from-parukis-to-skibe\/#primaryimage\"},\"image\":{\"@id\":\"https:\/\/ozolaivas.lv\/en\/product\/berze-from-parukis-to-skibe\/#primaryimage\"},\"thumbnailUrl\":\"https:\/\/ozolaivas.lv\/wp-content\/uploads\/2023\/04\/26873098356_bb6b2fabd5_k.jpg\",\"datePublished\":\"2023-04-04T14:03:54+00:00\",\"dateModified\":\"2026-03-19T17:46:20+00:00\",\"description\":\"Boat trip in river B\u0113rze: the journey will start at the Dobeles HPP dam and will end at Milti\u0146i.\",\"breadcrumb\":{\"@id\":\"https:\/\/ozolaivas.lv\/en\/product\/berze-from-parukis-to-skibe\/#breadcrumb\"},\"inLanguage\":\"en-US\",\"potentialAction\":[{\"@type\":\"ReadAction\",\"target\":[\"https:\/\/ozolaivas.lv\/en\/product\/berze-from-parukis-to-skibe\/\"]}]},{\"@type\":\"ImageObject\",\"inLanguage\":\"en-US\",\"@id\":\"https:\/\/ozolaivas.lv\/en\/product\/berze-from-parukis-to-skibe\/#primaryimage\",\"url\":\"https:\/\/ozolaivas.lv\/wp-content\/uploads\/2023\/04\/26873098356_bb6b2fabd5_k.jpg\",\"contentUrl\":\"https:\/\/ozolaivas.lv\/wp-content\/uploads\/2023\/04\/26873098356_bb6b2fabd5_k.jpg\",\"width\":2048,\"height\":1367},{\"@type\":\"BreadcrumbList\",\"@id\":\"https:\/\/ozolaivas.lv\/en\/product\/berze-from-parukis-to-skibe\/#breadcrumb\",\"itemListElement\":[{\"@type\":\"ListItem\",\"position\":1,\"name\":\"Home\",\"item\":\"https:\/\/ozolaivas.lv\/en\/\"},{\"@type\":\"ListItem\",\"position\":2,\"name\":\"Preces\",\"item\":\"https:\/\/ozolaivas.lv\/shop\/\"},{\"@type\":\"ListItem\",\"position\":3,\"name\":\"B\u0113rze from Dobele to Milti\u0146i\"}]},{\"@type\":\"WebSite\",\"@id\":\"https:\/\/ozolaivas.lv\/#website\",\"url\":\"https:\/\/ozolaivas.lv\/\",\"name\":\"Ozolaivas\",\"description\":\"\",\"potentialAction\":[{\"@type\":\"SearchAction\",\"target\":{\"@type\":\"EntryPoint\",\"urlTemplate\":\"https:\/\/ozolaivas.lv\/?s={search_term_string}\"},\"query-input\":{\"@type\":\"PropertyValueSpecification\",\"valueRequired\":true,\"valueName\":\"search_term_string\"}}],\"inLanguage\":\"en-US\"}]}<\/script>\n<!-- \/ Yoast SEO plugin. -->","yoast_head_json":{"title":"B\u0113rze from Dobele to Milti\u0146i - Ozolaivas","description":"Boat trip in river B\u0113rze: the journey will start at the Dobeles HPP dam and will end at Milti\u0146i.","robots":{"index":"index","follow":"follow","max-snippet":"max-snippet:-1","max-image-preview":"max-image-preview:large","max-video-preview":"max-video-preview:-1"},"canonical":"https:\/\/ozolaivas.lv\/en\/product\/berze-from-parukis-to-skibe\/","og_locale":"en_US","og_type":"article","og_title":"B\u0113rze from Dobele to Milti\u0146i - Ozolaivas","og_description":"Boat trip in river B\u0113rze: the journey will start at the Dobeles HPP dam and will end at Milti\u0146i.","og_url":"https:\/\/ozolaivas.lv\/en\/product\/berze-from-parukis-to-skibe\/","og_site_name":"Ozolaivas","article_publisher":"https:\/\/www.facebook.com\/ozolaivas","article_modified_time":"2026-03-19T17:46:20+00:00","og_image":[{"width":2048,"height":1367,"url":"https:\/\/ozolaivas.lv\/wp-content\/uploads\/2023\/04\/26873098356_bb6b2fabd5_k.jpg","type":"image\/jpeg"}],"twitter_card":"summary_large_image","twitter_misc":{"Est. reading time":"2 minutes"},"schema":{"@context":"https:\/\/schema.org","@graph":[{"@type":"WebPage","@id":"https:\/\/ozolaivas.lv\/en\/product\/berze-from-parukis-to-skibe\/","url":"https:\/\/ozolaivas.lv\/en\/product\/berze-from-parukis-to-skibe\/","name":"B\u0113rze from Dobele to Milti\u0146i - Ozolaivas","isPartOf":{"@id":"https:\/\/ozolaivas.lv\/#website"},"primaryImageOfPage":{"@id":"https:\/\/ozolaivas.lv\/en\/product\/berze-from-parukis-to-skibe\/#primaryimage"},"image":{"@id":"https:\/\/ozolaivas.lv\/en\/product\/berze-from-parukis-to-skibe\/#primaryimage"},"thumbnailUrl":"https:\/\/ozolaivas.lv\/wp-content\/uploads\/2023\/04\/26873098356_bb6b2fabd5_k.jpg","datePublished":"2023-04-04T14:03:54+00:00","dateModified":"2026-03-19T17:46:20+00:00","description":"Boat trip in river B\u0113rze: the journey will start at the Dobeles HPP dam and will end at Milti\u0146i.","breadcrumb":{"@id":"https:\/\/ozolaivas.lv\/en\/product\/berze-from-parukis-to-skibe\/#breadcrumb"},"inLanguage":"en-US","potentialAction":[{"@type":"ReadAction","target":["https:\/\/ozolaivas.lv\/en\/product\/berze-from-parukis-to-skibe\/"]}]},{"@type":"ImageObject","inLanguage":"en-US","@id":"https:\/\/ozolaivas.lv\/en\/product\/berze-from-parukis-to-skibe\/#primaryimage","url":"https:\/\/ozolaivas.lv\/wp-content\/uploads\/2023\/04\/26873098356_bb6b2fabd5_k.jpg","contentUrl":"https:\/\/ozolaivas.lv\/wp-content\/uploads\/2023\/04\/26873098356_bb6b2fabd5_k.jpg","width":2048,"height":1367},{"@type":"BreadcrumbList","@id":"https:\/\/ozolaivas.lv\/en\/product\/berze-from-parukis-to-skibe\/#breadcrumb","itemListElement":[{"@type":"ListItem","position":1,"name":"Home","item":"https:\/\/ozolaivas.lv\/en\/"},{"@type":"ListItem","position":2,"name":"Preces","item":"https:\/\/ozolaivas.lv\/shop\/"},{"@type":"ListItem","position":3,"name":"B\u0113rze from Dobele to Milti\u0146i"}]},{"@type":"WebSite","@id":"https:\/\/ozolaivas.lv\/#website","url":"https:\/\/ozolaivas.lv\/","name":"Ozolaivas","description":"","potentialAction":[{"@type":"SearchAction","target":{"@type":"EntryPoint","urlTemplate":"https:\/\/ozolaivas.lv\/?s={search_term_string}"},"query-input":{"@type":"PropertyValueSpecification","valueRequired":true,"valueName":"search_term_string"}}],"inLanguage":"en-US"}]}},"jetpack_sharing_enabled":true,"_links":{"self":[{"href":"https:\/\/ozolaivas.lv\/en\/wp-json\/wp\/v2\/product\/20408","targetHints":{"allow":["GET"]}}],"collection":[{"href":"https:\/\/ozolaivas.lv\/en\/wp-json\/wp\/v2\/product"}],"about":[{"href":"https:\/\/ozolaivas.lv\/en\/wp-json\/wp\/v2\/types\/product"}],"author":[{"embeddable":true,"href":"https:\/\/ozolaivas.lv\/en\/wp-json\/wp\/v2\/users\/2"}],"replies":[{"embeddable":true,"href":"https:\/\/ozolaivas.lv\/en\/wp-json\/wp\/v2\/comments?post=20408"}],"wp:featuredmedia":[{"embeddable":true,"href":"https:\/\/ozolaivas.lv\/en\/wp-json\/wp\/v2\/media\/21151"}],"wp:attachment":[{"href":"https:\/\/ozolaivas.lv\/en\/wp-json\/wp\/v2\/media?parent=20408"}],"wp:term":[{"taxonomy":"product_brand","embeddable":true,"href":"https:\/\/ozolaivas.lv\/en\/wp-json\/wp\/v2\/product_brand?post=20408"},{"taxonomy":"product_cat","embeddable":true,"href":"https:\/\/ozolaivas.lv\/en\/wp-json\/wp\/v2\/product_cat?post=20408"},{"taxonomy":"product_tag","embeddable":true,"href":"https:\/\/ozolaivas.lv\/en\/wp-json\/wp\/v2\/product_tag?post=20408"}],"curies":[{"name":"wp","href":"https:\/\/api.w.org\/{rel}","templated":true}]}}