{"id":20409,"date":"2023-04-04T13:52:39","date_gmt":"2023-04-04T13:52:39","guid":{"rendered":"https:\/\/ozolaivas.lv\/product\/berze-dobele-lielberze-dobele\/"},"modified":"2024-10-21T20:42:08","modified_gmt":"2024-10-21T20:42:08","slug":"berze-dobele-lielberze-dobele","status":"publish","type":"product","link":"https:\/\/ozolaivas.lv\/en\/product\/berze-dobele-lielberze-dobele\/","title":{"rendered":"B\u0113rze: Dobele &#8211; Lielbe\u0304rze &#8211; Dobele"},"content":{"rendered":"<p><span style=\"font-weight: 400;\">We invite you to go on a beautiful boat trip along the river B\u0113rze. Starting from Dobeles HES along the river B\u0113rze to Lielb\u0113rze beach, where you will have a rest break and then return back to the starting point. <\/span><\/p>\n<p>On the way back, the sun will set behind the horizon and Dobele will be lit up in the twilight hour, enjoying the beautiful views of the Dobele Castle ruins as well as the illuminated fountains.<\/p>\n<p><span style=\"font-weight: 400;\">B\u0113rze flows in a gentle current along this stretch, outside Dobele it is surrounded by green shores, but in Dobele itself there is a colourful stretch of small gardens, and in the centre you can enjoy the view of the Dobele castle ruins and fountains, which are especially beautiful in the evening twilight. <\/span><\/p>\n<p><span style=\"font-weight: 400;\">Trip length: <\/span><b>8km<\/b><br \/>\n<span style=\"font-weight: 400;\">Trip duration: <\/span><b>3 hours<\/b><\/p>\n<p>1) The route is accessible throughout the whole season. Both day and evening &#8211; sunset trips are possible. The route is easy, also suitable for beginners and families with children.<br \/>\n2) You will receive an informative email from Ozolaivas the day before the trip, before 19:00!<br \/>\n3) The trip may be canceled due to bad weather conditions or if there are fewer than 4 boats registered.<br \/>\n4) One break is planned, snacks, tea\/coffee are to be provided by yourselves.<\/p>\n<p>Place of arrival: Dobele HPP <a href=\"https:\/\/goo.gl\/maps\/tgaDatCCwp7HcJ888\" target=\"_blank\" rel=\"noopener\">Coordinates of the place of arrival<\/a><\/p>\n<p>Weather forecast in Dobele <a href=\"https:\/\/www.yr.no\/en\/forecast\/daily-table\/2-460312\/Latvia\/Dobeles\/Dobele\/Dobele\">HERE!<\/a><\/p>\n","protected":false},"excerpt":{"rendered":"<p>We invite you to go on a beautiful boat trip along the river B\u0113rze. Starting from Dobeles HES along the river B\u0113rze to Lielb\u0113rze beach, where you will have a rest break and then return back to the starting point. On the way back, the sun will set behind the horizon and Dobele will be lit up in the twilight hour, enjoying the beautiful views of the Dobele Castle ruins as well as the illuminated fountains. B\u0113rze flows in a gentle current along this stretch, outside Dobele it is surrounded by green shores, but in Dobele itself there is a colourful stretch of small gardens, and in the centre you can enjoy the view of the Dobele castle ruins and fountains, which are especially beautiful in the evening twilight. Trip length: 8km Trip duration: 3 hours 1) The route is accessible throughout the whole season. Both day and evening &#8211; sunset trips are possible. The route is easy, also suitable for beginners and families with children. 2) You will receive an informative email from Ozolaivas the day before the trip, before 19:00! 3) The trip may be canceled due to bad weather conditions or if there are fewer than 4 [&hellip;]<\/p>\n","protected":false},"author":2,"featured_media":16210,"comment_status":"closed","ping_status":"closed","template":"","meta":[],"product_brand":[],"product_cat":[139,150],"product_tag":[],"class_list":{"0":"post-20409","1":"product","2":"type-product","3":"status-publish","4":"has-post-thumbnail","6":"product_cat-berze-en","7":"product_cat-all-trips","8":"pif-has-gallery","10":"first","11":"outofstock","12":"taxable","13":"shipping-taxable","14":"product-type-variable"},"yoast_head":"<!-- This site is optimized with the Yoast SEO plugin v24.7 - https:\/\/yoast.com\/wordpress\/plugins\/seo\/ -->\n<title>B\u0113rze: Dobele - Lielbe\u0304rze - Dobele - Ozolaivas<\/title>\n<meta name=\"description\" content=\"Canoe trip from Dobele hydroelectric power plant to Lielb\u0113rze and back. We will enjoy the landscapes of Dobele, especially the illuminated castle ruins and fountains during the golden hour.\" \/>\n<meta name=\"robots\" content=\"index, follow, max-snippet:-1, max-image-preview:large, max-video-preview:-1\" \/>\n<link rel=\"canonical\" href=\"https:\/\/ozolaivas.lv\/en\/product\/berze-dobele-lielberze-dobele\/\" \/>\n<meta property=\"og:locale\" content=\"en_US\" \/>\n<meta property=\"og:type\" content=\"article\" \/>\n<meta property=\"og:title\" content=\"B\u0113rze: Dobele - Lielbe\u0304rze - Dobele - Ozolaivas\" \/>\n<meta property=\"og:description\" content=\"Canoe trip from Dobele hydroelectric power plant to Lielb\u0113rze and back. We will enjoy the landscapes of Dobele, especially the illuminated castle ruins and fountains during the golden hour.\" \/>\n<meta property=\"og:url\" content=\"https:\/\/ozolaivas.lv\/en\/product\/berze-dobele-lielberze-dobele\/\" \/>\n<meta property=\"og:site_name\" content=\"Ozolaivas\" \/>\n<meta property=\"article:publisher\" content=\"https:\/\/www.facebook.com\/ozolaivas\" \/>\n<meta property=\"article:modified_time\" content=\"2024-10-21T20:42:08+00:00\" \/>\n<meta property=\"og:image\" content=\"https:\/\/ozolaivas.lv\/wp-content\/uploads\/2023\/04\/30158408018_cdce0b3d46_o-scaled.jpg\" \/>\n\t<meta property=\"og:image:width\" content=\"2560\" \/>\n\t<meta property=\"og:image:height\" content=\"1707\" \/>\n\t<meta property=\"og:image:type\" content=\"image\/jpeg\" \/>\n<meta name=\"twitter:card\" content=\"summary_large_image\" \/>\n<meta name=\"twitter:label1\" content=\"Est. reading time\" \/>\n\t<meta name=\"twitter:data1\" content=\"2 minutes\" \/>\n<script type=\"application\/ld+json\" class=\"yoast-schema-graph\">{\"@context\":\"https:\/\/schema.org\",\"@graph\":[{\"@type\":\"WebPage\",\"@id\":\"https:\/\/ozolaivas.lv\/en\/product\/berze-dobele-lielberze-dobele\/\",\"url\":\"https:\/\/ozolaivas.lv\/en\/product\/berze-dobele-lielberze-dobele\/\",\"name\":\"B\u0113rze: Dobele - Lielbe\u0304rze - Dobele - Ozolaivas\",\"isPartOf\":{\"@id\":\"https:\/\/ozolaivas.lv\/#website\"},\"primaryImageOfPage\":{\"@id\":\"https:\/\/ozolaivas.lv\/en\/product\/berze-dobele-lielberze-dobele\/#primaryimage\"},\"image\":{\"@id\":\"https:\/\/ozolaivas.lv\/en\/product\/berze-dobele-lielberze-dobele\/#primaryimage\"},\"thumbnailUrl\":\"https:\/\/ozolaivas.lv\/wp-content\/uploads\/2023\/04\/30158408018_cdce0b3d46_o-scaled.jpg\",\"datePublished\":\"2023-04-04T13:52:39+00:00\",\"dateModified\":\"2024-10-21T20:42:08+00:00\",\"description\":\"Canoe trip from Dobele hydroelectric power plant to Lielb\u0113rze and back. We will enjoy the landscapes of Dobele, especially the illuminated castle ruins and fountains during the golden hour.\",\"breadcrumb\":{\"@id\":\"https:\/\/ozolaivas.lv\/en\/product\/berze-dobele-lielberze-dobele\/#breadcrumb\"},\"inLanguage\":\"en-US\",\"potentialAction\":[{\"@type\":\"ReadAction\",\"target\":[\"https:\/\/ozolaivas.lv\/en\/product\/berze-dobele-lielberze-dobele\/\"]}]},{\"@type\":\"ImageObject\",\"inLanguage\":\"en-US\",\"@id\":\"https:\/\/ozolaivas.lv\/en\/product\/berze-dobele-lielberze-dobele\/#primaryimage\",\"url\":\"https:\/\/ozolaivas.lv\/wp-content\/uploads\/2023\/04\/30158408018_cdce0b3d46_o-scaled.jpg\",\"contentUrl\":\"https:\/\/ozolaivas.lv\/wp-content\/uploads\/2023\/04\/30158408018_cdce0b3d46_o-scaled.jpg\",\"width\":2560,\"height\":1707,\"caption\":\"Sieviete kanoe laiv\u0101 pie Dobeles str\u016bklak\u0101m\"},{\"@type\":\"BreadcrumbList\",\"@id\":\"https:\/\/ozolaivas.lv\/en\/product\/berze-dobele-lielberze-dobele\/#breadcrumb\",\"itemListElement\":[{\"@type\":\"ListItem\",\"position\":1,\"name\":\"Home\",\"item\":\"https:\/\/ozolaivas.lv\/en\/\"},{\"@type\":\"ListItem\",\"position\":2,\"name\":\"Preces\",\"item\":\"https:\/\/ozolaivas.lv\/shop\/\"},{\"@type\":\"ListItem\",\"position\":3,\"name\":\"B\u0113rze: Dobele &#8211; Lielbe\u0304rze &#8211; Dobele\"}]},{\"@type\":\"WebSite\",\"@id\":\"https:\/\/ozolaivas.lv\/#website\",\"url\":\"https:\/\/ozolaivas.lv\/\",\"name\":\"Ozolaivas\",\"description\":\"\",\"potentialAction\":[{\"@type\":\"SearchAction\",\"target\":{\"@type\":\"EntryPoint\",\"urlTemplate\":\"https:\/\/ozolaivas.lv\/?s={search_term_string}\"},\"query-input\":{\"@type\":\"PropertyValueSpecification\",\"valueRequired\":true,\"valueName\":\"search_term_string\"}}],\"inLanguage\":\"en-US\"}]}<\/script>\n<!-- \/ Yoast SEO plugin. -->","yoast_head_json":{"title":"B\u0113rze: Dobele - Lielbe\u0304rze - Dobele - Ozolaivas","description":"Canoe trip from Dobele hydroelectric power plant to Lielb\u0113rze and back. We will enjoy the landscapes of Dobele, especially the illuminated castle ruins and fountains during the golden hour.","robots":{"index":"index","follow":"follow","max-snippet":"max-snippet:-1","max-image-preview":"max-image-preview:large","max-video-preview":"max-video-preview:-1"},"canonical":"https:\/\/ozolaivas.lv\/en\/product\/berze-dobele-lielberze-dobele\/","og_locale":"en_US","og_type":"article","og_title":"B\u0113rze: Dobele - Lielbe\u0304rze - Dobele - Ozolaivas","og_description":"Canoe trip from Dobele hydroelectric power plant to Lielb\u0113rze and back. We will enjoy the landscapes of Dobele, especially the illuminated castle ruins and fountains during the golden hour.","og_url":"https:\/\/ozolaivas.lv\/en\/product\/berze-dobele-lielberze-dobele\/","og_site_name":"Ozolaivas","article_publisher":"https:\/\/www.facebook.com\/ozolaivas","article_modified_time":"2024-10-21T20:42:08+00:00","og_image":[{"width":2560,"height":1707,"url":"https:\/\/ozolaivas.lv\/wp-content\/uploads\/2023\/04\/30158408018_cdce0b3d46_o-scaled.jpg","type":"image\/jpeg"}],"twitter_card":"summary_large_image","twitter_misc":{"Est. reading time":"2 minutes"},"schema":{"@context":"https:\/\/schema.org","@graph":[{"@type":"WebPage","@id":"https:\/\/ozolaivas.lv\/en\/product\/berze-dobele-lielberze-dobele\/","url":"https:\/\/ozolaivas.lv\/en\/product\/berze-dobele-lielberze-dobele\/","name":"B\u0113rze: Dobele - Lielbe\u0304rze - Dobele - Ozolaivas","isPartOf":{"@id":"https:\/\/ozolaivas.lv\/#website"},"primaryImageOfPage":{"@id":"https:\/\/ozolaivas.lv\/en\/product\/berze-dobele-lielberze-dobele\/#primaryimage"},"image":{"@id":"https:\/\/ozolaivas.lv\/en\/product\/berze-dobele-lielberze-dobele\/#primaryimage"},"thumbnailUrl":"https:\/\/ozolaivas.lv\/wp-content\/uploads\/2023\/04\/30158408018_cdce0b3d46_o-scaled.jpg","datePublished":"2023-04-04T13:52:39+00:00","dateModified":"2024-10-21T20:42:08+00:00","description":"Canoe trip from Dobele hydroelectric power plant to Lielb\u0113rze and back. We will enjoy the landscapes of Dobele, especially the illuminated castle ruins and fountains during the golden hour.","breadcrumb":{"@id":"https:\/\/ozolaivas.lv\/en\/product\/berze-dobele-lielberze-dobele\/#breadcrumb"},"inLanguage":"en-US","potentialAction":[{"@type":"ReadAction","target":["https:\/\/ozolaivas.lv\/en\/product\/berze-dobele-lielberze-dobele\/"]}]},{"@type":"ImageObject","inLanguage":"en-US","@id":"https:\/\/ozolaivas.lv\/en\/product\/berze-dobele-lielberze-dobele\/#primaryimage","url":"https:\/\/ozolaivas.lv\/wp-content\/uploads\/2023\/04\/30158408018_cdce0b3d46_o-scaled.jpg","contentUrl":"https:\/\/ozolaivas.lv\/wp-content\/uploads\/2023\/04\/30158408018_cdce0b3d46_o-scaled.jpg","width":2560,"height":1707,"caption":"Sieviete kanoe laiv\u0101 pie Dobeles str\u016bklak\u0101m"},{"@type":"BreadcrumbList","@id":"https:\/\/ozolaivas.lv\/en\/product\/berze-dobele-lielberze-dobele\/#breadcrumb","itemListElement":[{"@type":"ListItem","position":1,"name":"Home","item":"https:\/\/ozolaivas.lv\/en\/"},{"@type":"ListItem","position":2,"name":"Preces","item":"https:\/\/ozolaivas.lv\/shop\/"},{"@type":"ListItem","position":3,"name":"B\u0113rze: Dobele &#8211; Lielbe\u0304rze &#8211; Dobele"}]},{"@type":"WebSite","@id":"https:\/\/ozolaivas.lv\/#website","url":"https:\/\/ozolaivas.lv\/","name":"Ozolaivas","description":"","potentialAction":[{"@type":"SearchAction","target":{"@type":"EntryPoint","urlTemplate":"https:\/\/ozolaivas.lv\/?s={search_term_string}"},"query-input":{"@type":"PropertyValueSpecification","valueRequired":true,"valueName":"search_term_string"}}],"inLanguage":"en-US"}]}},"jetpack_sharing_enabled":true,"_links":{"self":[{"href":"https:\/\/ozolaivas.lv\/en\/wp-json\/wp\/v2\/product\/20409","targetHints":{"allow":["GET"]}}],"collection":[{"href":"https:\/\/ozolaivas.lv\/en\/wp-json\/wp\/v2\/product"}],"about":[{"href":"https:\/\/ozolaivas.lv\/en\/wp-json\/wp\/v2\/types\/product"}],"author":[{"embeddable":true,"href":"https:\/\/ozolaivas.lv\/en\/wp-json\/wp\/v2\/users\/2"}],"replies":[{"embeddable":true,"href":"https:\/\/ozolaivas.lv\/en\/wp-json\/wp\/v2\/comments?post=20409"}],"wp:featuredmedia":[{"embeddable":true,"href":"https:\/\/ozolaivas.lv\/en\/wp-json\/wp\/v2\/media\/16210"}],"wp:attachment":[{"href":"https:\/\/ozolaivas.lv\/en\/wp-json\/wp\/v2\/media?parent=20409"}],"wp:term":[{"taxonomy":"product_brand","embeddable":true,"href":"https:\/\/ozolaivas.lv\/en\/wp-json\/wp\/v2\/product_brand?post=20409"},{"taxonomy":"product_cat","embeddable":true,"href":"https:\/\/ozolaivas.lv\/en\/wp-json\/wp\/v2\/product_cat?post=20409"},{"taxonomy":"product_tag","embeddable":true,"href":"https:\/\/ozolaivas.lv\/en\/wp-json\/wp\/v2\/product_tag?post=20409"}],"curies":[{"name":"wp","href":"https:\/\/api.w.org\/{rel}","templated":true}]}}