{"id":23121,"date":"2023-07-31T07:54:30","date_gmt":"2023-07-31T07:54:30","guid":{"rendered":"https:\/\/ozolaivas.lv\/product\/sunrise-in-smarde-green-bog\/"},"modified":"2025-08-10T10:50:39","modified_gmt":"2025-08-10T10:50:39","slug":"sunrise-in-smarde-green-bog","status":"publish","type":"product","link":"https:\/\/ozolaivas.lv\/en\/product\/sunrise-in-smarde-green-bog\/","title":{"rendered":"Sunrise in Sm\u0101rde Green Bog"},"content":{"rendered":"<p><strong>Welcome a magical morning in the world of cormorants!<\/strong><\/p>\n<p class=\"\" data-start=\"55\" data-end=\"321\">The first rays of the sun slowly illuminate the swamp, the morning mist curls over the emerald green water, and the silence is broken only by the calls of the cormorants\u2026 This sunrise trip in the Sm\u0101rde Green swamp is an <strong>unforgettable opportunity to experience the magic of nature and a mysterious landscape!<\/strong><\/p>\n<p class=\"\" data-start=\"323\" data-end=\"705\"><strong data-start=\"326\" data-end=\"359\">A journey into the world of cormorants.<\/strong><br data-start=\"359\" data-end=\"362\">The Green swamp is a place with a rich history \u2013 in the mid-20th century, peat was extracted here, but the extraction was halted after the discovery of hydrogen sulfide mineral waters. The peat quarries transformed into picturesque reservoirs, where today cormorants, or sea crows, reside. They build their nests on the dead trees, creating a surreal and apocalyptic landscape.<\/p>\n<p class=\"\" data-start=\"707\" data-end=\"985\"><strong data-start=\"710\" data-end=\"751\">Why choose a sunrise trip?<\/strong><br data-start=\"751\" data-end=\"754\">\u2714\ufe0f <strong data-start=\"757\" data-end=\"780\">An unforgettable view<\/strong> \u2013 the play of sunlight on the water and trees veiled in mist.<br data-start=\"832\" data-end=\"835\">\u2714\ufe0f <strong data-start=\"838\" data-end=\"859\" data-is-only-node=\"\">A unique atmosphere<\/strong> \u2013 silence, the sounds of nature, and the mystery of the swamp.<br data-start=\"907\" data-end=\"910\">\u2714\ufe0f <strong data-start=\"913\" data-end=\"929\">Proximity to nature<\/strong> \u2013 the opportunity to observe cormorants and other swamp inhabitants.<\/p>\n<p>Trip length: <b>3km<\/b><br \/>\nTrip duration: ~<b>2,5 hours<\/b><\/p>\n<p>Difficulty level: The route is easy, with no current, making it suitable for beginners and families with children.<\/p>\n<p><strong>Good to know!<\/strong><\/p>\n<p>1. After <em>registration you will receive a confirmation email<\/em>, but <strong>no later than the day before the trip<br \/> (by 12:00), you will receive detailed trip information.<\/strong> (Don\u2019t forget to check your spam folder!)<br \/>\n2. One rest brake is planned<br \/>\n3. The trip may be canceled due to bad weather conditions or if fewer than 4 boats are registered.<\/p>\n<p><strong> <\/strong>Registration is recommended <strong>at least 48 hours before the trip.<\/strong> Why? So we can plan the total number of boats and the required equipment.<br data-mce-bogus=\"1\"> If you want to sign up at the last minute, it&#8217;s better to give us a call first!<\/p>\n<p><strong><br \/>\nIF I HAVE REGISTERED, BUT CANNOT ATTEND?<\/strong><\/p>\n<p><strong> <\/strong>If, due to various circumstances, you cannot make it to the trip:<\/p>\n<p>&#8211; you can <u>swap it for another trip<\/u> on one of the available dates (if there is space), as long as you notify us at least 48 hours before the scheduled trip;<\/p>\n<p>&#8211; if less than 48 hours remain before the trip or if you don&#8217;t show up, the opportunity to <u>reschedule to another date<\/u> will be lost!<\/p>\n<p><strong> <\/strong><em>The full cancellation and rescheduling terms are <a href=\"https:\/\/ozolaivas.lv\/en\/atteikuma-tiesibas\/\">HERE! <\/a><\/em><\/p>\n<p><strong><br \/>\nIF YOU HAVE ANY OF THE PARTNER GIFT CARDS (D\u0101vanu serviss, Lieliska d\u0101vana, D\u0101vanu sala):<\/strong><\/p>\n<p><strong> Register for the trip:<\/strong><br \/>\n1) choose your desired date and the boat size indicated on the gift card;<br \/>\n2) select the type of partner gift card and enter the gift card code;<br \/>\n3) add to the shopping cart;<br \/>\n4) fill in the necessary contact information and click \u201cPlace order\u201d.<\/p>\n<p>Before registering, make sure your <strong>gift card is valid!<\/strong><\/p>\n<p><strong>If, due to various circumstances, you cannot make it to the trip:<\/strong><\/p>\n<p>&#8211; you can <u>swap it for another<\/u> available date (if there is space on the trip) by notifying us at least 48 hours before the scheduled trip;<\/p>\n<p>&#8211; if less than 48 hours remain before the trip or if you do not show up, the gift voucher will be considered used, and <u>rescheduling will not be possible!<\/u><\/p>\n","protected":false},"excerpt":{"rendered":"<p>Welcome a magical morning in the world of cormorants! The first rays of the sun slowly illuminate the swamp, the morning mist curls over the emerald green water, and the silence is broken only by the calls of the cormorants\u2026 This sunrise trip in the Sm\u0101rde Green swamp is an unforgettable opportunity to experience the magic of nature and a mysterious landscape! A journey into the world of cormorants.The Green swamp is a place with a rich history \u2013 in the mid-20th century, peat was extracted here, but the extraction was halted after the discovery of hydrogen sulfide mineral waters. The peat quarries transformed into picturesque reservoirs, where today cormorants, or sea crows, reside. They build their nests on the dead trees, creating a surreal and apocalyptic landscape. Why choose a sunrise trip?\u2714\ufe0f An unforgettable view \u2013 the play of sunlight on the water and trees veiled in mist.\u2714\ufe0f A unique atmosphere \u2013 silence, the sounds of nature, and the mystery of the swamp.\u2714\ufe0f Proximity to nature \u2013 the opportunity to observe cormorants and other swamp inhabitants. Trip length: 3km Trip duration: ~2,5 hours Difficulty level: The route is easy, with no current, making it suitable for beginners and families [&hellip;]<\/p>\n","protected":false},"author":2,"featured_media":18957,"comment_status":"open","ping_status":"closed","template":"","meta":[],"product_brand":[],"product_cat":[176,150],"product_tag":[],"class_list":{"0":"post-23121","1":"product","2":"type-product","3":"status-publish","4":"has-post-thumbnail","6":"product_cat-smarde-bog","7":"product_cat-all-trips","8":"pif-has-gallery","10":"first","11":"instock","12":"taxable","13":"shipping-taxable","14":"purchasable","15":"product-type-variable"},"yoast_head":"<!-- This site is optimized with the Yoast SEO plugin v24.7 - https:\/\/yoast.com\/wordpress\/plugins\/seo\/ -->\n<title>Sunrise in Sm\u0101rde Green Bog - Ozolaivas<\/title>\n<meta name=\"description\" content=\"Enjoy the magical moments in the bog - admire the beauty of the sunrise! Let&#039;s go to the world of cormorants to see the sunrise!\" \/>\n<meta name=\"robots\" content=\"index, follow, max-snippet:-1, max-image-preview:large, max-video-preview:-1\" \/>\n<link rel=\"canonical\" href=\"https:\/\/ozolaivas.lv\/en\/product\/sunrise-in-smarde-green-bog\/\" \/>\n<meta property=\"og:locale\" content=\"en_US\" \/>\n<meta property=\"og:type\" content=\"article\" \/>\n<meta property=\"og:title\" content=\"Sunrise in Sm\u0101rde Green Bog - Ozolaivas\" \/>\n<meta property=\"og:description\" content=\"Enjoy the magical moments in the bog - admire the beauty of the sunrise! Let&#039;s go to the world of cormorants to see the sunrise!\" \/>\n<meta property=\"og:url\" content=\"https:\/\/ozolaivas.lv\/en\/product\/sunrise-in-smarde-green-bog\/\" \/>\n<meta property=\"og:site_name\" content=\"Ozolaivas\" \/>\n<meta property=\"article:publisher\" content=\"https:\/\/www.facebook.com\/ozolaivas\" \/>\n<meta property=\"article:modified_time\" content=\"2025-08-10T10:50:39+00:00\" \/>\n<meta property=\"og:image\" content=\"https:\/\/ozolaivas.lv\/wp-content\/uploads\/2023\/07\/LHFD2535.jpg\" \/>\n\t<meta property=\"og:image:width\" content=\"1824\" \/>\n\t<meta property=\"og:image:height\" content=\"872\" \/>\n\t<meta property=\"og:image:type\" content=\"image\/jpeg\" \/>\n<meta name=\"twitter:card\" content=\"summary_large_image\" \/>\n<meta name=\"twitter:label1\" content=\"Est. reading time\" \/>\n\t<meta name=\"twitter:data1\" content=\"3 minutes\" \/>\n<script type=\"application\/ld+json\" class=\"yoast-schema-graph\">{\"@context\":\"https:\/\/schema.org\",\"@graph\":[{\"@type\":\"WebPage\",\"@id\":\"https:\/\/ozolaivas.lv\/en\/product\/sunrise-in-smarde-green-bog\/\",\"url\":\"https:\/\/ozolaivas.lv\/en\/product\/sunrise-in-smarde-green-bog\/\",\"name\":\"Sunrise in Sm\u0101rde Green Bog - Ozolaivas\",\"isPartOf\":{\"@id\":\"https:\/\/ozolaivas.lv\/#website\"},\"primaryImageOfPage\":{\"@id\":\"https:\/\/ozolaivas.lv\/en\/product\/sunrise-in-smarde-green-bog\/#primaryimage\"},\"image\":{\"@id\":\"https:\/\/ozolaivas.lv\/en\/product\/sunrise-in-smarde-green-bog\/#primaryimage\"},\"thumbnailUrl\":\"https:\/\/ozolaivas.lv\/wp-content\/uploads\/2023\/07\/LHFD2535.jpg\",\"datePublished\":\"2023-07-31T07:54:30+00:00\",\"dateModified\":\"2025-08-10T10:50:39+00:00\",\"description\":\"Enjoy the magical moments in the bog - admire the beauty of the sunrise! Let's go to the world of cormorants to see the sunrise!\",\"breadcrumb\":{\"@id\":\"https:\/\/ozolaivas.lv\/en\/product\/sunrise-in-smarde-green-bog\/#breadcrumb\"},\"inLanguage\":\"en-US\",\"potentialAction\":[{\"@type\":\"ReadAction\",\"target\":[\"https:\/\/ozolaivas.lv\/en\/product\/sunrise-in-smarde-green-bog\/\"]}]},{\"@type\":\"ImageObject\",\"inLanguage\":\"en-US\",\"@id\":\"https:\/\/ozolaivas.lv\/en\/product\/sunrise-in-smarde-green-bog\/#primaryimage\",\"url\":\"https:\/\/ozolaivas.lv\/wp-content\/uploads\/2023\/07\/LHFD2535.jpg\",\"contentUrl\":\"https:\/\/ozolaivas.lv\/wp-content\/uploads\/2023\/07\/LHFD2535.jpg\",\"width\":1824,\"height\":872,\"caption\":\"Kanoe laiva Sm\u0101rdes purva saull\u0113kt\u0101\"},{\"@type\":\"BreadcrumbList\",\"@id\":\"https:\/\/ozolaivas.lv\/en\/product\/sunrise-in-smarde-green-bog\/#breadcrumb\",\"itemListElement\":[{\"@type\":\"ListItem\",\"position\":1,\"name\":\"Home\",\"item\":\"https:\/\/ozolaivas.lv\/en\/\"},{\"@type\":\"ListItem\",\"position\":2,\"name\":\"Preces\",\"item\":\"https:\/\/ozolaivas.lv\/shop\/\"},{\"@type\":\"ListItem\",\"position\":3,\"name\":\"Sunrise in Sm\u0101rde Green Bog\"}]},{\"@type\":\"WebSite\",\"@id\":\"https:\/\/ozolaivas.lv\/#website\",\"url\":\"https:\/\/ozolaivas.lv\/\",\"name\":\"Ozolaivas\",\"description\":\"\",\"potentialAction\":[{\"@type\":\"SearchAction\",\"target\":{\"@type\":\"EntryPoint\",\"urlTemplate\":\"https:\/\/ozolaivas.lv\/?s={search_term_string}\"},\"query-input\":{\"@type\":\"PropertyValueSpecification\",\"valueRequired\":true,\"valueName\":\"search_term_string\"}}],\"inLanguage\":\"en-US\"}]}<\/script>\n<!-- \/ Yoast SEO plugin. -->","yoast_head_json":{"title":"Sunrise in Sm\u0101rde Green Bog - Ozolaivas","description":"Enjoy the magical moments in the bog - admire the beauty of the sunrise! Let's go to the world of cormorants to see the sunrise!","robots":{"index":"index","follow":"follow","max-snippet":"max-snippet:-1","max-image-preview":"max-image-preview:large","max-video-preview":"max-video-preview:-1"},"canonical":"https:\/\/ozolaivas.lv\/en\/product\/sunrise-in-smarde-green-bog\/","og_locale":"en_US","og_type":"article","og_title":"Sunrise in Sm\u0101rde Green Bog - Ozolaivas","og_description":"Enjoy the magical moments in the bog - admire the beauty of the sunrise! Let's go to the world of cormorants to see the sunrise!","og_url":"https:\/\/ozolaivas.lv\/en\/product\/sunrise-in-smarde-green-bog\/","og_site_name":"Ozolaivas","article_publisher":"https:\/\/www.facebook.com\/ozolaivas","article_modified_time":"2025-08-10T10:50:39+00:00","og_image":[{"width":1824,"height":872,"url":"https:\/\/ozolaivas.lv\/wp-content\/uploads\/2023\/07\/LHFD2535.jpg","type":"image\/jpeg"}],"twitter_card":"summary_large_image","twitter_misc":{"Est. reading time":"3 minutes"},"schema":{"@context":"https:\/\/schema.org","@graph":[{"@type":"WebPage","@id":"https:\/\/ozolaivas.lv\/en\/product\/sunrise-in-smarde-green-bog\/","url":"https:\/\/ozolaivas.lv\/en\/product\/sunrise-in-smarde-green-bog\/","name":"Sunrise in Sm\u0101rde Green Bog - Ozolaivas","isPartOf":{"@id":"https:\/\/ozolaivas.lv\/#website"},"primaryImageOfPage":{"@id":"https:\/\/ozolaivas.lv\/en\/product\/sunrise-in-smarde-green-bog\/#primaryimage"},"image":{"@id":"https:\/\/ozolaivas.lv\/en\/product\/sunrise-in-smarde-green-bog\/#primaryimage"},"thumbnailUrl":"https:\/\/ozolaivas.lv\/wp-content\/uploads\/2023\/07\/LHFD2535.jpg","datePublished":"2023-07-31T07:54:30+00:00","dateModified":"2025-08-10T10:50:39+00:00","description":"Enjoy the magical moments in the bog - admire the beauty of the sunrise! Let's go to the world of cormorants to see the sunrise!","breadcrumb":{"@id":"https:\/\/ozolaivas.lv\/en\/product\/sunrise-in-smarde-green-bog\/#breadcrumb"},"inLanguage":"en-US","potentialAction":[{"@type":"ReadAction","target":["https:\/\/ozolaivas.lv\/en\/product\/sunrise-in-smarde-green-bog\/"]}]},{"@type":"ImageObject","inLanguage":"en-US","@id":"https:\/\/ozolaivas.lv\/en\/product\/sunrise-in-smarde-green-bog\/#primaryimage","url":"https:\/\/ozolaivas.lv\/wp-content\/uploads\/2023\/07\/LHFD2535.jpg","contentUrl":"https:\/\/ozolaivas.lv\/wp-content\/uploads\/2023\/07\/LHFD2535.jpg","width":1824,"height":872,"caption":"Kanoe laiva Sm\u0101rdes purva saull\u0113kt\u0101"},{"@type":"BreadcrumbList","@id":"https:\/\/ozolaivas.lv\/en\/product\/sunrise-in-smarde-green-bog\/#breadcrumb","itemListElement":[{"@type":"ListItem","position":1,"name":"Home","item":"https:\/\/ozolaivas.lv\/en\/"},{"@type":"ListItem","position":2,"name":"Preces","item":"https:\/\/ozolaivas.lv\/shop\/"},{"@type":"ListItem","position":3,"name":"Sunrise in Sm\u0101rde Green Bog"}]},{"@type":"WebSite","@id":"https:\/\/ozolaivas.lv\/#website","url":"https:\/\/ozolaivas.lv\/","name":"Ozolaivas","description":"","potentialAction":[{"@type":"SearchAction","target":{"@type":"EntryPoint","urlTemplate":"https:\/\/ozolaivas.lv\/?s={search_term_string}"},"query-input":{"@type":"PropertyValueSpecification","valueRequired":true,"valueName":"search_term_string"}}],"inLanguage":"en-US"}]}},"jetpack_sharing_enabled":true,"_links":{"self":[{"href":"https:\/\/ozolaivas.lv\/en\/wp-json\/wp\/v2\/product\/23121","targetHints":{"allow":["GET"]}}],"collection":[{"href":"https:\/\/ozolaivas.lv\/en\/wp-json\/wp\/v2\/product"}],"about":[{"href":"https:\/\/ozolaivas.lv\/en\/wp-json\/wp\/v2\/types\/product"}],"author":[{"embeddable":true,"href":"https:\/\/ozolaivas.lv\/en\/wp-json\/wp\/v2\/users\/2"}],"replies":[{"embeddable":true,"href":"https:\/\/ozolaivas.lv\/en\/wp-json\/wp\/v2\/comments?post=23121"}],"wp:featuredmedia":[{"embeddable":true,"href":"https:\/\/ozolaivas.lv\/en\/wp-json\/wp\/v2\/media\/18957"}],"wp:attachment":[{"href":"https:\/\/ozolaivas.lv\/en\/wp-json\/wp\/v2\/media?parent=23121"}],"wp:term":[{"taxonomy":"product_brand","embeddable":true,"href":"https:\/\/ozolaivas.lv\/en\/wp-json\/wp\/v2\/product_brand?post=23121"},{"taxonomy":"product_cat","embeddable":true,"href":"https:\/\/ozolaivas.lv\/en\/wp-json\/wp\/v2\/product_cat?post=23121"},{"taxonomy":"product_tag","embeddable":true,"href":"https:\/\/ozolaivas.lv\/en\/wp-json\/wp\/v2\/product_tag?post=23121"}],"curies":[{"name":"wp","href":"https:\/\/api.w.org\/{rel}","templated":true}]}}