{"id":23123,"date":"2024-07-28T09:03:49","date_gmt":"2024-07-28T09:03:49","guid":{"rendered":"https:\/\/ozolaivas.lv\/product\/memele-along-the-latvia-lithuania-border\/"},"modified":"2025-07-14T10:31:42","modified_gmt":"2025-07-14T10:31:42","slug":"memele-along-the-latvia-lithuania-border","status":"publish","type":"product","link":"https:\/\/ozolaivas.lv\/en\/product\/memele-along-the-latvia-lithuania-border\/","title":{"rendered":"M\u0113mele: along the Latvia &#8211; Lithuania border"},"content":{"rendered":"<p><strong>Join the boat trip on the M\u0113mele river in the section near Skaistkalne!<br data-mce-bogus=\"1\"><\/strong><\/p>\n<p>The trip will start just above Skaistkalne, and we will paddle down to the \u0100ne &#8211; M\u0113mele manor park.<br data-mce-bogus=\"1\"> The M\u0113mele river in this section is a border river\u2014on one bank is Latvia, and on the other is Lithuania!<\/p>\n<p>The trip is scenic, peaceful, and offers an opportunity to explore the rich diversity of Latvia&#8217;s aquatic flora.<br data-mce-bogus=\"1\"> Water plants and reeds will be a constant companion in the river during the summer, however, they do not hinder paddling in this section.<\/p>\n<p>The M\u0113mele river is one of the rare navigable rivers (by boat) in Zemgale, Aug\u0161zeme, and S\u0113lija regions.<br data-mce-bogus=\"1\"> Thanks to its status as a border river, it has been spared the fate of the nearby Dienvidsus\u0113ja river and has not been exploited by small hydropower plants.<br data-mce-bogus=\"1\"><\/p>\n<p><span style=\"font-weight: 400;\">Trip length: <\/span><b>15km<\/b><br \/>\n<span style=\"font-weight: 400;\">Event duration: <\/span><b>~5-5,5 hours<\/b><br \/>\n<span style=\"font-weight: 400;\">Time on water: ~<\/span><b>4-4,5 hours<\/b><\/p>\n<p>Difficulty level: The route is easy, with a <span style=\"font-weight: 400;\">gentle current, no fallen trees, and some aquatic plants in the river that do not interfere with boating. <\/span><\/p>\n<p><strong>Good to know!<\/strong><\/p>\n<p>\u2013 After <em>registration you will receive a confirmation email<\/em>, but <strong>no later than the day before the trip<br \/> (by 12:00), you will receive detailed trip information.<\/strong> (Don\u2019t forget to check your spam folder!)<br \/>\n\u2013 The trip may be canceled due to unfavorable weather conditions or if fewer than 4 boats have registered.<br \/>\n\u2013 <strong>You must bring your passport or ID card with you. <\/strong><br \/>\n\u2013 The price includes transportation for drivers (1 driver\/person per boat).<br \/>\n\u2013 After the finish, you can have a picnic; snacks and drinks must be provided by yourself.<\/p>\n<p>Registration is recommended <strong>at least 48 hours before the trip.<\/strong> Why? So we can plan the total number of boats and the required equipment.<br \/> If you want to register at the last minute, it&#8217;s best to contact us!<\/p>\n<p><strong>IF I HAVE REGISTERED, BUT CANNOT ATTEND?<\/strong><\/p>\n<p><strong> <\/strong>If, due to various circumstances, you cannot make it to the trip:<\/p>\n<ul>\n<li>you can <u>exchange it for another trip<\/u> on one of the available dates if you notify us at least 48h before the trip.<\/li>\n<li>if less than 48h remain before the trip or if you do not show up, the opportunity to <u>reschedule to another date<\/u> will be lost!<\/li>\n<\/ul>\n<p><strong> <\/strong><em>The full cancellation and rescheduling terms are <a href=\"https:\/\/ozolaivas.lv\/en\/atteikuma-tiesibas\/\">HERE! <\/a><\/em><\/p>\n","protected":false},"excerpt":{"rendered":"<p>Join the boat trip on the M\u0113mele river in the section near Skaistkalne! The trip will start just above Skaistkalne, and we will paddle down to the \u0100ne &#8211; M\u0113mele manor park. The M\u0113mele river in this section is a border river\u2014on one bank is Latvia, and on the other is Lithuania! The trip is scenic, peaceful, and offers an opportunity to explore the rich diversity of Latvia&#8217;s aquatic flora. Water plants and reeds will be a constant companion in the river during the summer, however, they do not hinder paddling in this section. The M\u0113mele river is one of the rare navigable rivers (by boat) in Zemgale, Aug\u0161zeme, and S\u0113lija regions. Thanks to its status as a border river, it has been spared the fate of the nearby Dienvidsus\u0113ja river and has not been exploited by small hydropower plants. Trip length: 15km Event duration: ~5-5,5 hours Time on water: ~4-4,5 hours Difficulty level: The route is easy, with a gentle current, no fallen trees, and some aquatic plants in the river that do not interfere with boating. Good to know! \u2013 After registration you will receive a confirmation email, but no later than the day before the trip (by [&hellip;]<\/p>\n","protected":false},"author":2,"featured_media":23033,"comment_status":"closed","ping_status":"closed","template":"","meta":[],"product_brand":[],"product_cat":[183,150],"product_tag":[],"class_list":{"0":"post-23123","1":"product","2":"type-product","3":"status-publish","4":"has-post-thumbnail","6":"product_cat-memele-en","7":"product_cat-all-trips","8":"pif-has-gallery","10":"first","11":"instock","12":"taxable","13":"shipping-taxable","14":"purchasable","15":"product-type-variable"},"yoast_head":"<!-- This site is optimized with the Yoast SEO plugin v24.7 - https:\/\/yoast.com\/wordpress\/plugins\/seo\/ -->\n<title>M\u0113mele: along the Latvia - Lithuania border - Ozolaivas<\/title>\n<meta name=\"description\" content=\"Paddle on the M\u0113mele river near Skaistkalne, where the river flows along the Latvia-Lithuania border. Finish at \u0100ne - M\u0113mele park.\" \/>\n<meta name=\"robots\" content=\"index, follow, max-snippet:-1, max-image-preview:large, max-video-preview:-1\" \/>\n<link rel=\"canonical\" href=\"https:\/\/ozolaivas.lv\/en\/product\/memele-along-the-latvia-lithuania-border\/\" \/>\n<meta property=\"og:locale\" content=\"en_US\" \/>\n<meta property=\"og:type\" content=\"article\" \/>\n<meta property=\"og:title\" content=\"M\u0113mele: along the Latvia - Lithuania border - Ozolaivas\" \/>\n<meta property=\"og:description\" content=\"Paddle on the M\u0113mele river near Skaistkalne, where the river flows along the Latvia-Lithuania border. Finish at \u0100ne - M\u0113mele park.\" \/>\n<meta property=\"og:url\" content=\"https:\/\/ozolaivas.lv\/en\/product\/memele-along-the-latvia-lithuania-border\/\" \/>\n<meta property=\"og:site_name\" content=\"Ozolaivas\" \/>\n<meta property=\"article:publisher\" content=\"https:\/\/www.facebook.com\/ozolaivas\" \/>\n<meta property=\"article:modified_time\" content=\"2025-07-14T10:31:42+00:00\" \/>\n<meta property=\"og:image\" content=\"https:\/\/ozolaivas.lv\/wp-content\/uploads\/2024\/07\/IMG_0355.jpg\" \/>\n\t<meta property=\"og:image:width\" content=\"2048\" \/>\n\t<meta property=\"og:image:height\" content=\"1536\" \/>\n\t<meta property=\"og:image:type\" content=\"image\/jpeg\" \/>\n<meta name=\"twitter:card\" content=\"summary_large_image\" \/>\n<meta name=\"twitter:label1\" content=\"Est. reading time\" \/>\n\t<meta name=\"twitter:data1\" content=\"3 minutes\" \/>\n<script type=\"application\/ld+json\" class=\"yoast-schema-graph\">{\"@context\":\"https:\/\/schema.org\",\"@graph\":[{\"@type\":\"WebPage\",\"@id\":\"https:\/\/ozolaivas.lv\/en\/product\/memele-along-the-latvia-lithuania-border\/\",\"url\":\"https:\/\/ozolaivas.lv\/en\/product\/memele-along-the-latvia-lithuania-border\/\",\"name\":\"M\u0113mele: along the Latvia - Lithuania border - Ozolaivas\",\"isPartOf\":{\"@id\":\"https:\/\/ozolaivas.lv\/#website\"},\"primaryImageOfPage\":{\"@id\":\"https:\/\/ozolaivas.lv\/en\/product\/memele-along-the-latvia-lithuania-border\/#primaryimage\"},\"image\":{\"@id\":\"https:\/\/ozolaivas.lv\/en\/product\/memele-along-the-latvia-lithuania-border\/#primaryimage\"},\"thumbnailUrl\":\"https:\/\/ozolaivas.lv\/wp-content\/uploads\/2024\/07\/IMG_0355.jpg\",\"datePublished\":\"2024-07-28T09:03:49+00:00\",\"dateModified\":\"2025-07-14T10:31:42+00:00\",\"description\":\"Paddle on the M\u0113mele river near Skaistkalne, where the river flows along the Latvia-Lithuania border. Finish at \u0100ne - M\u0113mele park.\",\"breadcrumb\":{\"@id\":\"https:\/\/ozolaivas.lv\/en\/product\/memele-along-the-latvia-lithuania-border\/#breadcrumb\"},\"inLanguage\":\"en-US\",\"potentialAction\":[{\"@type\":\"ReadAction\",\"target\":[\"https:\/\/ozolaivas.lv\/en\/product\/memele-along-the-latvia-lithuania-border\/\"]}]},{\"@type\":\"ImageObject\",\"inLanguage\":\"en-US\",\"@id\":\"https:\/\/ozolaivas.lv\/en\/product\/memele-along-the-latvia-lithuania-border\/#primaryimage\",\"url\":\"https:\/\/ozolaivas.lv\/wp-content\/uploads\/2024\/07\/IMG_0355.jpg\",\"contentUrl\":\"https:\/\/ozolaivas.lv\/wp-content\/uploads\/2024\/07\/IMG_0355.jpg\",\"width\":2048,\"height\":1536},{\"@type\":\"BreadcrumbList\",\"@id\":\"https:\/\/ozolaivas.lv\/en\/product\/memele-along-the-latvia-lithuania-border\/#breadcrumb\",\"itemListElement\":[{\"@type\":\"ListItem\",\"position\":1,\"name\":\"Home\",\"item\":\"https:\/\/ozolaivas.lv\/en\/\"},{\"@type\":\"ListItem\",\"position\":2,\"name\":\"Preces\",\"item\":\"https:\/\/ozolaivas.lv\/shop\/\"},{\"@type\":\"ListItem\",\"position\":3,\"name\":\"M\u0113mele: along the Latvia &#8211; Lithuania border\"}]},{\"@type\":\"WebSite\",\"@id\":\"https:\/\/ozolaivas.lv\/#website\",\"url\":\"https:\/\/ozolaivas.lv\/\",\"name\":\"Ozolaivas\",\"description\":\"\",\"potentialAction\":[{\"@type\":\"SearchAction\",\"target\":{\"@type\":\"EntryPoint\",\"urlTemplate\":\"https:\/\/ozolaivas.lv\/?s={search_term_string}\"},\"query-input\":{\"@type\":\"PropertyValueSpecification\",\"valueRequired\":true,\"valueName\":\"search_term_string\"}}],\"inLanguage\":\"en-US\"}]}<\/script>\n<!-- \/ Yoast SEO plugin. -->","yoast_head_json":{"title":"M\u0113mele: along the Latvia - Lithuania border - Ozolaivas","description":"Paddle on the M\u0113mele river near Skaistkalne, where the river flows along the Latvia-Lithuania border. Finish at \u0100ne - M\u0113mele park.","robots":{"index":"index","follow":"follow","max-snippet":"max-snippet:-1","max-image-preview":"max-image-preview:large","max-video-preview":"max-video-preview:-1"},"canonical":"https:\/\/ozolaivas.lv\/en\/product\/memele-along-the-latvia-lithuania-border\/","og_locale":"en_US","og_type":"article","og_title":"M\u0113mele: along the Latvia - Lithuania border - Ozolaivas","og_description":"Paddle on the M\u0113mele river near Skaistkalne, where the river flows along the Latvia-Lithuania border. Finish at \u0100ne - M\u0113mele park.","og_url":"https:\/\/ozolaivas.lv\/en\/product\/memele-along-the-latvia-lithuania-border\/","og_site_name":"Ozolaivas","article_publisher":"https:\/\/www.facebook.com\/ozolaivas","article_modified_time":"2025-07-14T10:31:42+00:00","og_image":[{"width":2048,"height":1536,"url":"https:\/\/ozolaivas.lv\/wp-content\/uploads\/2024\/07\/IMG_0355.jpg","type":"image\/jpeg"}],"twitter_card":"summary_large_image","twitter_misc":{"Est. reading time":"3 minutes"},"schema":{"@context":"https:\/\/schema.org","@graph":[{"@type":"WebPage","@id":"https:\/\/ozolaivas.lv\/en\/product\/memele-along-the-latvia-lithuania-border\/","url":"https:\/\/ozolaivas.lv\/en\/product\/memele-along-the-latvia-lithuania-border\/","name":"M\u0113mele: along the Latvia - Lithuania border - Ozolaivas","isPartOf":{"@id":"https:\/\/ozolaivas.lv\/#website"},"primaryImageOfPage":{"@id":"https:\/\/ozolaivas.lv\/en\/product\/memele-along-the-latvia-lithuania-border\/#primaryimage"},"image":{"@id":"https:\/\/ozolaivas.lv\/en\/product\/memele-along-the-latvia-lithuania-border\/#primaryimage"},"thumbnailUrl":"https:\/\/ozolaivas.lv\/wp-content\/uploads\/2024\/07\/IMG_0355.jpg","datePublished":"2024-07-28T09:03:49+00:00","dateModified":"2025-07-14T10:31:42+00:00","description":"Paddle on the M\u0113mele river near Skaistkalne, where the river flows along the Latvia-Lithuania border. Finish at \u0100ne - M\u0113mele park.","breadcrumb":{"@id":"https:\/\/ozolaivas.lv\/en\/product\/memele-along-the-latvia-lithuania-border\/#breadcrumb"},"inLanguage":"en-US","potentialAction":[{"@type":"ReadAction","target":["https:\/\/ozolaivas.lv\/en\/product\/memele-along-the-latvia-lithuania-border\/"]}]},{"@type":"ImageObject","inLanguage":"en-US","@id":"https:\/\/ozolaivas.lv\/en\/product\/memele-along-the-latvia-lithuania-border\/#primaryimage","url":"https:\/\/ozolaivas.lv\/wp-content\/uploads\/2024\/07\/IMG_0355.jpg","contentUrl":"https:\/\/ozolaivas.lv\/wp-content\/uploads\/2024\/07\/IMG_0355.jpg","width":2048,"height":1536},{"@type":"BreadcrumbList","@id":"https:\/\/ozolaivas.lv\/en\/product\/memele-along-the-latvia-lithuania-border\/#breadcrumb","itemListElement":[{"@type":"ListItem","position":1,"name":"Home","item":"https:\/\/ozolaivas.lv\/en\/"},{"@type":"ListItem","position":2,"name":"Preces","item":"https:\/\/ozolaivas.lv\/shop\/"},{"@type":"ListItem","position":3,"name":"M\u0113mele: along the Latvia &#8211; Lithuania border"}]},{"@type":"WebSite","@id":"https:\/\/ozolaivas.lv\/#website","url":"https:\/\/ozolaivas.lv\/","name":"Ozolaivas","description":"","potentialAction":[{"@type":"SearchAction","target":{"@type":"EntryPoint","urlTemplate":"https:\/\/ozolaivas.lv\/?s={search_term_string}"},"query-input":{"@type":"PropertyValueSpecification","valueRequired":true,"valueName":"search_term_string"}}],"inLanguage":"en-US"}]}},"jetpack_sharing_enabled":true,"_links":{"self":[{"href":"https:\/\/ozolaivas.lv\/en\/wp-json\/wp\/v2\/product\/23123","targetHints":{"allow":["GET"]}}],"collection":[{"href":"https:\/\/ozolaivas.lv\/en\/wp-json\/wp\/v2\/product"}],"about":[{"href":"https:\/\/ozolaivas.lv\/en\/wp-json\/wp\/v2\/types\/product"}],"author":[{"embeddable":true,"href":"https:\/\/ozolaivas.lv\/en\/wp-json\/wp\/v2\/users\/2"}],"replies":[{"embeddable":true,"href":"https:\/\/ozolaivas.lv\/en\/wp-json\/wp\/v2\/comments?post=23123"}],"wp:featuredmedia":[{"embeddable":true,"href":"https:\/\/ozolaivas.lv\/en\/wp-json\/wp\/v2\/media\/23033"}],"wp:attachment":[{"href":"https:\/\/ozolaivas.lv\/en\/wp-json\/wp\/v2\/media?parent=23123"}],"wp:term":[{"taxonomy":"product_brand","embeddable":true,"href":"https:\/\/ozolaivas.lv\/en\/wp-json\/wp\/v2\/product_brand?post=23123"},{"taxonomy":"product_cat","embeddable":true,"href":"https:\/\/ozolaivas.lv\/en\/wp-json\/wp\/v2\/product_cat?post=23123"},{"taxonomy":"product_tag","embeddable":true,"href":"https:\/\/ozolaivas.lv\/en\/wp-json\/wp\/v2\/product_tag?post=23123"}],"curies":[{"name":"wp","href":"https:\/\/api.w.org\/{rel}","templated":true}]}}