{"id":23124,"date":"2024-06-25T06:50:58","date_gmt":"2024-06-25T06:50:58","guid":{"rendered":"https:\/\/ozolaivas.lv\/product\/iecava-trough-iecava\/"},"modified":"2024-06-25T06:50:58","modified_gmt":"2024-06-25T06:50:58","slug":"iecava-trough-iecava","status":"publish","type":"product","link":"https:\/\/ozolaivas.lv\/en\/product\/iecava-trough-iecava\/","title":{"rendered":"Iecava trough Iecava"},"content":{"rendered":"<p><strong>Join the boat trip on one of the most beautiful sections of the Iecava river! <\/strong><\/p>\n<p>The trip will start just above the town of Iecava, <span style=\"font-weight: 400;\">where large, lush trees line the banks, seemingly hiding the river while still allowing views of the surroundings.<br \/>\nUpon reaching the town of Iecava, the first small rapids will appear, along with more aquatic plants, and the banks will become steeper as the river flows through a kind of valley, where exposed banks can also be seen.<\/span><br \/>\nAfter the town of Iecava, the river becomes a bit wider and deeper, yet the banks are still lined with trees.<br data-mce-bogus=\"1\"> The trip ends at a small hydropower plant.<br data-mce-bogus=\"1\"><\/p>\n<p>The trip is truly beautiful and interesting!<br data-mce-bogus=\"1\"><\/p>\n<p><span style=\"font-weight: 400;\">Along the way, there are 2 larger fallen trees that can be navigated around on the bank, as well as 2-3 smaller ones that can be crossed in the water. In the section of the Iecava river by the town, there may be a couple of shallower spots where you need to get out of the boat and wade a short distance, but you won\u2019t have to carry the boat. Therefore, recommended footwear includes crocs, sandals, or any shoes suitable for getting into the water. At higher water levels, these areas are navigable by boat.<br data-mce-bogus=\"1\"> <\/span><\/p>\n<p><span style=\"font-weight: 400;\">Trip length: <\/span><b>15km<\/b><br \/>\n<span style=\"font-weight: 400;\">Event duration: <\/span><b>~5-5,5 hours<\/b><br \/>\n<span style=\"font-weight: 400;\">Time on water: <\/span><b>3,5-4 hours<\/b><\/p>\n<p>INFORMATION:<br \/>\n1) <span style=\"font-weight: 400;\">The route is of moderate difficulty\u2014there&#8217;s a gentle current, and the paddling itself isn&#8217;t difficult, but you will need to navigate around 4-5 fallen trees. <\/span><br \/>\n2) The day before the trip, until 12:00, sa\u0146emsiet informat\u012bvu e-pastu no Ozolaiv\u0101m.<br \/>\n3) The trip may be canceled due to adverse weather conditions or if 4 boats have not registered.<br \/>\n4) One break is planned on the riverbank, snacks are not provided.<br \/>\n5) Drivers transfer included in price.<\/p>\n<p><strong>Registration at least 24h before the event!<\/strong><\/p>\n<p>Weather Forecast in Iecava <a href=\"https:\/\/www.yr.no\/en\/forecast\/daily-table\/2-459624\/Latvia\/Bauskas%20Rajons\/Iecavas%20novads\/Iecava\">HERE!<\/a><\/p>\n","protected":false},"excerpt":{"rendered":"<p>Join the boat trip on one of the most beautiful sections of the Iecava river! The trip will start just above the town of Iecava, where large, lush trees line the banks, seemingly hiding the river while still allowing views of the surroundings. Upon reaching the town of Iecava, the first small rapids will appear, along with more aquatic plants, and the banks will become steeper as the river flows through a kind of valley, where exposed banks can also be seen. After the town of Iecava, the river becomes a bit wider and deeper, yet the banks are still lined with trees. The trip ends at a small hydropower plant. The trip is truly beautiful and interesting! Along the way, there are 2 larger fallen trees that can be navigated around on the bank, as well as 2-3 smaller ones that can be crossed in the water. In the section of the Iecava river by the town, there may be a couple of shallower spots where you need to get out of the boat and wade a short distance, but you won\u2019t have to carry the boat. Therefore, recommended footwear includes crocs, sandals, or any shoes suitable for getting [&hellip;]<\/p>\n","protected":false},"author":2,"featured_media":21809,"comment_status":"closed","ping_status":"closed","template":"","meta":[],"product_brand":[],"product_cat":[143,150],"product_tag":[],"class_list":{"0":"post-23124","1":"product","2":"type-product","3":"status-publish","4":"has-post-thumbnail","6":"product_cat-iecava-en","7":"product_cat-all-trips","8":"pif-has-gallery","10":"first","11":"outofstock","12":"taxable","13":"shipping-taxable","14":"product-type-variable"},"yoast_head":"<!-- This site is optimized with the Yoast SEO plugin v24.7 - https:\/\/yoast.com\/wordpress\/plugins\/seo\/ -->\n<title>Iecava trough Iecava - Ozolaivas<\/title>\n<meta name=\"description\" content=\"Embark on an adventure on the Iecava river through the town of Iecava! One of the most beautiful sections of the Iecava river! There are both fallen trees and rapids, as well as exposed banks!\" \/>\n<meta name=\"robots\" content=\"index, follow, max-snippet:-1, max-image-preview:large, max-video-preview:-1\" \/>\n<link rel=\"canonical\" href=\"https:\/\/ozolaivas.lv\/en\/product\/iecava-trough-iecava\/\" \/>\n<meta property=\"og:locale\" content=\"en_US\" \/>\n<meta property=\"og:type\" content=\"article\" \/>\n<meta property=\"og:title\" content=\"Iecava trough Iecava - Ozolaivas\" \/>\n<meta property=\"og:description\" content=\"Embark on an adventure on the Iecava river through the town of Iecava! One of the most beautiful sections of the Iecava river! There are both fallen trees and rapids, as well as exposed banks!\" \/>\n<meta property=\"og:url\" content=\"https:\/\/ozolaivas.lv\/en\/product\/iecava-trough-iecava\/\" \/>\n<meta property=\"og:site_name\" content=\"Ozolaivas\" \/>\n<meta property=\"article:publisher\" content=\"https:\/\/www.facebook.com\/ozolaivas\" \/>\n<meta property=\"og:image\" content=\"https:\/\/ozolaivas.lv\/wp-content\/uploads\/2024\/06\/53795395290_9abb96466e_o-scaled.jpg\" \/>\n\t<meta property=\"og:image:width\" content=\"2560\" \/>\n\t<meta property=\"og:image:height\" content=\"1920\" \/>\n\t<meta property=\"og:image:type\" content=\"image\/jpeg\" \/>\n<meta name=\"twitter:card\" content=\"summary_large_image\" \/>\n<meta name=\"twitter:label1\" content=\"Est. reading time\" \/>\n\t<meta name=\"twitter:data1\" content=\"2 minutes\" \/>\n<script type=\"application\/ld+json\" class=\"yoast-schema-graph\">{\"@context\":\"https:\/\/schema.org\",\"@graph\":[{\"@type\":\"WebPage\",\"@id\":\"https:\/\/ozolaivas.lv\/en\/product\/iecava-trough-iecava\/\",\"url\":\"https:\/\/ozolaivas.lv\/en\/product\/iecava-trough-iecava\/\",\"name\":\"Iecava trough Iecava - Ozolaivas\",\"isPartOf\":{\"@id\":\"https:\/\/ozolaivas.lv\/#website\"},\"primaryImageOfPage\":{\"@id\":\"https:\/\/ozolaivas.lv\/en\/product\/iecava-trough-iecava\/#primaryimage\"},\"image\":{\"@id\":\"https:\/\/ozolaivas.lv\/en\/product\/iecava-trough-iecava\/#primaryimage\"},\"thumbnailUrl\":\"https:\/\/ozolaivas.lv\/wp-content\/uploads\/2024\/06\/53795395290_9abb96466e_o-scaled.jpg\",\"datePublished\":\"2024-06-25T06:50:58+00:00\",\"description\":\"Embark on an adventure on the Iecava river through the town of Iecava! One of the most beautiful sections of the Iecava river! There are both fallen trees and rapids, as well as exposed banks!\",\"breadcrumb\":{\"@id\":\"https:\/\/ozolaivas.lv\/en\/product\/iecava-trough-iecava\/#breadcrumb\"},\"inLanguage\":\"en-US\",\"potentialAction\":[{\"@type\":\"ReadAction\",\"target\":[\"https:\/\/ozolaivas.lv\/en\/product\/iecava-trough-iecava\/\"]}]},{\"@type\":\"ImageObject\",\"inLanguage\":\"en-US\",\"@id\":\"https:\/\/ozolaivas.lv\/en\/product\/iecava-trough-iecava\/#primaryimage\",\"url\":\"https:\/\/ozolaivas.lv\/wp-content\/uploads\/2024\/06\/53795395290_9abb96466e_o-scaled.jpg\",\"contentUrl\":\"https:\/\/ozolaivas.lv\/wp-content\/uploads\/2024\/06\/53795395290_9abb96466e_o-scaled.jpg\",\"width\":2560,\"height\":1920},{\"@type\":\"BreadcrumbList\",\"@id\":\"https:\/\/ozolaivas.lv\/en\/product\/iecava-trough-iecava\/#breadcrumb\",\"itemListElement\":[{\"@type\":\"ListItem\",\"position\":1,\"name\":\"Home\",\"item\":\"https:\/\/ozolaivas.lv\/en\/\"},{\"@type\":\"ListItem\",\"position\":2,\"name\":\"Preces\",\"item\":\"https:\/\/ozolaivas.lv\/shop\/\"},{\"@type\":\"ListItem\",\"position\":3,\"name\":\"Iecava trough Iecava\"}]},{\"@type\":\"WebSite\",\"@id\":\"https:\/\/ozolaivas.lv\/#website\",\"url\":\"https:\/\/ozolaivas.lv\/\",\"name\":\"Ozolaivas\",\"description\":\"\",\"potentialAction\":[{\"@type\":\"SearchAction\",\"target\":{\"@type\":\"EntryPoint\",\"urlTemplate\":\"https:\/\/ozolaivas.lv\/?s={search_term_string}\"},\"query-input\":{\"@type\":\"PropertyValueSpecification\",\"valueRequired\":true,\"valueName\":\"search_term_string\"}}],\"inLanguage\":\"en-US\"}]}<\/script>\n<!-- \/ Yoast SEO plugin. -->","yoast_head_json":{"title":"Iecava trough Iecava - Ozolaivas","description":"Embark on an adventure on the Iecava river through the town of Iecava! One of the most beautiful sections of the Iecava river! There are both fallen trees and rapids, as well as exposed banks!","robots":{"index":"index","follow":"follow","max-snippet":"max-snippet:-1","max-image-preview":"max-image-preview:large","max-video-preview":"max-video-preview:-1"},"canonical":"https:\/\/ozolaivas.lv\/en\/product\/iecava-trough-iecava\/","og_locale":"en_US","og_type":"article","og_title":"Iecava trough Iecava - Ozolaivas","og_description":"Embark on an adventure on the Iecava river through the town of Iecava! One of the most beautiful sections of the Iecava river! There are both fallen trees and rapids, as well as exposed banks!","og_url":"https:\/\/ozolaivas.lv\/en\/product\/iecava-trough-iecava\/","og_site_name":"Ozolaivas","article_publisher":"https:\/\/www.facebook.com\/ozolaivas","og_image":[{"width":2560,"height":1920,"url":"https:\/\/ozolaivas.lv\/wp-content\/uploads\/2024\/06\/53795395290_9abb96466e_o-scaled.jpg","type":"image\/jpeg"}],"twitter_card":"summary_large_image","twitter_misc":{"Est. reading time":"2 minutes"},"schema":{"@context":"https:\/\/schema.org","@graph":[{"@type":"WebPage","@id":"https:\/\/ozolaivas.lv\/en\/product\/iecava-trough-iecava\/","url":"https:\/\/ozolaivas.lv\/en\/product\/iecava-trough-iecava\/","name":"Iecava trough Iecava - Ozolaivas","isPartOf":{"@id":"https:\/\/ozolaivas.lv\/#website"},"primaryImageOfPage":{"@id":"https:\/\/ozolaivas.lv\/en\/product\/iecava-trough-iecava\/#primaryimage"},"image":{"@id":"https:\/\/ozolaivas.lv\/en\/product\/iecava-trough-iecava\/#primaryimage"},"thumbnailUrl":"https:\/\/ozolaivas.lv\/wp-content\/uploads\/2024\/06\/53795395290_9abb96466e_o-scaled.jpg","datePublished":"2024-06-25T06:50:58+00:00","description":"Embark on an adventure on the Iecava river through the town of Iecava! One of the most beautiful sections of the Iecava river! There are both fallen trees and rapids, as well as exposed banks!","breadcrumb":{"@id":"https:\/\/ozolaivas.lv\/en\/product\/iecava-trough-iecava\/#breadcrumb"},"inLanguage":"en-US","potentialAction":[{"@type":"ReadAction","target":["https:\/\/ozolaivas.lv\/en\/product\/iecava-trough-iecava\/"]}]},{"@type":"ImageObject","inLanguage":"en-US","@id":"https:\/\/ozolaivas.lv\/en\/product\/iecava-trough-iecava\/#primaryimage","url":"https:\/\/ozolaivas.lv\/wp-content\/uploads\/2024\/06\/53795395290_9abb96466e_o-scaled.jpg","contentUrl":"https:\/\/ozolaivas.lv\/wp-content\/uploads\/2024\/06\/53795395290_9abb96466e_o-scaled.jpg","width":2560,"height":1920},{"@type":"BreadcrumbList","@id":"https:\/\/ozolaivas.lv\/en\/product\/iecava-trough-iecava\/#breadcrumb","itemListElement":[{"@type":"ListItem","position":1,"name":"Home","item":"https:\/\/ozolaivas.lv\/en\/"},{"@type":"ListItem","position":2,"name":"Preces","item":"https:\/\/ozolaivas.lv\/shop\/"},{"@type":"ListItem","position":3,"name":"Iecava trough Iecava"}]},{"@type":"WebSite","@id":"https:\/\/ozolaivas.lv\/#website","url":"https:\/\/ozolaivas.lv\/","name":"Ozolaivas","description":"","potentialAction":[{"@type":"SearchAction","target":{"@type":"EntryPoint","urlTemplate":"https:\/\/ozolaivas.lv\/?s={search_term_string}"},"query-input":{"@type":"PropertyValueSpecification","valueRequired":true,"valueName":"search_term_string"}}],"inLanguage":"en-US"}]}},"jetpack_sharing_enabled":true,"_links":{"self":[{"href":"https:\/\/ozolaivas.lv\/en\/wp-json\/wp\/v2\/product\/23124","targetHints":{"allow":["GET"]}}],"collection":[{"href":"https:\/\/ozolaivas.lv\/en\/wp-json\/wp\/v2\/product"}],"about":[{"href":"https:\/\/ozolaivas.lv\/en\/wp-json\/wp\/v2\/types\/product"}],"author":[{"embeddable":true,"href":"https:\/\/ozolaivas.lv\/en\/wp-json\/wp\/v2\/users\/2"}],"replies":[{"embeddable":true,"href":"https:\/\/ozolaivas.lv\/en\/wp-json\/wp\/v2\/comments?post=23124"}],"wp:featuredmedia":[{"embeddable":true,"href":"https:\/\/ozolaivas.lv\/en\/wp-json\/wp\/v2\/media\/21809"}],"wp:attachment":[{"href":"https:\/\/ozolaivas.lv\/en\/wp-json\/wp\/v2\/media?parent=23124"}],"wp:term":[{"taxonomy":"product_brand","embeddable":true,"href":"https:\/\/ozolaivas.lv\/en\/wp-json\/wp\/v2\/product_brand?post=23124"},{"taxonomy":"product_cat","embeddable":true,"href":"https:\/\/ozolaivas.lv\/en\/wp-json\/wp\/v2\/product_cat?post=23124"},{"taxonomy":"product_tag","embeddable":true,"href":"https:\/\/ozolaivas.lv\/en\/wp-json\/wp\/v2\/product_tag?post=23124"}],"curies":[{"name":"wp","href":"https:\/\/api.w.org\/{rel}","templated":true}]}}