{"id":23131,"date":"2024-10-19T18:37:15","date_gmt":"2024-10-19T18:37:15","guid":{"rendered":"https:\/\/ozolaivas.lv\/product\/sunset-trip-in-jelgava-in-illuminated-boats-2\/"},"modified":"2026-03-28T11:18:46","modified_gmt":"2026-03-28T11:18:46","slug":"sunset-trip-in-jelgava-in-illuminated-boats","status":"publish","type":"product","link":"https:\/\/ozolaivas.lv\/en\/product\/sunset-trip-in-jelgava-in-illuminated-boats\/","title":{"rendered":"Sunset trip in Jelgava in illuminated boats"},"content":{"rendered":"<p class=\"\" data-start=\"89\" data-end=\"160\"><strong>Sunset on the water \u2013 discover Jelgava from a different perspective!<\/strong><\/p>\n<p class=\"\" data-start=\"162\" data-end=\"335\">Want to spend your evening in a beautiful and unique way? We invite you to experience the magic of sunset in the <strong data-start=\"249\" data-end=\"267\">heart of Jelgava<\/strong> with an <strong data-start=\"291\" data-end=\"313\">illuminated boat<\/strong> ride along the Driksa and Lielupe rivers!<\/p>\n<p class=\"\" data-start=\"337\" data-end=\"581\">At twilight, the city lights up, the sky turns warm shades, and boating becomes a truly <strong data-start=\"443\" data-end=\"481\">peaceful adventure<\/strong>. We\u2019ll watch the sunset by the <strong data-start=\"507\" data-end=\"532\">Pilssala observation tower<\/strong> and then immerse ourselves in the magic of the evening on the water.<\/p>\n<p class=\"\" data-start=\"583\" data-end=\"746\">This event is:<br \/>\n\u2714\ufe0f Perfectly suited for beginners and families with children.<br data-start=\"648\" data-end=\"651\">\u2714\ufe0f A heartfelt 2-hour experience that stays in your memory.<br data-start=\"689\" data-end=\"692\">\u2714\ufe0f Takes place in 2- to 4-person canoe boats.<\/p>\n<p><span style=\"font-weight: 400;\">Trip length: <b>6km<\/b><\/span><br \/>\n<span style=\"font-weight: 400;\">Trip duration:~<\/span><b>2 h 15 min<\/b><\/p>\n<p><i><span style=\"font-weight: 400;\">Discount* with \u201c3+ Family card\u201d -20%, when entering code <strong>godagimene20<br \/>\n<\/strong><\/span><\/i><em>*discount is not applied if purchasing with gift card<br \/>\n<\/em><\/p>\n<p><strong>Good to know!<\/strong><\/p>\n<ul>\n<li>After <em>registration, you will receive a confirmation email<\/em>, <strong>no later than the day before the trip<br \/> (by 12:00), you will receive detailed trip information.<\/strong> (Don\u2019t forget to check your spam folder!)<\/li>\n<li>A sunset viewing break is planned at the Pilssala observation tower (feel free to bring snacks; one drink will be provided for each participant)<\/li>\n<li>The trip may be cancelled due to unfavorable weather conditions or if fewer than 2 boats have registered.<\/li>\n<\/ul>\n<p>Registration is recommended <strong>at least 48 hours before the trip.<\/strong> Why? So we can plan the total number of boats and the required equipment.<br \/> If you want to sign up at the last minute, it&#8217;s better to give us a call first!<\/p>\n<p><strong><br \/>\nIF I HAVE REGISTERED, BUT CANNOT ATTEND?<\/strong><\/p>\n<p><strong> <\/strong>If, due to various circumstances, you cannot make it to the trip:<\/p>\n<ul>\n<li>You can <u>switch to another trip<\/u> on one of the available dates (if there is a free spot), provided you notify us at least 48 hours before the trip.<\/li>\n<li>if less than 48h remain before the trip or if you do not show up, the opportunity to <u>reschedule to another date<\/u> will be lost!<\/li>\n<\/ul>\n<p><strong> <\/strong><em>The full cancellation and rescheduling terms are <a href=\"https:\/\/ozolaivas.lv\/en\/atteikuma-tiesibas\/\">HERE! <\/a><\/em><\/p>\n<p><strong><br \/>\nIF YOU HAVE ANY OF THE PARTNER GIFT CARDS (D\u0101vanu serviss, Lieliska d\u0101vana, D\u0101vanu sala):<\/strong><\/p>\n<p><strong> Register for the trip:<\/strong><br \/>\n1) choose your desired date and the boat size indicated on the gift card;<br \/>\n2) select the type of partner gift card and enter the gift card code;<br \/>\n3) add to the shopping cart;<br \/>\n4) fill in the necessary contact information and click \u201cPlace order\u201d.<\/p>\n<p>Before registering, make sure your<strong><span style=\"color: #993300;\">gifft card is valid at least until the day of the trip!!!!!<\/span><\/strong><\/p>\n<p><strong>If, due to various circumstances, you cannot make it to the trip:<\/strong><\/p>\n<ul>\n<li>You can <u>exchange it for another<\/u> date from the available options (if there is space on the trip), provided you notify us at least 48 hours before the scheduled trip.<\/li>\n<li>ff less than 48h remain before the trip or if you do not show up, the gift card will be considered used, and <u>rescheduling will not be possible!<\/u><\/li>\n<\/ul>\n","protected":false},"excerpt":{"rendered":"<p>Sunset on the water \u2013 discover Jelgava from a different perspective! Want to spend your evening in a beautiful and unique way? We invite you to experience the magic of sunset in the heart of Jelgava with an illuminated boat ride along the Driksa and Lielupe rivers! At twilight, the city lights up, the sky turns warm shades, and boating becomes a truly peaceful adventure. We\u2019ll watch the sunset by the Pilssala observation tower and then immerse ourselves in the magic of the evening on the water. This event is: \u2714\ufe0f Perfectly suited for beginners and families with children.\u2714\ufe0f A heartfelt 2-hour experience that stays in your memory.\u2714\ufe0f Takes place in 2- to 4-person canoe boats. Trip length: 6km Trip duration:~2 h 15 min Discount* with \u201c3+ Family card\u201d -20%, when entering code godagimene20 *discount is not applied if purchasing with gift card Good to know! After registration, you will receive a confirmation email, no later than the day before the trip (by 12:00), you will receive detailed trip information. (Don\u2019t forget to check your spam folder!) A sunset viewing break is planned at the Pilssala observation tower (feel free to bring snacks; one drink will be provided for each [&hellip;]<\/p>\n","protected":false},"author":2,"featured_media":18657,"comment_status":"closed","ping_status":"closed","template":"","meta":[],"product_brand":[],"product_cat":[138,146,150],"product_tag":[],"class_list":{"0":"post-23131","1":"product","2":"type-product","3":"status-publish","4":"has-post-thumbnail","6":"product_cat-jelgava-en","7":"product_cat-lielupe-en","8":"product_cat-all-trips","9":"pif-has-gallery","11":"first","12":"instock","13":"taxable","14":"shipping-taxable","15":"purchasable","16":"product-type-variable"},"yoast_head":"<!-- This site is optimized with the Yoast SEO plugin v24.7 - https:\/\/yoast.com\/wordpress\/plugins\/seo\/ -->\n<title>Sunset trip in Jelgava in illuminated boats - Ozolaivas<\/title>\n<meta name=\"description\" content=\"Enjoy a beautiful sunset at the observation tower on Pilssala and illuminated landscape of Jelgava during the twilight hour.\" \/>\n<meta name=\"robots\" content=\"index, follow, max-snippet:-1, max-image-preview:large, max-video-preview:-1\" \/>\n<link rel=\"canonical\" href=\"https:\/\/ozolaivas.lv\/en\/product\/sunset-trip-in-jelgava-in-illuminated-boats\/\" \/>\n<meta property=\"og:locale\" content=\"en_US\" \/>\n<meta property=\"og:type\" content=\"article\" \/>\n<meta property=\"og:title\" content=\"Sunset trip in Jelgava in illuminated boats - Ozolaivas\" \/>\n<meta property=\"og:description\" content=\"Enjoy a beautiful sunset at the observation tower on Pilssala and illuminated landscape of Jelgava during the twilight hour.\" \/>\n<meta property=\"og:url\" content=\"https:\/\/ozolaivas.lv\/en\/product\/sunset-trip-in-jelgava-in-illuminated-boats\/\" \/>\n<meta property=\"og:site_name\" content=\"Ozolaivas\" \/>\n<meta property=\"article:publisher\" content=\"https:\/\/www.facebook.com\/ozolaivas\" \/>\n<meta property=\"article:modified_time\" content=\"2026-03-28T11:18:46+00:00\" \/>\n<meta property=\"og:image\" content=\"https:\/\/ozolaivas.lv\/wp-content\/uploads\/2023\/04\/Ozolaivas_Jelgava-0911.jpg\" \/>\n\t<meta property=\"og:image:width\" content=\"1006\" \/>\n\t<meta property=\"og:image:height\" content=\"1512\" \/>\n\t<meta property=\"og:image:type\" content=\"image\/jpeg\" \/>\n<meta name=\"twitter:card\" content=\"summary_large_image\" \/>\n<meta name=\"twitter:label1\" content=\"Est. reading time\" \/>\n\t<meta name=\"twitter:data1\" content=\"4 minutes\" \/>\n<script type=\"application\/ld+json\" class=\"yoast-schema-graph\">{\"@context\":\"https:\/\/schema.org\",\"@graph\":[{\"@type\":\"WebPage\",\"@id\":\"https:\/\/ozolaivas.lv\/en\/product\/sunset-trip-in-jelgava-in-illuminated-boats\/\",\"url\":\"https:\/\/ozolaivas.lv\/en\/product\/sunset-trip-in-jelgava-in-illuminated-boats\/\",\"name\":\"Sunset trip in Jelgava in illuminated boats - Ozolaivas\",\"isPartOf\":{\"@id\":\"https:\/\/ozolaivas.lv\/#website\"},\"primaryImageOfPage\":{\"@id\":\"https:\/\/ozolaivas.lv\/en\/product\/sunset-trip-in-jelgava-in-illuminated-boats\/#primaryimage\"},\"image\":{\"@id\":\"https:\/\/ozolaivas.lv\/en\/product\/sunset-trip-in-jelgava-in-illuminated-boats\/#primaryimage\"},\"thumbnailUrl\":\"https:\/\/ozolaivas.lv\/wp-content\/uploads\/2023\/04\/Ozolaivas_Jelgava-0911.jpg\",\"datePublished\":\"2024-10-19T18:37:15+00:00\",\"dateModified\":\"2026-03-28T11:18:46+00:00\",\"description\":\"Enjoy a beautiful sunset at the observation tower on Pilssala and illuminated landscape of Jelgava during the twilight hour.\",\"breadcrumb\":{\"@id\":\"https:\/\/ozolaivas.lv\/en\/product\/sunset-trip-in-jelgava-in-illuminated-boats\/#breadcrumb\"},\"inLanguage\":\"en-US\",\"potentialAction\":[{\"@type\":\"ReadAction\",\"target\":[\"https:\/\/ozolaivas.lv\/en\/product\/sunset-trip-in-jelgava-in-illuminated-boats\/\"]}]},{\"@type\":\"ImageObject\",\"inLanguage\":\"en-US\",\"@id\":\"https:\/\/ozolaivas.lv\/en\/product\/sunset-trip-in-jelgava-in-illuminated-boats\/#primaryimage\",\"url\":\"https:\/\/ozolaivas.lv\/wp-content\/uploads\/2023\/04\/Ozolaivas_Jelgava-0911.jpg\",\"contentUrl\":\"https:\/\/ozolaivas.lv\/wp-content\/uploads\/2023\/04\/Ozolaivas_Jelgava-0911.jpg\",\"width\":1006,\"height\":1512,\"caption\":\"Jelgavas nakts ainava kanoe laiv\u0101s\"},{\"@type\":\"BreadcrumbList\",\"@id\":\"https:\/\/ozolaivas.lv\/en\/product\/sunset-trip-in-jelgava-in-illuminated-boats\/#breadcrumb\",\"itemListElement\":[{\"@type\":\"ListItem\",\"position\":1,\"name\":\"Home\",\"item\":\"https:\/\/ozolaivas.lv\/en\/home-landing-page\/\"},{\"@type\":\"ListItem\",\"position\":2,\"name\":\"Preces\",\"item\":\"https:\/\/ozolaivas.lv\/shop\/\"},{\"@type\":\"ListItem\",\"position\":3,\"name\":\"Sunset trip in Jelgava in illuminated boats\"}]},{\"@type\":\"WebSite\",\"@id\":\"https:\/\/ozolaivas.lv\/#website\",\"url\":\"https:\/\/ozolaivas.lv\/\",\"name\":\"Ozolaivas\",\"description\":\"\",\"potentialAction\":[{\"@type\":\"SearchAction\",\"target\":{\"@type\":\"EntryPoint\",\"urlTemplate\":\"https:\/\/ozolaivas.lv\/?s={search_term_string}\"},\"query-input\":{\"@type\":\"PropertyValueSpecification\",\"valueRequired\":true,\"valueName\":\"search_term_string\"}}],\"inLanguage\":\"en-US\"}]}<\/script>\n<!-- \/ Yoast SEO plugin. -->","yoast_head_json":{"title":"Sunset trip in Jelgava in illuminated boats - Ozolaivas","description":"Enjoy a beautiful sunset at the observation tower on Pilssala and illuminated landscape of Jelgava during the twilight hour.","robots":{"index":"index","follow":"follow","max-snippet":"max-snippet:-1","max-image-preview":"max-image-preview:large","max-video-preview":"max-video-preview:-1"},"canonical":"https:\/\/ozolaivas.lv\/en\/product\/sunset-trip-in-jelgava-in-illuminated-boats\/","og_locale":"en_US","og_type":"article","og_title":"Sunset trip in Jelgava in illuminated boats - Ozolaivas","og_description":"Enjoy a beautiful sunset at the observation tower on Pilssala and illuminated landscape of Jelgava during the twilight hour.","og_url":"https:\/\/ozolaivas.lv\/en\/product\/sunset-trip-in-jelgava-in-illuminated-boats\/","og_site_name":"Ozolaivas","article_publisher":"https:\/\/www.facebook.com\/ozolaivas","article_modified_time":"2026-03-28T11:18:46+00:00","og_image":[{"width":1006,"height":1512,"url":"https:\/\/ozolaivas.lv\/wp-content\/uploads\/2023\/04\/Ozolaivas_Jelgava-0911.jpg","type":"image\/jpeg"}],"twitter_card":"summary_large_image","twitter_misc":{"Est. reading time":"4 minutes"},"schema":{"@context":"https:\/\/schema.org","@graph":[{"@type":"WebPage","@id":"https:\/\/ozolaivas.lv\/en\/product\/sunset-trip-in-jelgava-in-illuminated-boats\/","url":"https:\/\/ozolaivas.lv\/en\/product\/sunset-trip-in-jelgava-in-illuminated-boats\/","name":"Sunset trip in Jelgava in illuminated boats - Ozolaivas","isPartOf":{"@id":"https:\/\/ozolaivas.lv\/#website"},"primaryImageOfPage":{"@id":"https:\/\/ozolaivas.lv\/en\/product\/sunset-trip-in-jelgava-in-illuminated-boats\/#primaryimage"},"image":{"@id":"https:\/\/ozolaivas.lv\/en\/product\/sunset-trip-in-jelgava-in-illuminated-boats\/#primaryimage"},"thumbnailUrl":"https:\/\/ozolaivas.lv\/wp-content\/uploads\/2023\/04\/Ozolaivas_Jelgava-0911.jpg","datePublished":"2024-10-19T18:37:15+00:00","dateModified":"2026-03-28T11:18:46+00:00","description":"Enjoy a beautiful sunset at the observation tower on Pilssala and illuminated landscape of Jelgava during the twilight hour.","breadcrumb":{"@id":"https:\/\/ozolaivas.lv\/en\/product\/sunset-trip-in-jelgava-in-illuminated-boats\/#breadcrumb"},"inLanguage":"en-US","potentialAction":[{"@type":"ReadAction","target":["https:\/\/ozolaivas.lv\/en\/product\/sunset-trip-in-jelgava-in-illuminated-boats\/"]}]},{"@type":"ImageObject","inLanguage":"en-US","@id":"https:\/\/ozolaivas.lv\/en\/product\/sunset-trip-in-jelgava-in-illuminated-boats\/#primaryimage","url":"https:\/\/ozolaivas.lv\/wp-content\/uploads\/2023\/04\/Ozolaivas_Jelgava-0911.jpg","contentUrl":"https:\/\/ozolaivas.lv\/wp-content\/uploads\/2023\/04\/Ozolaivas_Jelgava-0911.jpg","width":1006,"height":1512,"caption":"Jelgavas nakts ainava kanoe laiv\u0101s"},{"@type":"BreadcrumbList","@id":"https:\/\/ozolaivas.lv\/en\/product\/sunset-trip-in-jelgava-in-illuminated-boats\/#breadcrumb","itemListElement":[{"@type":"ListItem","position":1,"name":"Home","item":"https:\/\/ozolaivas.lv\/en\/home-landing-page\/"},{"@type":"ListItem","position":2,"name":"Preces","item":"https:\/\/ozolaivas.lv\/shop\/"},{"@type":"ListItem","position":3,"name":"Sunset trip in Jelgava in illuminated boats"}]},{"@type":"WebSite","@id":"https:\/\/ozolaivas.lv\/#website","url":"https:\/\/ozolaivas.lv\/","name":"Ozolaivas","description":"","potentialAction":[{"@type":"SearchAction","target":{"@type":"EntryPoint","urlTemplate":"https:\/\/ozolaivas.lv\/?s={search_term_string}"},"query-input":{"@type":"PropertyValueSpecification","valueRequired":true,"valueName":"search_term_string"}}],"inLanguage":"en-US"}]}},"jetpack_sharing_enabled":true,"_links":{"self":[{"href":"https:\/\/ozolaivas.lv\/en\/wp-json\/wp\/v2\/product\/23131","targetHints":{"allow":["GET"]}}],"collection":[{"href":"https:\/\/ozolaivas.lv\/en\/wp-json\/wp\/v2\/product"}],"about":[{"href":"https:\/\/ozolaivas.lv\/en\/wp-json\/wp\/v2\/types\/product"}],"author":[{"embeddable":true,"href":"https:\/\/ozolaivas.lv\/en\/wp-json\/wp\/v2\/users\/2"}],"replies":[{"embeddable":true,"href":"https:\/\/ozolaivas.lv\/en\/wp-json\/wp\/v2\/comments?post=23131"}],"wp:featuredmedia":[{"embeddable":true,"href":"https:\/\/ozolaivas.lv\/en\/wp-json\/wp\/v2\/media\/18657"}],"wp:attachment":[{"href":"https:\/\/ozolaivas.lv\/en\/wp-json\/wp\/v2\/media?parent=23131"}],"wp:term":[{"taxonomy":"product_brand","embeddable":true,"href":"https:\/\/ozolaivas.lv\/en\/wp-json\/wp\/v2\/product_brand?post=23131"},{"taxonomy":"product_cat","embeddable":true,"href":"https:\/\/ozolaivas.lv\/en\/wp-json\/wp\/v2\/product_cat?post=23131"},{"taxonomy":"product_tag","embeddable":true,"href":"https:\/\/ozolaivas.lv\/en\/wp-json\/wp\/v2\/product_tag?post=23131"}],"curies":[{"name":"wp","href":"https:\/\/api.w.org\/{rel}","templated":true}]}}