{"id":23133,"date":"2024-10-25T14:35:12","date_gmt":"2024-10-25T14:35:12","guid":{"rendered":"https:\/\/ozolaivas.lv\/?post_type=product&#038;p=23133"},"modified":"2025-08-18T07:06:47","modified_gmt":"2025-08-18T07:06:47","slug":"liela-jugla-from-zakumuiza-to-upesciems","status":"publish","type":"product","link":"https:\/\/ozolaivas.lv\/en\/product\/liela-jugla-from-zakumuiza-to-upesciems\/","title":{"rendered":"Liel\u0101 Jugla from Za\u0137umui\u017ea to Upesciems!"},"content":{"rendered":"<p><strong>Discover the curves of the Great Jugla and the magic of nature!<\/strong><\/p>\n<p>A leisurely boat ride through picturesque forest massifs, clear water that reveals the depths of the river, and an adventure where nature alternates with the landscapes of Pier\u012bga&#8230; This boat trip is a great opportunity to get to know the Great Jugla from a different perspective!<\/p>\n<p>The water in the river is relatively clear and you can see aquatic plants, fish, fallen trees forming interesting structures on the edges, and the break point is on a high dune with a great view of the surroundings.<br \/>\nIn the first part of the journey, there are several fallen trees &#8211; they can be overcome along the shore or by pulling the boat across the water (the way of overcoming changes depending on the water level in the river). On the second half of the trip, after a break, the river remains wider and there are no tree falls.<\/p>\n<p>The route is of <em>medium difficulty due to fallen trees in the first half of the route<\/em>, however, the current is small and the river is not dangerous for less experienced boaters or families with children.<\/p>\n<p><strong>Trip length:<\/strong> 17km<br \/>\n<strong>Event durationa<\/strong> 5-5,5h<br \/>\n<strong>Time on water:<\/strong> 4-4,5h<\/p>\n<p><strong>Good to know!<\/strong><\/p>\n<p>\u2013 After <em>registration you will receive a confirmation email<\/em>, but <strong>no later than the day before the trip<br \/> (by 12:00), you will receive detailed trip information.<\/strong> (Don\u2019t forget to check your spam folder!)<br \/>\n\u2013 1 rest break on the riverbank is planned<br \/>\n\u2013 The trip may be canceled due to adverse weather conditions or if 3 boats have not registered.<br \/>\n\u2013 Accessible by public transport<br \/>\n\u2013 The price includes transportation for drivers (1 driver\/person per boat).<\/p>\n<p>Registration is recommended <strong>at least 48 hours before the trip.<\/strong> Why? So we can plan the total number of boats and the required equipment.<br \/> If you want to register at the last minute, it&#8217;s best to contact us!<\/p>\n<p><strong>IF I HAVE REGISTERED, BUT CANNOT ATTEND?<\/strong><\/p>\n<p><strong> <\/strong>If, due to various circumstances, you cannot make it to the trip:<\/p>\n<ul>\n<li>you can <u>exchange it for another trip<\/u> on one of the available dates if you notify us at least 48h before the trip.<\/li>\n<li>if less than 48h remain before the trip or if you do not show up, the opportunity to <u>reschedule to another date<\/u> will be lost!<\/li>\n<\/ul>\n<p><strong> <\/strong><em>The full cancellation and rescheduling terms are <a href=\"https:\/\/ozolaivas.lv\/en\/atteikuma-tiesibas\/\">HERE! <\/a><\/em><\/p>\n","protected":false},"excerpt":{"rendered":"<p>Discover the curves of the Great Jugla and the magic of nature! A leisurely boat ride through picturesque forest massifs, clear water that reveals the depths of the river, and an adventure where nature alternates with the landscapes of Pier\u012bga&#8230; This boat trip is a great opportunity to get to know the Great Jugla from a different perspective! The water in the river is relatively clear and you can see aquatic plants, fish, fallen trees forming interesting structures on the edges, and the break point is on a high dune with a great view of the surroundings. In the first part of the journey, there are several fallen trees &#8211; they can be overcome along the shore or by pulling the boat across the water (the way of overcoming changes depending on the water level in the river). On the second half of the trip, after a break, the river remains wider and there are no tree falls. The route is of medium difficulty due to fallen trees in the first half of the route, however, the current is small and the river is not dangerous for less experienced boaters or families with children. Trip length: 17km Event durationa 5-5,5h [&hellip;]<\/p>\n","protected":false},"author":2,"featured_media":18167,"comment_status":"closed","ping_status":"closed","template":"","meta":[],"product_brand":[],"product_cat":[185,150],"product_tag":[],"class_list":{"0":"post-23133","1":"product","2":"type-product","3":"status-publish","4":"has-post-thumbnail","6":"product_cat-liela-jugla-en","7":"product_cat-all-trips","8":"pif-has-gallery","10":"first","11":"outofstock","12":"taxable","13":"shipping-taxable","14":"product-type-variable"},"yoast_head":"<!-- This site is optimized with the Yoast SEO plugin v24.7 - https:\/\/yoast.com\/wordpress\/plugins\/seo\/ -->\n<title>Liel\u0101 Jugla from Za\u0137umui\u017ea to Upesciems! - Ozolaivas<\/title>\n<meta name=\"description\" content=\"Discover the Liel\u0101 Jugla from Za\u0137umui\u017ea to Upesciems! Liel\u0101 Jugla leads paddlers through winding curves and the shores alternate between the residential buildings of the Pier\u012bga region and overgrown forest.\" \/>\n<meta name=\"robots\" content=\"index, follow, max-snippet:-1, max-image-preview:large, max-video-preview:-1\" \/>\n<link rel=\"canonical\" href=\"https:\/\/ozolaivas.lv\/en\/product\/liela-jugla-from-zakumuiza-to-upesciems\/\" \/>\n<meta property=\"og:locale\" content=\"en_US\" \/>\n<meta property=\"og:type\" content=\"article\" \/>\n<meta property=\"og:title\" content=\"Liel\u0101 Jugla from Za\u0137umui\u017ea to Upesciems! - Ozolaivas\" \/>\n<meta property=\"og:description\" content=\"Discover the Liel\u0101 Jugla from Za\u0137umui\u017ea to Upesciems! Liel\u0101 Jugla leads paddlers through winding curves and the shores alternate between the residential buildings of the Pier\u012bga region and overgrown forest.\" \/>\n<meta property=\"og:url\" content=\"https:\/\/ozolaivas.lv\/en\/product\/liela-jugla-from-zakumuiza-to-upesciems\/\" \/>\n<meta property=\"og:site_name\" content=\"Ozolaivas\" \/>\n<meta property=\"article:publisher\" content=\"https:\/\/www.facebook.com\/ozolaivas\" \/>\n<meta property=\"article:modified_time\" content=\"2025-08-18T07:06:47+00:00\" \/>\n<meta property=\"og:image\" content=\"https:\/\/ozolaivas.lv\/wp-content\/uploads\/2023\/05\/IMG_3040.jpg\" \/>\n\t<meta property=\"og:image:width\" content=\"1200\" \/>\n\t<meta property=\"og:image:height\" content=\"900\" \/>\n\t<meta property=\"og:image:type\" content=\"image\/jpeg\" \/>\n<meta name=\"twitter:card\" content=\"summary_large_image\" \/>\n<meta name=\"twitter:label1\" content=\"Est. reading time\" \/>\n\t<meta name=\"twitter:data1\" content=\"3 minutes\" \/>\n<script type=\"application\/ld+json\" class=\"yoast-schema-graph\">{\"@context\":\"https:\/\/schema.org\",\"@graph\":[{\"@type\":\"WebPage\",\"@id\":\"https:\/\/ozolaivas.lv\/en\/product\/liela-jugla-from-zakumuiza-to-upesciems\/\",\"url\":\"https:\/\/ozolaivas.lv\/en\/product\/liela-jugla-from-zakumuiza-to-upesciems\/\",\"name\":\"Liel\u0101 Jugla from Za\u0137umui\u017ea to Upesciems! - Ozolaivas\",\"isPartOf\":{\"@id\":\"https:\/\/ozolaivas.lv\/#website\"},\"primaryImageOfPage\":{\"@id\":\"https:\/\/ozolaivas.lv\/en\/product\/liela-jugla-from-zakumuiza-to-upesciems\/#primaryimage\"},\"image\":{\"@id\":\"https:\/\/ozolaivas.lv\/en\/product\/liela-jugla-from-zakumuiza-to-upesciems\/#primaryimage\"},\"thumbnailUrl\":\"https:\/\/ozolaivas.lv\/wp-content\/uploads\/2023\/05\/IMG_3040.jpg\",\"datePublished\":\"2024-10-25T14:35:12+00:00\",\"dateModified\":\"2025-08-18T07:06:47+00:00\",\"description\":\"Discover the Liel\u0101 Jugla from Za\u0137umui\u017ea to Upesciems! Liel\u0101 Jugla leads paddlers through winding curves and the shores alternate between the residential buildings of the Pier\u012bga region and overgrown forest.\",\"breadcrumb\":{\"@id\":\"https:\/\/ozolaivas.lv\/en\/product\/liela-jugla-from-zakumuiza-to-upesciems\/#breadcrumb\"},\"inLanguage\":\"en-US\",\"potentialAction\":[{\"@type\":\"ReadAction\",\"target\":[\"https:\/\/ozolaivas.lv\/en\/product\/liela-jugla-from-zakumuiza-to-upesciems\/\"]}]},{\"@type\":\"ImageObject\",\"inLanguage\":\"en-US\",\"@id\":\"https:\/\/ozolaivas.lv\/en\/product\/liela-jugla-from-zakumuiza-to-upesciems\/#primaryimage\",\"url\":\"https:\/\/ozolaivas.lv\/wp-content\/uploads\/2023\/05\/IMG_3040.jpg\",\"contentUrl\":\"https:\/\/ozolaivas.lv\/wp-content\/uploads\/2023\/05\/IMG_3040.jpg\",\"width\":1200,\"height\":900,\"caption\":\"Liel\u0101 Jugla brauciena pauzes viet\u0101\"},{\"@type\":\"BreadcrumbList\",\"@id\":\"https:\/\/ozolaivas.lv\/en\/product\/liela-jugla-from-zakumuiza-to-upesciems\/#breadcrumb\",\"itemListElement\":[{\"@type\":\"ListItem\",\"position\":1,\"name\":\"Home\",\"item\":\"https:\/\/ozolaivas.lv\/en\/home-landing-page\/\"},{\"@type\":\"ListItem\",\"position\":2,\"name\":\"Preces\",\"item\":\"https:\/\/ozolaivas.lv\/shop\/\"},{\"@type\":\"ListItem\",\"position\":3,\"name\":\"Liel\u0101 Jugla from Za\u0137umui\u017ea to Upesciems!\"}]},{\"@type\":\"WebSite\",\"@id\":\"https:\/\/ozolaivas.lv\/#website\",\"url\":\"https:\/\/ozolaivas.lv\/\",\"name\":\"Ozolaivas\",\"description\":\"\",\"potentialAction\":[{\"@type\":\"SearchAction\",\"target\":{\"@type\":\"EntryPoint\",\"urlTemplate\":\"https:\/\/ozolaivas.lv\/?s={search_term_string}\"},\"query-input\":{\"@type\":\"PropertyValueSpecification\",\"valueRequired\":true,\"valueName\":\"search_term_string\"}}],\"inLanguage\":\"en-US\"}]}<\/script>\n<!-- \/ Yoast SEO plugin. -->","yoast_head_json":{"title":"Liel\u0101 Jugla from Za\u0137umui\u017ea to Upesciems! - Ozolaivas","description":"Discover the Liel\u0101 Jugla from Za\u0137umui\u017ea to Upesciems! Liel\u0101 Jugla leads paddlers through winding curves and the shores alternate between the residential buildings of the Pier\u012bga region and overgrown forest.","robots":{"index":"index","follow":"follow","max-snippet":"max-snippet:-1","max-image-preview":"max-image-preview:large","max-video-preview":"max-video-preview:-1"},"canonical":"https:\/\/ozolaivas.lv\/en\/product\/liela-jugla-from-zakumuiza-to-upesciems\/","og_locale":"en_US","og_type":"article","og_title":"Liel\u0101 Jugla from Za\u0137umui\u017ea to Upesciems! - Ozolaivas","og_description":"Discover the Liel\u0101 Jugla from Za\u0137umui\u017ea to Upesciems! Liel\u0101 Jugla leads paddlers through winding curves and the shores alternate between the residential buildings of the Pier\u012bga region and overgrown forest.","og_url":"https:\/\/ozolaivas.lv\/en\/product\/liela-jugla-from-zakumuiza-to-upesciems\/","og_site_name":"Ozolaivas","article_publisher":"https:\/\/www.facebook.com\/ozolaivas","article_modified_time":"2025-08-18T07:06:47+00:00","og_image":[{"width":1200,"height":900,"url":"https:\/\/ozolaivas.lv\/wp-content\/uploads\/2023\/05\/IMG_3040.jpg","type":"image\/jpeg"}],"twitter_card":"summary_large_image","twitter_misc":{"Est. reading time":"3 minutes"},"schema":{"@context":"https:\/\/schema.org","@graph":[{"@type":"WebPage","@id":"https:\/\/ozolaivas.lv\/en\/product\/liela-jugla-from-zakumuiza-to-upesciems\/","url":"https:\/\/ozolaivas.lv\/en\/product\/liela-jugla-from-zakumuiza-to-upesciems\/","name":"Liel\u0101 Jugla from Za\u0137umui\u017ea to Upesciems! - Ozolaivas","isPartOf":{"@id":"https:\/\/ozolaivas.lv\/#website"},"primaryImageOfPage":{"@id":"https:\/\/ozolaivas.lv\/en\/product\/liela-jugla-from-zakumuiza-to-upesciems\/#primaryimage"},"image":{"@id":"https:\/\/ozolaivas.lv\/en\/product\/liela-jugla-from-zakumuiza-to-upesciems\/#primaryimage"},"thumbnailUrl":"https:\/\/ozolaivas.lv\/wp-content\/uploads\/2023\/05\/IMG_3040.jpg","datePublished":"2024-10-25T14:35:12+00:00","dateModified":"2025-08-18T07:06:47+00:00","description":"Discover the Liel\u0101 Jugla from Za\u0137umui\u017ea to Upesciems! Liel\u0101 Jugla leads paddlers through winding curves and the shores alternate between the residential buildings of the Pier\u012bga region and overgrown forest.","breadcrumb":{"@id":"https:\/\/ozolaivas.lv\/en\/product\/liela-jugla-from-zakumuiza-to-upesciems\/#breadcrumb"},"inLanguage":"en-US","potentialAction":[{"@type":"ReadAction","target":["https:\/\/ozolaivas.lv\/en\/product\/liela-jugla-from-zakumuiza-to-upesciems\/"]}]},{"@type":"ImageObject","inLanguage":"en-US","@id":"https:\/\/ozolaivas.lv\/en\/product\/liela-jugla-from-zakumuiza-to-upesciems\/#primaryimage","url":"https:\/\/ozolaivas.lv\/wp-content\/uploads\/2023\/05\/IMG_3040.jpg","contentUrl":"https:\/\/ozolaivas.lv\/wp-content\/uploads\/2023\/05\/IMG_3040.jpg","width":1200,"height":900,"caption":"Liel\u0101 Jugla brauciena pauzes viet\u0101"},{"@type":"BreadcrumbList","@id":"https:\/\/ozolaivas.lv\/en\/product\/liela-jugla-from-zakumuiza-to-upesciems\/#breadcrumb","itemListElement":[{"@type":"ListItem","position":1,"name":"Home","item":"https:\/\/ozolaivas.lv\/en\/home-landing-page\/"},{"@type":"ListItem","position":2,"name":"Preces","item":"https:\/\/ozolaivas.lv\/shop\/"},{"@type":"ListItem","position":3,"name":"Liel\u0101 Jugla from Za\u0137umui\u017ea to Upesciems!"}]},{"@type":"WebSite","@id":"https:\/\/ozolaivas.lv\/#website","url":"https:\/\/ozolaivas.lv\/","name":"Ozolaivas","description":"","potentialAction":[{"@type":"SearchAction","target":{"@type":"EntryPoint","urlTemplate":"https:\/\/ozolaivas.lv\/?s={search_term_string}"},"query-input":{"@type":"PropertyValueSpecification","valueRequired":true,"valueName":"search_term_string"}}],"inLanguage":"en-US"}]}},"jetpack_sharing_enabled":true,"_links":{"self":[{"href":"https:\/\/ozolaivas.lv\/en\/wp-json\/wp\/v2\/product\/23133","targetHints":{"allow":["GET"]}}],"collection":[{"href":"https:\/\/ozolaivas.lv\/en\/wp-json\/wp\/v2\/product"}],"about":[{"href":"https:\/\/ozolaivas.lv\/en\/wp-json\/wp\/v2\/types\/product"}],"author":[{"embeddable":true,"href":"https:\/\/ozolaivas.lv\/en\/wp-json\/wp\/v2\/users\/2"}],"replies":[{"embeddable":true,"href":"https:\/\/ozolaivas.lv\/en\/wp-json\/wp\/v2\/comments?post=23133"}],"wp:featuredmedia":[{"embeddable":true,"href":"https:\/\/ozolaivas.lv\/en\/wp-json\/wp\/v2\/media\/18167"}],"wp:attachment":[{"href":"https:\/\/ozolaivas.lv\/en\/wp-json\/wp\/v2\/media?parent=23133"}],"wp:term":[{"taxonomy":"product_brand","embeddable":true,"href":"https:\/\/ozolaivas.lv\/en\/wp-json\/wp\/v2\/product_brand?post=23133"},{"taxonomy":"product_cat","embeddable":true,"href":"https:\/\/ozolaivas.lv\/en\/wp-json\/wp\/v2\/product_cat?post=23133"},{"taxonomy":"product_tag","embeddable":true,"href":"https:\/\/ozolaivas.lv\/en\/wp-json\/wp\/v2\/product_tag?post=23133"}],"curies":[{"name":"wp","href":"https:\/\/api.w.org\/{rel}","templated":true}]}}