{"id":23137,"date":"2024-10-25T18:40:35","date_gmt":"2024-10-25T18:40:35","guid":{"rendered":"https:\/\/ozolaivas.lv\/?post_type=product&#038;p=23137"},"modified":"2026-04-25T09:56:45","modified_gmt":"2026-04-25T09:56:45","slug":"sunrise-in-the-great-kemeri-bog","status":"publish","type":"product","link":"https:\/\/ozolaivas.lv\/en\/product\/sunrise-in-the-great-kemeri-bog\/","title":{"rendered":"Sunrise in the Great \u0136emeri bog"},"content":{"rendered":"<p><strong>Experience the unforgettable magic of a sunrise in the bog! <br data-mce-bogus=\"1\"><\/strong><\/p>\n<p>Imagine an early morning \u2014 a light mist covers the bog lake, and the first rays of the sun slowly reflect on the water\u2026 It\u2019s a magical and unique experience that lets you escape the rush of everyday life and fully enjoy the peace of nature. <br data-mce-bogus=\"1\"><\/p>\n<p>\ud83d\udea3 <strong>A sunrise trip in the bog<\/strong> is a unique opportunity to watch nature awaken \u2014 listen to birdsong, observe the play of mist, and feel true harmony. Latvia\u2019s bogs are among the most beautiful in Europe, and it is precisely at sunrise that the landscape takes on a special atmosphere. <br data-mce-bogus=\"1\"><\/p>\n<p>\ud83c\udf3f <strong>Why choose a sunrise trip?<\/strong><br \/>\n\u2714\ufe0f Magical atmosphere \u2014 mist, morning silence, and a play of colors in the sky <br data-mce-bogus=\"1\"><br \/>\n\u2714\ufe0f Unique experience \u2014 bog channels and small islands create an unusual landscape<br \/>\n\u2714\ufe0f Close to nature \u2014 a peaceful moment for yourself or a special experience shared with friends<\/p>\n<p>\ud83c\udf05 <strong>Where will we go? <\/strong><br \/>\nThe eastern edge of the Great \u0136emeri bog hides a <strong>labyrinth of flooded peat quarry<\/strong>, which\u2014after a restoration project\u2014has become a true natural gem. Channels, small islands, and water reflections create a surreal view that changes with every moment.<\/p>\n<p>Trip length: <strong>3-4<\/strong><strong style=\"font-style: inherit;\">km<\/strong><br \/>\nEvent duration: ~<strong style=\"font-style: inherit;\">2 &#8211; 2h15min<\/strong><strong><br \/>\n<\/strong>Time on water:<strong> ~1-1h15min <\/strong> <\/p>\n<p>Difficulty level: the route is easy, with no current, and suitable for beginners as well as families with children.<\/p>\n<p><strong>Good to know!<\/strong><\/p>\n<ul>\n<li>After <em>registration, you will receive a confirmation email<\/em>, <strong>no later than the day before the trip<br \/> (by 12:00), you will receive detailed trip information.<\/strong> (Don\u2019t forget to check your spam folder!)<\/li>\n<li>A sunrise viewing stop on the water is planned (you are welcome to bring tea and snacks).<\/li>\n<li>The trip may be postponed (to another date) due to unfavorable weather conditions.<\/li>\n<li>It is not possible to get there by public transport.<\/li>\n<\/ul>\n<p><strong> <\/strong>Registration is recommended <strong>at least 48 hours before the trip.<\/strong> Why? So we can plan the total number of boats and the required equipment.<br \/> If you want to sign up at the last minute, it&#8217;s better to give us a call first!<\/p>\n<p><strong><br \/>\nIF I HAVE REGISTERED, BUT CANNOT ATTEND?<\/strong><\/p>\n<p><strong> <\/strong>If, due to various circumstances, you cannot make it to the trip:<\/p>\n<ul>\n<li>You can <u>switch to another trip<\/u> on one of the available dates (if there is a free spot), provided you notify us at least 48 hours before the trip.<\/li>\n<li>if less than 48h remain before the trip or if you do not show up, the opportunity to <u>reschedule to another date<\/u> will be lost!<\/li>\n<\/ul>\n<p><strong> <\/strong><em>The full cancellation and rescheduling terms are <a href=\"https:\/\/ozolaivas.lv\/en\/atteikuma-tiesibas\/\">HERE! <\/a><\/em><\/p>\n<p><strong><br \/>\nIF YOU HAVE ANY OF THE PARTNER GIFT CARDS (D\u0101vanu serviss, Lieliska d\u0101vana, D\u0101vanu sala):<\/strong><\/p>\n<p><strong> Register for the trip:<\/strong><br \/>\n1) choose your desired date and the boat size indicated on the gift card;<br \/>\n2) select the type of partner gift card and enter the gift card code;<br \/>\n3) add to the shopping cart;<br \/>\n4) Fill in the required contact information and click \u201cPlace order\u201d.<\/p>\n<p>Before registering, make sure your <strong>gift card is valid at least until the day of the trip!! <\/strong><\/p>\n<p><strong>If, due to various circumstances, you cannot make it to the trip:<\/strong><\/p>\n<ul>\n<li>You can <u>exchange it for another<\/u> date from the available options (if there is space on the trip), provided you notify us at least 48 hours before the scheduled trip.<\/li>\n<li>ff less than 48h remain before the trip or if you do not show up, the gift card will be considered used, and <u>rescheduling will not be possible!<\/u><\/li>\n<\/ul>\n","protected":false},"excerpt":{"rendered":"<p>Experience the unforgettable magic of a sunrise in the bog! Imagine an early morning \u2014 a light mist covers the bog lake, and the first rays of the sun slowly reflect on the water\u2026 It\u2019s a magical and unique experience that lets you escape the rush of everyday life and fully enjoy the peace of nature. \ud83d\udea3 A sunrise trip in the bog is a unique opportunity to watch nature awaken \u2014 listen to birdsong, observe the play of mist, and feel true harmony. Latvia\u2019s bogs are among the most beautiful in Europe, and it is precisely at sunrise that the landscape takes on a special atmosphere. \ud83c\udf3f Why choose a sunrise trip? \u2714\ufe0f Magical atmosphere \u2014 mist, morning silence, and a play of colors in the sky \u2714\ufe0f Unique experience \u2014 bog channels and small islands create an unusual landscape \u2714\ufe0f Close to nature \u2014 a peaceful moment for yourself or a special experience shared with friends \ud83c\udf05 Where will we go? The eastern edge of the Great \u0136emeri bog hides a labyrinth of flooded peat quarry, which\u2014after a restoration project\u2014has become a true natural gem. Channels, small islands, and water reflections create a surreal view that changes with [&hellip;]<\/p>\n","protected":false},"author":2,"featured_media":24098,"comment_status":"closed","ping_status":"closed","template":"","meta":[],"product_brand":[],"product_cat":[177,150],"product_tag":[],"class_list":{"0":"post-23137","1":"product","2":"type-product","3":"status-publish","4":"has-post-thumbnail","6":"product_cat-great-kemeri-bog","7":"product_cat-all-trips","8":"pif-has-gallery","10":"first","11":"instock","12":"taxable","13":"shipping-taxable","14":"purchasable","15":"product-type-variable"},"yoast_head":"<!-- This site is optimized with the Yoast SEO plugin v24.7 - https:\/\/yoast.com\/wordpress\/plugins\/seo\/ -->\n<title>Sunrise in the Great \u0136emeri bog - Ozolaivas<\/title>\n<meta name=\"description\" content=\"Magical and unforgettable sunrise canoe trips in the Great \u0136emeri Bog! Let&#039;s paddle through the maze of bog lakes and reed islets!\" \/>\n<meta name=\"robots\" content=\"index, follow, max-snippet:-1, max-image-preview:large, max-video-preview:-1\" \/>\n<link rel=\"canonical\" href=\"https:\/\/ozolaivas.lv\/en\/product\/sunrise-in-the-great-kemeri-bog\/\" \/>\n<meta property=\"og:locale\" content=\"en_US\" \/>\n<meta property=\"og:type\" content=\"article\" \/>\n<meta property=\"og:title\" content=\"Sunrise in the Great \u0136emeri bog - Ozolaivas\" \/>\n<meta property=\"og:description\" content=\"Magical and unforgettable sunrise canoe trips in the Great \u0136emeri Bog! Let&#039;s paddle through the maze of bog lakes and reed islets!\" \/>\n<meta property=\"og:url\" content=\"https:\/\/ozolaivas.lv\/en\/product\/sunrise-in-the-great-kemeri-bog\/\" \/>\n<meta property=\"og:site_name\" content=\"Ozolaivas\" \/>\n<meta property=\"article:publisher\" content=\"https:\/\/www.facebook.com\/ozolaivas\" \/>\n<meta property=\"article:modified_time\" content=\"2026-04-25T09:56:45+00:00\" \/>\n<meta property=\"og:image\" content=\"https:\/\/ozolaivas.lv\/wp-content\/uploads\/2023\/04\/IMG_5692-scaled.jpg\" \/>\n\t<meta property=\"og:image:width\" content=\"1440\" \/>\n\t<meta property=\"og:image:height\" content=\"2560\" \/>\n\t<meta property=\"og:image:type\" content=\"image\/jpeg\" \/>\n<meta name=\"twitter:card\" content=\"summary_large_image\" \/>\n<meta name=\"twitter:label1\" content=\"Est. reading time\" \/>\n\t<meta name=\"twitter:data1\" content=\"4 minutes\" \/>\n<script type=\"application\/ld+json\" class=\"yoast-schema-graph\">{\"@context\":\"https:\/\/schema.org\",\"@graph\":[{\"@type\":\"WebPage\",\"@id\":\"https:\/\/ozolaivas.lv\/en\/product\/sunrise-in-the-great-kemeri-bog\/\",\"url\":\"https:\/\/ozolaivas.lv\/en\/product\/sunrise-in-the-great-kemeri-bog\/\",\"name\":\"Sunrise in the Great \u0136emeri bog - Ozolaivas\",\"isPartOf\":{\"@id\":\"https:\/\/ozolaivas.lv\/#website\"},\"primaryImageOfPage\":{\"@id\":\"https:\/\/ozolaivas.lv\/en\/product\/sunrise-in-the-great-kemeri-bog\/#primaryimage\"},\"image\":{\"@id\":\"https:\/\/ozolaivas.lv\/en\/product\/sunrise-in-the-great-kemeri-bog\/#primaryimage\"},\"thumbnailUrl\":\"https:\/\/ozolaivas.lv\/wp-content\/uploads\/2025\/06\/IMG_5842.jpg\",\"datePublished\":\"2024-10-25T18:40:35+00:00\",\"dateModified\":\"2026-04-25T09:56:45+00:00\",\"description\":\"Magical and unforgettable sunrise canoe trips in the Great \u0136emeri Bog! Let's paddle through the maze of bog lakes and reed islets!\",\"breadcrumb\":{\"@id\":\"https:\/\/ozolaivas.lv\/en\/product\/sunrise-in-the-great-kemeri-bog\/#breadcrumb\"},\"inLanguage\":\"en-US\",\"potentialAction\":[{\"@type\":\"ReadAction\",\"target\":[\"https:\/\/ozolaivas.lv\/en\/product\/sunrise-in-the-great-kemeri-bog\/\"]}]},{\"@type\":\"ImageObject\",\"inLanguage\":\"en-US\",\"@id\":\"https:\/\/ozolaivas.lv\/en\/product\/sunrise-in-the-great-kemeri-bog\/#primaryimage\",\"url\":\"https:\/\/ozolaivas.lv\/wp-content\/uploads\/2025\/06\/IMG_5842.jpg\",\"contentUrl\":\"https:\/\/ozolaivas.lv\/wp-content\/uploads\/2025\/06\/IMG_5842.jpg\",\"width\":1536,\"height\":2048},{\"@type\":\"BreadcrumbList\",\"@id\":\"https:\/\/ozolaivas.lv\/en\/product\/sunrise-in-the-great-kemeri-bog\/#breadcrumb\",\"itemListElement\":[{\"@type\":\"ListItem\",\"position\":1,\"name\":\"Home\",\"item\":\"https:\/\/ozolaivas.lv\/en\/\"},{\"@type\":\"ListItem\",\"position\":2,\"name\":\"Preces\",\"item\":\"https:\/\/ozolaivas.lv\/shop\/\"},{\"@type\":\"ListItem\",\"position\":3,\"name\":\"Sunrise in the Great \u0136emeri bog\"}]},{\"@type\":\"WebSite\",\"@id\":\"https:\/\/ozolaivas.lv\/#website\",\"url\":\"https:\/\/ozolaivas.lv\/\",\"name\":\"Ozolaivas\",\"description\":\"\",\"potentialAction\":[{\"@type\":\"SearchAction\",\"target\":{\"@type\":\"EntryPoint\",\"urlTemplate\":\"https:\/\/ozolaivas.lv\/?s={search_term_string}\"},\"query-input\":{\"@type\":\"PropertyValueSpecification\",\"valueRequired\":true,\"valueName\":\"search_term_string\"}}],\"inLanguage\":\"en-US\"}]}<\/script>\n<!-- \/ Yoast SEO plugin. -->","yoast_head_json":{"title":"Sunrise in the Great \u0136emeri bog - Ozolaivas","description":"Magical and unforgettable sunrise canoe trips in the Great \u0136emeri Bog! Let's paddle through the maze of bog lakes and reed islets!","robots":{"index":"index","follow":"follow","max-snippet":"max-snippet:-1","max-image-preview":"max-image-preview:large","max-video-preview":"max-video-preview:-1"},"canonical":"https:\/\/ozolaivas.lv\/en\/product\/sunrise-in-the-great-kemeri-bog\/","og_locale":"en_US","og_type":"article","og_title":"Sunrise in the Great \u0136emeri bog - Ozolaivas","og_description":"Magical and unforgettable sunrise canoe trips in the Great \u0136emeri Bog! Let's paddle through the maze of bog lakes and reed islets!","og_url":"https:\/\/ozolaivas.lv\/en\/product\/sunrise-in-the-great-kemeri-bog\/","og_site_name":"Ozolaivas","article_publisher":"https:\/\/www.facebook.com\/ozolaivas","article_modified_time":"2026-04-25T09:56:45+00:00","og_image":[{"width":1440,"height":2560,"url":"https:\/\/ozolaivas.lv\/wp-content\/uploads\/2023\/04\/IMG_5692-scaled.jpg","type":"image\/jpeg"}],"twitter_card":"summary_large_image","twitter_misc":{"Est. reading time":"4 minutes"},"schema":{"@context":"https:\/\/schema.org","@graph":[{"@type":"WebPage","@id":"https:\/\/ozolaivas.lv\/en\/product\/sunrise-in-the-great-kemeri-bog\/","url":"https:\/\/ozolaivas.lv\/en\/product\/sunrise-in-the-great-kemeri-bog\/","name":"Sunrise in the Great \u0136emeri bog - Ozolaivas","isPartOf":{"@id":"https:\/\/ozolaivas.lv\/#website"},"primaryImageOfPage":{"@id":"https:\/\/ozolaivas.lv\/en\/product\/sunrise-in-the-great-kemeri-bog\/#primaryimage"},"image":{"@id":"https:\/\/ozolaivas.lv\/en\/product\/sunrise-in-the-great-kemeri-bog\/#primaryimage"},"thumbnailUrl":"https:\/\/ozolaivas.lv\/wp-content\/uploads\/2025\/06\/IMG_5842.jpg","datePublished":"2024-10-25T18:40:35+00:00","dateModified":"2026-04-25T09:56:45+00:00","description":"Magical and unforgettable sunrise canoe trips in the Great \u0136emeri Bog! Let's paddle through the maze of bog lakes and reed islets!","breadcrumb":{"@id":"https:\/\/ozolaivas.lv\/en\/product\/sunrise-in-the-great-kemeri-bog\/#breadcrumb"},"inLanguage":"en-US","potentialAction":[{"@type":"ReadAction","target":["https:\/\/ozolaivas.lv\/en\/product\/sunrise-in-the-great-kemeri-bog\/"]}]},{"@type":"ImageObject","inLanguage":"en-US","@id":"https:\/\/ozolaivas.lv\/en\/product\/sunrise-in-the-great-kemeri-bog\/#primaryimage","url":"https:\/\/ozolaivas.lv\/wp-content\/uploads\/2025\/06\/IMG_5842.jpg","contentUrl":"https:\/\/ozolaivas.lv\/wp-content\/uploads\/2025\/06\/IMG_5842.jpg","width":1536,"height":2048},{"@type":"BreadcrumbList","@id":"https:\/\/ozolaivas.lv\/en\/product\/sunrise-in-the-great-kemeri-bog\/#breadcrumb","itemListElement":[{"@type":"ListItem","position":1,"name":"Home","item":"https:\/\/ozolaivas.lv\/en\/"},{"@type":"ListItem","position":2,"name":"Preces","item":"https:\/\/ozolaivas.lv\/shop\/"},{"@type":"ListItem","position":3,"name":"Sunrise in the Great \u0136emeri bog"}]},{"@type":"WebSite","@id":"https:\/\/ozolaivas.lv\/#website","url":"https:\/\/ozolaivas.lv\/","name":"Ozolaivas","description":"","potentialAction":[{"@type":"SearchAction","target":{"@type":"EntryPoint","urlTemplate":"https:\/\/ozolaivas.lv\/?s={search_term_string}"},"query-input":{"@type":"PropertyValueSpecification","valueRequired":true,"valueName":"search_term_string"}}],"inLanguage":"en-US"}]}},"jetpack_sharing_enabled":true,"_links":{"self":[{"href":"https:\/\/ozolaivas.lv\/en\/wp-json\/wp\/v2\/product\/23137","targetHints":{"allow":["GET"]}}],"collection":[{"href":"https:\/\/ozolaivas.lv\/en\/wp-json\/wp\/v2\/product"}],"about":[{"href":"https:\/\/ozolaivas.lv\/en\/wp-json\/wp\/v2\/types\/product"}],"author":[{"embeddable":true,"href":"https:\/\/ozolaivas.lv\/en\/wp-json\/wp\/v2\/users\/2"}],"replies":[{"embeddable":true,"href":"https:\/\/ozolaivas.lv\/en\/wp-json\/wp\/v2\/comments?post=23137"}],"wp:featuredmedia":[{"embeddable":true,"href":"https:\/\/ozolaivas.lv\/en\/wp-json\/wp\/v2\/media\/24098"}],"wp:attachment":[{"href":"https:\/\/ozolaivas.lv\/en\/wp-json\/wp\/v2\/media?parent=23137"}],"wp:term":[{"taxonomy":"product_brand","embeddable":true,"href":"https:\/\/ozolaivas.lv\/en\/wp-json\/wp\/v2\/product_brand?post=23137"},{"taxonomy":"product_cat","embeddable":true,"href":"https:\/\/ozolaivas.lv\/en\/wp-json\/wp\/v2\/product_cat?post=23137"},{"taxonomy":"product_tag","embeddable":true,"href":"https:\/\/ozolaivas.lv\/en\/wp-json\/wp\/v2\/product_tag?post=23137"}],"curies":[{"name":"wp","href":"https:\/\/api.w.org\/{rel}","templated":true}]}}